{"id":104,"date":"2018-11-01T18:02:15","date_gmt":"2018-11-01T17:02:15","guid":{"rendered":"http:\/\/www.podkamien.pl\/przyladek\/?page_id=104"},"modified":"2023-05-07T20:10:06","modified_gmt":"2023-05-07T18:10:06","slug":"nepomucen1","status":"publish","type":"page","link":"http:\/\/www.przyladekhistorii.pl\/index.php\/figury\/nepomucen1\/","title":{"rendered":"\u015aw. Jan Nepomucen w Trzebieszowicach"},"content":{"rendered":"<p style=\"text-align: justify;\"><span style=\"color: #000000;\">Obok boiska sportowego w Trzebieszowicach znajduje si\u0119 kolejna ju\u017c figura \u015bw. Jana Nepomucena w tej wsi. Rze\u017aba jest omsza\u0142a i cz\u0119\u015bciowo uszkodzona (g\u00f3rna cz\u0119\u015b\u0107 krucyfiksu zosta\u0142a od\u0142amana. Czas powstania uszkodzenia nie jest bli\u017cej znany). <\/span><\/p>\n<p><img loading=\"lazy\" class=\"aligncenter wp-image-97 size-large\" src=\"http:\/\/www.przyladekhistorii.pl\/wp-content\/uploads\/2018\/11\/02-768x1024.jpg\" alt=\"\" width=\"640\" height=\"853\" srcset=\"http:\/\/www.przyladekhistorii.pl\/wp-content\/uploads\/2018\/11\/02-768x1024.jpg 768w, http:\/\/www.przyladekhistorii.pl\/wp-content\/uploads\/2018\/11\/02-225x300.jpg 225w, http:\/\/www.przyladekhistorii.pl\/wp-content\/uploads\/2018\/11\/02.jpg 1296w\" sizes=\"(max-width: 640px) 100vw, 640px\" \/><\/p>\n<p style=\"text-align: justify;\"><span style=\"color: #000000;\">\u015awi\u0119ty stoi w kontrapo\u015bcie na czterostopniowym postumencie, na kt\u00f3rym z trzech stron widniej\u0105 p\u0142yciny, ale tylko na przedniej umieszczony zosta\u0142 napis, o czym za chwil\u0119. Jan ubrany jest w sutann\u0119, kom\u017c\u0119 obszyt\u0105 koronk\u0105, peleryn\u0119, a na g\u0142owie ma biret. W r\u0119kach trzyma krzy\u017c u\u0142o\u017cony na li\u015bciu palmowym. Zauwa\u017calny jest brak aureoli.<br \/>\n<\/span><\/p>\n<p><img loading=\"lazy\" class=\"aligncenter wp-image-99 size-large\" src=\"http:\/\/www.przyladekhistorii.pl\/wp-content\/uploads\/2018\/11\/04-768x1024.jpg\" alt=\"\" width=\"640\" height=\"853\" srcset=\"http:\/\/www.przyladekhistorii.pl\/wp-content\/uploads\/2018\/11\/04-768x1024.jpg 768w, http:\/\/www.przyladekhistorii.pl\/wp-content\/uploads\/2018\/11\/04-225x300.jpg 225w, http:\/\/www.przyladekhistorii.pl\/wp-content\/uploads\/2018\/11\/04.jpg 1296w\" sizes=\"(max-width: 640px) 100vw, 640px\" \/><\/p>\n<p style=\"text-align: justify;\"><span style=\"color: #000000;\">Napis na przedniej p\u0142ycinie brzmi:<\/span><\/p>\n<blockquote>\n<p style=\"text-align: center;\"><strong><span style=\"color: #000000;\"><span style=\"color: #ff0000;\">V<\/span>ENERAB<span style=\"color: #ff0000;\">ILI<\/span><\/span><\/strong><br \/>\n<strong><span style=\"color: #000000;\">HONOR<span style=\"color: #ff0000;\">I<\/span>S PATRONO<\/span><\/strong><br \/>\n<strong><span style=\"color: #000000;\"><span style=\"color: #ff0000;\">V<\/span>OTAS <span style=\"color: #ff0000;\">V<\/span>A <span style=\"color: #ff0000;\">D<\/span>EPOS<span style=\"color: #ff0000;\">VI<\/span>T<\/span><\/strong><br \/>\n<strong><span style=\"color: #000000;\"><span style=\"color: #ff0000;\">VILI<\/span>S ET <span style=\"color: #ff0000;\">I<\/span>N<span style=\"color: #ff0000;\">DI<\/span>GN<span style=\"color: #ff0000;\">V<\/span>S<\/span><\/strong><br \/>\n<strong><span style=\"color: #000000;\">SER<span style=\"color: #ff0000;\">VV<\/span>S ANTON<span style=\"color: #ff0000;\">IV<\/span>S<\/span><\/strong><br \/>\n<strong><span style=\"color: #000000;\">BENE<span style=\"color: #ff0000;\">DIC<\/span>T<span style=\"color: #ff0000;\">V<\/span>S STRAVBE<\/span><\/strong><\/p>\n<\/blockquote>\n<p style=\"text-align: justify;\"><span style=\"color: #000000;\">Inskrypcja fundacyjna z umieszczona zosta\u0142a z chronostychem, dodaj\u0105c wyr\u00f3\u017cnione litery (cyfry rzymskie) uda nam si\u0119 ustali\u0107 dat\u0119 powstania figury. Czyja\u015b r\u0119ka na czerwono zaznaczy\u0142a istotne dla okre\u015blenia daty litery, dzi\u0119ki czemu zadanie staje prostsze.<\/span><\/p>\n<p style=\"text-align: justify;\"><span style=\"color: #000000;\"> 5+1+50+1+1+5+5+500+5+1+5+1+50+1+1+500+1+5+5+5+1+5+500+1+100+5+5=1765 rok.<\/span><br \/>\n<span style=\"color: #000000;\">Zostaje nam jeszcze przet\u0142umaczy\u0107 napis fundacyjny: &#8220;Czcigodnemu Patronowi w dow\u00f3d spe\u0142nienia \u015blubowania, niegodny s\u0142uga Antoni Benedykt Straube&#8221;. Niestety nie wiemy jakie to \u015blubowanie z\u0142o\u017cy\u0142 Antoni, czego efektem i pami\u0105tk\u0105 historyczn\u0105 jest figura \u015bw. Jana Nepomucena.<\/span><\/p>\n<p><img loading=\"lazy\" class=\"aligncenter wp-image-98 size-large\" src=\"http:\/\/www.przyladekhistorii.pl\/wp-content\/uploads\/2018\/11\/03-1024x768.jpg\" alt=\"\" width=\"640\" height=\"480\" srcset=\"http:\/\/www.przyladekhistorii.pl\/wp-content\/uploads\/2018\/11\/03-1024x768.jpg 1024w, http:\/\/www.przyladekhistorii.pl\/wp-content\/uploads\/2018\/11\/03-300x225.jpg 300w, http:\/\/www.przyladekhistorii.pl\/wp-content\/uploads\/2018\/11\/03-768x576.jpg 768w, http:\/\/www.przyladekhistorii.pl\/wp-content\/uploads\/2018\/11\/03.jpg 1728w\" sizes=\"(max-width: 640px) 100vw, 640px\" \/><\/p>\n<p><span style=\"color: #000000;\"><strong>Miejscowo\u015b\u0107:<\/strong> Trzebieszowice<\/span><br \/>\n<span style=\"color: #000000;\"><strong>Fundator: <\/strong>Antoni Benedykt Straube<\/span><br \/>\n<span style=\"color: #000000;\"><strong>Autor:<\/strong> [?]<\/span><br \/>\n<span style=\"color: #000000;\"><strong>Data powstania:<\/strong> 1765 r.<\/span><\/p>\n<p><img loading=\"lazy\" class=\"aligncenter wp-image-100 size-large\" src=\"http:\/\/www.przyladekhistorii.pl\/wp-content\/uploads\/2018\/11\/05-768x1024.jpg\" alt=\"\" width=\"640\" height=\"853\" srcset=\"http:\/\/www.przyladekhistorii.pl\/wp-content\/uploads\/2018\/11\/05-768x1024.jpg 768w, http:\/\/www.przyladekhistorii.pl\/wp-content\/uploads\/2018\/11\/05-225x300.jpg 225w, http:\/\/www.przyladekhistorii.pl\/wp-content\/uploads\/2018\/11\/05.jpg 1296w\" sizes=\"(max-width: 640px) 100vw, 640px\" \/><\/p>\n<p><img loading=\"lazy\" class=\"aligncenter wp-image-96 size-large\" src=\"http:\/\/www.przyladekhistorii.pl\/wp-content\/uploads\/2018\/11\/01-768x1024.jpg\" alt=\"\" width=\"640\" height=\"853\" srcset=\"http:\/\/www.przyladekhistorii.pl\/wp-content\/uploads\/2018\/11\/01-768x1024.jpg 768w, http:\/\/www.przyladekhistorii.pl\/wp-content\/uploads\/2018\/11\/01-225x300.jpg 225w, http:\/\/www.przyladekhistorii.pl\/wp-content\/uploads\/2018\/11\/01.jpg 1296w\" sizes=\"(max-width: 640px) 100vw, 640px\" \/><\/p>\n<p style=\"text-align: center;\">\n","protected":false},"excerpt":{"rendered":"<p>Obok boiska sportowego w Trzebieszowicach znajduje si\u0119 kolejna ju\u017c figura \u015bw. Jana Nepomucena w tej wsi. Rze\u017aba jest omsza\u0142a i cz\u0119\u015bciowo uszkodzona (g\u00f3rna cz\u0119\u015b\u0107 krucyfiksu zosta\u0142a od\u0142amana. Czas powstania uszkodzenia nie jest bli\u017cej znany). \u015awi\u0119ty stoi w kontrapo\u015bcie na czterostopniowym postumencie, na kt\u00f3rym z trzech stron widniej\u0105 p\u0142yciny, ale tylko na przedniej umieszczony zosta\u0142 napis, o czym za chwil\u0119. Jan ubrany jest w sutann\u0119, kom\u017c\u0119 obszyt\u0105 koronk\u0105, peleryn\u0119, a na g\u0142owie ma biret. W r\u0119kach trzyma krzy\u017c u\u0142o\u017cony na li\u015bciu&#8230;<\/p>\n<p class=\"read-more\"><a class=\"btn btn-default\" href=\"http:\/\/www.przyladekhistorii.pl\/index.php\/figury\/nepomucen1\/\"> Read More<span class=\"screen-reader-text\">  Read More<\/span><\/a><\/p>\n","protected":false},"author":1,"featured_media":96,"parent":24,"menu_order":0,"comment_status":"open","ping_status":"closed","template":"","meta":[],"_links":{"self":[{"href":"http:\/\/www.przyladekhistorii.pl\/index.php\/wp-json\/wp\/v2\/pages\/104"}],"collection":[{"href":"http:\/\/www.przyladekhistorii.pl\/index.php\/wp-json\/wp\/v2\/pages"}],"about":[{"href":"http:\/\/www.przyladekhistorii.pl\/index.php\/wp-json\/wp\/v2\/types\/page"}],"author":[{"embeddable":true,"href":"http:\/\/www.przyladekhistorii.pl\/index.php\/wp-json\/wp\/v2\/users\/1"}],"replies":[{"embeddable":true,"href":"http:\/\/www.przyladekhistorii.pl\/index.php\/wp-json\/wp\/v2\/comments?post=104"}],"version-history":[{"count":6,"href":"http:\/\/www.przyladekhistorii.pl\/index.php\/wp-json\/wp\/v2\/pages\/104\/revisions"}],"predecessor-version":[{"id":3504,"href":"http:\/\/www.przyladekhistorii.pl\/index.php\/wp-json\/wp\/v2\/pages\/104\/revisions\/3504"}],"up":[{"embeddable":true,"href":"http:\/\/www.przyladekhistorii.pl\/index.php\/wp-json\/wp\/v2\/pages\/24"}],"wp:featuredmedia":[{"embeddable":true,"href":"http:\/\/www.przyladekhistorii.pl\/index.php\/wp-json\/wp\/v2\/media\/96"}],"wp:attachment":[{"href":"http:\/\/www.przyladekhistorii.pl\/index.php\/wp-json\/wp\/v2\/media?parent=104"}],"curies":[{"name":"wp","href":"https:\/\/api.w.org\/{rel}","templated":true}]}}