{"id":112,"date":"2018-11-03T11:23:12","date_gmt":"2018-11-03T10:23:12","guid":{"rendered":"http:\/\/www.podkamien.pl\/przyladek\/?page_id=112"},"modified":"2018-11-03T11:23:12","modified_gmt":"2018-11-03T10:23:12","slug":"formularz-kontaktowy","status":"publish","type":"page","link":"http:\/\/www.przyladekhistorii.pl\/index.php\/formularz-kontaktowy\/","title":{"rendered":"Formularz kontaktowy"},"content":{"rendered":"<div role=\"form\" class=\"wpcf7\" id=\"wpcf7-f111-o1\" lang=\"pl-PL\" dir=\"ltr\">\n<div class=\"screen-reader-response\"><p role=\"status\" aria-live=\"polite\" aria-atomic=\"true\"><\/p> <ul><\/ul><\/div>\n<form action=\"\/index.php\/wp-json\/wp\/v2\/pages\/112#wpcf7-f111-o1\" method=\"post\" class=\"wpcf7-form init\" enctype=\"multipart\/form-data\" novalidate=\"novalidate\" data-status=\"init\">\n<div style=\"display: none;\">\n<input type=\"hidden\" name=\"_wpcf7\" value=\"111\" \/>\n<input type=\"hidden\" name=\"_wpcf7_version\" value=\"5.6.3\" \/>\n<input type=\"hidden\" name=\"_wpcf7_locale\" value=\"pl_PL\" \/>\n<input type=\"hidden\" name=\"_wpcf7_unit_tag\" value=\"wpcf7-f111-o1\" \/>\n<input type=\"hidden\" name=\"_wpcf7_container_post\" value=\"0\" \/>\n<input type=\"hidden\" name=\"_wpcf7_posted_data_hash\" value=\"\" \/>\n<input type=\"hidden\" name=\"_wpcf7_recaptcha_response\" value=\"\" \/>\n<\/div>\n<p><label> Imi\u0119 i nazwisko(wymagane)<br \/>\n    <span class=\"wpcf7-form-control-wrap\" data-name=\"text-199\"><input type=\"text\" name=\"text-199\" value=\"\" size=\"40\" class=\"wpcf7-form-control wpcf7-text wpcf7-validates-as-required\" aria-required=\"true\" aria-invalid=\"false\" placeholder=\"np. Jan Kowalski\" \/><\/span> <\/label><\/p>\n<p><label> Numer telefonu dodaj\u0105cego<br \/>\n    <span class=\"wpcf7-form-control-wrap\" data-name=\"tel-850\"><input type=\"tel\" name=\"tel-850\" value=\"\" size=\"40\" class=\"wpcf7-form-control wpcf7-text wpcf7-tel wpcf7-validates-as-tel\" aria-invalid=\"false\" \/><\/span> <\/label><\/p>\n<p><label> Adres email(wymagane)<br \/>\n    <span class=\"wpcf7-form-control-wrap\" data-name=\"email-155\"><input type=\"email\" name=\"email-155\" value=\"\" size=\"40\" class=\"wpcf7-form-control wpcf7-text wpcf7-email wpcf7-validates-as-required wpcf7-validates-as-email\" aria-required=\"true\" aria-invalid=\"false\" \/><\/span> <\/label><\/p>\n<p><label> Wiadomo\u015b\u0107 (wymagane)<br \/>\n   <span class=\"wpcf7-form-control-wrap\" data-name=\"textarea-5000\"><textarea name=\"textarea-5000\" cols=\"40\" rows=\"10\" class=\"wpcf7-form-control wpcf7-textarea wpcf7-validates-as-required\" aria-required=\"true\" aria-invalid=\"false\"><\/textarea><\/span> <\/label><\/p>\n<p><label> Za\u0142\u0105cz zdj\u0119cie (opcjonalnie)<br \/>\n   <span class=\"wpcf7-form-control-wrap\" data-name=\"file-473\"><input type=\"file\" name=\"file-473\" size=\"40\" class=\"wpcf7-form-control wpcf7-file\" accept=\".jpg,.png,.tiff,.psd\" aria-invalid=\"false\" \/><\/span> <\/label><\/p>\n<p><span class=\"wpcf7-form-control-wrap\" data-name=\"acceptance-865\"><span class=\"wpcf7-form-control wpcf7-acceptance\"><span class=\"wpcf7-list-item\"><input type=\"checkbox\" name=\"acceptance-865\" value=\"1\" aria-invalid=\"false\" \/><\/span><\/span><\/span> Wyra\u017cam zgod\u0119 na przetwarzanie moim danych osobowych przez L\u0105deckie Towarzystwo Historyczno-Eksploracyjne w zakresie niezb\u0119dnych do realizacji zada\u0144 statutowych stowarzyszenia, zgodnie z tre\u015bci\u0105  art. 6 ust. 1 lit a rozporz\u0105dzenia Parlamentu Europejskiego i Rady (UE) 2016\/679 z dnia 27 kwietnia 2016 r. w sprawie ochrony os\u00f3b fizycznych w zwi\u0105zku z przetwarzaniem danych osobowych i w sprawie swobodnego przep\u0142ywu takich danych oraz uchylenia dyrektywy 95\/46\/WE.<\/p>\n<p><span class=\"wpcf7-form-control-wrap\" data-name=\"acceptance-426\"><span class=\"wpcf7-form-control wpcf7-acceptance\"><span class=\"wpcf7-list-item\"><input type=\"checkbox\" name=\"acceptance-426\" value=\"1\" aria-invalid=\"false\" \/><\/span><\/span><\/span> Potwierdzam, i\u017c zosta\u0142em poinformowany\/a, \u017ce strona ta stosuje us\u0142ug\u0119 reCAPTCHA v3 do zwalczania spamu i nadu\u017cy\u0107 w tej witrynie. Us\u0142uga reCAPTCHA v3 podlega <a href=\"https:\/\/www.google.com\/policies\/privacy\/\" style=\"color: red\"><u>Polityce prywatno\u015bci<\/u><\/a> i <a href=\"https:\/\/www.google.com\/policies\/terms\/\" style=\"color: red\"><u>Warunkom korzystania z us\u0142ug<\/u><\/a> Google.<\/p>\n<p><input type=\"submit\" value=\"Wy\u015blij\" class=\"wpcf7-form-control has-spinner wpcf7-submit\" \/><\/p>\n<p style=\"display: none !important;\"><label>&#916;<textarea name=\"_wpcf7_ak_hp_textarea\" cols=\"45\" rows=\"8\" maxlength=\"100\"><\/textarea><\/label><input type=\"hidden\" id=\"ak_js_1\" name=\"_wpcf7_ak_js\" value=\"22\"\/><script>document.getElementById( \"ak_js_1\" ).setAttribute( \"value\", ( new Date() ).getTime() );<\/script><\/p><div class=\"wpcf7-response-output\" aria-hidden=\"true\"><\/div><\/form><\/div>\n","protected":false},"excerpt":{"rendered":"","protected":false},"author":1,"featured_media":0,"parent":0,"menu_order":0,"comment_status":"closed","ping_status":"closed","template":"","meta":[],"_links":{"self":[{"href":"http:\/\/www.przyladekhistorii.pl\/index.php\/wp-json\/wp\/v2\/pages\/112"}],"collection":[{"href":"http:\/\/www.przyladekhistorii.pl\/index.php\/wp-json\/wp\/v2\/pages"}],"about":[{"href":"http:\/\/www.przyladekhistorii.pl\/index.php\/wp-json\/wp\/v2\/types\/page"}],"author":[{"embeddable":true,"href":"http:\/\/www.przyladekhistorii.pl\/index.php\/wp-json\/wp\/v2\/users\/1"}],"replies":[{"embeddable":true,"href":"http:\/\/www.przyladekhistorii.pl\/index.php\/wp-json\/wp\/v2\/comments?post=112"}],"version-history":[{"count":1,"href":"http:\/\/www.przyladekhistorii.pl\/index.php\/wp-json\/wp\/v2\/pages\/112\/revisions"}],"predecessor-version":[{"id":113,"href":"http:\/\/www.przyladekhistorii.pl\/index.php\/wp-json\/wp\/v2\/pages\/112\/revisions\/113"}],"wp:attachment":[{"href":"http:\/\/www.przyladekhistorii.pl\/index.php\/wp-json\/wp\/v2\/media?parent=112"}],"curies":[{"name":"wp","href":"https:\/\/api.w.org\/{rel}","templated":true}]}}