{"id":1247,"date":"2019-08-17T18:12:40","date_gmt":"2019-08-17T16:12:40","guid":{"rendered":"http:\/\/www.przyladekhistorii.pl\/?page_id=1247"},"modified":"2019-08-17T18:13:32","modified_gmt":"2019-08-17T16:13:32","slug":"roman-cybulski","status":"publish","type":"page","link":"http:\/\/www.przyladekhistorii.pl\/index.php\/cmentarz-parafialny\/roman-cybulski\/","title":{"rendered":"Roman Cybulski"},"content":{"rendered":"<figure id=\"attachment_1246\" aria-describedby=\"caption-attachment-1246\" style=\"width: 640px\" class=\"wp-caption aligncenter\"><img loading=\"lazy\" class=\"wp-image-1246 size-large\" src=\"http:\/\/www.przyladekhistorii.pl\/wp-content\/uploads\/2019\/08\/Roman-Cybulski-768x1024.jpg\" alt=\"\" width=\"640\" height=\"853\" srcset=\"http:\/\/www.przyladekhistorii.pl\/wp-content\/uploads\/2019\/08\/Roman-Cybulski-768x1024.jpg 768w, http:\/\/www.przyladekhistorii.pl\/wp-content\/uploads\/2019\/08\/Roman-Cybulski-225x300.jpg 225w, http:\/\/www.przyladekhistorii.pl\/wp-content\/uploads\/2019\/08\/Roman-Cybulski-203x270.jpg 203w, http:\/\/www.przyladekhistorii.pl\/wp-content\/uploads\/2019\/08\/Roman-Cybulski.jpg 1368w\" sizes=\"(max-width: 640px) 100vw, 640px\" \/><figcaption id=\"caption-attachment-1246\" class=\"wp-caption-text\">Nagrobek Romana Cybulskiego<\/figcaption><\/figure>\n<div><\/div>\n<div style=\"text-align: justify;\">W dniu 23 lipca zmar\u0142 jeden z najstarszych sta\u017cem, obserwator posterunku meteorologicznego w L\u0105dku-Zdroju &#8211; Roman Cybulski.<br \/>\nUrodzi\u0142 si\u0119 4 sierpnia 1893 w Warszawie. Bra\u0142 czynny udzia\u0142 w I-szej Wojnie \u015awiatowej jako plutonowy kawalerii. Do 1939 mieszka\u0142 w Osadzie Krechowieckiej, obecnie na terenie ZSRR, prowadz\u0105c gospodarstwo rolne. Do L\u0105dka-Zdroju przyby\u0142 w r. 1946 z Krasnegostawu, gdzie sp\u0119dzi\u0142 okres okupacji hitlerowskiej.<br \/>\nZ \u201epogod\u0105\u201d zetkn\u0105\u0142 si\u0119 tu \u2013 w L\u0105dku Zdroju w r. 1948 aby po odbytym kursie dla obserwator\u00f3w meteorologicznych w Warszawie, prowadzi\u0107 Stacj\u0119 Biometeorologiczn\u0105 w Uzdrowisku. I tu nast\u0119puje 30 letni okres pracy Romana Cybulskiego\u00a0 i ogrodnictwo by\u0142y \u017cyciowymi pasjami Romana Cybulskiego. By\u0142 on osob\u0105 bardzo popularn\u0105 na terenie L\u0105dka-Zdroju, kopalni\u0105 wiedzy \u017cyciowej, zawsze pogodny, \u017cyczliwy i uprzejmy informator pogody dla przewijaj\u0105cych si\u0119 kuracjuszy. Sumienno\u015b\u0107, pracowito\u015b\u0107 i dobry charakter zjednywa\u0142y mu uznanie prze\u0142o\u017conych. Za swoj\u0105 prac\u0119 otrzymywa\u0142 cz\u0119sto nagrody, dyplomy i wyr\u00f3\u017cnienia.. Pozostawi\u0142 po sobie 30-letnie wyniki obserwacji i pomiar\u00f3w meteorologicznych, kt\u00f3re przyczyni\u0142y si\u0119 do opracowania klimatu Uzdrowiska L\u0105dka-Zdroju, jak te\u017c znajduj\u0105 zastosowana do dalszych prac badawczych nad klimatem Sudet\u00f3w.<br \/>\nDzie\u0144 Jego pogrzebu by\u0142 dniem wyj\u0105tkowo pogodnym i ciep\u0142ym, wyr\u00f3\u017cniaj\u0105cym si\u0119 z szeregu pochmurnych i deszczowych dni tegorocznego lipca. Promienie s\u0142o\u0144ca \u017cegna\u0142y Meteorologa Uzdrowiska wsp\u00f3lnie z liczn\u0105 rzesz\u0105 oddanych Mu przyjaci\u00f3\u0142.<br \/>\nJego szlachetno\u015b\u0107, uczciwo\u015b\u0107, dobro\u0107 serca i uczynno\u015b\u0107 na zawsze pozostan\u0105 w naszej pami\u0119ci.<\/div>\n<div style=\"text-align: justify;\">Zygmunt Wzorek<br \/>\n\/Gazeta obserwatora, r. 33, 1980 r.\/<\/div>\n","protected":false},"excerpt":{"rendered":"<p>W dniu 23 lipca zmar\u0142 jeden z najstarszych sta\u017cem, obserwator posterunku meteorologicznego w L\u0105dku-Zdroju &#8211; Roman Cybulski. Urodzi\u0142 si\u0119 4 sierpnia 1893 w Warszawie. Bra\u0142 czynny udzia\u0142 w I-szej Wojnie \u015awiatowej jako plutonowy kawalerii. Do 1939 mieszka\u0142 w Osadzie Krechowieckiej, obecnie na terenie ZSRR, prowadz\u0105c gospodarstwo rolne. Do L\u0105dka-Zdroju przyby\u0142 w r. 1946 z Krasnegostawu, gdzie sp\u0119dzi\u0142 okres okupacji hitlerowskiej. Z \u201epogod\u0105\u201d zetkn\u0105\u0142 si\u0119 tu \u2013 w L\u0105dku Zdroju w r. 1948 aby po odbytym kursie dla obserwator\u00f3w meteorologicznych w&#8230;<\/p>\n<p class=\"read-more\"><a class=\"btn btn-default\" href=\"http:\/\/www.przyladekhistorii.pl\/index.php\/cmentarz-parafialny\/roman-cybulski\/\"> Read More<span class=\"screen-reader-text\">  Read More<\/span><\/a><\/p>\n","protected":false},"author":1,"featured_media":0,"parent":437,"menu_order":0,"comment_status":"closed","ping_status":"closed","template":"","meta":[],"_links":{"self":[{"href":"http:\/\/www.przyladekhistorii.pl\/index.php\/wp-json\/wp\/v2\/pages\/1247"}],"collection":[{"href":"http:\/\/www.przyladekhistorii.pl\/index.php\/wp-json\/wp\/v2\/pages"}],"about":[{"href":"http:\/\/www.przyladekhistorii.pl\/index.php\/wp-json\/wp\/v2\/types\/page"}],"author":[{"embeddable":true,"href":"http:\/\/www.przyladekhistorii.pl\/index.php\/wp-json\/wp\/v2\/users\/1"}],"replies":[{"embeddable":true,"href":"http:\/\/www.przyladekhistorii.pl\/index.php\/wp-json\/wp\/v2\/comments?post=1247"}],"version-history":[{"count":2,"href":"http:\/\/www.przyladekhistorii.pl\/index.php\/wp-json\/wp\/v2\/pages\/1247\/revisions"}],"predecessor-version":[{"id":1249,"href":"http:\/\/www.przyladekhistorii.pl\/index.php\/wp-json\/wp\/v2\/pages\/1247\/revisions\/1249"}],"up":[{"embeddable":true,"href":"http:\/\/www.przyladekhistorii.pl\/index.php\/wp-json\/wp\/v2\/pages\/437"}],"wp:attachment":[{"href":"http:\/\/www.przyladekhistorii.pl\/index.php\/wp-json\/wp\/v2\/media?parent=1247"}],"curies":[{"name":"wp","href":"https:\/\/api.w.org\/{rel}","templated":true}]}}