{"id":1930,"date":"2020-04-18T16:48:02","date_gmt":"2020-04-18T14:48:02","guid":{"rendered":"http:\/\/www.przyladekhistorii.pl\/?page_id=1930"},"modified":"2021-08-22T12:41:38","modified_gmt":"2021-08-22T10:41:38","slug":"katy-bystrzyckie","status":"publish","type":"page","link":"http:\/\/www.przyladekhistorii.pl\/index.php\/zabytki-sakralne\/katy-bystrzyckie\/","title":{"rendered":"K\u0105ty Bystrzyckie"},"content":{"rendered":"<table align=\"center\">\n<tbody>\n<tr>\n<td style=\"text-align: center;\"><span style=\"font-family: georgia,palatino,serif;\">Lp.<\/span><\/td>\n<td style=\"text-align: center;\"><span style=\"font-family: georgia,palatino,serif;\">Nazwa<\/span><\/td>\n<td style=\"text-align: center;\"><span style=\"font-family: georgia,palatino,serif;\">GPS<\/span><\/td>\n<td style=\"text-align: center;\"><span style=\"font-family: georgia,palatino,serif;\">Foto<\/span><\/td>\n<\/tr>\n<tr>\n<td style=\"text-align: center;\"><span style=\"font-family: georgia,palatino,serif;\">01<\/span><\/td>\n<td style=\"text-align: center;\"><span style=\"font-family: georgia,palatino,serif;\">Kapliczka domkowa<\/span><\/td>\n<td style=\"text-align: center;\"><span style=\"font-family: georgia,palatino,serif;\"><a href=\"https:\/\/www.wspolrzedne.pl\/?szer=50.311765465011&amp;dlug=16.841342039356&amp;zoom=16\">GPS<\/a><\/span><\/td>\n<td style=\"text-align: center;\"><img loading=\"lazy\" class=\"alignnone size-medium wp-image-268\" src=\"http:\/\/www.przyladekhistorii.pl\/wp-content\/uploads\/2020\/05\/obiekt19.jpg\" alt=\"\" width=\"225\" height=\"300\" \/><\/td>\n<\/tr>\n<tr>\n<td style=\"text-align: center;\"><span style=\"font-family: georgia,palatino,serif;\">02<\/span><\/td>\n<td style=\"text-align: center;\"><span style=\"font-family: georgia,palatino,serif;\">Kapliczka kwarcowa<\/span><\/td>\n<td style=\"text-align: center;\"><span style=\"font-family: georgia,palatino,serif;\"><a href=\"https:\/\/www.wspolrzedne.pl\/?szer=50.3117594&amp;dlug=16.8301934&amp;zoom=16\">GPS<\/a><\/span><\/td>\n<td style=\"text-align: center;\"><img loading=\"lazy\" class=\"alignnone size-medium wp-image-268\" src=\"http:\/\/www.przyladekhistorii.pl\/wp-content\/uploads\/2020\/05\/obiekt25.jpg\" alt=\"\" width=\"225\" height=\"300\" \/><\/td>\n<\/tr>\n<tr>\n<td style=\"text-align: center;\"><span style=\"font-family: georgia,palatino,serif;\">03<\/span><\/td>\n<td style=\"text-align: center;\"><span style=\"font-family: georgia,palatino,serif;\">Kapliczka s\u0142upkowa<\/span><\/td>\n<td style=\"text-align: center;\"><span style=\"font-family: georgia,palatino,serif;\"><a href=\"https:\/\/www.wspolrzedne.pl\/?szer=50.32484161951985&amp;dlug=16.823110834828654&amp;zoom=16\">GPS<\/a><\/span><\/td>\n<td style=\"text-align: center;\"><img loading=\"lazy\" class=\"alignnone size-medium wp-image-268\" src=\"http:\/\/www.przyladekhistorii.pl\/wp-content\/uploads\/2020\/05\/obiekt24.jpg\" alt=\"\" width=\"225\" height=\"300\" \/><\/td>\n<\/tr>\n<tr>\n<td style=\"text-align: center;\"><span style=\"font-family: georgia,palatino,serif;\">03<\/span><\/td>\n<td style=\"text-align: center;\"><span style=\"font-family: georgia,palatino,serif;\">Krzy\u017c drewniany<\/span><\/td>\n<td style=\"text-align: center;\"><span style=\"font-family: georgia,palatino,serif;\"><a href=\"https:\/\/www.wspolrzedne.pl\/?szer=50.32222819491035&amp;dlug=16.82575103502524&amp;zoom=16\">GPS<\/a><\/span><\/td>\n<td style=\"text-align: center;\"><img loading=\"lazy\" class=\"alignnone size-medium wp-image-268\" src=\"http:\/\/www.przyladekhistorii.pl\/wp-content\/uploads\/2020\/05\/obiekt23.jpg\" alt=\"\" width=\"225\" height=\"300\" \/><\/td>\n<\/tr>\n<tr>\n<td style=\"text-align: center;\"><span style=\"font-family: georgia,palatino,serif;\">04<\/span><\/td>\n<td style=\"text-align: center;\"><span style=\"font-family: georgia,palatino,serif;\">Krzy\u017c drewniany<\/span><\/td>\n<td style=\"text-align: center;\"><span style=\"font-family: georgia,palatino,serif;\"><a href=\"https:\/\/www.wspolrzedne.pl\/?szer=50.316117758475585&amp;dlug=16.831056136471943&amp;zoom=16\">GPS<\/a><\/span><\/td>\n<td style=\"text-align: center;\"><img loading=\"lazy\" class=\"alignnone size-medium wp-image-268\" src=\"http:\/\/www.przyladekhistorii.pl\/wp-content\/uploads\/2020\/05\/obiekt22.jpg\" alt=\"\" width=\"225\" height=\"300\" \/><\/td>\n<\/tr>\n<tr>\n<td style=\"text-align: center;\"><span style=\"font-family: georgia,palatino,serif;\">05<\/span><\/td>\n<td style=\"text-align: center;\"><span style=\"font-family: georgia,palatino,serif;\">Krzy\u017c kamienny<\/span><\/td>\n<td style=\"text-align: center;\"><span style=\"font-family: georgia,palatino,serif;\"><a href=\"https:\/\/www.wspolrzedne.pl\/?szer=50.31702422612618&amp;dlug=16.8383632356167&amp;zoom=16\">GPS<\/a><\/span><\/td>\n<td style=\"text-align: center;\"><img loading=\"lazy\" class=\"alignnone size-medium wp-image-268\" src=\"http:\/\/www.przyladekhistorii.pl\/wp-content\/uploads\/2020\/05\/obiekt16.jpg\" alt=\"\" width=\"225\" height=\"300\" \/><\/td>\n<\/tr>\n<tr>\n<td style=\"text-align: center;\"><span style=\"font-family: georgia,palatino,serif;\">06<\/span><\/td>\n<td style=\"text-align: center;\"><span style=\"font-family: georgia,palatino,serif;\">Krzy\u017c kamienny<\/span><\/td>\n<td style=\"text-align: center;\"><span style=\"font-family: georgia,palatino,serif;\"><a href=\"https:\/\/www.wspolrzedne.pl\/?szer=50.30970025456266&amp;dlug=16.84173903802879&amp;zoom=16\">GPS<\/a><\/span><\/td>\n<td style=\"text-align: center;\"><img loading=\"lazy\" class=\"alignnone size-medium wp-image-268\" src=\"http:\/\/www.przyladekhistorii.pl\/wp-content\/uploads\/2020\/05\/obiekt17.jpg\" alt=\"\" width=\"225\" height=\"300\" \/><\/td>\n<\/tr>\n<tr>\n<td style=\"text-align: center;\"><span style=\"font-family: georgia,palatino,serif;\">07<\/span><\/td>\n<td style=\"text-align: center;\"><span style=\"font-family: georgia,palatino,serif;\">Krzy\u017c kamienny<\/span><\/td>\n<td style=\"text-align: center;\"><span style=\"font-family: georgia,palatino,serif;\"><a href=\"https:\/\/www.wspolrzedne.pl\/?szer=50.3108215733895&amp;dlug=16.840593703847133&amp;zoom=16\">GPS<\/a><\/span><\/td>\n<td style=\"text-align: center;\"><img loading=\"lazy\" class=\"alignnone size-medium wp-image-268\" src=\"http:\/\/www.przyladekhistorii.pl\/wp-content\/uploads\/2020\/05\/obiekt18.jpg\" alt=\"\" width=\"225\" height=\"300\" \/><\/td>\n<\/tr>\n<tr>\n<td style=\"text-align: center;\"><span style=\"font-family: georgia,palatino,serif;\">08<\/span><\/td>\n<td style=\"text-align: center;\"><span style=\"font-family: georgia,palatino,serif;\">Krzy\u017c kamienny<\/span><\/td>\n<td style=\"text-align: center;\"><span style=\"font-family: georgia,palatino,serif;\"><a href=\"https:\/\/www.wspolrzedne.pl\/?szer=50.313241824927076&amp;dlug=16.837074801024286&amp;zoom=16\">GPS<\/a><\/span><\/td>\n<td style=\"text-align: center;\"><img loading=\"lazy\" class=\"alignnone size-medium wp-image-268\" src=\"http:\/\/www.przyladekhistorii.pl\/wp-content\/uploads\/2020\/05\/obiekt20.jpg\" alt=\"\" width=\"225\" height=\"300\" \/><\/td>\n<\/tr>\n<tr>\n<td style=\"text-align: center;\"><span style=\"font-family: georgia,palatino,serif;\">09<\/span><\/td>\n<td style=\"text-align: center;\"><span style=\"font-family: georgia,palatino,serif;\">Krzy\u017c kamienny<\/span><\/td>\n<td style=\"text-align: center;\"><span style=\"font-family: georgia,palatino,serif;\"><a href=\"https:\/\/www.wspolrzedne.pl\/?szer=50.314001787877075&amp;dlug=16.83096441489145&amp;zoom=16\">GPS<\/a><\/span><\/td>\n<td style=\"text-align: center;\"><img loading=\"lazy\" class=\"alignnone size-medium wp-image-268\" src=\"http:\/\/www.przyladekhistorii.pl\/wp-content\/uploads\/2020\/05\/obiekt21.jpg\" alt=\"\" width=\"225\" height=\"300\" \/><\/td>\n<\/tr>\n<tr>\n<td style=\"text-align: center;\"><span style=\"font-family: georgia,palatino,serif;\">10<\/span><\/td>\n<td style=\"text-align: center;\"><span style=\"font-family: georgia,palatino,serif;\">Krzy\u017c kamienny<\/span><\/td>\n<td style=\"text-align: center;\"><span style=\"font-family: georgia,palatino,serif;\"><a href=\"https:\/\/www.wspolrzedne.pl\/?szer=50.314825429384&amp;dlug=16.828299244191&amp;zoom=16\">GPS<\/a><\/span><\/td>\n<td style=\"text-align: center;\"><img loading=\"lazy\" class=\"alignnone size-medium wp-image-2371\" src=\"http:\/\/www.przyladekhistorii.pl\/wp-content\/uploads\/2020\/07\/obiekt63-1-225x300.jpg\" alt=\"\" width=\"225\" height=\"300\" srcset=\"http:\/\/www.przyladekhistorii.pl\/wp-content\/uploads\/2020\/07\/obiekt63-1.jpg 225w, http:\/\/www.przyladekhistorii.pl\/wp-content\/uploads\/2020\/07\/obiekt63-1-203x270.jpg 203w\" sizes=\"(max-width: 225px) 100vw, 225px\" \/><\/td>\n<\/tr>\n<tr>\n<td style=\"text-align: center;\"><span style=\"font-family: georgia,palatino,serif;\">11<\/span><\/td>\n<td style=\"text-align: center;\"><span style=\"font-family: georgia,palatino,serif;\">Obiekt nieistniej\u0105cy<\/span><\/td>\n<td style=\"text-align: center;\"><span style=\"font-family: georgia,palatino,serif;\"><a href=\"https:\/\/www.wspolrzedne.pl\/?szer=50.3085460&amp;dlug=16.8229765&amp;zoom=16\">GPS<\/a><\/span><\/td>\n<td style=\"text-align: center;\"><img loading=\"lazy\" class=\"alignnone wp-image-2941 size-medium\" src=\"http:\/\/www.przyladekhistorii.pl\/wp-content\/uploads\/2021\/08\/nieistniej\u0105cy-225x300.jpg\" alt=\"\" width=\"225\" height=\"300\" srcset=\"http:\/\/www.przyladekhistorii.pl\/wp-content\/uploads\/2021\/08\/nieistniej\u0105cy.jpg 225w, http:\/\/www.przyladekhistorii.pl\/wp-content\/uploads\/2021\/08\/nieistniej\u0105cy-203x270.jpg 203w\" sizes=\"(max-width: 225px) 100vw, 225px\" \/><\/td>\n<\/tr>\n<tr>\n<td style=\"text-align: center;\"><span style=\"font-family: georgia,palatino,serif;\">12<\/span><\/td>\n<td style=\"text-align: center;\"><span style=\"font-family: georgia,palatino,serif;\">Obiekt nieistniej\u0105cy<\/span><\/td>\n<td style=\"text-align: center;\"><span style=\"font-family: georgia,palatino,serif;\"><a href=\"https:\/\/www.wspolrzedne.pl\/?szer=50.3085020&amp;dlug=16.8248490&amp;zoom=16\">GPS<\/a><\/span><\/td>\n<td style=\"text-align: center;\"><img loading=\"lazy\" class=\"alignnone wp-image-2941 size-medium\" src=\"http:\/\/www.przyladekhistorii.pl\/wp-content\/uploads\/2021\/08\/nieistniej\u0105cy-225x300.jpg\" alt=\"\" width=\"225\" height=\"300\" srcset=\"http:\/\/www.przyladekhistorii.pl\/wp-content\/uploads\/2021\/08\/nieistniej\u0105cy.jpg 225w, http:\/\/www.przyladekhistorii.pl\/wp-content\/uploads\/2021\/08\/nieistniej\u0105cy-203x270.jpg 203w\" sizes=\"(max-width: 225px) 100vw, 225px\" \/><\/td>\n<\/tr>\n<\/tbody>\n<\/table>\n<p style=\"text-align: center;\">\u21d0 <a href=\"http:\/\/www.przyladekhistorii.pl\/index.php\/zabytki-sakralne\/\">Powr\u00f3t do spisu miejscowo\u015bci<\/a><\/p>\n","protected":false},"excerpt":{"rendered":"<p>Lp. Nazwa GPS Foto 01 Kapliczka domkowa GPS 02 Kapliczka kwarcowa GPS 03 Kapliczka s\u0142upkowa GPS 03 Krzy\u017c drewniany GPS 04 Krzy\u017c drewniany GPS 05 Krzy\u017c kamienny GPS 06 Krzy\u017c kamienny GPS 07 Krzy\u017c kamienny GPS 08 Krzy\u017c kamienny GPS 09 Krzy\u017c kamienny GPS 10 Krzy\u017c kamienny GPS 11 Obiekt nieistniej\u0105cy GPS 12 Obiekt nieistniej\u0105cy GPS \u21d0 Powr\u00f3t do spisu miejscowo\u015bci<\/p>\n","protected":false},"author":1,"featured_media":1920,"parent":1924,"menu_order":0,"comment_status":"closed","ping_status":"closed","template":"","meta":[],"_links":{"self":[{"href":"http:\/\/www.przyladekhistorii.pl\/index.php\/wp-json\/wp\/v2\/pages\/1930"}],"collection":[{"href":"http:\/\/www.przyladekhistorii.pl\/index.php\/wp-json\/wp\/v2\/pages"}],"about":[{"href":"http:\/\/www.przyladekhistorii.pl\/index.php\/wp-json\/wp\/v2\/types\/page"}],"author":[{"embeddable":true,"href":"http:\/\/www.przyladekhistorii.pl\/index.php\/wp-json\/wp\/v2\/users\/1"}],"replies":[{"embeddable":true,"href":"http:\/\/www.przyladekhistorii.pl\/index.php\/wp-json\/wp\/v2\/comments?post=1930"}],"version-history":[{"count":11,"href":"http:\/\/www.przyladekhistorii.pl\/index.php\/wp-json\/wp\/v2\/pages\/1930\/revisions"}],"predecessor-version":[{"id":2211,"href":"http:\/\/www.przyladekhistorii.pl\/index.php\/wp-json\/wp\/v2\/pages\/1930\/revisions\/2211"}],"up":[{"embeddable":true,"href":"http:\/\/www.przyladekhistorii.pl\/index.php\/wp-json\/wp\/v2\/pages\/1924"}],"wp:featuredmedia":[{"embeddable":true,"href":"http:\/\/www.przyladekhistorii.pl\/index.php\/wp-json\/wp\/v2\/media\/1920"}],"wp:attachment":[{"href":"http:\/\/www.przyladekhistorii.pl\/index.php\/wp-json\/wp\/v2\/media?parent=1930"}],"curies":[{"name":"wp","href":"https:\/\/api.w.org\/{rel}","templated":true}]}}