{"id":1937,"date":"2020-04-18T16:49:02","date_gmt":"2020-04-18T14:49:02","guid":{"rendered":"http:\/\/www.przyladekhistorii.pl\/?page_id=1937"},"modified":"2021-08-22T12:47:19","modified_gmt":"2021-08-22T10:47:19","slug":"lutynia","status":"publish","type":"page","link":"http:\/\/www.przyladekhistorii.pl\/index.php\/zabytki-sakralne\/lutynia\/","title":{"rendered":"Lutynia"},"content":{"rendered":"<table align=\"center\">\n<tbody>\n<tr>\n<td style=\"text-align: center;\"><span style=\"font-family: georgia,palatino,serif;\">Lp.<\/span><\/td>\n<td style=\"text-align: center;\"><span style=\"font-family: georgia,palatino,serif;\">Nazwa<\/span><\/td>\n<td style=\"text-align: center;\"><span style=\"font-family: georgia,palatino,serif;\">GPS<\/span><\/td>\n<td style=\"text-align: center;\"><span style=\"font-family: georgia,palatino,serif;\">Foto<\/span><\/td>\n<\/tr>\n<tr>\n<td style=\"text-align: center;\"><span style=\"font-family: georgia,palatino,serif;\">01<\/span><\/td>\n<td style=\"text-align: center;\"><span style=\"font-family: georgia,palatino,serif;\">Drewniany<br \/>\nkrzy\u017c<\/span><\/td>\n<td style=\"text-align: center;\"><span style=\"font-family: georgia,palatino,serif;\"><a href=\"https:\/\/www.wspolrzedne.pl\/?szer=50.357069559287&amp;dlug=16.896661453186&amp;zoom=16\">GPS<\/a><\/span><\/td>\n<td style=\"text-align: center;\"><img loading=\"lazy\" class=\"alignnone size-medium wp-image-1538\" src=\"http:\/\/www.przyladekhistorii.pl\/wp-content\/uploads\/2019\/11\/rzezba21-225x300.jpg\" alt=\"\" width=\"225\" height=\"300\" srcset=\"http:\/\/www.przyladekhistorii.pl\/wp-content\/uploads\/2019\/11\/rzezba21-225x300.jpg 225w, http:\/\/www.przyladekhistorii.pl\/wp-content\/uploads\/2019\/11\/rzezba21-203x270.jpg 203w, http:\/\/www.przyladekhistorii.pl\/wp-content\/uploads\/2019\/11\/rzezba21.jpg 600w\" sizes=\"(max-width: 225px) 100vw, 225px\" \/><\/td>\n<\/tr>\n<tr>\n<td style=\"text-align: center;\"><span style=\"font-family: georgia,palatino,serif;\">02<\/span><\/td>\n<td style=\"text-align: center;\"><span style=\"font-family: georgia,palatino,serif;\">Drewniany<br \/>\nkrzy\u017c<\/span><\/td>\n<td style=\"text-align: center;\"><span style=\"font-family: georgia,palatino,serif;\"><a href=\"https:\/\/www.wspolrzedne.pl\/?szer=50.36809243095757&amp;dlug=16.904637756166228&amp;zoom=16\">GPS<\/a><\/span><\/td>\n<td style=\"text-align: center;\"><img loading=\"lazy\" class=\"alignnone wp-image-2394 size-medium\" src=\"http:\/\/www.przyladekhistorii.pl\/wp-content\/uploads\/2020\/08\/obiekt69-225x300.jpg\" alt=\"\" width=\"225\" height=\"300\" srcset=\"http:\/\/www.przyladekhistorii.pl\/wp-content\/uploads\/2020\/08\/obiekt69.jpg 225w, http:\/\/www.przyladekhistorii.pl\/wp-content\/uploads\/2020\/08\/obiekt69-203x270.jpg 203w\" sizes=\"(max-width: 225px) 100vw, 225px\" \/><\/td>\n<\/tr>\n<tr>\n<td style=\"text-align: center;\"><span style=\"font-family: georgia,palatino,serif;\">03<\/span><\/td>\n<td style=\"text-align: center;\"><span style=\"font-family: georgia,palatino,serif;\">Kapliczka<br \/>\ns\u0142upkowa<\/span><\/td>\n<td style=\"text-align: center;\"><span style=\"font-family: georgia,palatino,serif;\"><a href=\"https:\/\/www.wspolrzedne.pl\/?szer=50.361358695026&amp;dlug=16.916344532264&amp;zoom=16\">GPS<\/a><\/span><\/td>\n<td style=\"text-align: center;\"><img loading=\"lazy\" class=\"size-medium wp-image-673 aligncenter\" src=\"http:\/\/www.przyladekhistorii.pl\/wp-content\/uploads\/2021\/05\/obiekt70.jpg\" alt=\"\" width=\"225\" height=\"300\" \/><\/td>\n<\/tr>\n<tr>\n<td style=\"text-align: center;\"><span style=\"font-family: georgia,palatino,serif;\">04<\/span><\/td>\n<td style=\"text-align: center;\"><span style=\"font-family: georgia,palatino,serif;\">Kapliczka<br \/>\ns\u0142upkowa<\/span><\/td>\n<td style=\"text-align: center;\"><span style=\"font-family: georgia,palatino,serif;\"><a href=\"https:\/\/www.wspolrzedne.pl\/?szer=50.355675&amp;dlug=16.903539&amp;zoom=16\">GPS<\/a><\/span><\/td>\n<td style=\"text-align: center;\"><img loading=\"lazy\" class=\"alignnone size-medium wp-image-1537\" src=\"http:\/\/www.przyladekhistorii.pl\/wp-content\/uploads\/2019\/11\/rzezba22-225x300.jpg\" alt=\"\" width=\"225\" height=\"300\" srcset=\"http:\/\/www.przyladekhistorii.pl\/wp-content\/uploads\/2019\/11\/rzezba22-225x300.jpg 225w, http:\/\/www.przyladekhistorii.pl\/wp-content\/uploads\/2019\/11\/rzezba22-203x270.jpg 203w, http:\/\/www.przyladekhistorii.pl\/wp-content\/uploads\/2019\/11\/rzezba22.jpg 600w\" sizes=\"(max-width: 225px) 100vw, 225px\" \/><\/td>\n<\/tr>\n<tr>\n<td style=\"text-align: center;\"><span style=\"font-family: georgia,palatino,serif;\">05<\/span><\/td>\n<td style=\"text-align: center;\"><span style=\"font-family: georgia,palatino,serif;\">Kapliczka<br \/>\ns\u0142upkowa<\/span><\/td>\n<td style=\"text-align: center;\"><span style=\"font-family: georgia,palatino,serif;\"><a href=\"https:\/\/www.wspolrzedne.pl\/?szer=50.370822451933535&amp;dlug=16.91855373010485&amp;zoom=16\">GPS<\/a><\/span><\/td>\n<td style=\"text-align: center;\"><img loading=\"lazy\" class=\"alignnone size-medium wp-image-1788\" src=\"http:\/\/www.przyladekhistorii.pl\/wp-content\/uploads\/2020\/01\/kapliczka-223x300.jpg\" alt=\"\" width=\"223\" height=\"300\" srcset=\"http:\/\/www.przyladekhistorii.pl\/wp-content\/uploads\/2020\/01\/kapliczka-223x300.jpg 223w, http:\/\/www.przyladekhistorii.pl\/wp-content\/uploads\/2020\/01\/kapliczka-200x270.jpg 200w, http:\/\/www.przyladekhistorii.pl\/wp-content\/uploads\/2020\/01\/kapliczka.jpg 225w\" sizes=\"(max-width: 223px) 100vw, 223px\" \/><\/td>\n<\/tr>\n<tr>\n<td style=\"text-align: center;\"><span style=\"font-family: georgia,palatino,serif;\">06<\/span><\/td>\n<td style=\"text-align: center;\"><a href=\"http:\/\/www.przyladekhistorii.pl\/index.php\/2020\/08\/09\/kapliczka-w-lutyni\/\"><span style=\"font-family: georgia,palatino,serif;\">Kapliczka<br \/>\ns\u0142upkowa<\/span><\/a><\/td>\n<td style=\"text-align: center;\"><span style=\"font-family: georgia,palatino,serif;\"><a href=\"https:\/\/www.wspolrzedne.pl\/?szer=50.36720384437881&amp;dlug=16.91017445066534&amp;zoom=16\">GPS<\/a><\/span><\/td>\n<td style=\"text-align: center;\"><img loading=\"lazy\" class=\"alignnone wp-image-2397 size-medium\" src=\"http:\/\/www.przyladekhistorii.pl\/wp-content\/uploads\/2020\/08\/obiekt69-1-225x300.jpg\" alt=\"\" width=\"225\" height=\"300\" srcset=\"http:\/\/www.przyladekhistorii.pl\/wp-content\/uploads\/2020\/08\/obiekt69-1.jpg 225w, http:\/\/www.przyladekhistorii.pl\/wp-content\/uploads\/2020\/08\/obiekt69-1-203x270.jpg 203w\" sizes=\"(max-width: 225px) 100vw, 225px\" \/><\/td>\n<\/tr>\n<tr>\n<td style=\"text-align: center;\"><span style=\"font-family: georgia,palatino,serif;\">07<\/span><\/td>\n<td style=\"text-align: center;\"><span style=\"font-family: georgia,palatino,serif;\">Obiekt<br \/>\nnieistniej\u0105cy<\/span><\/td>\n<td style=\"text-align: center;\"><span style=\"font-family: georgia,palatino,serif;\"><a href=\"https:\/\/www.wspolrzedne.pl\/?szer=50.369876734726&amp;dlug=16.916773752563&amp;zoom=16\">GPS<\/a><\/span><\/td>\n<td style=\"text-align: center;\"><img loading=\"lazy\" class=\"alignnone wp-image-2941 size-medium\" src=\"http:\/\/www.przyladekhistorii.pl\/wp-content\/uploads\/2021\/08\/nieistniej\u0105cy-225x300.jpg\" alt=\"\" width=\"225\" height=\"300\" srcset=\"http:\/\/www.przyladekhistorii.pl\/wp-content\/uploads\/2021\/08\/nieistniej\u0105cy.jpg 225w, http:\/\/www.przyladekhistorii.pl\/wp-content\/uploads\/2021\/08\/nieistniej\u0105cy-203x270.jpg 203w\" sizes=\"(max-width: 225px) 100vw, 225px\" \/><\/td>\n<\/tr>\n<tr>\n<td style=\"text-align: center;\"><span style=\"font-family: georgia,palatino,serif;\">08<\/span><\/td>\n<td style=\"text-align: center;\"><span style=\"font-family: georgia,palatino,serif;\">Stalowy<br \/>\nkrzy\u017c<\/span><\/td>\n<td style=\"text-align: center;\"><span style=\"font-family: georgia,palatino,serif;\"><a href=\"https:\/\/www.wspolrzedne.pl\/?szer=50.355047549798&amp;dlug=16.902715724337&amp;zoom=16\">GPS<\/a><\/span><\/td>\n<td style=\"text-align: center;\"><img loading=\"lazy\" class=\"alignnone size-medium wp-image-1540\" src=\"http:\/\/www.przyladekhistorii.pl\/wp-content\/uploads\/2019\/11\/rzezba19-225x300.jpg\" alt=\"\" width=\"225\" height=\"300\" srcset=\"http:\/\/www.przyladekhistorii.pl\/wp-content\/uploads\/2019\/11\/rzezba19-225x300.jpg 225w, http:\/\/www.przyladekhistorii.pl\/wp-content\/uploads\/2019\/11\/rzezba19-203x270.jpg 203w, http:\/\/www.przyladekhistorii.pl\/wp-content\/uploads\/2019\/11\/rzezba19.jpg 600w\" sizes=\"(max-width: 225px) 100vw, 225px\" \/><\/td>\n<\/tr>\n<tr>\n<td style=\"text-align: center;\"><span style=\"font-family: georgia,palatino,serif;\">09<\/span><\/td>\n<td style=\"text-align: center;\"><span style=\"font-family: georgia,palatino,serif;\">\u015aw. Florian<\/span><\/td>\n<td style=\"text-align: center;\"><span style=\"font-family: georgia,palatino,serif;\"><a href=\"https:\/\/www.wspolrzedne.pl\/?szer=50.36345173971898&amp;dlug=16.904555833774797&amp;zoom=16\">GPS<\/a><\/span><\/td>\n<td style=\"text-align: center;\"><img loading=\"lazy\" class=\"alignnone wp-image-2395 size-medium\" src=\"http:\/\/www.przyladekhistorii.pl\/wp-content\/uploads\/2020\/08\/obiekt68-225x300.jpg\" alt=\"\" width=\"225\" height=\"300\" srcset=\"http:\/\/www.przyladekhistorii.pl\/wp-content\/uploads\/2020\/08\/obiekt68.jpg 225w, http:\/\/www.przyladekhistorii.pl\/wp-content\/uploads\/2020\/08\/obiekt68-203x270.jpg 203w\" sizes=\"(max-width: 225px) 100vw, 225px\" \/><\/td>\n<\/tr>\n<tr>\n<td style=\"text-align: center;\"><span style=\"font-family: georgia,palatino,serif;\">10<\/span><\/td>\n<td style=\"text-align: center;\"><span style=\"font-family: georgia,palatino,serif;\">\u015aw. Jan<br \/>\nNepomucen<\/span><\/td>\n<td style=\"text-align: center;\"><span style=\"font-family: georgia,palatino,serif;\"><a href=\"https:\/\/www.wspolrzedne.pl\/?szer=50.36347740504711&amp;dlug=16.904475440846362&amp;zoom=16\">GPS<\/a><\/span><\/td>\n<td style=\"text-align: center;\"><img loading=\"lazy\" class=\"alignnone wp-image-2396 size-medium\" src=\"http:\/\/www.przyladekhistorii.pl\/wp-content\/uploads\/2020\/08\/obiekt67-225x300.jpg\" alt=\"\" width=\"225\" height=\"300\" srcset=\"http:\/\/www.przyladekhistorii.pl\/wp-content\/uploads\/2020\/08\/obiekt67.jpg 225w, http:\/\/www.przyladekhistorii.pl\/wp-content\/uploads\/2020\/08\/obiekt67-203x270.jpg 203w\" sizes=\"(max-width: 225px) 100vw, 225px\" \/><\/td>\n<\/tr>\n<\/tbody>\n<\/table>\n<p style=\"text-align: center;\">\u21d0 <a href=\"http:\/\/www.przyladekhistorii.pl\/index.php\/zabytki-sakralne\/\">Powr\u00f3t do spisu miejscowo\u015bci<\/a><\/p>\n","protected":false},"excerpt":{"rendered":"<p>Lp. Nazwa GPS Foto 01 Drewniany krzy\u017c GPS 02 Drewniany krzy\u017c GPS 03 Kapliczka s\u0142upkowa GPS 04 Kapliczka s\u0142upkowa GPS 05 Kapliczka s\u0142upkowa GPS 06 Kapliczka s\u0142upkowa GPS 07 Obiekt nieistniej\u0105cy GPS 08 Stalowy krzy\u017c GPS 09 \u015aw. Florian GPS 10 \u015aw. Jan Nepomucen GPS \u21d0 Powr\u00f3t do spisu miejscowo\u015bci<\/p>\n","protected":false},"author":1,"featured_media":1917,"parent":1924,"menu_order":0,"comment_status":"closed","ping_status":"closed","template":"","meta":[],"_links":{"self":[{"href":"http:\/\/www.przyladekhistorii.pl\/index.php\/wp-json\/wp\/v2\/pages\/1937"}],"collection":[{"href":"http:\/\/www.przyladekhistorii.pl\/index.php\/wp-json\/wp\/v2\/pages"}],"about":[{"href":"http:\/\/www.przyladekhistorii.pl\/index.php\/wp-json\/wp\/v2\/types\/page"}],"author":[{"embeddable":true,"href":"http:\/\/www.przyladekhistorii.pl\/index.php\/wp-json\/wp\/v2\/users\/1"}],"replies":[{"embeddable":true,"href":"http:\/\/www.przyladekhistorii.pl\/index.php\/wp-json\/wp\/v2\/comments?post=1937"}],"version-history":[{"count":9,"href":"http:\/\/www.przyladekhistorii.pl\/index.php\/wp-json\/wp\/v2\/pages\/1937\/revisions"}],"predecessor-version":[{"id":2948,"href":"http:\/\/www.przyladekhistorii.pl\/index.php\/wp-json\/wp\/v2\/pages\/1937\/revisions\/2948"}],"up":[{"embeddable":true,"href":"http:\/\/www.przyladekhistorii.pl\/index.php\/wp-json\/wp\/v2\/pages\/1924"}],"wp:featuredmedia":[{"embeddable":true,"href":"http:\/\/www.przyladekhistorii.pl\/index.php\/wp-json\/wp\/v2\/media\/1917"}],"wp:attachment":[{"href":"http:\/\/www.przyladekhistorii.pl\/index.php\/wp-json\/wp\/v2\/media?parent=1937"}],"curies":[{"name":"wp","href":"https:\/\/api.w.org\/{rel}","templated":true}]}}