{"id":1944,"date":"2020-04-18T16:52:33","date_gmt":"2020-04-18T14:52:33","guid":{"rendered":"http:\/\/www.przyladekhistorii.pl\/?page_id=1944"},"modified":"2021-08-22T12:47:59","modified_gmt":"2021-08-22T10:47:59","slug":"orlowiec","status":"publish","type":"page","link":"http:\/\/www.przyladekhistorii.pl\/index.php\/zabytki-sakralne\/orlowiec\/","title":{"rendered":"Or\u0142owiec"},"content":{"rendered":"<table align=\"center\">\n<tbody>\n<tr>\n<td style=\"text-align: center;\"><span style=\"font-family: georgia,palatino,serif;\">Lp.<\/span><\/td>\n<td style=\"text-align: center;\"><span style=\"font-family: georgia,palatino,serif;\">Nazwa<\/span><\/td>\n<td style=\"text-align: center;\"><span style=\"font-family: georgia,palatino,serif;\">GPS<\/span><\/td>\n<td style=\"text-align: center;\"><span style=\"font-family: georgia,palatino,serif;\">Foto<\/span><\/td>\n<\/tr>\n<tr>\n<td style=\"text-align: center;\"><span style=\"font-family: georgia,palatino,serif;\">01<\/span><\/td>\n<td style=\"text-align: center;\"><span style=\"font-family: georgia,palatino,serif;\">Drewniany krzy\u017c<\/span><\/td>\n<td style=\"text-align: center;\"><span style=\"font-family: georgia,palatino,serif;\"><a href=\"https:\/\/www.wspolrzedne.pl\/?szer=50.394717268067474&amp;dlug=16.863643527030945&amp;zoom=16\">GPS<\/a><\/span><\/td>\n<td style=\"text-align: center;\"><img loading=\"lazy\" class=\"alignnone size-medium wp-image-1715\" src=\"http:\/\/www.przyladekhistorii.pl\/wp-content\/uploads\/2019\/12\/obiekt01-225x300.jpg\" alt=\"\" width=\"225\" height=\"300\" srcset=\"http:\/\/www.przyladekhistorii.pl\/wp-content\/uploads\/2019\/12\/obiekt01.jpg 225w, http:\/\/www.przyladekhistorii.pl\/wp-content\/uploads\/2019\/12\/obiekt01-203x270.jpg 203w\" sizes=\"(max-width: 225px) 100vw, 225px\" \/><\/td>\n<\/tr>\n<tr>\n<td style=\"text-align: center;\"><span style=\"font-family: georgia,palatino,serif;\">02<\/span><\/td>\n<td style=\"text-align: center;\"><span style=\"font-family: georgia,palatino,serif;\">Kamienny krzy\u017c<\/span><\/td>\n<td style=\"text-align: center;\"><span style=\"font-family: georgia,palatino,serif;\"><a href=\"https:\/\/www.wspolrzedne.pl\/?szer=50.387833010142&amp;dlug=16.857598175978&amp;zoom=16\">GPS<\/a><\/span><\/td>\n<td style=\"text-align: center;\"><img loading=\"lazy\" class=\"size-medium wp-image-706 aligncenter\" src=\"http:\/\/www.przyladekhistorii.pl\/wp-content\/uploads\/2019\/02\/rzezba10-225x300.jpg\" alt=\"\" width=\"225\" height=\"300\" srcset=\"http:\/\/www.przyladekhistorii.pl\/wp-content\/uploads\/2019\/02\/rzezba10-225x300.jpg 225w, http:\/\/www.przyladekhistorii.pl\/wp-content\/uploads\/2019\/02\/rzezba10-203x270.jpg 203w, http:\/\/www.przyladekhistorii.pl\/wp-content\/uploads\/2019\/02\/rzezba10.jpg 600w\" sizes=\"(max-width: 225px) 100vw, 225px\" \/><\/td>\n<\/tr>\n<tr>\n<td style=\"text-align: center;\"><span style=\"font-family: georgia,palatino,serif;\">03<\/span><\/td>\n<td style=\"text-align: center;\"><span style=\"font-family: georgia,palatino,serif;\">Kamienny krzy\u017c<\/span><\/td>\n<td style=\"text-align: center;\"><span style=\"font-family: georgia,palatino,serif;\"><a href=\"https:\/\/www.wspolrzedne.pl\/?szer=50.39964579639282&amp;dlug=16.86512829923533&amp;zoom=16\">GPS<\/a><\/span><\/td>\n<td style=\"text-align: center;\"><img loading=\"lazy\" class=\"size-medium wp-image-706 aligncenter\" src=\"http:\/\/www.przyladekhistorii.pl\/wp-content\/uploads\/2021\/05\/obiekt71.jpg\" alt=\"\" width=\"225\" height=\"300\" \/><\/td>\n<\/tr>\n<\/tbody>\n<\/table>\n<p style=\"text-align: center;\">\u21d0 <a href=\"http:\/\/www.przyladekhistorii.pl\/index.php\/zabytki-sakralne\/\">Powr\u00f3t do spisu miejscowo\u015bci<\/a><\/p>\n","protected":false},"excerpt":{"rendered":"<p>Lp. Nazwa GPS Foto 01 Drewniany krzy\u017c GPS 02 Kamienny krzy\u017c GPS 03 Kamienny krzy\u017c GPS \u21d0 Powr\u00f3t do spisu miejscowo\u015bci<\/p>\n","protected":false},"author":1,"featured_media":1923,"parent":1924,"menu_order":0,"comment_status":"closed","ping_status":"closed","template":"","meta":[],"_links":{"self":[{"href":"http:\/\/www.przyladekhistorii.pl\/index.php\/wp-json\/wp\/v2\/pages\/1944"}],"collection":[{"href":"http:\/\/www.przyladekhistorii.pl\/index.php\/wp-json\/wp\/v2\/pages"}],"about":[{"href":"http:\/\/www.przyladekhistorii.pl\/index.php\/wp-json\/wp\/v2\/types\/page"}],"author":[{"embeddable":true,"href":"http:\/\/www.przyladekhistorii.pl\/index.php\/wp-json\/wp\/v2\/users\/1"}],"replies":[{"embeddable":true,"href":"http:\/\/www.przyladekhistorii.pl\/index.php\/wp-json\/wp\/v2\/comments?post=1944"}],"version-history":[{"count":7,"href":"http:\/\/www.przyladekhistorii.pl\/index.php\/wp-json\/wp\/v2\/pages\/1944\/revisions"}],"predecessor-version":[{"id":2805,"href":"http:\/\/www.przyladekhistorii.pl\/index.php\/wp-json\/wp\/v2\/pages\/1944\/revisions\/2805"}],"up":[{"embeddable":true,"href":"http:\/\/www.przyladekhistorii.pl\/index.php\/wp-json\/wp\/v2\/pages\/1924"}],"wp:featuredmedia":[{"embeddable":true,"href":"http:\/\/www.przyladekhistorii.pl\/index.php\/wp-json\/wp\/v2\/media\/1923"}],"wp:attachment":[{"href":"http:\/\/www.przyladekhistorii.pl\/index.php\/wp-json\/wp\/v2\/media?parent=1944"}],"curies":[{"name":"wp","href":"https:\/\/api.w.org\/{rel}","templated":true}]}}