{"id":1946,"date":"2020-04-18T16:52:48","date_gmt":"2020-04-18T14:52:48","guid":{"rendered":"http:\/\/www.przyladekhistorii.pl\/?page_id=1946"},"modified":"2021-08-22T12:49:22","modified_gmt":"2021-08-22T10:49:22","slug":"skrzynka","status":"publish","type":"page","link":"http:\/\/www.przyladekhistorii.pl\/index.php\/zabytki-sakralne\/skrzynka\/","title":{"rendered":"Skrzynka"},"content":{"rendered":"<table align=\"center\">\n<tbody>\n<tr>\n<td style=\"text-align: center;\"><span style=\"font-family: georgia,palatino,serif;\">Lp.<\/span><\/td>\n<td style=\"text-align: center;\"><span style=\"font-family: georgia,palatino,serif;\">Nazwa<\/span><\/td>\n<td style=\"text-align: center;\"><span style=\"font-family: georgia,palatino,serif;\">GPS<\/span><\/td>\n<td style=\"text-align: center;\"><span style=\"font-family: georgia,palatino,serif;\">Foto<\/span><\/td>\n<\/tr>\n<tr>\n<td style=\"text-align: center;\"><span style=\"font-family: georgia,palatino,serif;\">01<\/span><\/td>\n<td style=\"text-align: center;\"><span style=\"font-family: georgia,palatino,serif;\">Drewniany krzy\u017c<\/span><\/td>\n<td style=\"text-align: center;\"><span style=\"font-family: georgia,palatino,serif;\"><a href=\"https:\/\/www.wspolrzedne.pl\/?szer=50.364547314775&amp;dlug=16.776823756438&amp;zoom=16\">GPS<\/a><\/span><\/td>\n<td style=\"text-align: center;\"><img loading=\"lazy\" class=\"alignnone size-medium wp-image-1723\" src=\"http:\/\/www.przyladekhistorii.pl\/wp-content\/uploads\/2019\/12\/obiekt09-225x300.jpg\" alt=\"\" width=\"225\" height=\"300\" srcset=\"http:\/\/www.przyladekhistorii.pl\/wp-content\/uploads\/2019\/12\/obiekt09.jpg 225w, http:\/\/www.przyladekhistorii.pl\/wp-content\/uploads\/2019\/12\/obiekt09-203x270.jpg 203w\" sizes=\"(max-width: 225px) 100vw, 225px\" \/><\/td>\n<\/tr>\n<tr>\n<td style=\"text-align: center;\"><span style=\"font-family: georgia,palatino,serif;\">02<\/span><\/td>\n<td style=\"text-align: center;\"><span style=\"font-family: georgia,palatino,serif;\"><a href=\"http:\/\/www.przyladekhistorii.pl\/index.php\/2020\/01\/01\/grupa-figuralna-w-skrzynce\/\">Grupa figuralna<\/a><\/span><\/td>\n<td style=\"text-align: center;\"><span style=\"font-family: georgia,palatino,serif;\"><a href=\"https:\/\/www.wspolrzedne.pl\/?szer=50.369055602543796&amp;dlug=16.77856972861777&amp;zoom=6\">GPS<\/a><\/span><\/td>\n<td style=\"text-align: center;\"><img loading=\"lazy\" class=\"alignnone size-medium wp-image-1722\" src=\"http:\/\/www.przyladekhistorii.pl\/wp-content\/uploads\/2019\/12\/obiekt08-225x300.jpg\" alt=\"\" width=\"225\" height=\"300\" srcset=\"http:\/\/www.przyladekhistorii.pl\/wp-content\/uploads\/2019\/12\/obiekt08.jpg 225w, http:\/\/www.przyladekhistorii.pl\/wp-content\/uploads\/2019\/12\/obiekt08-203x270.jpg 203w\" sizes=\"(max-width: 225px) 100vw, 225px\" \/><\/td>\n<\/tr>\n<tr>\n<td style=\"text-align: center;\"><span style=\"font-family: georgia,palatino,serif;\">03<\/span><\/td>\n<td style=\"text-align: center;\"><span style=\"font-family: georgia,palatino,serif;\">Kamienny krzy\u017c<\/span><\/td>\n<td style=\"text-align: center;\"><span style=\"font-family: georgia,palatino,serif;\"><a href=\"https:\/\/www.wspolrzedne.pl\/?szer=50.371326977594904&amp;dlug=16.782774925231933&amp;zoom=16\">GPS<\/a><\/span><\/td>\n<td style=\"text-align: center;\"><img loading=\"lazy\" class=\"alignnone size-medium wp-image-1719\" src=\"http:\/\/www.przyladekhistorii.pl\/wp-content\/uploads\/2019\/12\/obiekt05-225x300.jpg\" alt=\"\" width=\"225\" height=\"300\" srcset=\"http:\/\/www.przyladekhistorii.pl\/wp-content\/uploads\/2019\/12\/obiekt05.jpg 225w, http:\/\/www.przyladekhistorii.pl\/wp-content\/uploads\/2019\/12\/obiekt05-203x270.jpg 203w\" sizes=\"(max-width: 225px) 100vw, 225px\" \/><\/td>\n<\/tr>\n<tr>\n<td style=\"text-align: center;\"><span style=\"font-family: georgia,palatino,serif;\">04<\/span><\/td>\n<td style=\"text-align: center;\"><span style=\"font-family: georgia,palatino,serif;\">Kamienny krzy\u017c<\/span><\/td>\n<td style=\"text-align: center;\"><span style=\"font-family: georgia,palatino,serif;\"><a href=\"https:\/\/www.wspolrzedne.pl\/?szer=50.37420897277063&amp;dlug=16.751791262870053&amp;zoom=16\">GPS<\/a><\/span><\/td>\n<td style=\"text-align: center;\"><img loading=\"lazy\" class=\"alignnone size-medium wp-image-1716\" src=\"http:\/\/www.przyladekhistorii.pl\/wp-content\/uploads\/2019\/12\/obiekt02-225x300.jpg\" alt=\"\" width=\"225\" height=\"300\" srcset=\"http:\/\/www.przyladekhistorii.pl\/wp-content\/uploads\/2019\/12\/obiekt02.jpg 225w, http:\/\/www.przyladekhistorii.pl\/wp-content\/uploads\/2019\/12\/obiekt02-203x270.jpg 203w\" sizes=\"(max-width: 225px) 100vw, 225px\" \/><\/td>\n<\/tr>\n<tr>\n<td style=\"text-align: center;\"><span style=\"font-family: georgia,palatino,serif;\">05<\/span><\/td>\n<td style=\"text-align: center;\"><span style=\"font-family: georgia,palatino,serif;\">Kapliczka domkowa<\/span><\/td>\n<td style=\"text-align: center;\"><span style=\"font-family: georgia,palatino,serif;\"><a href=\"https:\/\/www.wspolrzedne.pl\/?szer=50.367671201141&amp;dlug=16.781283180811&amp;zoom=16\">GPS<\/a><\/span><\/td>\n<td style=\"text-align: center;\"><img loading=\"lazy\" class=\"alignnone size-medium wp-image-1721\" src=\"http:\/\/www.przyladekhistorii.pl\/wp-content\/uploads\/2019\/12\/obiekt07-225x300.jpg\" alt=\"\" width=\"225\" height=\"300\" srcset=\"http:\/\/www.przyladekhistorii.pl\/wp-content\/uploads\/2019\/12\/obiekt07.jpg 225w, http:\/\/www.przyladekhistorii.pl\/wp-content\/uploads\/2019\/12\/obiekt07-203x270.jpg 203w\" sizes=\"(max-width: 225px) 100vw, 225px\" \/><\/td>\n<\/tr>\n<tr>\n<td style=\"text-align: center;\"><span style=\"font-family: georgia,palatino,serif;\">06<\/span><\/td>\n<td style=\"text-align: center;\"><span style=\"font-family: georgia,palatino,serif;\">Kapliczka s\u0142upkowa<\/span><\/td>\n<td style=\"text-align: center;\"><span style=\"font-family: georgia,palatino,serif;\"><a href=\"https:\/\/www.wspolrzedne.pl\/?szer=50.369826045455284&amp;dlug=16.77558255254371&amp;zoom=16\">GPS<\/a><\/span><\/td>\n<td style=\"text-align: center;\"><img loading=\"lazy\" class=\"alignnone size-medium wp-image-1717\" src=\"http:\/\/www.przyladekhistorii.pl\/wp-content\/uploads\/2019\/12\/obiekt03-225x300.jpg\" alt=\"\" width=\"225\" height=\"300\" srcset=\"http:\/\/www.przyladekhistorii.pl\/wp-content\/uploads\/2019\/12\/obiekt03.jpg 225w, http:\/\/www.przyladekhistorii.pl\/wp-content\/uploads\/2019\/12\/obiekt03-203x270.jpg 203w\" sizes=\"(max-width: 225px) 100vw, 225px\" \/><\/td>\n<\/tr>\n<tr>\n<td style=\"text-align: center;\"><span style=\"font-family: georgia,palatino,serif;\">07<\/span><\/td>\n<td style=\"text-align: center;\"><span style=\"font-family: georgia,palatino,serif;\">Kapliczka s\u0142upkowa<\/span><\/td>\n<td style=\"text-align: center;\"><span style=\"font-family: georgia,palatino,serif;\"><a href=\"https:\/\/www.wspolrzedne.pl\/?szer=50.37942207297592&amp;dlug=16.79218468090311&amp;zoom=16\">GPS<\/a><\/span><\/td>\n<td style=\"text-align: center;\"><img loading=\"lazy\" class=\"alignnone size-medium wp-image-1720\" src=\"http:\/\/www.przyladekhistorii.pl\/wp-content\/uploads\/2019\/12\/obiekt06-225x300.jpg\" alt=\"\" width=\"225\" height=\"300\" srcset=\"http:\/\/www.przyladekhistorii.pl\/wp-content\/uploads\/2019\/12\/obiekt06.jpg 225w, http:\/\/www.przyladekhistorii.pl\/wp-content\/uploads\/2019\/12\/obiekt06-203x270.jpg 203w\" sizes=\"(max-width: 225px) 100vw, 225px\" \/><\/td>\n<\/tr>\n<tr>\n<td style=\"text-align: center;\"><span style=\"font-family: georgia,palatino,serif;\">08<\/span><\/td>\n<td style=\"text-align: center;\"><span style=\"font-family: georgia,palatino,serif;\">\u015aw. Jan Nepomucen<\/span><\/td>\n<td style=\"text-align: center;\"><span style=\"font-family: georgia,palatino,serif;\"><a href=\"https:\/\/www.wspolrzedne.pl\/?szer=50.371080630625364&amp;dlug=16.78236722946167&amp;zoom=16\">GPS<\/a><\/span><\/td>\n<td style=\"text-align: center;\"><img loading=\"lazy\" class=\"alignnone size-medium wp-image-1718\" src=\"http:\/\/www.przyladekhistorii.pl\/wp-content\/uploads\/2019\/12\/obiekt04-225x300.jpg\" alt=\"\" width=\"225\" height=\"300\" srcset=\"http:\/\/www.przyladekhistorii.pl\/wp-content\/uploads\/2019\/12\/obiekt04.jpg 225w, http:\/\/www.przyladekhistorii.pl\/wp-content\/uploads\/2019\/12\/obiekt04-203x270.jpg 203w\" sizes=\"(max-width: 225px) 100vw, 225px\" \/><\/td>\n<\/tr>\n<\/tbody>\n<\/table>\n<p style=\"text-align: center;\">\u21d0 <a href=\"http:\/\/www.przyladekhistorii.pl\/index.php\/zabytki-sakralne\/\">Powr\u00f3t do spisu miejscowo\u015bci<\/a><\/p>\n","protected":false},"excerpt":{"rendered":"<p>Lp. Nazwa GPS Foto 01 Drewniany krzy\u017c GPS 02 Grupa figuralna GPS 03 Kamienny krzy\u017c GPS 04 Kamienny krzy\u017c GPS 05 Kapliczka domkowa GPS 06 Kapliczka s\u0142upkowa GPS 07 Kapliczka s\u0142upkowa GPS 08 \u015aw. Jan Nepomucen GPS \u21d0 Powr\u00f3t do spisu miejscowo\u015bci<\/p>\n","protected":false},"author":1,"featured_media":1922,"parent":1924,"menu_order":0,"comment_status":"closed","ping_status":"closed","template":"","meta":[],"_links":{"self":[{"href":"http:\/\/www.przyladekhistorii.pl\/index.php\/wp-json\/wp\/v2\/pages\/1946"}],"collection":[{"href":"http:\/\/www.przyladekhistorii.pl\/index.php\/wp-json\/wp\/v2\/pages"}],"about":[{"href":"http:\/\/www.przyladekhistorii.pl\/index.php\/wp-json\/wp\/v2\/types\/page"}],"author":[{"embeddable":true,"href":"http:\/\/www.przyladekhistorii.pl\/index.php\/wp-json\/wp\/v2\/users\/1"}],"replies":[{"embeddable":true,"href":"http:\/\/www.przyladekhistorii.pl\/index.php\/wp-json\/wp\/v2\/comments?post=1946"}],"version-history":[{"count":5,"href":"http:\/\/www.przyladekhistorii.pl\/index.php\/wp-json\/wp\/v2\/pages\/1946\/revisions"}],"predecessor-version":[{"id":2192,"href":"http:\/\/www.przyladekhistorii.pl\/index.php\/wp-json\/wp\/v2\/pages\/1946\/revisions\/2192"}],"up":[{"embeddable":true,"href":"http:\/\/www.przyladekhistorii.pl\/index.php\/wp-json\/wp\/v2\/pages\/1924"}],"wp:featuredmedia":[{"embeddable":true,"href":"http:\/\/www.przyladekhistorii.pl\/index.php\/wp-json\/wp\/v2\/media\/1922"}],"wp:attachment":[{"href":"http:\/\/www.przyladekhistorii.pl\/index.php\/wp-json\/wp\/v2\/media?parent=1946"}],"curies":[{"name":"wp","href":"https:\/\/api.w.org\/{rel}","templated":true}]}}