{"id":1948,"date":"2020-04-18T16:53:03","date_gmt":"2020-04-18T14:53:03","guid":{"rendered":"http:\/\/www.przyladekhistorii.pl\/?page_id=1948"},"modified":"2021-08-22T12:50:16","modified_gmt":"2021-08-22T10:50:16","slug":"stojkow","status":"publish","type":"page","link":"http:\/\/www.przyladekhistorii.pl\/index.php\/zabytki-sakralne\/stojkow\/","title":{"rendered":"St\u00f3jk\u00f3w"},"content":{"rendered":"<table align=\"center\">\n<tbody>\n<tr>\n<td style=\"text-align: center;\"><span style=\"font-family: georgia,palatino,serif;\">Lp.<\/span><\/td>\n<td style=\"text-align: center;\"><span style=\"font-family: georgia,palatino,serif;\">Nazwa<\/span><\/td>\n<td style=\"text-align: center;\"><span style=\"font-family: georgia,palatino,serif;\">GPS<\/span><\/td>\n<td style=\"text-align: center;\"><span style=\"font-family: georgia,palatino,serif;\">Foto<\/span><\/td>\n<\/tr>\n<tr>\n<td style=\"text-align: center;\"><span style=\"font-family: georgia,palatino,serif;\">01<\/span><\/td>\n<td style=\"text-align: center;\"><span style=\"font-family: georgia,palatino,serif;\">Drewniany krzy\u017c<\/span><\/td>\n<td style=\"text-align: center;\"><span style=\"font-family: georgia,palatino,serif;\"><a href=\"https:\/\/www.wspolrzedne.pl\/?szer=50.325740105193105&amp;dlug=16.86856336691999&amp;zoom=16\">GPS<\/a><\/span><\/td>\n<td style=\"text-align: center;\"><img loading=\"lazy\" class=\"alignnone size-medium wp-image-1698\" src=\"http:\/\/www.przyladekhistorii.pl\/wp-content\/uploads\/2019\/12\/krzyz02-221x300.jpg\" alt=\"\" width=\"221\" height=\"300\" srcset=\"http:\/\/www.przyladekhistorii.pl\/wp-content\/uploads\/2019\/12\/krzyz02-221x300.jpg 221w, http:\/\/www.przyladekhistorii.pl\/wp-content\/uploads\/2019\/12\/krzyz02-199x270.jpg 199w, http:\/\/www.przyladekhistorii.pl\/wp-content\/uploads\/2019\/12\/krzyz02.jpg 225w\" sizes=\"(max-width: 221px) 100vw, 221px\" \/><\/td>\n<\/tr>\n<tr>\n<td style=\"text-align: center;\"><span style=\"font-family: georgia,palatino,serif;\">02<\/span><\/td>\n<td style=\"text-align: center;\"><span style=\"font-family: georgia,palatino,serif;\">Drewniany krzy\u017c<\/span><\/td>\n<td style=\"text-align: center;\"><span style=\"font-family: georgia,palatino,serif;\"><a href=\"https:\/\/www.wspolrzedne.pl\/?szer=50.329157316441&amp;dlug=16.880480324804&amp;zoom=16\">GPS<\/a><\/span><\/td>\n<td style=\"text-align: center;\"><img loading=\"lazy\" class=\"size-medium wp-image-673 aligncenter\" src=\"http:\/\/www.przyladekhistorii.pl\/wp-content\/uploads\/2019\/11\/brak-foto.jpg\" alt=\"\" width=\"225\" height=\"300\" \/><\/td>\n<\/tr>\n<tr>\n<td style=\"text-align: center;\"><span style=\"font-family: georgia,palatino,serif;\">03<\/span><\/td>\n<td style=\"text-align: center;\"><span style=\"font-family: georgia,palatino,serif;\">Drewniany krzy\u017c<\/span><\/td>\n<td style=\"text-align: center;\"><span style=\"font-family: georgia,palatino,serif;\"><a href=\"https:\/\/www.wspolrzedne.pl\/?szer=50.322848099605&amp;dlug=16.862013328403&amp;zoom=16\">GPS<\/a><\/span><\/td>\n<td style=\"text-align: center;\"><img loading=\"lazy\" class=\"size-medium wp-image-673 aligncenter\" src=\"http:\/\/www.przyladekhistorii.pl\/wp-content\/uploads\/2019\/11\/brak-foto.jpg\" alt=\"\" width=\"225\" height=\"300\" \/><\/td>\n<\/tr>\n<tr>\n<td style=\"text-align: center;\"><span style=\"font-family: georgia,palatino,serif;\">04<\/span><\/td>\n<td style=\"text-align: center;\"><span style=\"font-family: georgia,palatino,serif;\">Kapliczka domkowa<\/span><\/td>\n<td style=\"text-align: center;\"><span style=\"font-family: georgia,palatino,serif;\"><a href=\"https:\/\/www.wspolrzedne.pl\/?szer=50.32113309014&amp;dlug=16.887547462715&amp;zoom=16\">GPS<\/a><\/span><\/td>\n<td style=\"text-align: center;\"><img loading=\"lazy\" class=\"alignnone size-medium wp-image-1541\" src=\"http:\/\/www.przyladekhistorii.pl\/wp-content\/uploads\/2019\/11\/rzezba18-231x300.jpg\" alt=\"\" width=\"231\" height=\"300\" srcset=\"http:\/\/www.przyladekhistorii.pl\/wp-content\/uploads\/2019\/11\/rzezba18-231x300.jpg 231w, http:\/\/www.przyladekhistorii.pl\/wp-content\/uploads\/2019\/11\/rzezba18-208x270.jpg 208w, http:\/\/www.przyladekhistorii.pl\/wp-content\/uploads\/2019\/11\/rzezba18.jpg 600w\" sizes=\"(max-width: 231px) 100vw, 231px\" \/><\/td>\n<\/tr>\n<tr>\n<td style=\"text-align: center;\"><span style=\"font-family: georgia,palatino,serif;\">05<\/span><\/td>\n<td style=\"text-align: center;\"><span style=\"font-family: georgia,palatino,serif;\"> <a href=\"http:\/\/www.przyladekhistorii.pl\/index.php\/figury\/krzyz-pokutny\/\"> Krzy\u017c pokutny<\/a> <\/span><\/td>\n<td style=\"text-align: center;\"><span style=\"font-family: georgia,palatino,serif;\"><a href=\"https:\/\/www.wspolrzedne.pl\/?szer=50.31718106084225&amp;dlug=16.869809144053363&amp;zoom=16\">GPS<\/a><\/span><\/td>\n<td style=\"text-align: center;\"><img loading=\"lazy\" class=\"alignnone size-medium wp-image-710 aligncenter\" src=\"http:\/\/www.przyladekhistorii.pl\/wp-content\/uploads\/2019\/02\/rzezba14-225x300.jpg\" alt=\"\" width=\"225\" height=\"300\" srcset=\"http:\/\/www.przyladekhistorii.pl\/wp-content\/uploads\/2019\/02\/rzezba14-225x300.jpg 225w, http:\/\/www.przyladekhistorii.pl\/wp-content\/uploads\/2019\/02\/rzezba14-203x270.jpg 203w, http:\/\/www.przyladekhistorii.pl\/wp-content\/uploads\/2019\/02\/rzezba14.jpg 600w\" sizes=\"(max-width: 225px) 100vw, 225px\" \/><\/td>\n<\/tr>\n<\/tbody>\n<\/table>\n<p style=\"text-align: center;\">\u21d0 <a href=\"http:\/\/www.przyladekhistorii.pl\/index.php\/zabytki-sakralne\/\">Powr\u00f3t do spisu miejscowo\u015bci<\/a><\/p>\n","protected":false},"excerpt":{"rendered":"<p>Lp. Nazwa GPS Foto 01 Drewniany krzy\u017c GPS 02 Drewniany krzy\u017c GPS 03 Drewniany krzy\u017c GPS 04 Kapliczka domkowa GPS 05 Krzy\u017c pokutny GPS \u21d0 Powr\u00f3t do spisu miejscowo\u015bci<\/p>\n","protected":false},"author":1,"featured_media":1918,"parent":1924,"menu_order":0,"comment_status":"closed","ping_status":"closed","template":"","meta":[],"_links":{"self":[{"href":"http:\/\/www.przyladekhistorii.pl\/index.php\/wp-json\/wp\/v2\/pages\/1948"}],"collection":[{"href":"http:\/\/www.przyladekhistorii.pl\/index.php\/wp-json\/wp\/v2\/pages"}],"about":[{"href":"http:\/\/www.przyladekhistorii.pl\/index.php\/wp-json\/wp\/v2\/types\/page"}],"author":[{"embeddable":true,"href":"http:\/\/www.przyladekhistorii.pl\/index.php\/wp-json\/wp\/v2\/users\/1"}],"replies":[{"embeddable":true,"href":"http:\/\/www.przyladekhistorii.pl\/index.php\/wp-json\/wp\/v2\/comments?post=1948"}],"version-history":[{"count":5,"href":"http:\/\/www.przyladekhistorii.pl\/index.php\/wp-json\/wp\/v2\/pages\/1948\/revisions"}],"predecessor-version":[{"id":2925,"href":"http:\/\/www.przyladekhistorii.pl\/index.php\/wp-json\/wp\/v2\/pages\/1948\/revisions\/2925"}],"up":[{"embeddable":true,"href":"http:\/\/www.przyladekhistorii.pl\/index.php\/wp-json\/wp\/v2\/pages\/1924"}],"wp:featuredmedia":[{"embeddable":true,"href":"http:\/\/www.przyladekhistorii.pl\/index.php\/wp-json\/wp\/v2\/media\/1918"}],"wp:attachment":[{"href":"http:\/\/www.przyladekhistorii.pl\/index.php\/wp-json\/wp\/v2\/media?parent=1948"}],"curies":[{"name":"wp","href":"https:\/\/api.w.org\/{rel}","templated":true}]}}