{"id":1956,"date":"2020-04-18T16:54:53","date_gmt":"2020-04-18T14:54:53","guid":{"rendered":"http:\/\/www.przyladekhistorii.pl\/?page_id=1956"},"modified":"2021-08-22T12:48:42","modified_gmt":"2021-08-22T10:48:42","slug":"radochow","status":"publish","type":"page","link":"http:\/\/www.przyladekhistorii.pl\/index.php\/zabytki-sakralne\/radochow\/","title":{"rendered":"Radoch\u00f3w"},"content":{"rendered":"<table align=\"center\">\n<tbody>\n<tr>\n<td style=\"text-align: center;\"><span style=\"font-family: georgia,palatino,serif;\">Lp.<\/span><\/td>\n<td style=\"text-align: center;\"><span style=\"font-family: georgia,palatino,serif;\">Nazwa<\/span><\/td>\n<td style=\"text-align: center;\"><span style=\"font-family: georgia,palatino,serif;\">GPS<\/span><\/td>\n<td style=\"text-align: center;\"><span style=\"font-family: georgia,palatino,serif;\">Foto<\/span><\/td>\n<\/tr>\n<tr>\n<td style=\"text-align: center;\"><span style=\"font-family: georgia,palatino,serif;\">01<\/span><\/td>\n<td style=\"text-align: center;\"><span style=\"font-family: georgia,palatino,serif;\">Drewniany krzy\u017c<\/span><\/td>\n<td style=\"text-align: center;\"><span style=\"font-family: georgia,palatino,serif;\"><a href=\"https:\/\/www.wspolrzedne.pl\/?szer=50.349547872104&amp;dlug=16.820408630438&amp;zoom=16\">GPS<\/a><\/span><\/td>\n<td style=\"text-align: center;\"><img loading=\"lazy\" class=\"size-medium wp-image-673 aligncenter\" src=\"http:\/\/www.przyladekhistorii.pl\/wp-content\/uploads\/2019\/11\/brak-foto.jpg\" alt=\"\" width=\"225\" height=\"300\" \/><\/td>\n<\/tr>\n<tr>\n<td style=\"text-align: center;\"><span style=\"font-family: georgia,palatino,serif;\">02<\/span><\/td>\n<td style=\"text-align: center;\"><span style=\"font-family: georgia,palatino,serif;\">Kalwaria na Cierniaku<\/span><\/td>\n<td style=\"text-align: center;\"><span style=\"font-family: georgia,palatino,serif;\"><a href=\"https:\/\/www.wspolrzedne.pl\/?szer=50.35614701199306&amp;dlug=16.82621651408726&amp;zoom=16\">GPS<\/a><\/span><\/td>\n<td style=\"text-align: center;\"><img loading=\"lazy\" class=\"alignnone size-medium wp-image-2241\" src=\"http:\/\/www.przyladekhistorii.pl\/wp-content\/uploads\/2020\/06\/obiekt32-225x300.jpg\" alt=\"\" width=\"225\" height=\"300\" srcset=\"http:\/\/www.przyladekhistorii.pl\/wp-content\/uploads\/2020\/06\/obiekt32.jpg 225w, http:\/\/www.przyladekhistorii.pl\/wp-content\/uploads\/2020\/06\/obiekt32-203x270.jpg 203w\" sizes=\"(max-width: 225px) 100vw, 225px\" \/><\/td>\n<\/tr>\n<tr>\n<td style=\"text-align: center;\"><span style=\"font-family: georgia,palatino,serif;\">03<\/span><\/td>\n<td style=\"text-align: center;\"><span style=\"font-family: georgia,palatino,serif;\">Kamienny krzy\u017c<\/span><\/td>\n<td style=\"text-align: center;\"><span style=\"font-family: georgia,palatino,serif;\"><a href=\"https:\/\/www.wspolrzedne.pl\/?szer=50.349283332318&amp;dlug=16.832336718309&amp;zoom=16\">GPS<\/a><\/span><\/td>\n<td style=\"text-align: center;\"><img loading=\"lazy\" class=\"size-medium wp-image-705 aligncenter\" src=\"http:\/\/www.przyladekhistorii.pl\/wp-content\/uploads\/2019\/02\/rzezba09-225x300.jpg\" alt=\"\" width=\"225\" height=\"300\" srcset=\"http:\/\/www.przyladekhistorii.pl\/wp-content\/uploads\/2019\/02\/rzezba09-225x300.jpg 225w, http:\/\/www.przyladekhistorii.pl\/wp-content\/uploads\/2019\/02\/rzezba09-203x270.jpg 203w, http:\/\/www.przyladekhistorii.pl\/wp-content\/uploads\/2019\/02\/rzezba09.jpg 600w\" sizes=\"(max-width: 225px) 100vw, 225px\" \/><\/td>\n<\/tr>\n<tr>\n<td style=\"text-align: center;\"><span style=\"font-family: georgia,palatino,serif;\">04<\/span><\/td>\n<td style=\"text-align: center;\"><span style=\"font-family: georgia,palatino,serif;\">Kamienny krzy\u017c<\/span><\/td>\n<td style=\"text-align: center;\"><span style=\"font-family: georgia,palatino,serif;\"><a href=\"https:\/\/www.wspolrzedne.pl\/?szer=50.35669465648&amp;dlug=16.826631355353&amp;zoom=16\">GPS<\/a><\/span><\/td>\n<td style=\"text-align: center;\"><img loading=\"lazy\" class=\"size-medium wp-image-673 aligncenter\" src=\"http:\/\/www.przyladekhistorii.pl\/wp-content\/uploads\/2019\/02\/2015-07-26-13.09.05-e1549024613364-225x300.jpg\" alt=\"\" width=\"225\" height=\"300\" srcset=\"http:\/\/www.przyladekhistorii.pl\/wp-content\/uploads\/2019\/02\/2015-07-26-13.09.05-e1549024613364-225x300.jpg 225w, http:\/\/www.przyladekhistorii.pl\/wp-content\/uploads\/2019\/02\/2015-07-26-13.09.05-e1549024613364-768x1024.jpg 768w, http:\/\/www.przyladekhistorii.pl\/wp-content\/uploads\/2019\/02\/2015-07-26-13.09.05-e1549024613364-203x270.jpg 203w, http:\/\/www.przyladekhistorii.pl\/wp-content\/uploads\/2019\/02\/2015-07-26-13.09.05-e1549024613364.jpg 1536w\" sizes=\"(max-width: 225px) 100vw, 225px\" \/><\/td>\n<\/tr>\n<tr>\n<td style=\"text-align: center;\"><span style=\"font-family: georgia,palatino,serif;\">05<\/span><\/td>\n<td style=\"text-align: center;\"><span style=\"font-family: georgia,palatino,serif;\">Kamienny krzy\u017c<\/span><\/td>\n<td style=\"text-align: center;\"><span style=\"font-family: georgia,palatino,serif;\"><a href=\"https:\/\/www.wspolrzedne.pl\/?szer=50.35613044683551&amp;dlug=16.82637554531836&amp;zoom=16\">GPS<\/a><\/span><\/td>\n<td style=\"text-align: center;\"><img loading=\"lazy\" class=\"alignnone size-medium wp-image-2247\" src=\"http:\/\/www.przyladekhistorii.pl\/wp-content\/uploads\/2020\/06\/obiekt38-225x300.jpg\" alt=\"\" width=\"225\" height=\"300\" srcset=\"http:\/\/www.przyladekhistorii.pl\/wp-content\/uploads\/2020\/06\/obiekt38.jpg 225w, http:\/\/www.przyladekhistorii.pl\/wp-content\/uploads\/2020\/06\/obiekt38-203x270.jpg 203w\" sizes=\"(max-width: 225px) 100vw, 225px\" \/><\/td>\n<\/tr>\n<tr>\n<td style=\"text-align: center;\"><span style=\"font-family: georgia,palatino,serif;\">06<\/span><\/td>\n<td style=\"text-align: center;\"><span style=\"font-family: georgia,palatino,serif;\">Kamienny krzy\u017c<\/span><\/td>\n<td style=\"text-align: center;\"><span style=\"font-family: georgia,palatino,serif;\"><a href=\"https:\/\/www.wspolrzedne.pl\/?szer=50.354776128597&amp;dlug=16.843058573298&amp;zoom=16\">GPS<\/a><\/span><\/td>\n<td style=\"text-align: center;\"><img loading=\"lazy\" class=\"size-medium wp-image-698 aligncenter\" src=\"http:\/\/www.przyladekhistorii.pl\/wp-content\/uploads\/2019\/02\/rzezba02-225x300.jpg\" alt=\"\" width=\"225\" height=\"300\" srcset=\"http:\/\/www.przyladekhistorii.pl\/wp-content\/uploads\/2019\/02\/rzezba02-225x300.jpg 225w, http:\/\/www.przyladekhistorii.pl\/wp-content\/uploads\/2019\/02\/rzezba02-203x270.jpg 203w, http:\/\/www.przyladekhistorii.pl\/wp-content\/uploads\/2019\/02\/rzezba02.jpg 600w\" sizes=\"(max-width: 225px) 100vw, 225px\" \/><\/td>\n<\/tr>\n<tr>\n<td style=\"text-align: center;\"><span style=\"font-family: georgia,palatino,serif;\">07<\/span><\/td>\n<td style=\"text-align: center;\"><span style=\"font-family: georgia,palatino,serif;\">Kamienny krzy\u017c<\/span><\/td>\n<td style=\"text-align: center;\"><span style=\"font-family: georgia,palatino,serif;\"><a href=\"https:\/\/www.wspolrzedne.pl\/?szer=50.35663701914&amp;dlug=16.844790830899&amp;zoom=16\">GPS<\/a><\/span><\/td>\n<td style=\"text-align: center;\"><img loading=\"lazy\" class=\"size-medium wp-image-709 aligncenter\" src=\"http:\/\/www.przyladekhistorii.pl\/wp-content\/uploads\/2019\/02\/rzezba13-225x300.jpg\" alt=\"\" width=\"225\" height=\"300\" srcset=\"http:\/\/www.przyladekhistorii.pl\/wp-content\/uploads\/2019\/02\/rzezba13-225x300.jpg 225w, http:\/\/www.przyladekhistorii.pl\/wp-content\/uploads\/2019\/02\/rzezba13-203x270.jpg 203w, http:\/\/www.przyladekhistorii.pl\/wp-content\/uploads\/2019\/02\/rzezba13.jpg 600w\" sizes=\"(max-width: 225px) 100vw, 225px\" \/><\/td>\n<\/tr>\n<tr>\n<td style=\"text-align: center;\"><span style=\"font-family: georgia,palatino,serif;\">08<\/span><\/td>\n<td style=\"text-align: center;\"><span style=\"font-family: georgia,palatino,serif;\">Kamienny krzy\u017c<\/span><\/td>\n<td style=\"text-align: center;\"><span style=\"font-family: georgia,palatino,serif;\"><a href=\"https:\/\/www.wspolrzedne.pl\/?szer=50.339122833368464&amp;dlug=16.8131977896654&amp;zoom=16\">GPS<\/a><\/span><\/td>\n<td style=\"text-align: center;\"><img loading=\"lazy\" class=\"alignnone size-medium wp-image-2343\" src=\"http:\/\/www.przyladekhistorii.pl\/wp-content\/uploads\/2020\/07\/obiekt66-225x300.jpg\" alt=\"\" width=\"225\" height=\"300\" srcset=\"http:\/\/www.przyladekhistorii.pl\/wp-content\/uploads\/2020\/07\/obiekt66.jpg 225w, http:\/\/www.przyladekhistorii.pl\/wp-content\/uploads\/2020\/07\/obiekt66-203x270.jpg 203w\" sizes=\"(max-width: 225px) 100vw, 225px\" \/><\/td>\n<\/tr>\n<tr>\n<td style=\"text-align: center;\"><span style=\"font-family: georgia,palatino,serif;\">09<\/span><\/td>\n<td style=\"text-align: center;\"><span style=\"font-family: georgia,palatino,serif;\">Kapliczka domkowa<\/span><\/td>\n<td style=\"text-align: center;\"><span style=\"font-family: georgia,palatino,serif;\"><a href=\"https:\/\/www.wspolrzedne.pl\/?szer=50.340602751476&amp;dlug=16.832791121967&amp;zoom=16\">GPS<\/a><\/span><\/td>\n<td style=\"text-align: center;\"><img loading=\"lazy\" class=\"size-medium wp-image-711 aligncenter\" src=\"http:\/\/www.przyladekhistorii.pl\/wp-content\/uploads\/2019\/02\/rzezba15-228x300.jpg\" alt=\"\" width=\"228\" height=\"300\" srcset=\"http:\/\/www.przyladekhistorii.pl\/wp-content\/uploads\/2019\/02\/rzezba15-228x300.jpg 228w, http:\/\/www.przyladekhistorii.pl\/wp-content\/uploads\/2019\/02\/rzezba15-205x270.jpg 205w, http:\/\/www.przyladekhistorii.pl\/wp-content\/uploads\/2019\/02\/rzezba15.jpg 600w\" sizes=\"(max-width: 228px) 100vw, 228px\" \/><\/td>\n<\/tr>\n<tr>\n<td style=\"text-align: center;\"><span style=\"font-family: georgia,palatino,serif;\">10<\/span><\/td>\n<td style=\"text-align: center;\"><span style=\"font-family: georgia,palatino,serif;\">Kapliczka s\u0142upkowa<\/span><\/td>\n<td style=\"text-align: center;\"><span style=\"font-family: georgia,palatino,serif;\"><a href=\"https:\/\/www.wspolrzedne.pl\/?szer=50.353162472221&amp;dlug=16.827318000861&amp;zoom=16\">GPS<\/a><\/span><\/td>\n<td style=\"text-align: center;\"><img loading=\"lazy\" class=\"alignnone size-medium wp-image-2239\" src=\"http:\/\/www.przyladekhistorii.pl\/wp-content\/uploads\/2020\/06\/obiekt30-225x300.jpg\" alt=\"\" width=\"225\" height=\"300\" srcset=\"http:\/\/www.przyladekhistorii.pl\/wp-content\/uploads\/2020\/06\/obiekt30.jpg 225w, http:\/\/www.przyladekhistorii.pl\/wp-content\/uploads\/2020\/06\/obiekt30-203x270.jpg 203w\" sizes=\"(max-width: 225px) 100vw, 225px\" \/><\/td>\n<\/tr>\n<tr>\n<td style=\"text-align: center;\"><span style=\"font-family: georgia,palatino,serif;\">11<\/span><\/td>\n<td style=\"text-align: center;\"><span style=\"font-family: georgia,palatino,serif;\">Kapliczka s\u0142upkowa<\/span><\/td>\n<td style=\"text-align: center;\"><span style=\"font-family: georgia,palatino,serif;\"><a href=\"https:\/\/www.wspolrzedne.pl\/?szer=50.349335276679&amp;dlug=16.812138509553&amp;zoom=16\">GPS<\/a><\/span><\/td>\n<td style=\"text-align: center;\"><img loading=\"lazy\" class=\"alignnone size-medium wp-image-2242\" src=\"http:\/\/www.przyladekhistorii.pl\/wp-content\/uploads\/2020\/06\/obiekt33-225x300.jpg\" alt=\"\" width=\"225\" height=\"300\" srcset=\"http:\/\/www.przyladekhistorii.pl\/wp-content\/uploads\/2020\/06\/obiekt33.jpg 225w, http:\/\/www.przyladekhistorii.pl\/wp-content\/uploads\/2020\/06\/obiekt33-203x270.jpg 203w\" sizes=\"(max-width: 225px) 100vw, 225px\" \/><\/td>\n<\/tr>\n<tr>\n<td style=\"text-align: center;\"><span style=\"font-family: georgia,palatino,serif;\">12<\/span><\/td>\n<td style=\"text-align: center;\"><span style=\"font-family: georgia,palatino,serif;\">Kapliczka s\u0142upkowa<\/span><\/td>\n<td style=\"text-align: center;\"><span style=\"font-family: georgia,palatino,serif;\"><a href=\"https:\/\/www.wspolrzedne.pl\/?szer=50.352049642056&amp;dlug=16.835719941834&amp;zoom=16\">GPS<\/a><\/span><\/td>\n<td style=\"text-align: center;\"><img loading=\"lazy\" class=\"size-medium wp-image-673 aligncenter\" src=\"http:\/\/www.przyladekhistorii.pl\/wp-content\/uploads\/2020\/05\/obiekt26.jpg\" alt=\"\" width=\"225\" height=\"300\" \/><\/td>\n<\/tr>\n<tr>\n<td style=\"text-align: center;\"><span style=\"font-family: georgia,palatino,serif;\">13<\/span><\/td>\n<td style=\"text-align: center;\"><span style=\"font-family: georgia,palatino,serif;\">Kapliczka s\u0142upkowa<\/span><\/td>\n<td style=\"text-align: center;\"><span style=\"font-family: georgia,palatino,serif;\"><a href=\"https:\/\/www.wspolrzedne.pl\/?szer=50.350564538816286&amp;dlug=16.8323738106667&amp;zoom=16\">GPS<\/a><\/span><\/td>\n<td style=\"text-align: center;\"><img loading=\"lazy\" class=\"size-medium wp-image-673 aligncenter\" src=\"http:\/\/www.przyladekhistorii.pl\/wp-content\/uploads\/2020\/05\/obiekt27.jpg\" alt=\"\" width=\"225\" height=\"300\" \/><\/td>\n<\/tr>\n<tr>\n<td style=\"text-align: center;\"><span style=\"font-family: georgia,palatino,serif;\">14<\/span><\/td>\n<td style=\"text-align: center;\"><span style=\"font-family: georgia,palatino,serif;\">Kapliczka s\u0142upkowa<\/span><\/td>\n<td style=\"text-align: center;\"><span style=\"font-family: georgia,palatino,serif;\"><a href=\"https:\/\/www.wspolrzedne.pl\/?szer=50.34976049262262&amp;dlug=16.83138166870651&amp;zoom=16\">GPS<\/a><\/span><\/td>\n<td style=\"text-align: center;\"><img loading=\"lazy\" class=\"size-medium wp-image-673 aligncenter\" src=\"http:\/\/www.przyladekhistorii.pl\/wp-content\/uploads\/2020\/05\/obiekt28.jpg\" alt=\"\" width=\"225\" height=\"300\" \/><\/td>\n<\/tr>\n<tr>\n<td style=\"text-align: center;\"><span style=\"font-family: georgia,palatino,serif;\">15<\/span><\/td>\n<td style=\"text-align: center;\"><span style=\"font-family: georgia,palatino,serif;\">Kapliczka s\u0142upkowa<\/span><\/td>\n<td style=\"text-align: center;\"><span style=\"font-family: georgia,palatino,serif;\"><a href=\"https:\/\/www.wspolrzedne.pl\/?szer=50.34240496475708&amp;dlug=16.8171823110468&amp;zoom=16\">GPS<\/a><\/span><\/td>\n<td style=\"text-align: center;\"><img loading=\"lazy\" class=\"alignnone size-medium wp-image-2243\" src=\"http:\/\/www.przyladekhistorii.pl\/wp-content\/uploads\/2020\/06\/obiekt34-225x300.jpg\" alt=\"\" width=\"225\" height=\"300\" srcset=\"http:\/\/www.przyladekhistorii.pl\/wp-content\/uploads\/2020\/06\/obiekt34.jpg 225w, http:\/\/www.przyladekhistorii.pl\/wp-content\/uploads\/2020\/06\/obiekt34-203x270.jpg 203w\" sizes=\"(max-width: 225px) 100vw, 225px\" \/><\/td>\n<\/tr>\n<tr>\n<td style=\"text-align: center;\"><span style=\"font-family: georgia,palatino,serif;\">16<\/span><\/td>\n<td style=\"text-align: center;\">Obiekt nieistniej\u0105cy<\/td>\n<td style=\"text-align: center;\"><span style=\"font-family: georgia,palatino,serif;\"><a href=\"https:\/\/www.wspolrzedne.pl\/?szer=50.331666429279&amp;dlug=16.815142321582&amp;zoom=16\">GPS<\/a><\/span><\/td>\n<td style=\"text-align: center;\"><img loading=\"lazy\" class=\"alignnone wp-image-2941 size-medium\" src=\"http:\/\/www.przyladekhistorii.pl\/wp-content\/uploads\/2021\/08\/nieistniej\u0105cy-225x300.jpg\" alt=\"\" width=\"225\" height=\"300\" srcset=\"http:\/\/www.przyladekhistorii.pl\/wp-content\/uploads\/2021\/08\/nieistniej\u0105cy.jpg 225w, http:\/\/www.przyladekhistorii.pl\/wp-content\/uploads\/2021\/08\/nieistniej\u0105cy-203x270.jpg 203w\" sizes=\"(max-width: 225px) 100vw, 225px\" \/><\/td>\n<\/tr>\n<tr>\n<td style=\"text-align: center;\"><span style=\"font-family: georgia,palatino,serif;\">17<\/span><\/td>\n<td style=\"text-align: center;\"><span style=\"font-family: georgia,palatino,serif;\">Obiekt nieistniej\u0105cy<\/span><\/td>\n<td style=\"text-align: center;\"><span style=\"font-family: georgia,palatino,serif;\"><a href=\"https:\/\/www.wspolrzedne.pl\/?szer=50.358852306507&amp;dlug=16.841527856598&amp;zoom=16\">GPS<\/a><\/span><\/td>\n<td style=\"text-align: center;\"><img loading=\"lazy\" class=\"alignnone size-medium wp-image-1786\" src=\"http:\/\/www.przyladekhistorii.pl\/wp-content\/uploads\/2020\/01\/podstawa-223x300.jpg\" alt=\"\" width=\"223\" height=\"300\" srcset=\"http:\/\/www.przyladekhistorii.pl\/wp-content\/uploads\/2020\/01\/podstawa-223x300.jpg 223w, http:\/\/www.przyladekhistorii.pl\/wp-content\/uploads\/2020\/01\/podstawa-200x270.jpg 200w, http:\/\/www.przyladekhistorii.pl\/wp-content\/uploads\/2020\/01\/podstawa.jpg 225w\" sizes=\"(max-width: 223px) 100vw, 223px\" \/><\/td>\n<\/tr>\n<tr>\n<td style=\"text-align: center;\"><span style=\"font-family: georgia,palatino,serif;\">18<\/span><\/td>\n<td style=\"text-align: center;\"><span style=\"font-family: georgia,palatino,serif;\">Obiekt nieistniej\u0105cy<\/span><\/td>\n<td style=\"text-align: center;\"><span style=\"font-family: georgia,palatino,serif;\"><a href=\"https:\/\/www.wspolrzedne.pl\/?szer=50.355604928185&amp;dlug=16.848159124815&amp;zoom=16\">GPS<\/a><\/span><\/td>\n<td style=\"text-align: center;\"><img loading=\"lazy\" class=\"alignnone wp-image-2941 size-medium\" src=\"http:\/\/www.przyladekhistorii.pl\/wp-content\/uploads\/2021\/08\/nieistniej\u0105cy-225x300.jpg\" alt=\"\" width=\"225\" height=\"300\" srcset=\"http:\/\/www.przyladekhistorii.pl\/wp-content\/uploads\/2021\/08\/nieistniej\u0105cy.jpg 225w, http:\/\/www.przyladekhistorii.pl\/wp-content\/uploads\/2021\/08\/nieistniej\u0105cy-203x270.jpg 203w\" sizes=\"(max-width: 225px) 100vw, 225px\" \/><\/td>\n<\/tr>\n<tr>\n<td style=\"text-align: center;\"><span style=\"font-family: georgia,palatino,serif;\">19<\/span><\/td>\n<td style=\"text-align: center;\"><span style=\"font-family: georgia,palatino,serif;\">\u015aw. Antoni Padewski<\/span><\/td>\n<td style=\"text-align: center;\"><span style=\"font-family: georgia,palatino,serif;\"><a href=\"https:\/\/www.wspolrzedne.pl\/?szer=50.35624339159356&amp;dlug=16.82643735137687&amp;zoom=16\">GPS<\/a><\/span><\/td>\n<td style=\"text-align: center;\"><img loading=\"lazy\" class=\"alignnone size-medium wp-image-2245\" src=\"http:\/\/www.przyladekhistorii.pl\/wp-content\/uploads\/2020\/06\/obiekt36-225x300.jpg\" alt=\"\" width=\"225\" height=\"300\" srcset=\"http:\/\/www.przyladekhistorii.pl\/wp-content\/uploads\/2020\/06\/obiekt36.jpg 225w, http:\/\/www.przyladekhistorii.pl\/wp-content\/uploads\/2020\/06\/obiekt36-203x270.jpg 203w\" sizes=\"(max-width: 225px) 100vw, 225px\" \/><\/td>\n<\/tr>\n<tr>\n<td style=\"text-align: center;\"><span style=\"font-family: georgia,palatino,serif;\">20<\/span><\/td>\n<td style=\"text-align: center;\"><span style=\"font-family: georgia,palatino,serif;\"> <a href=\"http:\/\/www.przyladekhistorii.pl\/index.php\/figury\/sw-jan-nepomucen-w-radochowie-2\/\">\u015aw. Jan Nepomucen<\/a> <\/span><\/td>\n<td style=\"text-align: center;\"><span style=\"font-family: georgia,palatino,serif;\"><a href=\"https:\/\/www.wspolrzedne.pl\/?szer=50.348951667813&amp;dlug=16.827118989038&amp;zoom=16\">GPS<\/a><\/span><\/td>\n<td style=\"text-align: center;\"><img loading=\"lazy\" class=\"alignnone size-medium wp-image-268\" src=\"http:\/\/www.przyladekhistorii.pl\/wp-content\/uploads\/2018\/11\/figura2-1-225x300.jpg\" alt=\"\" width=\"225\" height=\"300\" srcset=\"http:\/\/www.przyladekhistorii.pl\/wp-content\/uploads\/2018\/11\/figura2-1-225x300.jpg 225w, http:\/\/www.przyladekhistorii.pl\/wp-content\/uploads\/2018\/11\/figura2-1.jpg 600w\" sizes=\"(max-width: 225px) 100vw, 225px\" \/><\/td>\n<\/tr>\n<tr>\n<td style=\"text-align: center;\"><span style=\"font-family: georgia,palatino,serif;\">21<\/span><\/td>\n<td style=\"text-align: center;\"><span style=\"font-family: georgia,palatino,serif;\">\u015aw. Jan Nepomucen<\/span><\/td>\n<td style=\"text-align: center;\"><span style=\"font-family: georgia,palatino,serif;\"><a href=\"https:\/\/www.wspolrzedne.pl\/?szer=50.353843060325&amp;dlug=16.836158456643&amp;zoom=16\">GPS<\/a><\/span><\/td>\n<td style=\"text-align: center;\"><img loading=\"lazy\" class=\"size-medium wp-image-673 aligncenter\" src=\"http:\/\/www.przyladekhistorii.pl\/wp-content\/uploads\/2019\/11\/brak-foto.jpg\" alt=\"\" width=\"225\" height=\"300\" \/><\/td>\n<\/tr>\n<tr>\n<td style=\"text-align: center;\"><span style=\"font-family: georgia,palatino,serif;\">22<\/span><\/td>\n<td style=\"text-align: center;\"><span style=\"font-family: georgia,palatino,serif;\">\u015aw. Roch<\/span><\/td>\n<td style=\"text-align: center;\"><span style=\"font-family: georgia,palatino,serif;\"><a href=\"https:\/\/www.wspolrzedne.pl\/?szer=50.356236546464764&amp;dlug=16.826405049617524&amp;zoom=16\">GPS<\/a><\/span><\/td>\n<td style=\"text-align: center;\"><img loading=\"lazy\" class=\"alignnone size-medium wp-image-2246\" src=\"http:\/\/www.przyladekhistorii.pl\/wp-content\/uploads\/2020\/06\/obiekt37-225x300.jpg\" alt=\"\" width=\"225\" height=\"300\" srcset=\"http:\/\/www.przyladekhistorii.pl\/wp-content\/uploads\/2020\/06\/obiekt37.jpg 225w, http:\/\/www.przyladekhistorii.pl\/wp-content\/uploads\/2020\/06\/obiekt37-203x270.jpg 203w\" sizes=\"(max-width: 225px) 100vw, 225px\" \/><\/td>\n<\/tr>\n<tr>\n<td style=\"text-align: center;\"><span style=\"font-family: georgia,palatino,serif;\">23<\/span><\/td>\n<td style=\"text-align: center;\"><span style=\"font-family: georgia,palatino,serif;\">\u017beliwny krzy\u017c<\/span><\/td>\n<td style=\"text-align: center;\"><span style=\"font-family: georgia,palatino,serif;\"><a href=\"https:\/\/www.wspolrzedne.pl\/?szer=50.332742347456&amp;dlug=16.825423644436&amp;zoom=16\">GPS<\/a><\/span><\/td>\n<td style=\"text-align: center;\"><img loading=\"lazy\" class=\"alignnone size-medium wp-image-1545\" src=\"http:\/\/www.przyladekhistorii.pl\/wp-content\/uploads\/2019\/11\/rzezba24-225x300.jpg\" alt=\"\" width=\"225\" height=\"300\" srcset=\"http:\/\/www.przyladekhistorii.pl\/wp-content\/uploads\/2019\/11\/rzezba24-225x300.jpg 225w, http:\/\/www.przyladekhistorii.pl\/wp-content\/uploads\/2019\/11\/rzezba24-203x270.jpg 203w, http:\/\/www.przyladekhistorii.pl\/wp-content\/uploads\/2019\/11\/rzezba24.jpg 600w\" sizes=\"(max-width: 225px) 100vw, 225px\" \/><\/td>\n<\/tr>\n<\/tbody>\n<\/table>\n<p style=\"text-align: center;\">\u21d0 <a href=\"http:\/\/www.przyladekhistorii.pl\/index.php\/zabytki-sakralne\/\">Powr\u00f3t do spisu miejscowo\u015bci<\/a><\/p>\n","protected":false},"excerpt":{"rendered":"<p>Lp. Nazwa GPS Foto 01 Drewniany krzy\u017c GPS 02 Kalwaria na Cierniaku GPS 03 Kamienny krzy\u017c GPS 04 Kamienny krzy\u017c GPS 05 Kamienny krzy\u017c GPS 06 Kamienny krzy\u017c GPS 07 Kamienny krzy\u017c GPS 08 Kamienny krzy\u017c GPS 09 Kapliczka domkowa GPS 10 Kapliczka s\u0142upkowa GPS 11 Kapliczka s\u0142upkowa GPS 12 Kapliczka s\u0142upkowa GPS 13 Kapliczka s\u0142upkowa GPS 14 Kapliczka s\u0142upkowa GPS 15 Kapliczka s\u0142upkowa GPS 16 Obiekt nieistniej\u0105cy GPS 17 Obiekt nieistniej\u0105cy GPS 18 Obiekt nieistniej\u0105cy GPS 19 \u015aw. Antoni&#8230;<\/p>\n<p class=\"read-more\"><a class=\"btn btn-default\" href=\"http:\/\/www.przyladekhistorii.pl\/index.php\/zabytki-sakralne\/radochow\/\"> Read More<span class=\"screen-reader-text\">  Read More<\/span><\/a><\/p>\n","protected":false},"author":1,"featured_media":1913,"parent":1924,"menu_order":0,"comment_status":"closed","ping_status":"closed","template":"","meta":[],"_links":{"self":[{"href":"http:\/\/www.przyladekhistorii.pl\/index.php\/wp-json\/wp\/v2\/pages\/1956"}],"collection":[{"href":"http:\/\/www.przyladekhistorii.pl\/index.php\/wp-json\/wp\/v2\/pages"}],"about":[{"href":"http:\/\/www.przyladekhistorii.pl\/index.php\/wp-json\/wp\/v2\/types\/page"}],"author":[{"embeddable":true,"href":"http:\/\/www.przyladekhistorii.pl\/index.php\/wp-json\/wp\/v2\/users\/1"}],"replies":[{"embeddable":true,"href":"http:\/\/www.przyladekhistorii.pl\/index.php\/wp-json\/wp\/v2\/comments?post=1956"}],"version-history":[{"count":19,"href":"http:\/\/www.przyladekhistorii.pl\/index.php\/wp-json\/wp\/v2\/pages\/1956\/revisions"}],"predecessor-version":[{"id":2945,"href":"http:\/\/www.przyladekhistorii.pl\/index.php\/wp-json\/wp\/v2\/pages\/1956\/revisions\/2945"}],"up":[{"embeddable":true,"href":"http:\/\/www.przyladekhistorii.pl\/index.php\/wp-json\/wp\/v2\/pages\/1924"}],"wp:featuredmedia":[{"embeddable":true,"href":"http:\/\/www.przyladekhistorii.pl\/index.php\/wp-json\/wp\/v2\/media\/1913"}],"wp:attachment":[{"href":"http:\/\/www.przyladekhistorii.pl\/index.php\/wp-json\/wp\/v2\/media?parent=1956"}],"curies":[{"name":"wp","href":"https:\/\/api.w.org\/{rel}","templated":true}]}}