{"id":256,"date":"2018-11-09T15:37:09","date_gmt":"2018-11-09T14:37:09","guid":{"rendered":"http:\/\/www.podkamien.pl\/przyladek\/?page_id=256"},"modified":"2023-05-07T19:51:43","modified_gmt":"2023-05-07T17:51:43","slug":"sw-jan-nepomucen-w-radochowie","status":"publish","type":"page","link":"http:\/\/www.przyladekhistorii.pl\/index.php\/figury\/sw-jan-nepomucen-w-radochowie\/","title":{"rendered":"\u015aw. Jan Nepomucen"},"content":{"rendered":"<p style=\"text-align: justify;\"><span style=\"color: #000000;\">Przy ulicy Wiejskiej (zaraz za oczyszczalni\u0105 \u015bciek\u00f3w), na skraju lasu stoi figura \u015bw. Jana Nepomucena. To druga z l\u0105deckich figur, zdecydowanie mniej znana od tej z mostu. Figur\u0119 ufundowa\u0142 jeden z l\u0105deckich rze\u017anik\u00f3w jako wotum dzi\u0119kczynne. Rozjuszony buhaj, prowadzony przez niego do rze\u017ani, mia\u0142 \u015bci\u0105gn\u0105\u0107 go z wysokiej skarpy do p\u0142yn\u0105cej u jej st\u00f3p Bia\u0142ej L\u0105deckiej. Cudownie ocala\u0142y rze\u017anik zleci\u0142 wykonanie figury Henrykowi Klahrowi (wed\u0142ug ksi\u0105\u017cki W. Ci\u0119\u017ckowskiego Henryk by\u0142 synem Ignacego Klahra, a wnukiem Micha\u0142a).<\/span><\/p>\n<p style=\"text-align: justify;\"><span style=\"color: #000000;\"><img loading=\"lazy\" class=\"aligncenter wp-image-254 size-full\" src=\"http:\/\/www.przyladekhistorii.pl\/wp-content\/uploads\/2018\/11\/figura7.jpg\" alt=\"\" width=\"600\" height=\"800\" srcset=\"http:\/\/www.przyladekhistorii.pl\/wp-content\/uploads\/2018\/11\/figura7.jpg 600w, http:\/\/www.przyladekhistorii.pl\/wp-content\/uploads\/2018\/11\/figura7-225x300.jpg 225w\" sizes=\"(max-width: 600px) 100vw, 600px\" \/><br \/>\n\u015awi\u0119ty na cokole stoi w kontrapo\u015bcie i w przeciwie\u0144stwie do figury z mostu biretu nie ma umieszczonego na g\u0142owie, ale trzyma go w lewej r\u0119ce. Na cokole umieszczono god\u0142o cechu rze\u017anik\u00f3w, czyli g\u0142ow\u0119 wo\u0142u ze skrzy\u017cowanymi toporami oraz inicja\u0142ami (J.N.?). <\/span><\/p>\n<p><img loading=\"lazy\" class=\"aligncenter wp-image-248 size-full\" src=\"http:\/\/www.przyladekhistorii.pl\/wp-content\/uploads\/2018\/11\/figura1.jpg\" alt=\"\" width=\"600\" height=\"450\" srcset=\"http:\/\/www.przyladekhistorii.pl\/wp-content\/uploads\/2018\/11\/figura1.jpg 600w, http:\/\/www.przyladekhistorii.pl\/wp-content\/uploads\/2018\/11\/figura1-300x225.jpg 300w\" sizes=\"(max-width: 600px) 100vw, 600px\" \/><\/p>\n<p style=\"text-align: justify;\"><span style=\"color: #000000;\">Napis, kt\u00f3ry przy sprzyjaj\u0105cych warunkach jest widoczny brzmi:<\/span><\/p>\n<blockquote>\n<p style=\"text-align: justify;\"><span style=\"color: #000000;\">Johann<br \/>\nvon Nepomuk<br \/>\nbitte f\u00fcr<br \/>\nuns<\/span><\/p>\n<\/blockquote>\n<p style=\"text-align: justify;\"><span style=\"color: #000000;\">co po polski znaczy:<\/span><\/p>\n<blockquote>\n<p style=\"text-align: justify;\"><span style=\"color: #000000;\">Janie<br \/>\nNepomucenie<br \/>\nm\u00f3dl si\u0119 za<br \/>\nnas<\/span><\/p>\n<\/blockquote>\n<p><img loading=\"lazy\" class=\"aligncenter wp-image-249 size-full\" src=\"http:\/\/www.przyladekhistorii.pl\/wp-content\/uploads\/2018\/11\/figura2.jpg\" alt=\"\" width=\"600\" height=\"800\" srcset=\"http:\/\/www.przyladekhistorii.pl\/wp-content\/uploads\/2018\/11\/figura2.jpg 600w, http:\/\/www.przyladekhistorii.pl\/wp-content\/uploads\/2018\/11\/figura2-225x300.jpg 225w\" sizes=\"(max-width: 600px) 100vw, 600px\" \/><\/p>\n<p>Z ty\u0142u na cokole widoczne inicja\u0142y H.K Scu. 1809.<\/p>\n<p><span style=\"color: #000000;\"><strong>Miejscowo\u015b\u0107:<\/strong> L\u0105dek-Zdr\u00f3j<\/span><br \/>\n<span style=\"color: #000000;\"><strong>Fundator: <\/strong>Nieznany z nazwiska l\u0105decki rze\u017anik<\/span><br \/>\n<span style=\"color: #000000;\"><strong>Autor:<\/strong> Henryk Klahr<\/span><br \/>\n<span style=\"color: #000000;\"><strong>Data powstania:<\/strong> 1809 r.<\/span><\/p>\n<p><img loading=\"lazy\" class=\"aligncenter wp-image-253 size-full\" src=\"http:\/\/www.przyladekhistorii.pl\/wp-content\/uploads\/2018\/11\/figura6.jpg\" alt=\"\" width=\"600\" height=\"800\" srcset=\"http:\/\/www.przyladekhistorii.pl\/wp-content\/uploads\/2018\/11\/figura6.jpg 600w, http:\/\/www.przyladekhistorii.pl\/wp-content\/uploads\/2018\/11\/figura6-225x300.jpg 225w\" sizes=\"(max-width: 600px) 100vw, 600px\" \/><\/p>\n<p><img loading=\"lazy\" class=\"aligncenter wp-image-252 size-full\" src=\"http:\/\/www.przyladekhistorii.pl\/wp-content\/uploads\/2018\/11\/figura5.jpg\" alt=\"\" width=\"600\" height=\"450\" srcset=\"http:\/\/www.przyladekhistorii.pl\/wp-content\/uploads\/2018\/11\/figura5.jpg 600w, http:\/\/www.przyladekhistorii.pl\/wp-content\/uploads\/2018\/11\/figura5-300x225.jpg 300w\" sizes=\"(max-width: 600px) 100vw, 600px\" \/><\/p>\n<p><img loading=\"lazy\" class=\"aligncenter wp-image-255 size-full\" src=\"http:\/\/www.przyladekhistorii.pl\/wp-content\/uploads\/2018\/11\/figura8.jpg\" alt=\"\" width=\"600\" height=\"800\" srcset=\"http:\/\/www.przyladekhistorii.pl\/wp-content\/uploads\/2018\/11\/figura8.jpg 600w, http:\/\/www.przyladekhistorii.pl\/wp-content\/uploads\/2018\/11\/figura8-225x300.jpg 225w\" sizes=\"(max-width: 600px) 100vw, 600px\" \/><\/p>\n<p><img loading=\"lazy\" class=\"aligncenter wp-image-250 size-full\" src=\"http:\/\/www.przyladekhistorii.pl\/wp-content\/uploads\/2018\/11\/figura3.jpg\" alt=\"\" width=\"600\" height=\"450\" srcset=\"http:\/\/www.przyladekhistorii.pl\/wp-content\/uploads\/2018\/11\/figura3.jpg 600w, http:\/\/www.przyladekhistorii.pl\/wp-content\/uploads\/2018\/11\/figura3-300x225.jpg 300w\" sizes=\"(max-width: 600px) 100vw, 600px\" \/><\/p>\n","protected":false},"excerpt":{"rendered":"<p>Przy ulicy Wiejskiej (zaraz za oczyszczalni\u0105 \u015bciek\u00f3w), na skraju lasu stoi figura \u015bw. Jana Nepomucena. To druga z l\u0105deckich figur, zdecydowanie mniej znana od tej z mostu. Figur\u0119 ufundowa\u0142 jeden z l\u0105deckich rze\u017anik\u00f3w jako wotum dzi\u0119kczynne. Rozjuszony buhaj, prowadzony przez niego do rze\u017ani, mia\u0142 \u015bci\u0105gn\u0105\u0107 go z wysokiej skarpy do p\u0142yn\u0105cej u jej st\u00f3p Bia\u0142ej L\u0105deckiej. Cudownie ocala\u0142y rze\u017anik zleci\u0142 wykonanie figury Henrykowi Klahrowi (wed\u0142ug ksi\u0105\u017cki W. Ci\u0119\u017ckowskiego Henryk by\u0142 synem Ignacego Klahra, a wnukiem Micha\u0142a). \u015awi\u0119ty na cokole stoi&#8230;<\/p>\n<p class=\"read-more\"><a class=\"btn btn-default\" href=\"http:\/\/www.przyladekhistorii.pl\/index.php\/figury\/sw-jan-nepomucen-w-radochowie\/\"> Read More<span class=\"screen-reader-text\">  Read More<\/span><\/a><\/p>\n","protected":false},"author":1,"featured_media":254,"parent":24,"menu_order":0,"comment_status":"open","ping_status":"closed","template":"","meta":[],"_links":{"self":[{"href":"http:\/\/www.przyladekhistorii.pl\/index.php\/wp-json\/wp\/v2\/pages\/256"}],"collection":[{"href":"http:\/\/www.przyladekhistorii.pl\/index.php\/wp-json\/wp\/v2\/pages"}],"about":[{"href":"http:\/\/www.przyladekhistorii.pl\/index.php\/wp-json\/wp\/v2\/types\/page"}],"author":[{"embeddable":true,"href":"http:\/\/www.przyladekhistorii.pl\/index.php\/wp-json\/wp\/v2\/users\/1"}],"replies":[{"embeddable":true,"href":"http:\/\/www.przyladekhistorii.pl\/index.php\/wp-json\/wp\/v2\/comments?post=256"}],"version-history":[{"count":6,"href":"http:\/\/www.przyladekhistorii.pl\/index.php\/wp-json\/wp\/v2\/pages\/256\/revisions"}],"predecessor-version":[{"id":3496,"href":"http:\/\/www.przyladekhistorii.pl\/index.php\/wp-json\/wp\/v2\/pages\/256\/revisions\/3496"}],"up":[{"embeddable":true,"href":"http:\/\/www.przyladekhistorii.pl\/index.php\/wp-json\/wp\/v2\/pages\/24"}],"wp:featuredmedia":[{"embeddable":true,"href":"http:\/\/www.przyladekhistorii.pl\/index.php\/wp-json\/wp\/v2\/media\/254"}],"wp:attachment":[{"href":"http:\/\/www.przyladekhistorii.pl\/index.php\/wp-json\/wp\/v2\/media?parent=256"}],"curies":[{"name":"wp","href":"https:\/\/api.w.org\/{rel}","templated":true}]}}