{"id":265,"date":"2018-11-09T15:58:58","date_gmt":"2018-11-09T14:58:58","guid":{"rendered":"http:\/\/www.podkamien.pl\/przyladek\/?page_id=265"},"modified":"2023-05-07T19:55:06","modified_gmt":"2023-05-07T17:55:06","slug":"sw-jan-nepomucen-w-radochowie-2","status":"publish","type":"page","link":"http:\/\/www.przyladekhistorii.pl\/index.php\/figury\/sw-jan-nepomucen-w-radochowie-2\/","title":{"rendered":"\u015aw. Jan Nepomucen w Radochowie"},"content":{"rendered":"<p style=\"text-align: justify;\"><span style=\"color: #000000;\">Tym razem figura \u015bw. Jana Nepomucena stoj\u0105cego przy posesji nr 32 w Radochowie. \u015aw. Jan, podobnie jak ten przy wje\u017adzie do Radochowa, trzyma w lewej r\u0119ce zdj\u0119ty z g\u0142owy biret, w prawej natomiast ma wsparty na ramieniu krzy\u017c oraz palm\u0119 &#8211; symbol m\u0119cze\u0144stwa. Rze\u017aba ufundowana zosta\u0142a przez hrabiego von Neyhaus w 1734 r.<\/span><\/p>\n<p style=\"text-align: justify;\"><img loading=\"lazy\" class=\"aligncenter wp-image-275 size-full\" src=\"http:\/\/www.przyladekhistorii.pl\/wp-content\/uploads\/2018\/11\/figura9.jpg\" alt=\"\" width=\"600\" height=\"800\" srcset=\"http:\/\/www.przyladekhistorii.pl\/wp-content\/uploads\/2018\/11\/figura9.jpg 600w, http:\/\/www.przyladekhistorii.pl\/wp-content\/uploads\/2018\/11\/figura9-225x300.jpg 225w\" sizes=\"(max-width: 600px) 100vw, 600px\" \/><br \/>\n<span style=\"color: #000000;\">Rodzina Nayhauss (Nayhau\u00df, Neuhaus, Neuhau\u00df) wesz\u0142a w posiadanie wsi Radoch\u00f3w i Or\u0142owiec w okresie wojny 30-letniej (oko\u0142o 1623 roku). Tym, kt\u00f3ry uzyska\u0142 to cesarskie nadanie by\u0142 pu\u0142kownik Kaspar v. Nayhau\u00df, kt\u00f3ry razem z bra\u0107mi (Juliuszem Cesarem i Ferdynandem) otrzyma\u0142 23 sierpnia 1624 roku w Wiedniu jeden z najni\u017cszych i najstarszych niemieckich tytu\u0142\u00f3w arystokratycznych, czyli barona (Freiherr). Figur\u0119 ufundowa\u0142 zapewne jeden z potomk\u00f3w jego lub jego braci w podzi\u0119kowaniu za uzdrowienie.<\/span><\/p>\n<p style=\"text-align: justify;\"><img loading=\"lazy\" class=\"aligncenter wp-image-272 size-full\" src=\"http:\/\/www.przyladekhistorii.pl\/wp-content\/uploads\/2018\/11\/figura6-1.jpg\" alt=\"\" width=\"600\" height=\"800\" srcset=\"http:\/\/www.przyladekhistorii.pl\/wp-content\/uploads\/2018\/11\/figura6-1.jpg 600w, http:\/\/www.przyladekhistorii.pl\/wp-content\/uploads\/2018\/11\/figura6-1-225x300.jpg 225w\" sizes=\"(max-width: 600px) 100vw, 600px\" \/><br \/>\n<span style=\"color: #000000;\">Na gruszkowatym cokole widoczny jest napis w \u0142acinie &#8211; &#8220;eXstrVI CVraVIt CoMes De neYhaVs&#8221; (W podzi\u0119kowaniu za wyleczenie &#8211; hrabia de Neyhaus) &#8211; taki zapis to chronostych czyli jeden ze sposob\u00f3w zapisywania dat rocznych stosowany w okresie baroku. Wystarczy doda\u0107 liczby rzymskie, aby wysz\u0142a nam data ufundowania figury &#8211; X (10) + V (5) + I (1) + C (100) + V (5) + V (5) + I (1) + C (100) + M (1000) + D (500) + Y (nie ma takiej liczby rzymskiej, ale zapis litery &#8220;Y&#8221; przypomina dwie jedynki rzymskie, czyli w sumie 2) + V (5) = 1734. Taka te\u017c data widnieje zreszt\u0105 tak\u017ce na cokole zapisana ju\u017c cyframi arabskimi. Powy\u017cej napisu umiejscowiony zosta\u0142 herb rodu von Nayhaus nadany w 1698 roku. Herb podzielony jest na cztery cz\u0119\u015bci, w \u015brodku pole sercowe z uniesion\u0105 r\u0119k\u0105 trzymaj\u0105c\u0105 miecz. Na polu 1 i 4 wilk w niebieskim habicie, na polach 2 i 3 skos szachowany czarno-czerwony.<\/span><\/p>\n<p><img loading=\"lazy\" class=\"aligncenter wp-image-269 size-full\" src=\"http:\/\/www.przyladekhistorii.pl\/wp-content\/uploads\/2018\/11\/figura3-1.jpg\" alt=\"\" width=\"600\" height=\"800\" srcset=\"http:\/\/www.przyladekhistorii.pl\/wp-content\/uploads\/2018\/11\/figura3-1.jpg 600w, http:\/\/www.przyladekhistorii.pl\/wp-content\/uploads\/2018\/11\/figura3-1-225x300.jpg 225w\" sizes=\"(max-width: 600px) 100vw, 600px\" \/><\/p>\n<p><span style=\"color: #000000;\"><strong>Miejscowo\u015b\u0107:<\/strong> Radoch\u00f3w<\/span><br \/>\n<span style=\"color: #000000;\"><strong>Fundator:<\/strong>hrabia von Neyhaus<\/span><br \/>\n<span style=\"color: #000000;\"><strong>Autor:<\/strong> [?]<\/span><br \/>\n<span style=\"color: #000000;\"><strong>Data powstania:<\/strong> 1734 r.<\/span><\/p>\n<p><img loading=\"lazy\" class=\"aligncenter wp-image-274 size-full\" src=\"http:\/\/www.przyladekhistorii.pl\/wp-content\/uploads\/2018\/11\/figura8-1.jpg\" alt=\"\" width=\"600\" height=\"450\" srcset=\"http:\/\/www.przyladekhistorii.pl\/wp-content\/uploads\/2018\/11\/figura8-1.jpg 600w, http:\/\/www.przyladekhistorii.pl\/wp-content\/uploads\/2018\/11\/figura8-1-300x225.jpg 300w\" sizes=\"(max-width: 600px) 100vw, 600px\" \/><\/p>\n<p><img loading=\"lazy\" class=\"aligncenter wp-image-273 size-full\" src=\"http:\/\/www.przyladekhistorii.pl\/wp-content\/uploads\/2018\/11\/figura7-1.jpg\" alt=\"\" width=\"600\" height=\"450\" srcset=\"http:\/\/www.przyladekhistorii.pl\/wp-content\/uploads\/2018\/11\/figura7-1.jpg 600w, http:\/\/www.przyladekhistorii.pl\/wp-content\/uploads\/2018\/11\/figura7-1-300x225.jpg 300w\" sizes=\"(max-width: 600px) 100vw, 600px\" \/><\/p>\n<p><img loading=\"lazy\" class=\"aligncenter wp-image-271 size-full\" src=\"http:\/\/www.przyladekhistorii.pl\/wp-content\/uploads\/2018\/11\/figura5-1.jpg\" alt=\"\" width=\"600\" height=\"800\" srcset=\"http:\/\/www.przyladekhistorii.pl\/wp-content\/uploads\/2018\/11\/figura5-1.jpg 600w, http:\/\/www.przyladekhistorii.pl\/wp-content\/uploads\/2018\/11\/figura5-1-225x300.jpg 225w\" sizes=\"(max-width: 600px) 100vw, 600px\" \/><\/p>\n<p><img loading=\"lazy\" class=\"aligncenter wp-image-267 size-full\" src=\"http:\/\/www.przyladekhistorii.pl\/wp-content\/uploads\/2018\/11\/figura1-1.jpg\" alt=\"\" width=\"600\" height=\"800\" srcset=\"http:\/\/www.przyladekhistorii.pl\/wp-content\/uploads\/2018\/11\/figura1-1.jpg 600w, http:\/\/www.przyladekhistorii.pl\/wp-content\/uploads\/2018\/11\/figura1-1-225x300.jpg 225w\" sizes=\"(max-width: 600px) 100vw, 600px\" \/><\/p>\n","protected":false},"excerpt":{"rendered":"<p>Tym razem figura \u015bw. Jana Nepomucena stoj\u0105cego przy posesji nr 32 w Radochowie. \u015aw. Jan, podobnie jak ten przy wje\u017adzie do Radochowa, trzyma w lewej r\u0119ce zdj\u0119ty z g\u0142owy biret, w prawej natomiast ma wsparty na ramieniu krzy\u017c oraz palm\u0119 &#8211; symbol m\u0119cze\u0144stwa. Rze\u017aba ufundowana zosta\u0142a przez hrabiego von Neyhaus w 1734 r. Rodzina Nayhauss (Nayhau\u00df, Neuhaus, Neuhau\u00df) wesz\u0142a w posiadanie wsi Radoch\u00f3w i Or\u0142owiec w okresie wojny 30-letniej (oko\u0142o 1623 roku). Tym, kt\u00f3ry uzyska\u0142 to cesarskie nadanie by\u0142 pu\u0142kownik&#8230;<\/p>\n<p class=\"read-more\"><a class=\"btn btn-default\" href=\"http:\/\/www.przyladekhistorii.pl\/index.php\/figury\/sw-jan-nepomucen-w-radochowie-2\/\"> Read More<span class=\"screen-reader-text\">  Read More<\/span><\/a><\/p>\n","protected":false},"author":1,"featured_media":268,"parent":24,"menu_order":0,"comment_status":"open","ping_status":"closed","template":"","meta":[],"_links":{"self":[{"href":"http:\/\/www.przyladekhistorii.pl\/index.php\/wp-json\/wp\/v2\/pages\/265"}],"collection":[{"href":"http:\/\/www.przyladekhistorii.pl\/index.php\/wp-json\/wp\/v2\/pages"}],"about":[{"href":"http:\/\/www.przyladekhistorii.pl\/index.php\/wp-json\/wp\/v2\/types\/page"}],"author":[{"embeddable":true,"href":"http:\/\/www.przyladekhistorii.pl\/index.php\/wp-json\/wp\/v2\/users\/1"}],"replies":[{"embeddable":true,"href":"http:\/\/www.przyladekhistorii.pl\/index.php\/wp-json\/wp\/v2\/comments?post=265"}],"version-history":[{"count":4,"href":"http:\/\/www.przyladekhistorii.pl\/index.php\/wp-json\/wp\/v2\/pages\/265\/revisions"}],"predecessor-version":[{"id":3498,"href":"http:\/\/www.przyladekhistorii.pl\/index.php\/wp-json\/wp\/v2\/pages\/265\/revisions\/3498"}],"up":[{"embeddable":true,"href":"http:\/\/www.przyladekhistorii.pl\/index.php\/wp-json\/wp\/v2\/pages\/24"}],"wp:featuredmedia":[{"embeddable":true,"href":"http:\/\/www.przyladekhistorii.pl\/index.php\/wp-json\/wp\/v2\/media\/268"}],"wp:attachment":[{"href":"http:\/\/www.przyladekhistorii.pl\/index.php\/wp-json\/wp\/v2\/media?parent=265"}],"curies":[{"name":"wp","href":"https:\/\/api.w.org\/{rel}","templated":true}]}}