{"id":2831,"date":"2021-08-06T10:34:42","date_gmt":"2021-08-06T08:34:42","guid":{"rendered":"http:\/\/www.przyladekhistorii.pl\/?page_id=2831"},"modified":"2021-11-21T21:08:37","modified_gmt":"2021-11-21T20:08:37","slug":"obiekty-zaginione","status":"publish","type":"page","link":"http:\/\/www.przyladekhistorii.pl\/index.php\/obiekty-zaginione\/","title":{"rendered":"Obiekty zaginione"},"content":{"rendered":"<p style=\"text-align: justify;\">Oddajemy Pa\u0144stwu niepe\u0142ny niestety katalog obiekt\u00f3w zaginionych. Opracowany zosta\u0142 na podstawie zg\u0142osze\u0144 nadsy\u0142anych przez mieszka\u0144c\u00f3w gminy L\u0105dek-Zdr\u00f3j. Katalog niepe\u0142ny, bo z pewno\u015bci\u0105 nie s\u0105 to wszystkie obiekty, kt\u00f3re przepad\u0142y w r\u00f3\u017cnych okresach czasu, aczkolwiek g\u0142\u00f3wnie po 1945 roku.<\/p>\n<p>Pe\u0142na informacja o obiekcie oraz zdj\u0119cia po klikni\u0119ciu w miniatur\u0119.<\/p>\n<p style=\"text-align: justify;\">Nadal czekamy na zg\u0142oszenia. Zapewniamy pe\u0142n\u0105 anonimowo\u015b\u0107. Zg\u0142oszenia mo\u017cna nadsy\u0142a\u0107 poprzez formularz dost\u0119pny na <a href=\"http:\/\/www.przyladekhistorii.pl\/index.php\/2020\/03\/24\/obiekty-utracone-zaginione\/\">TUTAJ<\/a>.<\/p>\n<table align=\"center\">\n<tbody>\n<tr>\n<td><a href=\"http:\/\/www.przyladekhistorii.pl\/index.php\/obiekty-zaginione\/kolumna-morowa\/\"><img loading=\"lazy\" class=\"wp-image-2920 size-full aligncenter\" src=\"http:\/\/www.przyladekhistorii.pl\/wp-content\/uploads\/2021\/08\/poszukiwany01.jpg\" alt=\"\" width=\"150\" height=\"200\" \/><\/a><\/td>\n<td><a href=\"http:\/\/www.przyladekhistorii.pl\/index.php\/obiekty-zaginione\/grupa-figuralna-boza-meka\/\"><img loading=\"lazy\" class=\"wp-image-2919 size-full aligncenter\" src=\"http:\/\/www.przyladekhistorii.pl\/wp-content\/uploads\/2021\/08\/poszukiwany02.jpg\" alt=\"\" width=\"150\" height=\"200\" \/><\/a><\/td>\n<\/tr>\n<tr>\n<td><a href=\"http:\/\/www.przyladekhistorii.pl\/index.php\/obiekty-zaginione\/figura-sw-jana-nepomucena\/\"><img loading=\"lazy\" class=\"wp-image-2918 size-full aligncenter\" src=\"http:\/\/www.przyladekhistorii.pl\/wp-content\/uploads\/2021\/08\/poszukiwany03.jpg\" alt=\"\" width=\"150\" height=\"200\" \/><\/a><\/td>\n<td><a href=\"http:\/\/www.przyladekhistorii.pl\/index.php\/obiekty-zaginione\/matka-boska-z-dzieciatkiem\/\"><img loading=\"lazy\" class=\"wp-image-2917 size-full aligncenter\" src=\"http:\/\/www.przyladekhistorii.pl\/wp-content\/uploads\/2021\/08\/poszukiwany04.jpg\" alt=\"\" width=\"150\" height=\"200\" \/><\/a><\/td>\n<\/tr>\n<tr>\n<td><a href=\"http:\/\/www.przyladekhistorii.pl\/index.php\/obiekty-zaginione\/fontanna\/\"><img loading=\"lazy\" class=\"wp-image-2916 size-full aligncenter\" src=\"http:\/\/www.przyladekhistorii.pl\/wp-content\/uploads\/2021\/08\/poszukiwany05.jpg\" alt=\"\" width=\"150\" height=\"200\" \/><\/a><\/td>\n<td><a href=\"http:\/\/www.przyladekhistorii.pl\/index.php\/obiekty-zaginione\/figurka-matki-boskiej\/\"><img loading=\"lazy\" class=\"wp-image-2914 size-full aligncenter\" src=\"http:\/\/www.przyladekhistorii.pl\/wp-content\/uploads\/2021\/08\/poszukiwany07.jpg\" alt=\"\" width=\"150\" height=\"200\" \/><\/a><\/td>\n<\/tr>\n<tr>\n<td><a href=\"http:\/\/www.przyladekhistorii.pl\/index.php\/obiekty-zaginione\/figura-aniola\/\"><img loading=\"lazy\" class=\"wp-image-2915 size-full aligncenter\" src=\"http:\/\/www.przyladekhistorii.pl\/wp-content\/uploads\/2021\/08\/poszukiwany06.jpg\" alt=\"\" width=\"150\" height=\"200\" \/><\/a><\/td>\n<td><a href=\"http:\/\/www.przyladekhistorii.pl\/index.php\/obiekty-zaginione\/figury-z-grupy-figuralnej\/\"><img loading=\"lazy\" class=\"wp-image-2913 size-full aligncenter\" src=\"http:\/\/www.przyladekhistorii.pl\/wp-content\/uploads\/2021\/08\/poszukiwany08.jpg\" alt=\"\" width=\"150\" height=\"200\" \/><\/a><\/td>\n<\/tr>\n<tr>\n<td><a href=\"http:\/\/www.przyladekhistorii.pl\/index.php\/obiekty-zaginione\/brama-cmentarna\/\"><img loading=\"lazy\" class=\"wp-image-2912 size-full aligncenter\" src=\"http:\/\/www.przyladekhistorii.pl\/wp-content\/uploads\/2021\/08\/poszukiwany09.jpg\" alt=\"\" width=\"150\" height=\"200\" \/><\/a><\/td>\n<td><a href=\"http:\/\/www.przyladekhistorii.pl\/index.php\/obiekty-zaginione\/krzyz-nagrobny\/\"><img loading=\"lazy\" class=\"wp-image-2911 size-full aligncenter\" src=\"http:\/\/www.przyladekhistorii.pl\/wp-content\/uploads\/2021\/08\/poszukiwany10.jpg\" alt=\"\" width=\"150\" height=\"200\" \/><\/a><\/td>\n<\/tr>\n<tr>\n<td><a href=\"http:\/\/www.przyladekhistorii.pl\/index.php\/obiekty-zaginione\/popiersie-cesarza-wilhelma\/\"><img loading=\"lazy\" class=\"wp-image-2910 size-full aligncenter\" src=\"http:\/\/www.przyladekhistorii.pl\/wp-content\/uploads\/2021\/08\/poszukiwany11.jpg\" alt=\"\" width=\"150\" height=\"200\" \/><\/a><\/td>\n<td><a href=\"http:\/\/www.przyladekhistorii.pl\/index.php\/figurka-z-okna-witrazowego\/\"><img loading=\"lazy\" class=\"wp-image-2910 size-full aligncenter\" src=\"http:\/\/www.przyladekhistorii.pl\/wp-content\/uploads\/2021\/11\/poszukiwany12.jpg\" alt=\"\" width=\"150\" height=\"200\" \/><\/a><\/td>\n<\/tr>\n<\/tbody>\n<\/table>\n","protected":false},"excerpt":{"rendered":"<p>Oddajemy Pa\u0144stwu niepe\u0142ny niestety katalog obiekt\u00f3w zaginionych. Opracowany zosta\u0142 na podstawie zg\u0142osze\u0144 nadsy\u0142anych przez mieszka\u0144c\u00f3w gminy L\u0105dek-Zdr\u00f3j. Katalog niepe\u0142ny, bo z pewno\u015bci\u0105 nie s\u0105 to wszystkie obiekty, kt\u00f3re przepad\u0142y w r\u00f3\u017cnych okresach czasu, aczkolwiek g\u0142\u00f3wnie po 1945 roku. Pe\u0142na informacja o obiekcie oraz zdj\u0119cia po klikni\u0119ciu w miniatur\u0119. Nadal czekamy na zg\u0142oszenia. Zapewniamy pe\u0142n\u0105 anonimowo\u015b\u0107. Zg\u0142oszenia mo\u017cna nadsy\u0142a\u0107 poprzez formularz dost\u0119pny na TUTAJ.<\/p>\n","protected":false},"author":1,"featured_media":2895,"parent":0,"menu_order":0,"comment_status":"closed","ping_status":"closed","template":"","meta":[],"_links":{"self":[{"href":"http:\/\/www.przyladekhistorii.pl\/index.php\/wp-json\/wp\/v2\/pages\/2831"}],"collection":[{"href":"http:\/\/www.przyladekhistorii.pl\/index.php\/wp-json\/wp\/v2\/pages"}],"about":[{"href":"http:\/\/www.przyladekhistorii.pl\/index.php\/wp-json\/wp\/v2\/types\/page"}],"author":[{"embeddable":true,"href":"http:\/\/www.przyladekhistorii.pl\/index.php\/wp-json\/wp\/v2\/users\/1"}],"replies":[{"embeddable":true,"href":"http:\/\/www.przyladekhistorii.pl\/index.php\/wp-json\/wp\/v2\/comments?post=2831"}],"version-history":[{"count":10,"href":"http:\/\/www.przyladekhistorii.pl\/index.php\/wp-json\/wp\/v2\/pages\/2831\/revisions"}],"predecessor-version":[{"id":2973,"href":"http:\/\/www.przyladekhistorii.pl\/index.php\/wp-json\/wp\/v2\/pages\/2831\/revisions\/2973"}],"wp:featuredmedia":[{"embeddable":true,"href":"http:\/\/www.przyladekhistorii.pl\/index.php\/wp-json\/wp\/v2\/media\/2895"}],"wp:attachment":[{"href":"http:\/\/www.przyladekhistorii.pl\/index.php\/wp-json\/wp\/v2\/media?parent=2831"}],"curies":[{"name":"wp","href":"https:\/\/api.w.org\/{rel}","templated":true}]}}