{"id":2833,"date":"2021-08-06T10:46:46","date_gmt":"2021-08-06T08:46:46","guid":{"rendered":"http:\/\/www.przyladekhistorii.pl\/?page_id=2833"},"modified":"2021-11-21T20:40:11","modified_gmt":"2021-11-21T19:40:11","slug":"kolumna-morowa","status":"publish","type":"page","link":"http:\/\/www.przyladekhistorii.pl\/index.php\/obiekty-zaginione\/kolumna-morowa\/","title":{"rendered":"Kolumna morowa"},"content":{"rendered":"<p><strong>Okre\u015blenie zabytku:<\/strong>\u00a0Kolumna morowa<br \/>\n<strong>Lokacja \/ Miejsce: <\/strong> L\u0105dek-Zdr\u00f3j, ul. K\u0142odzka<br \/>\n<strong>Autor \/ Szko\u0142a \/ Warsztat: <\/strong>B\/D<br \/>\n<strong>Dzia\u0142: <\/strong>Rze\u017aba<br \/>\n<strong>Data powstania:<\/strong>\u00a01722 r.<br \/>\n<strong>Materia\u0142: <\/strong>Piaskowiec<br \/>\n<strong>Data zagini\u0119cia: <\/strong>zwie\u0144czenie (kostka) &#8211; pa\u017adziernik\/listopad 1997 r., sama kolumna p\u00f3\u017aniej.<br \/>\n<strong>Odzyskane:\u00a0<\/strong>Nie<\/p>\n<figure id=\"attachment_2834\" aria-describedby=\"caption-attachment-2834\" style=\"width: 550px\" class=\"wp-caption aligncenter\"><img loading=\"lazy\" class=\"wp-image-2834 size-full\" src=\"http:\/\/www.przyladekhistorii.pl\/wp-content\/uploads\/2021\/08\/kolumna01.jpg\" alt=\"\" width=\"550\" height=\"740\" srcset=\"http:\/\/www.przyladekhistorii.pl\/wp-content\/uploads\/2021\/08\/kolumna01.jpg 550w, http:\/\/www.przyladekhistorii.pl\/wp-content\/uploads\/2021\/08\/kolumna01-223x300.jpg 223w, http:\/\/www.przyladekhistorii.pl\/wp-content\/uploads\/2021\/08\/kolumna01-201x270.jpg 201w\" sizes=\"(max-width: 550px) 100vw, 550px\" \/><figcaption id=\"caption-attachment-2834\" class=\"wp-caption-text\">Kolumna morowa, zdj\u0119cie sprzed 1945 r., \u017ar\u00f3d\u0142o zdj\u0119cia: https:\/\/polska-org.pl\/<\/figcaption><\/figure>\n<figure id=\"attachment_2835\" aria-describedby=\"caption-attachment-2835\" style=\"width: 550px\" class=\"wp-caption aligncenter\"><img loading=\"lazy\" class=\"wp-image-2835 size-full\" src=\"http:\/\/www.przyladekhistorii.pl\/wp-content\/uploads\/2021\/08\/kolumna02.jpg\" alt=\"\" width=\"550\" height=\"856\" srcset=\"http:\/\/www.przyladekhistorii.pl\/wp-content\/uploads\/2021\/08\/kolumna02.jpg 550w, http:\/\/www.przyladekhistorii.pl\/wp-content\/uploads\/2021\/08\/kolumna02-193x300.jpg 193w, http:\/\/www.przyladekhistorii.pl\/wp-content\/uploads\/2021\/08\/kolumna02-173x270.jpg 173w\" sizes=\"(max-width: 550px) 100vw, 550px\" \/><figcaption id=\"caption-attachment-2835\" class=\"wp-caption-text\">Kolumna morowa, zdj\u0119cie sprzed 1945 r., \u017ar\u00f3d\u0142o zdj\u0119cia: https:\/\/polska-org.pl\/<\/figcaption><\/figure>\n<figure id=\"attachment_2836\" aria-describedby=\"caption-attachment-2836\" style=\"width: 550px\" class=\"wp-caption aligncenter\"><img loading=\"lazy\" class=\"wp-image-2836 size-full\" src=\"http:\/\/www.przyladekhistorii.pl\/wp-content\/uploads\/2021\/08\/kolumna03.jpg\" alt=\"\" width=\"550\" height=\"754\" srcset=\"http:\/\/www.przyladekhistorii.pl\/wp-content\/uploads\/2021\/08\/kolumna03.jpg 550w, http:\/\/www.przyladekhistorii.pl\/wp-content\/uploads\/2021\/08\/kolumna03-219x300.jpg 219w, http:\/\/www.przyladekhistorii.pl\/wp-content\/uploads\/2021\/08\/kolumna03-197x270.jpg 197w\" sizes=\"(max-width: 550px) 100vw, 550px\" \/><figcaption id=\"caption-attachment-2836\" class=\"wp-caption-text\">Kolumna morowa, zdj\u0119cie sprzed 1945 r., \u017ar\u00f3d\u0142o zdj\u0119cia: https:\/\/polska-org.pl\/<\/figcaption><\/figure>\n","protected":false},"excerpt":{"rendered":"<p>Okre\u015blenie zabytku:\u00a0Kolumna morowa Lokacja \/ Miejsce: L\u0105dek-Zdr\u00f3j, ul. K\u0142odzka Autor \/ Szko\u0142a \/ Warsztat: B\/D Dzia\u0142: Rze\u017aba Data powstania:\u00a01722 r. Materia\u0142: Piaskowiec Data zagini\u0119cia: zwie\u0144czenie (kostka) &#8211; pa\u017adziernik\/listopad 1997 r., sama kolumna p\u00f3\u017aniej. Odzyskane:\u00a0Nie<\/p>\n","protected":false},"author":1,"featured_media":2837,"parent":2831,"menu_order":0,"comment_status":"closed","ping_status":"closed","template":"","meta":[],"_links":{"self":[{"href":"http:\/\/www.przyladekhistorii.pl\/index.php\/wp-json\/wp\/v2\/pages\/2833"}],"collection":[{"href":"http:\/\/www.przyladekhistorii.pl\/index.php\/wp-json\/wp\/v2\/pages"}],"about":[{"href":"http:\/\/www.przyladekhistorii.pl\/index.php\/wp-json\/wp\/v2\/types\/page"}],"author":[{"embeddable":true,"href":"http:\/\/www.przyladekhistorii.pl\/index.php\/wp-json\/wp\/v2\/users\/1"}],"replies":[{"embeddable":true,"href":"http:\/\/www.przyladekhistorii.pl\/index.php\/wp-json\/wp\/v2\/comments?post=2833"}],"version-history":[{"count":4,"href":"http:\/\/www.przyladekhistorii.pl\/index.php\/wp-json\/wp\/v2\/pages\/2833\/revisions"}],"predecessor-version":[{"id":2968,"href":"http:\/\/www.przyladekhistorii.pl\/index.php\/wp-json\/wp\/v2\/pages\/2833\/revisions\/2968"}],"up":[{"embeddable":true,"href":"http:\/\/www.przyladekhistorii.pl\/index.php\/wp-json\/wp\/v2\/pages\/2831"}],"wp:featuredmedia":[{"embeddable":true,"href":"http:\/\/www.przyladekhistorii.pl\/index.php\/wp-json\/wp\/v2\/media\/2837"}],"wp:attachment":[{"href":"http:\/\/www.przyladekhistorii.pl\/index.php\/wp-json\/wp\/v2\/media?parent=2833"}],"curies":[{"name":"wp","href":"https:\/\/api.w.org\/{rel}","templated":true}]}}