{"id":2839,"date":"2021-08-06T10:59:19","date_gmt":"2021-08-06T08:59:19","guid":{"rendered":"http:\/\/www.przyladekhistorii.pl\/?page_id=2839"},"modified":"2021-08-06T11:56:55","modified_gmt":"2021-08-06T09:56:55","slug":"grupa-figuralna-boza-meka","status":"publish","type":"page","link":"http:\/\/www.przyladekhistorii.pl\/index.php\/obiekty-zaginione\/grupa-figuralna-boza-meka\/","title":{"rendered":"Grupa figuralna Bo\u017ca M\u0119ka"},"content":{"rendered":"<p><strong>Okre\u015blenie zabytku:<\/strong> Grupa figuralna Bo\u017ca M\u0119ka<br \/>\n<strong>Lokacja \/ Miejsce: <\/strong> Radoch\u00f3w przy skr\u0119cie z drogi L\u0105dek-Zdr\u00f3j &#8211; K\u0142odzko na K\u0105ty Bystrzyckie<br \/>\n<strong>Autor \/ Szko\u0142a \/ Warsztat: <\/strong>B\/D<br \/>\n<strong>Dzia\u0142: <\/strong>Rze\u017aba<br \/>\n<strong>Data powstania:<\/strong>\u00a0B\/D<br \/>\n<strong>Materia\u0142: <\/strong>B\/D<br \/>\n<strong>Data zagini\u0119cia: <\/strong>po 1976 r.<br \/>\n<strong>Odzyskane:\u00a0<\/strong>Nie<\/p>\n<figure id=\"attachment_2841\" aria-describedby=\"caption-attachment-2841\" style=\"width: 550px\" class=\"wp-caption aligncenter\"><img loading=\"lazy\" class=\"wp-image-2841 size-full\" src=\"http:\/\/www.przyladekhistorii.pl\/wp-content\/uploads\/2021\/08\/bozameka01.jpg\" alt=\"\" width=\"550\" height=\"746\" srcset=\"http:\/\/www.przyladekhistorii.pl\/wp-content\/uploads\/2021\/08\/bozameka01.jpg 550w, http:\/\/www.przyladekhistorii.pl\/wp-content\/uploads\/2021\/08\/bozameka01-221x300.jpg 221w, http:\/\/www.przyladekhistorii.pl\/wp-content\/uploads\/2021\/08\/bozameka01-199x270.jpg 199w\" sizes=\"(max-width: 550px) 100vw, 550px\" \/><figcaption id=\"caption-attachment-2841\" class=\"wp-caption-text\">Zdj\u0119cie z lat 1976-78, \u017ar\u00f3d\u0142o zdj\u0119cia: &#8220;Grafschafter Kirchen in heutiger Zeit&#8221;<\/figcaption><\/figure>\n<figure id=\"attachment_2840\" aria-describedby=\"caption-attachment-2840\" style=\"width: 550px\" class=\"wp-caption aligncenter\"><img loading=\"lazy\" class=\"wp-image-2840 size-full\" src=\"http:\/\/www.przyladekhistorii.pl\/wp-content\/uploads\/2021\/08\/bozameka02.jpg\" alt=\"\" width=\"550\" height=\"689\" srcset=\"http:\/\/www.przyladekhistorii.pl\/wp-content\/uploads\/2021\/08\/bozameka02.jpg 550w, http:\/\/www.przyladekhistorii.pl\/wp-content\/uploads\/2021\/08\/bozameka02-239x300.jpg 239w, http:\/\/www.przyladekhistorii.pl\/wp-content\/uploads\/2021\/08\/bozameka02-216x270.jpg 216w\" sizes=\"(max-width: 550px) 100vw, 550px\" \/><figcaption id=\"caption-attachment-2840\" class=\"wp-caption-text\">Zdj\u0119cie z lat 1976-78, \u017ar\u00f3d\u0142o zdj\u0119cia: &#8220;Grafschafter Kirchen in heutiger Zeit&#8221;<\/figcaption><\/figure>\n<p>&nbsp;<\/p>\n<p>&nbsp;<\/p>\n","protected":false},"excerpt":{"rendered":"<p>Okre\u015blenie zabytku: Grupa figuralna Bo\u017ca M\u0119ka Lokacja \/ Miejsce: Radoch\u00f3w przy skr\u0119cie z drogi L\u0105dek-Zdr\u00f3j &#8211; K\u0142odzko na K\u0105ty Bystrzyckie Autor \/ Szko\u0142a \/ Warsztat: B\/D Dzia\u0142: Rze\u017aba Data powstania:\u00a0B\/D Materia\u0142: B\/D Data zagini\u0119cia: po 1976 r. Odzyskane:\u00a0Nie &nbsp; &nbsp;<\/p>\n","protected":false},"author":1,"featured_media":2842,"parent":2831,"menu_order":0,"comment_status":"closed","ping_status":"closed","template":"","meta":[],"_links":{"self":[{"href":"http:\/\/www.przyladekhistorii.pl\/index.php\/wp-json\/wp\/v2\/pages\/2839"}],"collection":[{"href":"http:\/\/www.przyladekhistorii.pl\/index.php\/wp-json\/wp\/v2\/pages"}],"about":[{"href":"http:\/\/www.przyladekhistorii.pl\/index.php\/wp-json\/wp\/v2\/types\/page"}],"author":[{"embeddable":true,"href":"http:\/\/www.przyladekhistorii.pl\/index.php\/wp-json\/wp\/v2\/users\/1"}],"replies":[{"embeddable":true,"href":"http:\/\/www.przyladekhistorii.pl\/index.php\/wp-json\/wp\/v2\/comments?post=2839"}],"version-history":[{"count":3,"href":"http:\/\/www.przyladekhistorii.pl\/index.php\/wp-json\/wp\/v2\/pages\/2839\/revisions"}],"predecessor-version":[{"id":2855,"href":"http:\/\/www.przyladekhistorii.pl\/index.php\/wp-json\/wp\/v2\/pages\/2839\/revisions\/2855"}],"up":[{"embeddable":true,"href":"http:\/\/www.przyladekhistorii.pl\/index.php\/wp-json\/wp\/v2\/pages\/2831"}],"wp:featuredmedia":[{"embeddable":true,"href":"http:\/\/www.przyladekhistorii.pl\/index.php\/wp-json\/wp\/v2\/media\/2842"}],"wp:attachment":[{"href":"http:\/\/www.przyladekhistorii.pl\/index.php\/wp-json\/wp\/v2\/media?parent=2839"}],"curies":[{"name":"wp","href":"https:\/\/api.w.org\/{rel}","templated":true}]}}