{"id":2844,"date":"2021-08-06T11:05:24","date_gmt":"2021-08-06T09:05:24","guid":{"rendered":"http:\/\/www.przyladekhistorii.pl\/?page_id=2844"},"modified":"2021-08-06T11:54:04","modified_gmt":"2021-08-06T09:54:04","slug":"figura-sw-jana-nepomucena","status":"publish","type":"page","link":"http:\/\/www.przyladekhistorii.pl\/index.php\/obiekty-zaginione\/figura-sw-jana-nepomucena\/","title":{"rendered":"Figura \u015bw. Jana Nepomucena"},"content":{"rendered":"<p><strong>Okre\u015blenie zabytku:<\/strong> Figura \u015bw. Jana Nepomucena<br \/>\n<strong>Lokacja \/ Miejsce: <\/strong> L\u0105dek-Zdr\u00f3j, ul. Ko\u015bciuszki<br \/>\n<strong>Autor \/ Szko\u0142a \/ Warsztat: <\/strong>B\/D<br \/>\n<strong>Dzia\u0142: <\/strong>Rze\u017aba<br \/>\n<strong>Data powstania:<\/strong>\u00a0B\/D<br \/>\n<strong>Materia\u0142: <\/strong>B\/D<br \/>\n<strong>Data zagini\u0119cia: <\/strong>po 1974 r.<br \/>\n<strong>Odzyskane:\u00a0<\/strong>Nie<\/p>\n<figure id=\"attachment_2846\" aria-describedby=\"caption-attachment-2846\" style=\"width: 550px\" class=\"wp-caption aligncenter\"><img loading=\"lazy\" class=\"wp-image-2846 size-full\" src=\"http:\/\/www.przyladekhistorii.pl\/wp-content\/uploads\/2021\/08\/jannepomucen.jpg\" alt=\"\" width=\"550\" height=\"810\" srcset=\"http:\/\/www.przyladekhistorii.pl\/wp-content\/uploads\/2021\/08\/jannepomucen.jpg 550w, http:\/\/www.przyladekhistorii.pl\/wp-content\/uploads\/2021\/08\/jannepomucen-204x300.jpg 204w, http:\/\/www.przyladekhistorii.pl\/wp-content\/uploads\/2021\/08\/jannepomucen-183x270.jpg 183w\" sizes=\"(max-width: 550px) 100vw, 550px\" \/><figcaption id=\"caption-attachment-2846\" class=\"wp-caption-text\">Stan z lat 60-tych, \u017ar\u00f3d\u0142o zdj\u0119cia: zbiory w\u0142asne stowarzyszenia<\/figcaption><\/figure>\n","protected":false},"excerpt":{"rendered":"<p>Okre\u015blenie zabytku: Figura \u015bw. Jana Nepomucena Lokacja \/ Miejsce: L\u0105dek-Zdr\u00f3j, ul. Ko\u015bciuszki Autor \/ Szko\u0142a \/ Warsztat: B\/D Dzia\u0142: Rze\u017aba Data powstania:\u00a0B\/D Materia\u0142: B\/D Data zagini\u0119cia: po 1974 r. Odzyskane:\u00a0Nie<\/p>\n","protected":false},"author":1,"featured_media":2845,"parent":2831,"menu_order":0,"comment_status":"closed","ping_status":"closed","template":"","meta":[],"_links":{"self":[{"href":"http:\/\/www.przyladekhistorii.pl\/index.php\/wp-json\/wp\/v2\/pages\/2844"}],"collection":[{"href":"http:\/\/www.przyladekhistorii.pl\/index.php\/wp-json\/wp\/v2\/pages"}],"about":[{"href":"http:\/\/www.przyladekhistorii.pl\/index.php\/wp-json\/wp\/v2\/types\/page"}],"author":[{"embeddable":true,"href":"http:\/\/www.przyladekhistorii.pl\/index.php\/wp-json\/wp\/v2\/users\/1"}],"replies":[{"embeddable":true,"href":"http:\/\/www.przyladekhistorii.pl\/index.php\/wp-json\/wp\/v2\/comments?post=2844"}],"version-history":[{"count":2,"href":"http:\/\/www.przyladekhistorii.pl\/index.php\/wp-json\/wp\/v2\/pages\/2844\/revisions"}],"predecessor-version":[{"id":2851,"href":"http:\/\/www.przyladekhistorii.pl\/index.php\/wp-json\/wp\/v2\/pages\/2844\/revisions\/2851"}],"up":[{"embeddable":true,"href":"http:\/\/www.przyladekhistorii.pl\/index.php\/wp-json\/wp\/v2\/pages\/2831"}],"wp:featuredmedia":[{"embeddable":true,"href":"http:\/\/www.przyladekhistorii.pl\/index.php\/wp-json\/wp\/v2\/media\/2845"}],"wp:attachment":[{"href":"http:\/\/www.przyladekhistorii.pl\/index.php\/wp-json\/wp\/v2\/media?parent=2844"}],"curies":[{"name":"wp","href":"https:\/\/api.w.org\/{rel}","templated":true}]}}