{"id":2848,"date":"2021-08-06T11:52:55","date_gmt":"2021-08-06T09:52:55","guid":{"rendered":"http:\/\/www.przyladekhistorii.pl\/?page_id=2848"},"modified":"2021-08-06T11:55:34","modified_gmt":"2021-08-06T09:55:34","slug":"matka-boska-z-dzieciatkiem","status":"publish","type":"page","link":"http:\/\/www.przyladekhistorii.pl\/index.php\/obiekty-zaginione\/matka-boska-z-dzieciatkiem\/","title":{"rendered":"Matka Boska z Dzieci\u0105tkiem"},"content":{"rendered":"<p><strong>Okre\u015blenie zabytku:<\/strong> Figura Matki Boskiej z Dzieci\u0105tkiem<br \/>\n<strong>Lokacja \/ Miejsce: <\/strong> L\u0105dek-Zdr\u00f3j, kaplica \u015bw. Rocha, cmentarz komunalny<br \/>\n<strong>Autor \/ Szko\u0142a \/ Warsztat: <\/strong>B\/D<br \/>\n<strong>Dzia\u0142: <\/strong>Rze\u017aba<br \/>\n<strong>Data powstania:<\/strong>\u00a0B\/D<br \/>\n<strong>Materia\u0142: <\/strong>Piaskowiec<br \/>\n<strong>Data zagini\u0119cia: <\/strong>po 1980 r.<br \/>\n<strong>Odzyskane:\u00a0<\/strong>Nie<\/p>\n<figure id=\"attachment_1076\" aria-describedby=\"caption-attachment-1076\" style=\"width: 550px\" class=\"wp-caption aligncenter\"><img loading=\"lazy\" class=\"wp-image-1076\" src=\"http:\/\/www.przyladekhistorii.pl\/wp-content\/uploads\/2019\/05\/Figurka-198x300.jpg\" alt=\"\" width=\"550\" height=\"832\" srcset=\"http:\/\/www.przyladekhistorii.pl\/wp-content\/uploads\/2019\/05\/Figurka-198x300.jpg 198w, http:\/\/www.przyladekhistorii.pl\/wp-content\/uploads\/2019\/05\/Figurka-768x1162.jpg 768w, http:\/\/www.przyladekhistorii.pl\/wp-content\/uploads\/2019\/05\/Figurka-677x1024.jpg 677w, http:\/\/www.przyladekhistorii.pl\/wp-content\/uploads\/2019\/05\/Figurka-178x270.jpg 178w, http:\/\/www.przyladekhistorii.pl\/wp-content\/uploads\/2019\/05\/Figurka.jpg 793w\" sizes=\"(max-width: 550px) 100vw, 550px\" \/><figcaption id=\"caption-attachment-1076\" class=\"wp-caption-text\">Stan na lata 60-te, \u017ar\u00f3d\u0142o zdj\u0119cia: Richard Hauck \u201cBad Landeck\/Schlesien \u2013 Bilder aus einer deutschen Stadt\u201d.<\/figcaption><\/figure>\n","protected":false},"excerpt":{"rendered":"<p>Okre\u015blenie zabytku: Figura Matki Boskiej z Dzieci\u0105tkiem Lokacja \/ Miejsce: L\u0105dek-Zdr\u00f3j, kaplica \u015bw. Rocha, cmentarz komunalny Autor \/ Szko\u0142a \/ Warsztat: B\/D Dzia\u0142: Rze\u017aba Data powstania:\u00a0B\/D Materia\u0142: Piaskowiec Data zagini\u0119cia: po 1980 r. Odzyskane:\u00a0Nie<\/p>\n","protected":false},"author":1,"featured_media":2849,"parent":2831,"menu_order":0,"comment_status":"closed","ping_status":"closed","template":"","meta":[],"_links":{"self":[{"href":"http:\/\/www.przyladekhistorii.pl\/index.php\/wp-json\/wp\/v2\/pages\/2848"}],"collection":[{"href":"http:\/\/www.przyladekhistorii.pl\/index.php\/wp-json\/wp\/v2\/pages"}],"about":[{"href":"http:\/\/www.przyladekhistorii.pl\/index.php\/wp-json\/wp\/v2\/types\/page"}],"author":[{"embeddable":true,"href":"http:\/\/www.przyladekhistorii.pl\/index.php\/wp-json\/wp\/v2\/users\/1"}],"replies":[{"embeddable":true,"href":"http:\/\/www.przyladekhistorii.pl\/index.php\/wp-json\/wp\/v2\/comments?post=2848"}],"version-history":[{"count":2,"href":"http:\/\/www.przyladekhistorii.pl\/index.php\/wp-json\/wp\/v2\/pages\/2848\/revisions"}],"predecessor-version":[{"id":2853,"href":"http:\/\/www.przyladekhistorii.pl\/index.php\/wp-json\/wp\/v2\/pages\/2848\/revisions\/2853"}],"up":[{"embeddable":true,"href":"http:\/\/www.przyladekhistorii.pl\/index.php\/wp-json\/wp\/v2\/pages\/2831"}],"wp:featuredmedia":[{"embeddable":true,"href":"http:\/\/www.przyladekhistorii.pl\/index.php\/wp-json\/wp\/v2\/media\/2849"}],"wp:attachment":[{"href":"http:\/\/www.przyladekhistorii.pl\/index.php\/wp-json\/wp\/v2\/media?parent=2848"}],"curies":[{"name":"wp","href":"https:\/\/api.w.org\/{rel}","templated":true}]}}