{"id":2861,"date":"2021-08-06T12:24:36","date_gmt":"2021-08-06T10:24:36","guid":{"rendered":"http:\/\/www.przyladekhistorii.pl\/?page_id=2861"},"modified":"2021-08-06T12:24:36","modified_gmt":"2021-08-06T10:24:36","slug":"brama-cmentarna","status":"publish","type":"page","link":"http:\/\/www.przyladekhistorii.pl\/index.php\/obiekty-zaginione\/brama-cmentarna\/","title":{"rendered":"Brama cmentarna"},"content":{"rendered":"<p><strong>Okre\u015blenie zabytku:<\/strong> Brama \u017celiwna<br \/>\n<strong>Lokacja \/ Miejsce: <\/strong> L\u0105dek-Zdr\u00f3j, ul. \u015anie\u017cna, brama boczna na ob. cm. parafialny<br \/>\n<strong>Autor \/ Szko\u0142a \/ Warsztat: <\/strong>B\/D<br \/>\n<strong>Dzia\u0142: <\/strong>Obiekt ma\u0142ej architektury<br \/>\n<strong>Data powstania:<\/strong>\u00a0Pocz\u0105tek XX wieku<br \/>\n<strong>Materia\u0142: <\/strong> \u017beliwo<br \/>\n<strong>Data zagini\u0119cia: <\/strong> Lata 60-te XX w.<br \/>\n<strong>Odzyskane:\u00a0<\/strong>Nie<\/p>\n<figure id=\"attachment_2863\" aria-describedby=\"caption-attachment-2863\" style=\"width: 800px\" class=\"wp-caption aligncenter\"><img loading=\"lazy\" class=\"wp-image-2863 size-full\" src=\"http:\/\/www.przyladekhistorii.pl\/wp-content\/uploads\/2021\/08\/brama01.jpg\" alt=\"\" width=\"800\" height=\"600\" srcset=\"http:\/\/www.przyladekhistorii.pl\/wp-content\/uploads\/2021\/08\/brama01.jpg 800w, http:\/\/www.przyladekhistorii.pl\/wp-content\/uploads\/2021\/08\/brama01-300x225.jpg 300w, http:\/\/www.przyladekhistorii.pl\/wp-content\/uploads\/2021\/08\/brama01-768x576.jpg 768w, http:\/\/www.przyladekhistorii.pl\/wp-content\/uploads\/2021\/08\/brama01-360x270.jpg 360w\" sizes=\"(max-width: 800px) 100vw, 800px\" \/><figcaption id=\"caption-attachment-2863\" class=\"wp-caption-text\">Brama zast\u0119pcza wstawiona w miejsce zaginionej. Obok oryginalna, \u017celiwna furta. Zdj\u0119cie ze zbior\u00f3w Stowarzyszenia.<\/dd>\n<dd><\/figcaption><\/figure>\n<figure id=\"attachment_2862\" aria-describedby=\"caption-attachment-2862\" style=\"width: 550px\" class=\"wp-caption aligncenter\"><img loading=\"lazy\" class=\"wp-image-2862 size-full\" src=\"http:\/\/www.przyladekhistorii.pl\/wp-content\/uploads\/2021\/08\/brama02.jpg\" alt=\"\" width=\"550\" height=\"733\" srcset=\"http:\/\/www.przyladekhistorii.pl\/wp-content\/uploads\/2021\/08\/brama02.jpg 550w, http:\/\/www.przyladekhistorii.pl\/wp-content\/uploads\/2021\/08\/brama02-225x300.jpg 225w, http:\/\/www.przyladekhistorii.pl\/wp-content\/uploads\/2021\/08\/brama02-203x270.jpg 203w\" sizes=\"(max-width: 550px) 100vw, 550px\" \/><figcaption id=\"caption-attachment-2862\" class=\"wp-caption-text\">Oryginalna, \u017celiwna furta, w tym samym stylu by\u0142a te\u017c zapewne brama. Zdj\u0119cie ze zbior\u00f3w Stowarzyszenia.<\/figcaption><\/figure>\n","protected":false},"excerpt":{"rendered":"<p>Okre\u015blenie zabytku: Brama \u017celiwna Lokacja \/ Miejsce: L\u0105dek-Zdr\u00f3j, ul. \u015anie\u017cna, brama boczna na ob. cm. parafialny Autor \/ Szko\u0142a \/ Warsztat: B\/D Dzia\u0142: Obiekt ma\u0142ej architektury Data powstania:\u00a0Pocz\u0105tek XX wieku Materia\u0142: \u017beliwo Data zagini\u0119cia: Lata 60-te XX w. Odzyskane:\u00a0Nie<\/p>\n","protected":false},"author":1,"featured_media":2864,"parent":2831,"menu_order":0,"comment_status":"closed","ping_status":"closed","template":"","meta":[],"_links":{"self":[{"href":"http:\/\/www.przyladekhistorii.pl\/index.php\/wp-json\/wp\/v2\/pages\/2861"}],"collection":[{"href":"http:\/\/www.przyladekhistorii.pl\/index.php\/wp-json\/wp\/v2\/pages"}],"about":[{"href":"http:\/\/www.przyladekhistorii.pl\/index.php\/wp-json\/wp\/v2\/types\/page"}],"author":[{"embeddable":true,"href":"http:\/\/www.przyladekhistorii.pl\/index.php\/wp-json\/wp\/v2\/users\/1"}],"replies":[{"embeddable":true,"href":"http:\/\/www.przyladekhistorii.pl\/index.php\/wp-json\/wp\/v2\/comments?post=2861"}],"version-history":[{"count":1,"href":"http:\/\/www.przyladekhistorii.pl\/index.php\/wp-json\/wp\/v2\/pages\/2861\/revisions"}],"predecessor-version":[{"id":2865,"href":"http:\/\/www.przyladekhistorii.pl\/index.php\/wp-json\/wp\/v2\/pages\/2861\/revisions\/2865"}],"up":[{"embeddable":true,"href":"http:\/\/www.przyladekhistorii.pl\/index.php\/wp-json\/wp\/v2\/pages\/2831"}],"wp:featuredmedia":[{"embeddable":true,"href":"http:\/\/www.przyladekhistorii.pl\/index.php\/wp-json\/wp\/v2\/media\/2864"}],"wp:attachment":[{"href":"http:\/\/www.przyladekhistorii.pl\/index.php\/wp-json\/wp\/v2\/media?parent=2861"}],"curies":[{"name":"wp","href":"https:\/\/api.w.org\/{rel}","templated":true}]}}