{"id":2866,"date":"2021-08-06T12:31:20","date_gmt":"2021-08-06T10:31:20","guid":{"rendered":"http:\/\/www.przyladekhistorii.pl\/?page_id=2866"},"modified":"2021-08-06T12:31:20","modified_gmt":"2021-08-06T10:31:20","slug":"figurka-matki-boskiej","status":"publish","type":"page","link":"http:\/\/www.przyladekhistorii.pl\/index.php\/obiekty-zaginione\/figurka-matki-boskiej\/","title":{"rendered":"Figurka Matki Boskiej"},"content":{"rendered":"<p><strong>Okre\u015blenie zabytku:<\/strong> Figurka Matki Boskiej<br \/>\n<strong>Lokacja \/ Miejsce: <\/strong> Trzebieszowice, w pobli\u017cu budynku nr 83<br \/>\n<strong>Autor \/ Szko\u0142a \/ Warsztat: <\/strong>B\/D<br \/>\n<strong>Dzia\u0142: <\/strong>Rze\u017aba<br \/>\n<strong>Data powstania:<\/strong>\u00a0B\/D<br \/>\n<strong>Materia\u0142: <\/strong> B\/D<br \/>\n<strong>Data zagini\u0119cia: <\/strong> B\/D<br \/>\n<strong>Odzyskane:\u00a0<\/strong>Nie<\/p>\n<figure id=\"attachment_2868\" aria-describedby=\"caption-attachment-2868\" style=\"width: 550px\" class=\"wp-caption aligncenter\"><img loading=\"lazy\" class=\"wp-image-2868 size-full\" src=\"http:\/\/www.przyladekhistorii.pl\/wp-content\/uploads\/2021\/08\/figurka.jpg\" alt=\"\" width=\"550\" height=\"733\" srcset=\"http:\/\/www.przyladekhistorii.pl\/wp-content\/uploads\/2021\/08\/figurka.jpg 550w, http:\/\/www.przyladekhistorii.pl\/wp-content\/uploads\/2021\/08\/figurka-225x300.jpg 225w, http:\/\/www.przyladekhistorii.pl\/wp-content\/uploads\/2021\/08\/figurka-203x270.jpg 203w\" sizes=\"(max-width: 550px) 100vw, 550px\" \/><figcaption id=\"caption-attachment-2868\" class=\"wp-caption-text\">Kapliczka, w kt\u00f3rej znajdowa\u0142 si\u0119 figura. Nie dysponujemy zdj\u0119ciem archiwalnym samej figury. Zdj\u0119cie ze zbior\u00f3w Stowarzyszenia.<\/figcaption><\/figure>\n","protected":false},"excerpt":{"rendered":"<p>Okre\u015blenie zabytku: Figurka Matki Boskiej Lokacja \/ Miejsce: Trzebieszowice, w pobli\u017cu budynku nr 83 Autor \/ Szko\u0142a \/ Warsztat: B\/D Dzia\u0142: Rze\u017aba Data powstania:\u00a0B\/D Materia\u0142: B\/D Data zagini\u0119cia: B\/D Odzyskane:\u00a0Nie<\/p>\n","protected":false},"author":1,"featured_media":2867,"parent":2831,"menu_order":0,"comment_status":"closed","ping_status":"closed","template":"","meta":[],"_links":{"self":[{"href":"http:\/\/www.przyladekhistorii.pl\/index.php\/wp-json\/wp\/v2\/pages\/2866"}],"collection":[{"href":"http:\/\/www.przyladekhistorii.pl\/index.php\/wp-json\/wp\/v2\/pages"}],"about":[{"href":"http:\/\/www.przyladekhistorii.pl\/index.php\/wp-json\/wp\/v2\/types\/page"}],"author":[{"embeddable":true,"href":"http:\/\/www.przyladekhistorii.pl\/index.php\/wp-json\/wp\/v2\/users\/1"}],"replies":[{"embeddable":true,"href":"http:\/\/www.przyladekhistorii.pl\/index.php\/wp-json\/wp\/v2\/comments?post=2866"}],"version-history":[{"count":1,"href":"http:\/\/www.przyladekhistorii.pl\/index.php\/wp-json\/wp\/v2\/pages\/2866\/revisions"}],"predecessor-version":[{"id":2869,"href":"http:\/\/www.przyladekhistorii.pl\/index.php\/wp-json\/wp\/v2\/pages\/2866\/revisions\/2869"}],"up":[{"embeddable":true,"href":"http:\/\/www.przyladekhistorii.pl\/index.php\/wp-json\/wp\/v2\/pages\/2831"}],"wp:featuredmedia":[{"embeddable":true,"href":"http:\/\/www.przyladekhistorii.pl\/index.php\/wp-json\/wp\/v2\/media\/2867"}],"wp:attachment":[{"href":"http:\/\/www.przyladekhistorii.pl\/index.php\/wp-json\/wp\/v2\/media?parent=2866"}],"curies":[{"name":"wp","href":"https:\/\/api.w.org\/{rel}","templated":true}]}}