{"id":2870,"date":"2021-08-06T12:47:16","date_gmt":"2021-08-06T10:47:16","guid":{"rendered":"http:\/\/www.przyladekhistorii.pl\/?page_id=2870"},"modified":"2021-08-06T12:47:16","modified_gmt":"2021-08-06T10:47:16","slug":"popiersie-cesarza-wilhelma","status":"publish","type":"page","link":"http:\/\/www.przyladekhistorii.pl\/index.php\/obiekty-zaginione\/popiersie-cesarza-wilhelma\/","title":{"rendered":"Popiersie cesarza Wilhelma"},"content":{"rendered":"<p><strong>Okre\u015blenie zabytku:<\/strong> Popiersie cesarza Wilhelma I<br \/>\n<strong>Lokacja \/ Miejsce: <\/strong> L\u0105dek-Zdr\u00f3j, do 1936r. na ob. Placu Partyzant\u00f3w<br \/>\n<strong>Autor \/ Szko\u0142a \/ Warsztat: <\/strong>Franz Thamm<br \/>\n<strong>Dzia\u0142: <\/strong>Rze\u017aba<br \/>\n<strong>Data powstania:<\/strong>\u00a0ok. 1873 r.<br \/>\n<strong>Materia\u0142: <\/strong> Marmur karraryjski<br \/>\n<strong>Data zagini\u0119cia: <\/strong> po 1945 r.<br \/>\n<strong>Odzyskane:\u00a0<\/strong>Nie<\/p>\n<figure id=\"attachment_2872\" aria-describedby=\"caption-attachment-2872\" style=\"width: 800px\" class=\"wp-caption aligncenter\"><img loading=\"lazy\" class=\"wp-image-2872 size-full\" src=\"http:\/\/www.przyladekhistorii.pl\/wp-content\/uploads\/2021\/08\/Pomnik_cesarza_Wilhelma02.jpg\" alt=\"\" width=\"800\" height=\"522\" srcset=\"http:\/\/www.przyladekhistorii.pl\/wp-content\/uploads\/2021\/08\/Pomnik_cesarza_Wilhelma02.jpg 800w, http:\/\/www.przyladekhistorii.pl\/wp-content\/uploads\/2021\/08\/Pomnik_cesarza_Wilhelma02-300x196.jpg 300w, http:\/\/www.przyladekhistorii.pl\/wp-content\/uploads\/2021\/08\/Pomnik_cesarza_Wilhelma02-768x501.jpg 768w, http:\/\/www.przyladekhistorii.pl\/wp-content\/uploads\/2021\/08\/Pomnik_cesarza_Wilhelma02-414x270.jpg 414w\" sizes=\"(max-width: 800px) 100vw, 800px\" \/><figcaption id=\"caption-attachment-2872\" class=\"wp-caption-text\">Poczt\u00f3wka z pocz\u0105tku XX w., \u017ar\u00f3d\u0142o zdj\u0119cia: https:\/\/polska-org.pl\/<\/dd>\n<dd><\/figcaption><\/figure>\n<figure id=\"attachment_2873\" aria-describedby=\"caption-attachment-2873\" style=\"width: 800px\" class=\"wp-caption aligncenter\"><img loading=\"lazy\" class=\"wp-image-2873 size-full\" src=\"http:\/\/www.przyladekhistorii.pl\/wp-content\/uploads\/2021\/08\/Pomnik_cesarza_Wilhelma01.jpg\" alt=\"\" width=\"800\" height=\"507\" srcset=\"http:\/\/www.przyladekhistorii.pl\/wp-content\/uploads\/2021\/08\/Pomnik_cesarza_Wilhelma01.jpg 800w, http:\/\/www.przyladekhistorii.pl\/wp-content\/uploads\/2021\/08\/Pomnik_cesarza_Wilhelma01-300x190.jpg 300w, http:\/\/www.przyladekhistorii.pl\/wp-content\/uploads\/2021\/08\/Pomnik_cesarza_Wilhelma01-768x487.jpg 768w, http:\/\/www.przyladekhistorii.pl\/wp-content\/uploads\/2021\/08\/Pomnik_cesarza_Wilhelma01-426x270.jpg 426w\" sizes=\"(max-width: 800px) 100vw, 800px\" \/><figcaption id=\"caption-attachment-2873\" class=\"wp-caption-text\">Poczt\u00f3wka z pocz\u0105tku XX w., \u017ar\u00f3d\u0142o zdj\u0119cia: https:\/\/polska-org.pl\/<\/figcaption><\/figure>\n","protected":false},"excerpt":{"rendered":"<p>Okre\u015blenie zabytku: Popiersie cesarza Wilhelma I Lokacja \/ Miejsce: L\u0105dek-Zdr\u00f3j, do 1936r. na ob. Placu Partyzant\u00f3w Autor \/ Szko\u0142a \/ Warsztat: Franz Thamm Dzia\u0142: Rze\u017aba Data powstania:\u00a0ok. 1873 r. Materia\u0142: Marmur karraryjski Data zagini\u0119cia: po 1945 r. Odzyskane:\u00a0Nie<\/p>\n","protected":false},"author":1,"featured_media":2871,"parent":2831,"menu_order":0,"comment_status":"closed","ping_status":"closed","template":"","meta":[],"_links":{"self":[{"href":"http:\/\/www.przyladekhistorii.pl\/index.php\/wp-json\/wp\/v2\/pages\/2870"}],"collection":[{"href":"http:\/\/www.przyladekhistorii.pl\/index.php\/wp-json\/wp\/v2\/pages"}],"about":[{"href":"http:\/\/www.przyladekhistorii.pl\/index.php\/wp-json\/wp\/v2\/types\/page"}],"author":[{"embeddable":true,"href":"http:\/\/www.przyladekhistorii.pl\/index.php\/wp-json\/wp\/v2\/users\/1"}],"replies":[{"embeddable":true,"href":"http:\/\/www.przyladekhistorii.pl\/index.php\/wp-json\/wp\/v2\/comments?post=2870"}],"version-history":[{"count":1,"href":"http:\/\/www.przyladekhistorii.pl\/index.php\/wp-json\/wp\/v2\/pages\/2870\/revisions"}],"predecessor-version":[{"id":2874,"href":"http:\/\/www.przyladekhistorii.pl\/index.php\/wp-json\/wp\/v2\/pages\/2870\/revisions\/2874"}],"up":[{"embeddable":true,"href":"http:\/\/www.przyladekhistorii.pl\/index.php\/wp-json\/wp\/v2\/pages\/2831"}],"wp:featuredmedia":[{"embeddable":true,"href":"http:\/\/www.przyladekhistorii.pl\/index.php\/wp-json\/wp\/v2\/media\/2871"}],"wp:attachment":[{"href":"http:\/\/www.przyladekhistorii.pl\/index.php\/wp-json\/wp\/v2\/media?parent=2870"}],"curies":[{"name":"wp","href":"https:\/\/api.w.org\/{rel}","templated":true}]}}