{"id":2876,"date":"2021-08-06T12:53:44","date_gmt":"2021-08-06T10:53:44","guid":{"rendered":"http:\/\/www.przyladekhistorii.pl\/?page_id=2876"},"modified":"2021-08-06T12:53:44","modified_gmt":"2021-08-06T10:53:44","slug":"krzyz-nagrobny","status":"publish","type":"page","link":"http:\/\/www.przyladekhistorii.pl\/index.php\/obiekty-zaginione\/krzyz-nagrobny\/","title":{"rendered":"Krzy\u017c nagrobny"},"content":{"rendered":"<p><strong>Okre\u015blenie zabytku:<\/strong> Krzy\u017c nagrobny<br \/>\n<strong>Lokacja \/ Miejsce: <\/strong> L\u0105dek-Zdr\u00f3j, cmentarz komunalny<br \/>\n<strong>Autor \/ Szko\u0142a \/ Warsztat: <\/strong>B\/D<br \/>\n<strong>Dzia\u0142: <\/strong>Rze\u017aba<br \/>\n<strong>Data powstania:<\/strong>\u00a0B\/D<br \/>\n<strong>Materia\u0142: <\/strong>Piaskowiec<br \/>\n<strong>Data zagini\u0119cia: <\/strong>ok 2017 r.<br \/>\n<strong>Odzyskane:\u00a0<\/strong>Nie<\/p>\n<figure id=\"attachment_2878\" aria-describedby=\"caption-attachment-2878\" style=\"width: 550px\" class=\"wp-caption aligncenter\"><img loading=\"lazy\" class=\"wp-image-2878 size-full\" src=\"http:\/\/www.przyladekhistorii.pl\/wp-content\/uploads\/2021\/08\/krzyz-nagrobny.jpg\" alt=\"\" width=\"550\" height=\"413\" srcset=\"http:\/\/www.przyladekhistorii.pl\/wp-content\/uploads\/2021\/08\/krzyz-nagrobny.jpg 550w, http:\/\/www.przyladekhistorii.pl\/wp-content\/uploads\/2021\/08\/krzyz-nagrobny-300x225.jpg 300w, http:\/\/www.przyladekhistorii.pl\/wp-content\/uploads\/2021\/08\/krzyz-nagrobny-360x270.jpg 360w\" sizes=\"(max-width: 550px) 100vw, 550px\" \/><figcaption id=\"caption-attachment-2878\" class=\"wp-caption-text\">Zdj\u0119cie ze zbior\u00f3w w\u0142asnych Stowarzyszenia<\/figcaption><\/figure>\n","protected":false},"excerpt":{"rendered":"<p>Okre\u015blenie zabytku: Krzy\u017c nagrobny Lokacja \/ Miejsce: L\u0105dek-Zdr\u00f3j, cmentarz komunalny Autor \/ Szko\u0142a \/ Warsztat: B\/D Dzia\u0142: Rze\u017aba Data powstania:\u00a0B\/D Materia\u0142: Piaskowiec Data zagini\u0119cia: ok 2017 r. Odzyskane:\u00a0Nie<\/p>\n","protected":false},"author":1,"featured_media":2877,"parent":2831,"menu_order":0,"comment_status":"closed","ping_status":"closed","template":"","meta":[],"_links":{"self":[{"href":"http:\/\/www.przyladekhistorii.pl\/index.php\/wp-json\/wp\/v2\/pages\/2876"}],"collection":[{"href":"http:\/\/www.przyladekhistorii.pl\/index.php\/wp-json\/wp\/v2\/pages"}],"about":[{"href":"http:\/\/www.przyladekhistorii.pl\/index.php\/wp-json\/wp\/v2\/types\/page"}],"author":[{"embeddable":true,"href":"http:\/\/www.przyladekhistorii.pl\/index.php\/wp-json\/wp\/v2\/users\/1"}],"replies":[{"embeddable":true,"href":"http:\/\/www.przyladekhistorii.pl\/index.php\/wp-json\/wp\/v2\/comments?post=2876"}],"version-history":[{"count":1,"href":"http:\/\/www.przyladekhistorii.pl\/index.php\/wp-json\/wp\/v2\/pages\/2876\/revisions"}],"predecessor-version":[{"id":2879,"href":"http:\/\/www.przyladekhistorii.pl\/index.php\/wp-json\/wp\/v2\/pages\/2876\/revisions\/2879"}],"up":[{"embeddable":true,"href":"http:\/\/www.przyladekhistorii.pl\/index.php\/wp-json\/wp\/v2\/pages\/2831"}],"wp:featuredmedia":[{"embeddable":true,"href":"http:\/\/www.przyladekhistorii.pl\/index.php\/wp-json\/wp\/v2\/media\/2877"}],"wp:attachment":[{"href":"http:\/\/www.przyladekhistorii.pl\/index.php\/wp-json\/wp\/v2\/media?parent=2876"}],"curies":[{"name":"wp","href":"https:\/\/api.w.org\/{rel}","templated":true}]}}