{"id":2880,"date":"2021-08-06T12:58:12","date_gmt":"2021-08-06T10:58:12","guid":{"rendered":"http:\/\/www.przyladekhistorii.pl\/?page_id=2880"},"modified":"2021-11-21T20:38:15","modified_gmt":"2021-11-21T19:38:15","slug":"figura-aniola","status":"publish","type":"page","link":"http:\/\/www.przyladekhistorii.pl\/index.php\/obiekty-zaginione\/figura-aniola\/","title":{"rendered":"Figura anio\u0142a"},"content":{"rendered":"<p><strong>Okre\u015blenie zabytku:<\/strong> Figura anio\u0142a<br \/>\n<strong>Lokacja \/ Miejsce: <\/strong> L\u0105dek-Zdr\u00f3j, przy drodze do K\u0142odzka, przed wjazdem do Radochowa<br \/>\n<strong>Autor \/ Szko\u0142a \/ Warsztat: <\/strong>B\/D<br \/>\n<strong>Dzia\u0142: <\/strong>Rze\u017aba<br \/>\n<strong>Data powstania:<\/strong>\u00a0ok. 1800 r.<br \/>\n<strong>Materia\u0142: <\/strong>Piaskowiec<br \/>\n<strong>Data zagini\u0119cia: <\/strong>29\/30 czerwca 1998 r.<br \/>\n<strong>Odzyskane:\u00a0<\/strong>Nie<\/p>\n<figure id=\"attachment_2882\" aria-describedby=\"caption-attachment-2882\" style=\"width: 550px\" class=\"wp-caption aligncenter\"><img loading=\"lazy\" class=\"wp-image-2882 size-full\" src=\"http:\/\/www.przyladekhistorii.pl\/wp-content\/uploads\/2021\/08\/figura-aniola.jpg\" alt=\"\" width=\"550\" height=\"733\" srcset=\"http:\/\/www.przyladekhistorii.pl\/wp-content\/uploads\/2021\/08\/figura-aniola.jpg 550w, http:\/\/www.przyladekhistorii.pl\/wp-content\/uploads\/2021\/08\/figura-aniola-225x300.jpg 225w, http:\/\/www.przyladekhistorii.pl\/wp-content\/uploads\/2021\/08\/figura-aniola-203x270.jpg 203w\" sizes=\"(max-width: 550px) 100vw, 550px\" \/><figcaption id=\"caption-attachment-2882\" class=\"wp-caption-text\">Nie dysponujemy zdj\u0119ciem archiwalnym samej figury. Zdj\u0119cie ze zbior\u00f3w w\u0142asnych Stowarzyszenia.<\/figcaption><\/figure>\n","protected":false},"excerpt":{"rendered":"<p>Okre\u015blenie zabytku: Figura anio\u0142a Lokacja \/ Miejsce: L\u0105dek-Zdr\u00f3j, przy drodze do K\u0142odzka, przed wjazdem do Radochowa Autor \/ Szko\u0142a \/ Warsztat: B\/D Dzia\u0142: Rze\u017aba Data powstania:\u00a0ok. 1800 r. Materia\u0142: Piaskowiec Data zagini\u0119cia: 29\/30 czerwca 1998 r. Odzyskane:\u00a0Nie<\/p>\n","protected":false},"author":1,"featured_media":2881,"parent":2831,"menu_order":0,"comment_status":"closed","ping_status":"closed","template":"","meta":[],"_links":{"self":[{"href":"http:\/\/www.przyladekhistorii.pl\/index.php\/wp-json\/wp\/v2\/pages\/2880"}],"collection":[{"href":"http:\/\/www.przyladekhistorii.pl\/index.php\/wp-json\/wp\/v2\/pages"}],"about":[{"href":"http:\/\/www.przyladekhistorii.pl\/index.php\/wp-json\/wp\/v2\/types\/page"}],"author":[{"embeddable":true,"href":"http:\/\/www.przyladekhistorii.pl\/index.php\/wp-json\/wp\/v2\/users\/1"}],"replies":[{"embeddable":true,"href":"http:\/\/www.przyladekhistorii.pl\/index.php\/wp-json\/wp\/v2\/comments?post=2880"}],"version-history":[{"count":2,"href":"http:\/\/www.przyladekhistorii.pl\/index.php\/wp-json\/wp\/v2\/pages\/2880\/revisions"}],"predecessor-version":[{"id":2966,"href":"http:\/\/www.przyladekhistorii.pl\/index.php\/wp-json\/wp\/v2\/pages\/2880\/revisions\/2966"}],"up":[{"embeddable":true,"href":"http:\/\/www.przyladekhistorii.pl\/index.php\/wp-json\/wp\/v2\/pages\/2831"}],"wp:featuredmedia":[{"embeddable":true,"href":"http:\/\/www.przyladekhistorii.pl\/index.php\/wp-json\/wp\/v2\/media\/2881"}],"wp:attachment":[{"href":"http:\/\/www.przyladekhistorii.pl\/index.php\/wp-json\/wp\/v2\/media?parent=2880"}],"curies":[{"name":"wp","href":"https:\/\/api.w.org\/{rel}","templated":true}]}}