{"id":2884,"date":"2021-08-06T13:07:01","date_gmt":"2021-08-06T11:07:01","guid":{"rendered":"http:\/\/www.przyladekhistorii.pl\/?page_id=2884"},"modified":"2021-08-06T13:07:01","modified_gmt":"2021-08-06T11:07:01","slug":"figury-z-grupy-figuralnej","status":"publish","type":"page","link":"http:\/\/www.przyladekhistorii.pl\/index.php\/obiekty-zaginione\/figury-z-grupy-figuralnej\/","title":{"rendered":"Figury z grupy figuralnej"},"content":{"rendered":"<p><strong>Okre\u015blenie zabytku:<\/strong> Figura ukrzy\u017cowanego Chrystusa i\u00a0figura \u015bw. Jana Ewangelisty<br \/>\n<strong>Lokacja \/ Miejsce: <\/strong> Skrzynka, obok ko\u015bcio\u0142a parafialnego<br \/>\n<strong>Autor \/ Szko\u0142a \/ Warsztat: <\/strong>H.Rasch<br \/>\n<strong>Dzia\u0142: <\/strong>Rze\u017aba<br \/>\n<strong>Data powstania:<\/strong>\u00a0ok. 1867 r.<br \/>\n<strong>Materia\u0142: <\/strong>Piaskowiec<br \/>\n<strong>Data zagini\u0119cia: <\/strong>B\/D<br \/>\n<strong>Odzyskane:\u00a0<\/strong>Nie<\/p>\n<figure id=\"attachment_2887\" aria-describedby=\"caption-attachment-2887\" style=\"width: 550px\" class=\"wp-caption aligncenter\"><img loading=\"lazy\" class=\"wp-image-2887 size-full\" src=\"http:\/\/www.przyladekhistorii.pl\/wp-content\/uploads\/2021\/08\/grupa-figuralna.jpg\" alt=\"\" width=\"550\" height=\"733\" srcset=\"http:\/\/www.przyladekhistorii.pl\/wp-content\/uploads\/2021\/08\/grupa-figuralna.jpg 550w, http:\/\/www.przyladekhistorii.pl\/wp-content\/uploads\/2021\/08\/grupa-figuralna-225x300.jpg 225w, http:\/\/www.przyladekhistorii.pl\/wp-content\/uploads\/2021\/08\/grupa-figuralna-203x270.jpg 203w\" sizes=\"(max-width: 550px) 100vw, 550px\" \/><figcaption id=\"caption-attachment-2887\" class=\"wp-caption-text\">Brak zdj\u0119cia archiwalnego. Stan na 2019 r. Zdj\u0119cie ze zbior\u00f3w w\u0142asnych Stowarzyszenia.<\/figcaption><\/figure>\n","protected":false},"excerpt":{"rendered":"<p>Okre\u015blenie zabytku: Figura ukrzy\u017cowanego Chrystusa i\u00a0figura \u015bw. Jana Ewangelisty Lokacja \/ Miejsce: Skrzynka, obok ko\u015bcio\u0142a parafialnego Autor \/ Szko\u0142a \/ Warsztat: H.Rasch Dzia\u0142: Rze\u017aba Data powstania:\u00a0ok. 1867 r. Materia\u0142: Piaskowiec Data zagini\u0119cia: B\/D Odzyskane:\u00a0Nie<\/p>\n","protected":false},"author":1,"featured_media":2886,"parent":2831,"menu_order":0,"comment_status":"closed","ping_status":"closed","template":"","meta":[],"_links":{"self":[{"href":"http:\/\/www.przyladekhistorii.pl\/index.php\/wp-json\/wp\/v2\/pages\/2884"}],"collection":[{"href":"http:\/\/www.przyladekhistorii.pl\/index.php\/wp-json\/wp\/v2\/pages"}],"about":[{"href":"http:\/\/www.przyladekhistorii.pl\/index.php\/wp-json\/wp\/v2\/types\/page"}],"author":[{"embeddable":true,"href":"http:\/\/www.przyladekhistorii.pl\/index.php\/wp-json\/wp\/v2\/users\/1"}],"replies":[{"embeddable":true,"href":"http:\/\/www.przyladekhistorii.pl\/index.php\/wp-json\/wp\/v2\/comments?post=2884"}],"version-history":[{"count":1,"href":"http:\/\/www.przyladekhistorii.pl\/index.php\/wp-json\/wp\/v2\/pages\/2884\/revisions"}],"predecessor-version":[{"id":2888,"href":"http:\/\/www.przyladekhistorii.pl\/index.php\/wp-json\/wp\/v2\/pages\/2884\/revisions\/2888"}],"up":[{"embeddable":true,"href":"http:\/\/www.przyladekhistorii.pl\/index.php\/wp-json\/wp\/v2\/pages\/2831"}],"wp:featuredmedia":[{"embeddable":true,"href":"http:\/\/www.przyladekhistorii.pl\/index.php\/wp-json\/wp\/v2\/media\/2886"}],"wp:attachment":[{"href":"http:\/\/www.przyladekhistorii.pl\/index.php\/wp-json\/wp\/v2\/media?parent=2884"}],"curies":[{"name":"wp","href":"https:\/\/api.w.org\/{rel}","templated":true}]}}