{"id":294,"date":"2018-11-09T18:19:20","date_gmt":"2018-11-09T17:19:20","guid":{"rendered":"http:\/\/www.podkamien.pl\/przyladek\/?page_id=294"},"modified":"2023-05-03T16:32:43","modified_gmt":"2023-05-03T14:32:43","slug":"kolumna-maryjna","status":"publish","type":"page","link":"http:\/\/www.przyladekhistorii.pl\/index.php\/figury\/kolumna-maryjna\/","title":{"rendered":"Kolumna Maryjna"},"content":{"rendered":"<p style=\"text-align: justify;\"><span style=\"color: #000000;\">Przy ulicy K\u0142odzkiej, zaraz obok stacji paliw stoi kolumna z figur\u0105 Maryi z Dzieci\u0105tkiem. Z ty\u0142u coko\u0142u umieszczone s\u0105 inicja\u0142y wykonawcy (A.C.) i data wykonania figury (1806), pod spodem umieszczony jest jeszcze trzylinijkowy tekst, niestety zatarty z\u0119bem czasu (piaskowiec, z kt\u00f3rego wykonano ca\u0142o\u015b\u0107 nie jest najtrwalszym materia\u0142em). Z przodu coko\u0142u mamy natomiast s\u0142owa <\/span><\/p>\n<blockquote>\n<p style=\"text-align: center;\"><strong><span style=\"color: #000000;\">Heilige \/ MARIA \/ bitte \/ f\u00fcr uns<\/span><\/strong><\/p>\n<p style=\"text-align: center;\"><span style=\"color: #000000;\">(\u015awi\u0119ta Mario m\u00f3dl si\u0119 za nami).<\/span><\/p>\n<\/blockquote>\n<p><img loading=\"lazy\" class=\"aligncenter wp-image-299 size-full\" src=\"http:\/\/www.przyladekhistorii.pl\/wp-content\/uploads\/2018\/11\/figura4-3.jpg\" alt=\"\" width=\"600\" height=\"800\" srcset=\"http:\/\/www.przyladekhistorii.pl\/wp-content\/uploads\/2018\/11\/figura4-3.jpg 600w, http:\/\/www.przyladekhistorii.pl\/wp-content\/uploads\/2018\/11\/figura4-3-225x300.jpg 225w\" sizes=\"(max-width: 600px) 100vw, 600px\" \/><\/p>\n<p style=\"text-align: justify;\"><span style=\"color: #000000;\">Wed\u0142ug Marka Sikorskiego (L\u0105dek-Zdr\u00f3<\/span><span class=\"text_exposed_show\"><span style=\"color: #000000;\">j. Historia i zabytki) figura z l\u0105deckiej kolumny to kopia wambierzyckiej figurki Matki Boskiej z Dzieci\u0105tkiem. <\/span><br \/>\n<span style=\"color: #000000;\">Jezus w d\u0142oniach trzyma ptaka, jest to chrze\u015bcija\u0144ski symbol maj\u0105cy r\u00f3\u017cnorodne znaczenie. Sam ptak mo\u017ce symbolizowa\u0107 zbawienie lub Chrystusa ratuj\u0105cego ludzkie dusze, je\u015bli natomiast jest to konkretny gatunek ptaka, np. szczygie\u0142, to mo\u017cna go odczytywa\u0107 jako symbol pasji Chrystusa, jego \u015bmierci oraz zmartwychwstania. Wierzono w to, \u017ce szczygie\u0142 wyjmowa\u0142 ciernie z korony (symbolizuj\u0105ce m\u0119k\u0119 i cierpienie) wbite w g\u0142ow\u0119 Chrystusa, gdy wisia\u0142 On na krzy\u017cu.<\/span><\/span><\/p>\n<p style=\"text-align: justify;\"><span class=\"text_exposed_show\"><img loading=\"lazy\" class=\"aligncenter wp-image-298 size-full\" src=\"http:\/\/www.przyladekhistorii.pl\/wp-content\/uploads\/2018\/11\/figura3-3.jpg\" alt=\"\" width=\"600\" height=\"800\" srcset=\"http:\/\/www.przyladekhistorii.pl\/wp-content\/uploads\/2018\/11\/figura3-3.jpg 600w, http:\/\/www.przyladekhistorii.pl\/wp-content\/uploads\/2018\/11\/figura3-3-225x300.jpg 225w\" sizes=\"(max-width: 600px) 100vw, 600px\" \/><br \/>\n<span style=\"color: #000000;\">Matka Boska trzyma za\u015b w r\u0119ku owoc granatu, kt\u00f3ry tak\u017ce ma wielorak\u0105 symbolik\u0119 w chrze\u015bcija\u0144stwie. Jest zar\u00f3wno symbolem p\u0142odno\u015bci (ze wzgl\u0119du na du\u017c\u0105 ilo\u015b\u0107 ziarenek), jak i symbolem \u017cycia (d\u0142ugo kwitnie i nigdy nie traci li\u015bci). Symbolizuje tak\u017ce m\u0119cze\u0144stwo (ze wzgl\u0119du na czerwony kolor) oraz zmartwychwstanie. Z kolei &#8220;Pie\u015bni nad Pie\u015bniami&#8221; drzewo granatu pojawia si\u0119 jako symbol mi\u0142o\u015bci Boga do ludzi.<\/span> <\/span><\/p>\n<p><span style=\"color: #000000;\"><strong>Miejscowo\u015b\u0107:<\/strong> L\u0105dek-Zdr\u00f3j<\/span><br \/>\n<span style=\"color: #000000;\"><strong>Fundator: <\/strong>[?]<\/span><br \/>\n<span style=\"color: #000000;\"><strong>Autor:<\/strong> [?]<\/span><br \/>\n<span style=\"color: #000000;\"><strong>Data powstania:<\/strong> 1806 r.<\/span><\/p>\n<p style=\"text-align: center;\"><img loading=\"lazy\" class=\"aligncenter wp-image-303 size-full\" src=\"http:\/\/www.przyladekhistorii.pl\/wp-content\/uploads\/2018\/11\/figura8-3.jpg\" alt=\"\" width=\"600\" height=\"800\" srcset=\"http:\/\/www.przyladekhistorii.pl\/wp-content\/uploads\/2018\/11\/figura8-3.jpg 600w, http:\/\/www.przyladekhistorii.pl\/wp-content\/uploads\/2018\/11\/figura8-3-225x300.jpg 225w\" sizes=\"(max-width: 600px) 100vw, 600px\" \/><\/p>\n<p style=\"text-align: center;\"><img loading=\"lazy\" class=\"aligncenter wp-image-301 size-full\" src=\"http:\/\/www.przyladekhistorii.pl\/wp-content\/uploads\/2018\/11\/figura6-3.jpg\" alt=\"\" width=\"600\" height=\"800\" srcset=\"http:\/\/www.przyladekhistorii.pl\/wp-content\/uploads\/2018\/11\/figura6-3.jpg 600w, http:\/\/www.przyladekhistorii.pl\/wp-content\/uploads\/2018\/11\/figura6-3-225x300.jpg 225w\" sizes=\"(max-width: 600px) 100vw, 600px\" \/><\/p>\n<p style=\"text-align: center;\">\u00a0<img loading=\"lazy\" class=\"aligncenter wp-image-297 size-full\" src=\"http:\/\/www.przyladekhistorii.pl\/wp-content\/uploads\/2018\/11\/figura2-3.jpg\" alt=\"\" width=\"600\" height=\"800\" srcset=\"http:\/\/www.przyladekhistorii.pl\/wp-content\/uploads\/2018\/11\/figura2-3.jpg 600w, http:\/\/www.przyladekhistorii.pl\/wp-content\/uploads\/2018\/11\/figura2-3-225x300.jpg 225w\" sizes=\"(max-width: 600px) 100vw, 600px\" \/><\/p>\n<p><img loading=\"lazy\" class=\"aligncenter wp-image-300 size-full\" src=\"http:\/\/www.przyladekhistorii.pl\/wp-content\/uploads\/2018\/11\/figura5-3.jpg\" alt=\"\" width=\"600\" height=\"800\" srcset=\"http:\/\/www.przyladekhistorii.pl\/wp-content\/uploads\/2018\/11\/figura5-3.jpg 600w, http:\/\/www.przyladekhistorii.pl\/wp-content\/uploads\/2018\/11\/figura5-3-225x300.jpg 225w\" sizes=\"(max-width: 600px) 100vw, 600px\" \/><\/p>\n","protected":false},"excerpt":{"rendered":"<p>Przy ulicy K\u0142odzkiej, zaraz obok stacji paliw stoi kolumna z figur\u0105 Maryi z Dzieci\u0105tkiem. Z ty\u0142u coko\u0142u umieszczone s\u0105 inicja\u0142y wykonawcy (A.C.) i data wykonania figury (1806), pod spodem umieszczony jest jeszcze trzylinijkowy tekst, niestety zatarty z\u0119bem czasu (piaskowiec, z kt\u00f3rego wykonano ca\u0142o\u015b\u0107 nie jest najtrwalszym materia\u0142em). Z przodu coko\u0142u mamy natomiast s\u0142owa Heilige \/ MARIA \/ bitte \/ f\u00fcr uns (\u015awi\u0119ta Mario m\u00f3dl si\u0119 za nami). Wed\u0142ug Marka Sikorskiego (L\u0105dek-Zdr\u00f3j. Historia i zabytki) figura z l\u0105deckiej kolumny to kopia&#8230;<\/p>\n<p class=\"read-more\"><a class=\"btn btn-default\" href=\"http:\/\/www.przyladekhistorii.pl\/index.php\/figury\/kolumna-maryjna\/\"> Read More<span class=\"screen-reader-text\">  Read More<\/span><\/a><\/p>\n","protected":false},"author":1,"featured_media":296,"parent":24,"menu_order":0,"comment_status":"open","ping_status":"closed","template":"","meta":[],"_links":{"self":[{"href":"http:\/\/www.przyladekhistorii.pl\/index.php\/wp-json\/wp\/v2\/pages\/294"}],"collection":[{"href":"http:\/\/www.przyladekhistorii.pl\/index.php\/wp-json\/wp\/v2\/pages"}],"about":[{"href":"http:\/\/www.przyladekhistorii.pl\/index.php\/wp-json\/wp\/v2\/types\/page"}],"author":[{"embeddable":true,"href":"http:\/\/www.przyladekhistorii.pl\/index.php\/wp-json\/wp\/v2\/users\/1"}],"replies":[{"embeddable":true,"href":"http:\/\/www.przyladekhistorii.pl\/index.php\/wp-json\/wp\/v2\/comments?post=294"}],"version-history":[{"count":5,"href":"http:\/\/www.przyladekhistorii.pl\/index.php\/wp-json\/wp\/v2\/pages\/294\/revisions"}],"predecessor-version":[{"id":3469,"href":"http:\/\/www.przyladekhistorii.pl\/index.php\/wp-json\/wp\/v2\/pages\/294\/revisions\/3469"}],"up":[{"embeddable":true,"href":"http:\/\/www.przyladekhistorii.pl\/index.php\/wp-json\/wp\/v2\/pages\/24"}],"wp:featuredmedia":[{"embeddable":true,"href":"http:\/\/www.przyladekhistorii.pl\/index.php\/wp-json\/wp\/v2\/media\/296"}],"wp:attachment":[{"href":"http:\/\/www.przyladekhistorii.pl\/index.php\/wp-json\/wp\/v2\/media?parent=294"}],"curies":[{"name":"wp","href":"https:\/\/api.w.org\/{rel}","templated":true}]}}