{"id":2971,"date":"2021-11-21T21:07:46","date_gmt":"2021-11-21T20:07:46","guid":{"rendered":"http:\/\/www.przyladekhistorii.pl\/?page_id=2971"},"modified":"2021-11-21T21:11:49","modified_gmt":"2021-11-21T20:11:49","slug":"figurka-z-okna-witrazowego","status":"publish","type":"page","link":"http:\/\/www.przyladekhistorii.pl\/index.php\/obiekty-zaginione\/figurka-z-okna-witrazowego\/","title":{"rendered":"Figurka z okna witra\u017cowego"},"content":{"rendered":"<p><strong>Okre\u015blenie zabytku:<\/strong> Figurka anio\u0142ka ze zwie\u0144czenia okna witra\u017cowego<br \/>\n<strong>Lokacja \/ Miejsce: <\/strong> L\u0105dek-Zdr\u00f3j, ul. Zdrojowa, ko\u015bci\u00f3\u0142 ewangelicki<br \/>\n<strong>Autor \/ Szko\u0142a \/ Warsztat: <\/strong>B\/D<br \/>\n<strong>Dzia\u0142: <\/strong>Obiekt ma\u0142ej architektury<br \/>\n<strong>Data powstania:<\/strong>\u00a01924-1929 r.<br \/>\n<strong>Materia\u0142: <\/strong> Piaskowiec<br \/>\n<strong>Data zagini\u0119cia: <\/strong> 8 kwietnia 1999 r.<br \/>\n<strong>Odzyskane:\u00a0<\/strong>Nie<\/p>\n<p><img loading=\"lazy\" class=\"aligncenter wp-image-2974 size-full\" src=\"http:\/\/www.przyladekhistorii.pl\/wp-content\/uploads\/2021\/11\/kosciol01.jpg\" alt=\"\" width=\"800\" height=\"1067\" srcset=\"http:\/\/www.przyladekhistorii.pl\/wp-content\/uploads\/2021\/11\/kosciol01.jpg 800w, http:\/\/www.przyladekhistorii.pl\/wp-content\/uploads\/2021\/11\/kosciol01-225x300.jpg 225w, http:\/\/www.przyladekhistorii.pl\/wp-content\/uploads\/2021\/11\/kosciol01-768x1024.jpg 768w, http:\/\/www.przyladekhistorii.pl\/wp-content\/uploads\/2021\/11\/kosciol01-202x270.jpg 202w\" sizes=\"(max-width: 800px) 100vw, 800px\" \/><\/p>\n","protected":false},"excerpt":{"rendered":"<p>Okre\u015blenie zabytku: Figurka anio\u0142ka ze zwie\u0144czenia okna witra\u017cowego Lokacja \/ Miejsce: L\u0105dek-Zdr\u00f3j, ul. Zdrojowa, ko\u015bci\u00f3\u0142 ewangelicki Autor \/ Szko\u0142a \/ Warsztat: B\/D Dzia\u0142: Obiekt ma\u0142ej architektury Data powstania:\u00a01924-1929 r. Materia\u0142: Piaskowiec Data zagini\u0119cia: 8 kwietnia 1999 r. Odzyskane:\u00a0Nie<\/p>\n","protected":false},"author":1,"featured_media":0,"parent":2831,"menu_order":0,"comment_status":"closed","ping_status":"closed","template":"","meta":[],"_links":{"self":[{"href":"http:\/\/www.przyladekhistorii.pl\/index.php\/wp-json\/wp\/v2\/pages\/2971"}],"collection":[{"href":"http:\/\/www.przyladekhistorii.pl\/index.php\/wp-json\/wp\/v2\/pages"}],"about":[{"href":"http:\/\/www.przyladekhistorii.pl\/index.php\/wp-json\/wp\/v2\/types\/page"}],"author":[{"embeddable":true,"href":"http:\/\/www.przyladekhistorii.pl\/index.php\/wp-json\/wp\/v2\/users\/1"}],"replies":[{"embeddable":true,"href":"http:\/\/www.przyladekhistorii.pl\/index.php\/wp-json\/wp\/v2\/comments?post=2971"}],"version-history":[{"count":4,"href":"http:\/\/www.przyladekhistorii.pl\/index.php\/wp-json\/wp\/v2\/pages\/2971\/revisions"}],"predecessor-version":[{"id":2977,"href":"http:\/\/www.przyladekhistorii.pl\/index.php\/wp-json\/wp\/v2\/pages\/2971\/revisions\/2977"}],"up":[{"embeddable":true,"href":"http:\/\/www.przyladekhistorii.pl\/index.php\/wp-json\/wp\/v2\/pages\/2831"}],"wp:attachment":[{"href":"http:\/\/www.przyladekhistorii.pl\/index.php\/wp-json\/wp\/v2\/media?parent=2971"}],"curies":[{"name":"wp","href":"https:\/\/api.w.org\/{rel}","templated":true}]}}