{"id":321,"date":"2018-11-09T21:11:48","date_gmt":"2018-11-09T20:11:48","guid":{"rendered":"http:\/\/www.podkamien.pl\/przyladek\/?page_id=321"},"modified":"2023-05-07T20:01:21","modified_gmt":"2023-05-07T18:01:21","slug":"sw-jan-nepomucen-w-trzebieszowicach-2","status":"publish","type":"page","link":"http:\/\/www.przyladekhistorii.pl\/index.php\/figury\/sw-jan-nepomucen-w-trzebieszowicach-2\/","title":{"rendered":"\u015aw. Jan Nepomucen w Trzebieszowicach"},"content":{"rendered":"<p style=\"text-align: justify;\"><span style=\"color: #000000;\">Kolejna z figur \u015bw. Jana Nepomucena znajduj\u0105cych si\u0119 we wsi Trzebieszowice. Tym razem stoj\u0105ca vis-a-vis plebanii przy drodze prowadz\u0105cej z Zamku na Skale do ko\u015bcio\u0142a \u015bw. Andrzeja. \u015awi\u0119ty zosta\u0142 przedstawiony w do\u015b\u0107 nietypowej formie, ot\u00f3\u017c kl\u0119czy on na chmurkach, spo\u015br\u00f3d kt\u00f3rych wy\u0142ania si\u0119 g\u0142owa anio\u0142ka. Sprawia to wra\u017cenie unoszenia \u015bw. Jana Nepomucena do nieba. Na prawej r\u0119ce podtrzymuje on krzy\u017c z palm\u0105 m\u0119cze\u0144stwa, w lewej dzier\u017cy za\u015b k\u0142\u00f3dk\u0119 jako symbol zachowania tajemnicy spowiedzi. K\u0142\u00f3dka, jako jeden z atrybut\u00f3w tego \u015bwi\u0119tego, przedstawiona jest te\u017c na cokole figury stoj\u0105cej przy drodze z K\u0142odzka do L\u0105dka. Biret \u015bwi\u0119tego z\u0142o\u017cony jest u jego st\u00f3p na chmurce.<\/span><\/p>\n<p style=\"text-align: justify;\"><img loading=\"lazy\" class=\"aligncenter wp-image-327 size-full\" src=\"http:\/\/www.przyladekhistorii.pl\/wp-content\/uploads\/2018\/11\/figura5-5.jpg\" alt=\"\" width=\"600\" height=\"800\" srcset=\"http:\/\/www.przyladekhistorii.pl\/wp-content\/uploads\/2018\/11\/figura5-5.jpg 600w, http:\/\/www.przyladekhistorii.pl\/wp-content\/uploads\/2018\/11\/figura5-5-225x300.jpg 225w\" sizes=\"(max-width: 600px) 100vw, 600px\" \/><br \/>\n<span style=\"color: #000000;\">Do coko\u0142u przytwierdzone s\u0105 pozosta\u0142o\u015bci po dw\u00f3ch wysi\u0119gnikach, wedle informacji zawartych w Internecie, s\u0105 to resztki po latarniach umar\u0142ych. Latarnie takie umieszczano w miejscach zwi\u0105zanych ze \u015bmierci\u0105 (cmentarzach, szpitalach, przytu\u0142kach czy leprozoriach).<\/span><br \/>\n<span style=\"color: #000000;\">Na g\u00f3rze coko\u0142u umieszczono ozdobiony li\u015b\u0107mi akantu medalion z monogramem &#8211; prawdopodobnie fundatora. Moja pr\u00f3ba odczytanie zako\u0144czy\u0142a si\u0119 niepowodzeniem. Jedyn\u0105 liter\u0105, kt\u00f3r\u0105 dostrzeg\u0142em by\u0142a litera &#8220;A&#8221;.<\/span><\/p>\n<p style=\"text-align: justify;\"><img loading=\"lazy\" class=\"aligncenter wp-image-324 size-full\" src=\"http:\/\/www.przyladekhistorii.pl\/wp-content\/uploads\/2018\/11\/figura5-2-1.jpg\" alt=\"\" width=\"600\" height=\"450\" srcset=\"http:\/\/www.przyladekhistorii.pl\/wp-content\/uploads\/2018\/11\/figura5-2-1.jpg 600w, http:\/\/www.przyladekhistorii.pl\/wp-content\/uploads\/2018\/11\/figura5-2-1-300x225.jpg 300w\" sizes=\"(max-width: 600px) 100vw, 600px\" \/><br \/>\n<span style=\"color: #000000;\">Ni\u017cej wykuto w p\u0142ycinie inskrypcj\u0119 z chronostychem: <\/span><\/p>\n<blockquote>\n<p style=\"text-align: center;\"><span style=\"color: #000000;\">&#8220;<strong>LILIato honorIs \/ ConserVatorI pVrpVra \/ to Igno MInIae aVersorI \/ Vota DeposVIt&#8221;.<\/strong> <\/span><\/p>\n<\/blockquote>\n<p style=\"text-align: justify;\"><span style=\"color: #000000;\">Zsumowanie wszystkich liczb rzymskich daje nam dat\u0119 ufundowania figury &#8211; 1737 r.<\/span><\/p>\n<p><span style=\"color: #000000;\"><strong>Miejscowo\u015b\u0107:<\/strong> Trzebieszowice<\/span><br \/>\n<span style=\"color: #000000;\"><strong>Fundator: <\/strong>[?]<\/span><br \/>\n<span style=\"color: #000000;\"><strong>Autor:<\/strong> [?]<\/span><br \/>\n<span style=\"color: #000000;\"><strong>Data powstania:<\/strong> 1737 r.<\/span><\/p>\n<p style=\"text-align: center;\"><img loading=\"lazy\" class=\"aligncenter wp-image-326 size-full\" src=\"http:\/\/www.przyladekhistorii.pl\/wp-content\/uploads\/2018\/11\/figura5-4-1.jpg\" alt=\"\" width=\"600\" height=\"800\" srcset=\"http:\/\/www.przyladekhistorii.pl\/wp-content\/uploads\/2018\/11\/figura5-4-1.jpg 600w, http:\/\/www.przyladekhistorii.pl\/wp-content\/uploads\/2018\/11\/figura5-4-1-225x300.jpg 225w\" sizes=\"(max-width: 600px) 100vw, 600px\" \/><\/p>\n<p style=\"text-align: center;\"><img loading=\"lazy\" class=\"alignnone wp-image-325 size-full\" src=\"http:\/\/www.przyladekhistorii.pl\/wp-content\/uploads\/2018\/11\/figura5-3-1.jpg\" alt=\"\" width=\"600\" height=\"800\" srcset=\"http:\/\/www.przyladekhistorii.pl\/wp-content\/uploads\/2018\/11\/figura5-3-1.jpg 600w, http:\/\/www.przyladekhistorii.pl\/wp-content\/uploads\/2018\/11\/figura5-3-1-225x300.jpg 225w\" sizes=\"(max-width: 600px) 100vw, 600px\" \/><\/p>\n<p><img loading=\"lazy\" class=\"aligncenter wp-image-323 size-full\" src=\"http:\/\/www.przyladekhistorii.pl\/wp-content\/uploads\/2018\/11\/figura5-1-1.jpg\" alt=\"\" width=\"600\" height=\"800\" srcset=\"http:\/\/www.przyladekhistorii.pl\/wp-content\/uploads\/2018\/11\/figura5-1-1.jpg 600w, http:\/\/www.przyladekhistorii.pl\/wp-content\/uploads\/2018\/11\/figura5-1-1-225x300.jpg 225w\" sizes=\"(max-width: 600px) 100vw, 600px\" \/><\/p>\n","protected":false},"excerpt":{"rendered":"<p>Kolejna z figur \u015bw. Jana Nepomucena znajduj\u0105cych si\u0119 we wsi Trzebieszowice. Tym razem stoj\u0105ca vis-a-vis plebanii przy drodze prowadz\u0105cej z Zamku na Skale do ko\u015bcio\u0142a \u015bw. Andrzeja. \u015awi\u0119ty zosta\u0142 przedstawiony w do\u015b\u0107 nietypowej formie, ot\u00f3\u017c kl\u0119czy on na chmurkach, spo\u015br\u00f3d kt\u00f3rych wy\u0142ania si\u0119 g\u0142owa anio\u0142ka. Sprawia to wra\u017cenie unoszenia \u015bw. Jana Nepomucena do nieba. Na prawej r\u0119ce podtrzymuje on krzy\u017c z palm\u0105 m\u0119cze\u0144stwa, w lewej dzier\u017cy za\u015b k\u0142\u00f3dk\u0119 jako symbol zachowania tajemnicy spowiedzi. K\u0142\u00f3dka, jako jeden z atrybut\u00f3w tego \u015bwi\u0119tego,&#8230;<\/p>\n<p class=\"read-more\"><a class=\"btn btn-default\" href=\"http:\/\/www.przyladekhistorii.pl\/index.php\/figury\/sw-jan-nepomucen-w-trzebieszowicach-2\/\"> Read More<span class=\"screen-reader-text\">  Read More<\/span><\/a><\/p>\n","protected":false},"author":1,"featured_media":327,"parent":24,"menu_order":0,"comment_status":"open","ping_status":"closed","template":"","meta":[],"_links":{"self":[{"href":"http:\/\/www.przyladekhistorii.pl\/index.php\/wp-json\/wp\/v2\/pages\/321"}],"collection":[{"href":"http:\/\/www.przyladekhistorii.pl\/index.php\/wp-json\/wp\/v2\/pages"}],"about":[{"href":"http:\/\/www.przyladekhistorii.pl\/index.php\/wp-json\/wp\/v2\/types\/page"}],"author":[{"embeddable":true,"href":"http:\/\/www.przyladekhistorii.pl\/index.php\/wp-json\/wp\/v2\/users\/1"}],"replies":[{"embeddable":true,"href":"http:\/\/www.przyladekhistorii.pl\/index.php\/wp-json\/wp\/v2\/comments?post=321"}],"version-history":[{"count":3,"href":"http:\/\/www.przyladekhistorii.pl\/index.php\/wp-json\/wp\/v2\/pages\/321\/revisions"}],"predecessor-version":[{"id":3502,"href":"http:\/\/www.przyladekhistorii.pl\/index.php\/wp-json\/wp\/v2\/pages\/321\/revisions\/3502"}],"up":[{"embeddable":true,"href":"http:\/\/www.przyladekhistorii.pl\/index.php\/wp-json\/wp\/v2\/pages\/24"}],"wp:featuredmedia":[{"embeddable":true,"href":"http:\/\/www.przyladekhistorii.pl\/index.php\/wp-json\/wp\/v2\/media\/327"}],"wp:attachment":[{"href":"http:\/\/www.przyladekhistorii.pl\/index.php\/wp-json\/wp\/v2\/media?parent=321"}],"curies":[{"name":"wp","href":"https:\/\/api.w.org\/{rel}","templated":true}]}}