{"id":3233,"date":"2022-08-12T16:52:00","date_gmt":"2022-08-12T14:52:00","guid":{"rendered":"http:\/\/www.przyladekhistorii.pl\/?page_id=3233"},"modified":"2023-11-15T17:25:18","modified_gmt":"2023-11-15T16:25:18","slug":"weterani-walk-o-wolnosc-i-niepodleglosc-polski","status":"publish","type":"page","link":"http:\/\/www.przyladekhistorii.pl\/index.php\/weterani-walk-o-wolnosc-i-niepodleglosc-polski\/","title":{"rendered":"Weterani walk o wolno\u015b\u0107 i niepodleg\u0142o\u015b\u0107 Polski"},"content":{"rendered":"<p style=\"text-align: justify;\">1 stycznia 2019 r. wesz\u0142a w \u017cycie Ustawa o grobach weteran\u00f3w walk o wolno\u015b\u0107 i niepodleg\u0142o\u015b\u0107 Polski, kt\u00f3rej my\u015bl\u0105 przewodni\u0105 jest \u201eoddanie ho\u0142du przesz\u0142ym pokoleniom, kt\u00f3re swoj\u0105 postaw\u0105 oraz walk\u0105 o niepodleg\u0142\u0105 i suwerenn\u0105 Ojczyzn\u0119 walnie przyczyni\u0142y si\u0119 do wyzwolenia Narodu Polskiego\u201d. Maj\u0105c na wzgl\u0119dzie godne zachowanie w narodowej pami\u0119ci po\u015bwi\u0119cenia tych pokole\u0144 ustawodawca przewidzia\u0142, \u017ce Instytut Pami\u0119ci Narodowej \u2013 Komisja \u015acigania Zbrodni przeciwko Narodowi Polskiemu b\u0119dzie sprawowa\u0142 opiek\u0119 nad grobami weteran\u00f3w, prowadzi\u0142 ich ewidencj\u0119 oraz udziela\u0142 dotacji celowych i \u015bwiadcze\u0144 pieni\u0119\u017cnych na pokrycie koszt\u00f3w zwi\u0105zanych z budow\u0105, utrzymaniem oraz remontem tych obiekt\u00f3w.<\/p>\n<p><img loading=\"lazy\" class=\"aligncenter wp-image-3236 size-full\" src=\"http:\/\/www.przyladekhistorii.pl\/wp-content\/uploads\/2022\/08\/tabliczka.jpg\" alt=\"\" width=\"500\" height=\"266\" srcset=\"http:\/\/www.przyladekhistorii.pl\/wp-content\/uploads\/2022\/08\/tabliczka.jpg 500w, http:\/\/www.przyladekhistorii.pl\/wp-content\/uploads\/2022\/08\/tabliczka-300x160.jpg 300w\" sizes=\"(max-width: 500px) 100vw, 500px\" \/><\/p>\n<p style=\"text-align: justify;\">O wsparcie finansowe mog\u0105 wyst\u0119powa\u0107 zar\u00f3wno rodziny b\u0119d\u0105ce dysponentem grobu, jak i\u00a0fundacje, stowarzyszenia, ko\u015bcio\u0142y, zwi\u0105zki wyznaniowe, czy urz\u0119dy gminy.<\/p>\n<p style=\"text-align: justify;\">Prowadzona przez IPN ewidencja obejmuje groby weteran\u00f3w znajduj\u0105ce si\u0119 zar\u00f3wno na terytorium Rzeczypospolitej Polskiej, jak i poza jej granicami. Do grob\u00f3w weteran\u00f3w zaliczaj\u0105 si\u0119 mogi\u0142y:<\/p>\n<ol>\n<li style=\"text-align: justify;\">os\u00f3b, kt\u00f3re walczy\u0142y o odzyskanie niepodleg\u0142o\u015bci Polski lub w obronie niepodleg\u0142o\u015bci i granic suwerennej Rzeczypospolitej Polskiej, bior\u0105c udzia\u0142 w wojnach, dzia\u0142aniach zbrojnych i niepodleg\u0142o\u015bciowych oraz powstaniach narodowych w okresie od 1768 r. do 1963 r.;<\/li>\n<li style=\"text-align: justify;\">funkcjonariuszy cywilnych w\u0142adz powsta\u0144 narodowych, administracji podziemnego Pa\u0144stwa Polskiego w okresie wojny 1939\u20131945, cz\u0142onk\u00f3w w\u0142adz i Rz\u0105du Rzeczypospolitej Polskiej na uchod\u017astwie w latach 1939\u20131990, a tak\u017ce podziemnych niepodleg\u0142o\u015bciowych organizacji cywilnych w latach 1945\u20131956.<\/li>\n<\/ol>\n<p style=\"text-align: justify;\">L\u0105deckie Towarzystwo Historyczno-Eksploracyjne niemal od pocz\u0105tk\u00f3w swojego istnienia zajmuje si\u0119 zbieraniem dokumentacji i zg\u0142aszaniem wniosk\u00f3w o wpis do ewidencji grob\u00f3w weteran\u00f3w walk o wolno\u015b\u0107 i niepodleg\u0142o\u015b\u0107 Polski, spoczywaj\u0105cych na cmentarzach w gminie L\u0105dek-Zdr\u00f3j.<\/p>\n<p style=\"text-align: justify;\">Na chwil\u0119 obecn\u0105 do ewidencji prowadzonej przez IPN wpisane s\u0105 groby poni\u017cszych weteran\u00f3w. Je\u015bli s\u0105 Pa\u0144stwo w posiadaniu informacji o weteranach spoczywaj\u0105cych na naszych cmentarzach prosimy o kontakt mailowy.<\/p>\n<p style=\"text-align: center;\"><\/p>\n<p style=\"text-align: center;\"><strong><span style=\"text-decoration: underline;\">CMENTARZ PARAFIALNY<\/span><\/strong><\/p>\n<p><figure id=\"attachment_3235\" aria-describedby=\"caption-attachment-3235\" style=\"width: 150px\" class=\"wp-caption aligncenter\"><a href=\"http:\/\/www.przyladekhistorii.pl\/wp-content\/uploads\/2023\/11\/CmePar.jpg\" target=\"_blank\" rel=\"noopener\"><img loading=\"lazy\" class=\"wp-image-3235 size-medium\" style=\"color: initial;\" src=\"http:\/\/www.przyladekhistorii.pl\/wp-content\/uploads\/2023\/11\/CmePar.jpg\" alt=\"\" width=\"150\" height=\"300\" \/><\/a><figcaption id=\"caption-attachment-3235\" class=\"wp-caption-text\">[kliknij, \u017ceby otworzy\u0107 w nowym oknie]<\/figcaption><\/figure><br \/>\n<strong>Bieniasz Micha\u0142<\/strong> &#8211; sektor I, rz\u0105d 2, gr\u00f3b 11 [<span style=\"text-decoration: underline;\">na planie nr 11<\/span>]<br \/>\n<strong>Chojnacki Janusz<\/strong> &#8211; sektor A, rz\u0105d 1, gr\u00f3b 12 [<span style=\"text-decoration: underline;\">na planie nr 10<\/span>]<br \/>\n<strong>Cybulski Roman<\/strong> &#8211; sektor E, rz\u0105d 2, gr\u00f3b 2 [<span style=\"text-decoration: underline;\">na planie nr 8<\/span>]<br \/>\n<strong>Laskowski Franciszek<\/strong> &#8211; sektor I, rz\u0105d 10, gr\u00f3b 13 [<span style=\"text-decoration: underline;\">na planie nr 3<\/span>]<br \/>\n<strong>Lekwar Jan<\/strong> &#8211; sektor A, rz\u0105d 4, gr\u00f3b 6a [<span style=\"text-decoration: underline;\">na planie nr 1<\/span>]<br \/>\n<strong>Makrocki Antoni<\/strong> &#8211; sektor C, rz\u0105d 14, gr\u00f3b 6 [<span style=\"text-decoration: underline;\">na planie nr 4<\/span>]<br \/>\n<strong>Matoszko Antoni<\/strong> &#8211; sektor K, rz\u0105d 8, gr\u00f3b 5 [<span style=\"text-decoration: underline;\">na planie nr 12<\/span>]<br \/>\n<strong>Niechwiadowicz Jakub<\/strong> &#8211; sektor I, rz\u0105d 20, gr\u00f3b 18 [<span style=\"text-decoration: underline;\">na planie nr 6<\/span>]<strong><br \/>\nNieckarz Stanis\u0142aw<\/strong> &#8211; sektor E, rz\u0105d 4, gr\u00f3b 8 [<span style=\"text-decoration: underline;\">na planie nr 13<\/span>]<br \/>\n<strong>Nogas Tadeusz<\/strong> &#8211; sektor K, rz\u0105d 5, gr\u00f3b 18 [<span style=\"text-decoration: underline;\">na planie nr 2<\/span>]<br \/>\n<strong>Salamon Andrzej<\/strong> &#8211; sektor C, rz\u0105d 15, gr\u00f3b 9 [<span style=\"text-decoration: underline;\">na planie nr 5<\/span>]<br \/>\n<strong>Traczyk Henryk<\/strong> &#8211; sektor E, rz\u0105d 1, gr\u00f3b 7 [<span style=\"text-decoration: underline;\">na planie nr 9<\/span>]<br \/>\n<strong>Wo\u017aniak Gabriel<\/strong> &#8211; sektor H, rz\u0105d 4, gr\u00f3b 9 [<span style=\"text-decoration: underline;\">na planie nr 7<\/span>]<\/p>\n<p style=\"text-align: center;\"><span style=\"text-decoration: underline;\"><strong>CMENTARZ KOMUNALNY<\/strong><\/span><\/p>\n<p><figure id=\"attachment_3539\" aria-describedby=\"caption-attachment-3539\" style=\"width: 231px\" class=\"wp-caption alignnone\"><a href=\"http:\/\/www.przyladekhistorii.pl\/wp-content\/uploads\/2023\/10\/Cmekom.jpg\"><img loading=\"lazy\" class=\"wp-image-3539 size-medium\" src=\"http:\/\/www.przyladekhistorii.pl\/wp-content\/uploads\/2023\/10\/Cmekom-231x300.jpg\" alt=\"\" width=\"231\" height=\"300\" srcset=\"http:\/\/www.przyladekhistorii.pl\/wp-content\/uploads\/2023\/10\/Cmekom-231x300.jpg 231w, http:\/\/www.przyladekhistorii.pl\/wp-content\/uploads\/2023\/10\/Cmekom-208x270.jpg 208w, http:\/\/www.przyladekhistorii.pl\/wp-content\/uploads\/2023\/10\/Cmekom.jpg 600w\" sizes=\"(max-width: 231px) 100vw, 231px\" \/><\/a><figcaption id=\"caption-attachment-3539\" class=\"wp-caption-text\">[kliknij, \u017ceby otworzy\u0107 w nowym oknie]<\/figcaption><\/figure><strong>Ko\u0142acki Roman<\/strong> &#8211; <span style=\"text-decoration: underline;\">na planie nr 2<\/span><br \/>\n<strong>Mas\u0142owski Witold<\/strong> &#8211; <span style=\"text-decoration: underline;\">na planie nr 3<\/span><br \/>\n<strong>Mikita Wies\u0142aw<\/strong> &#8211; <span style=\"text-decoration: underline;\">na planie nr 1<\/span><\/p>\n<p style=\"text-align: center;\"><span style=\"text-decoration: underline;\"><strong>CMENTARZ PARAFIALNY W TRZEBIESZOWICACH<\/strong><\/span><\/p>\n<p><figure id=\"attachment_3234\" aria-describedby=\"caption-attachment-3234\" style=\"width: 231px\" class=\"wp-caption aligncenter\"><a href=\"http:\/\/www.przyladekhistorii.pl\/wp-content\/uploads\/2023\/11\/Cmen-trzeb.jpg\" target=\"_blank\" rel=\"noopener\"><img loading=\"lazy\" class=\"wp-image-3234 size-medium\" src=\"http:\/\/www.przyladekhistorii.pl\/wp-content\/uploads\/2023\/11\/Cmen-trzeb.jpg\" alt=\"\" width=\"231\" height=\"300\" \/><\/a><figcaption id=\"caption-attachment-3234\" class=\"wp-caption-text\">[kliknij, \u017ceby otworzy\u0107 w nowym oknie]<\/figcaption><\/figure><strong>Augustynowicz Antoni &#8211; <\/strong><span style=\"text-decoration: underline;\">na planie nr 3<\/span><br \/>\n<strong>Burghardt Mieczys\u0142aw<\/strong> &#8211; <span style=\"text-decoration: underline;\">na planie nr 1<\/span><br \/>\n<strong>Grzeszczuk W\u0142odzimierz<\/strong> &#8211; <span style=\"text-decoration: underline;\">na planie nr 2<\/span><\/p>\n<p style=\"text-align: center;\"><span style=\"text-decoration: underline;\"><strong>CMENTARZ PARAFIALNY W RADOCHOWIE<\/strong><\/span><\/p>\n<p><figure id=\"attachment_3543\" aria-describedby=\"caption-attachment-3543\" style=\"width: 300px\" class=\"wp-caption alignnone\"><a href=\"http:\/\/www.przyladekhistorii.pl\/wp-content\/uploads\/2023\/10\/cmen-rado.jpg\"><img loading=\"lazy\" class=\"wp-image-3543 size-medium\" src=\"http:\/\/www.przyladekhistorii.pl\/wp-content\/uploads\/2023\/10\/cmen-rado-300x225.jpg\" alt=\"\" width=\"300\" height=\"225\" srcset=\"http:\/\/www.przyladekhistorii.pl\/wp-content\/uploads\/2023\/10\/cmen-rado-300x225.jpg 300w, http:\/\/www.przyladekhistorii.pl\/wp-content\/uploads\/2023\/10\/cmen-rado-768x576.jpg 768w, http:\/\/www.przyladekhistorii.pl\/wp-content\/uploads\/2023\/10\/cmen-rado-360x270.jpg 360w, http:\/\/www.przyladekhistorii.pl\/wp-content\/uploads\/2023\/10\/cmen-rado.jpg 800w\" sizes=\"(max-width: 300px) 100vw, 300px\" \/><\/a><figcaption id=\"caption-attachment-3543\" class=\"wp-caption-text\">[kliknij, \u017ceby otworzy\u0107 w nowym oknie]<\/figcaption><\/figure><strong>Bana\u015b Micha\u0142<\/strong> &#8211; <span style=\"text-decoration: underline;\">na planie nr 1<\/span><\/p>\n","protected":false},"excerpt":{"rendered":"<p>1 stycznia 2019 r. wesz\u0142a w \u017cycie Ustawa o grobach weteran\u00f3w walk o wolno\u015b\u0107 i niepodleg\u0142o\u015b\u0107 Polski, kt\u00f3rej my\u015bl\u0105 przewodni\u0105 jest \u201eoddanie ho\u0142du przesz\u0142ym pokoleniom, kt\u00f3re swoj\u0105 postaw\u0105 oraz walk\u0105 o niepodleg\u0142\u0105 i suwerenn\u0105 Ojczyzn\u0119 walnie przyczyni\u0142y si\u0119 do wyzwolenia Narodu Polskiego\u201d. Maj\u0105c na wzgl\u0119dzie godne zachowanie w narodowej pami\u0119ci po\u015bwi\u0119cenia tych pokole\u0144 ustawodawca przewidzia\u0142, \u017ce Instytut Pami\u0119ci Narodowej \u2013 Komisja \u015acigania Zbrodni przeciwko Narodowi Polskiemu b\u0119dzie sprawowa\u0142 opiek\u0119 nad grobami weteran\u00f3w, prowadzi\u0142 ich ewidencj\u0119 oraz udziela\u0142 dotacji celowych i&#8230;<\/p>\n<p class=\"read-more\"><a class=\"btn btn-default\" href=\"http:\/\/www.przyladekhistorii.pl\/index.php\/weterani-walk-o-wolnosc-i-niepodleglosc-polski\/\"> Read More<span class=\"screen-reader-text\">  Read More<\/span><\/a><\/p>\n","protected":false},"author":1,"featured_media":3236,"parent":0,"menu_order":0,"comment_status":"closed","ping_status":"closed","template":"","meta":[],"_links":{"self":[{"href":"http:\/\/www.przyladekhistorii.pl\/index.php\/wp-json\/wp\/v2\/pages\/3233"}],"collection":[{"href":"http:\/\/www.przyladekhistorii.pl\/index.php\/wp-json\/wp\/v2\/pages"}],"about":[{"href":"http:\/\/www.przyladekhistorii.pl\/index.php\/wp-json\/wp\/v2\/types\/page"}],"author":[{"embeddable":true,"href":"http:\/\/www.przyladekhistorii.pl\/index.php\/wp-json\/wp\/v2\/users\/1"}],"replies":[{"embeddable":true,"href":"http:\/\/www.przyladekhistorii.pl\/index.php\/wp-json\/wp\/v2\/comments?post=3233"}],"version-history":[{"count":42,"href":"http:\/\/www.przyladekhistorii.pl\/index.php\/wp-json\/wp\/v2\/pages\/3233\/revisions"}],"predecessor-version":[{"id":3582,"href":"http:\/\/www.przyladekhistorii.pl\/index.php\/wp-json\/wp\/v2\/pages\/3233\/revisions\/3582"}],"wp:featuredmedia":[{"embeddable":true,"href":"http:\/\/www.przyladekhistorii.pl\/index.php\/wp-json\/wp\/v2\/media\/3236"}],"wp:attachment":[{"href":"http:\/\/www.przyladekhistorii.pl\/index.php\/wp-json\/wp\/v2\/media?parent=3233"}],"curies":[{"name":"wp","href":"https:\/\/api.w.org\/{rel}","templated":true}]}}