{"id":361,"date":"2018-11-10T11:20:40","date_gmt":"2018-11-10T10:20:40","guid":{"rendered":"http:\/\/www.podkamien.pl\/przyladek\/?page_id=361"},"modified":"2023-05-03T16:46:42","modified_gmt":"2023-05-03T14:46:42","slug":"krzyz-mlynarza-w-ladku-zdroju","status":"publish","type":"page","link":"http:\/\/www.przyladekhistorii.pl\/index.php\/figury\/krzyz-mlynarza-w-ladku-zdroju\/","title":{"rendered":"Krzy\u017c m\u0142ynarza w L\u0105dku-Zdroju"},"content":{"rendered":"<p style=\"text-align: justify;\"><span style=\"color: #000000;\">Przy Drodze Karpowskiej prowadz\u0105cej do nieistniej\u0105cej ju\u017c wsi Karpno stoi kamienny krzy\u017c. Ufundowany zosta\u0142 przez w\u0142a\u015bciciela m\u0142yna zdrojowego Ignacego Gotschalka. Wykonawc\u0105 by\u0142 wnuk Micha\u0142a Klahra Starszego &#8211; Kazimierz. Z ty\u0142u krzy\u017ca wykuty jest napis:<\/span><\/p>\n<p style=\"text-align: center;\"><strong><span style=\"color: #000000;\">&#8220;Errichtet von Ignatz Gotschalk M\u00fcllermeister auf Oberthalheim den 31 July 1829.<\/span><\/strong><br \/>\n<strong><span style=\"color: #000000;\">gemacht von C:Klahr aus Landeck. Bildhauer. D.K.&#8221; <\/span><\/strong><span style=\"color: #000000;\"><br \/>\n[Krzy\u017c ufundowa\u0142 m\u0142ynarz Ignatz Gotschalk z Ober Thalheim. 31 Lipca 1829. Wykona\u0142: C (Casimir) Klahr z L\u0105dka, rze\u017abiarz.]<\/span><\/p>\n<p><img loading=\"lazy\" class=\"aligncenter wp-image-355 size-full\" src=\"http:\/\/www.przyladekhistorii.pl\/wp-content\/uploads\/2018\/11\/figura9-3.jpg\" alt=\"\" width=\"600\" height=\"338\" srcset=\"http:\/\/www.przyladekhistorii.pl\/wp-content\/uploads\/2018\/11\/figura9-3.jpg 600w, http:\/\/www.przyladekhistorii.pl\/wp-content\/uploads\/2018\/11\/figura9-3-300x169.jpg 300w\" sizes=\"(max-width: 600px) 100vw, 600px\" \/><\/p>\n<p style=\"text-align: justify;\"><span style=\"color: #000000;\">U podstawy krzy\u017ca umieszczono fragment ewangelii wg. \u015aw. Jana<\/span><\/p>\n<blockquote>\n<p style=\"text-align: center;\"><span style=\"color: #000000;\"><strong>&#8220;Es ist vollbracht!&#8221;<\/strong> (Wykona\u0142o si\u0119!). <\/span><\/p>\n<\/blockquote>\n<p style=\"text-align: justify;\"><span style=\"color: #000000;\">Na postumencie wykuto s\u0142owa <\/span><\/p>\n<blockquote>\n<p style=\"text-align: center;\"><span style=\"color: #000000;\"><strong>&#8220;Opfer der Liebe&#8221;<\/strong> (Ofiara mi\u0142o\u015bci).<\/span><\/p>\n<\/blockquote>\n<p><img loading=\"lazy\" class=\"aligncenter wp-image-353 size-full\" src=\"http:\/\/www.przyladekhistorii.pl\/wp-content\/uploads\/2018\/11\/figura9-1-1.jpg\" alt=\"\" width=\"600\" height=\"338\" srcset=\"http:\/\/www.przyladekhistorii.pl\/wp-content\/uploads\/2018\/11\/figura9-1-1.jpg 600w, http:\/\/www.przyladekhistorii.pl\/wp-content\/uploads\/2018\/11\/figura9-1-1-300x169.jpg 300w\" sizes=\"(max-width: 600px) 100vw, 600px\" \/><\/p>\n<p style=\"text-align: justify;\"><span style=\"color: #000000;\">Z boku pieczo\u0142owicie wydrapano w piaskowcu s\u0142owa: &#8220;W.Karski z \u017con\u0105 i curk\u0105 11 lipca 1882&#8221;. (S\u0142owo &#8220;c\u00f3rka&#8221; zapisane jest przez &#8220;u&#8221;). Kim by\u0142 \u00f3w Karski (kuracjuszem?) i dlaczego wyry\u0142 te s\u0142owa, ci\u0119\u017cko dzi\u015b powiedzie\u0107.<\/span><\/p>\n<p style=\"text-align: justify;\"><span style=\"color: #000000;\"><img loading=\"lazy\" class=\"aligncenter wp-image-356 size-full\" src=\"http:\/\/www.przyladekhistorii.pl\/wp-content\/uploads\/2018\/11\/figura9-4.jpg\" alt=\"\" width=\"600\" height=\"338\" srcset=\"http:\/\/www.przyladekhistorii.pl\/wp-content\/uploads\/2018\/11\/figura9-4.jpg 600w, http:\/\/www.przyladekhistorii.pl\/wp-content\/uploads\/2018\/11\/figura9-4-300x169.jpg 300w\" sizes=\"(max-width: 600px) 100vw, 600px\" \/> <\/span><br \/>\n<span style=\"color: #000000;\">Wed\u0142ug ksi\u0105\u017cki Wojciecha Ci\u0119\u017ckowskiego &#8220;L\u0105dek Zdr\u00f3j&#8221; w dniu 17 kwietnia 1834 roku w ksi\u0119dze wieczystej m\u0142yna wpisano &#8220;Ka\u017cdy w\u0142a\u015bciciel tego gruntu jest zobowi\u0105zany krzy\u017c w dobrym stanie utrzyma\u0107&#8221; Nadz\u00f3r nad tym zobowi\u0105zaniem powierzono katolickiemu urz\u0119dowi parafialnemu. M\u0142yn zdrojowy znajdowa\u0142 si\u0119 na zapleczu dzisiejszego basenu krytego. Obecnie jest to trawnik z wystaj\u0105cymi ska\u0142kami gnejsowymi (teren zamkni\u0119ty pomi\u0119dzy parkingiem, chodnikiem prowadz\u0105cym do kaplicy zdrojowej i Albrechtshalle i rzeczonym ju\u017c basenem krytym).<\/span><\/p>\n<p><span style=\"color: #000000;\"><strong>Miejscowo\u015b\u0107:<\/strong> L\u0105dek-Zdr\u00f3j<\/span><br \/>\n<span style=\"color: #000000;\"><strong>Fundator: <\/strong>Ignatz Gotschalk<\/span><br \/>\n<span style=\"color: #000000;\"><strong>Autor:<\/strong> Casimir Klahr<\/span><br \/>\n<span style=\"color: #000000;\"><strong>Data powstania:<\/strong> 1829 r.<\/span><\/p>\n<p><img loading=\"lazy\" class=\"aligncenter wp-image-360 size-full\" src=\"http:\/\/www.przyladekhistorii.pl\/wp-content\/uploads\/2018\/11\/figura9-8.jpg\" alt=\"\" width=\"600\" height=\"800\" srcset=\"http:\/\/www.przyladekhistorii.pl\/wp-content\/uploads\/2018\/11\/figura9-8.jpg 600w, http:\/\/www.przyladekhistorii.pl\/wp-content\/uploads\/2018\/11\/figura9-8-225x300.jpg 225w\" sizes=\"(max-width: 600px) 100vw, 600px\" \/><\/p>\n<p><img loading=\"lazy\" class=\"aligncenter wp-image-358 size-full\" src=\"http:\/\/www.przyladekhistorii.pl\/wp-content\/uploads\/2018\/11\/figura9-6.jpg\" alt=\"\" width=\"600\" height=\"800\" srcset=\"http:\/\/www.przyladekhistorii.pl\/wp-content\/uploads\/2018\/11\/figura9-6.jpg 600w, http:\/\/www.przyladekhistorii.pl\/wp-content\/uploads\/2018\/11\/figura9-6-225x300.jpg 225w\" sizes=\"(max-width: 600px) 100vw, 600px\" \/><\/p>\n<p><img loading=\"lazy\" class=\"aligncenter wp-image-357 size-full\" src=\"http:\/\/www.przyladekhistorii.pl\/wp-content\/uploads\/2018\/11\/figura9-5.jpg\" alt=\"\" width=\"600\" height=\"338\" srcset=\"http:\/\/www.przyladekhistorii.pl\/wp-content\/uploads\/2018\/11\/figura9-5.jpg 600w, http:\/\/www.przyladekhistorii.pl\/wp-content\/uploads\/2018\/11\/figura9-5-300x169.jpg 300w\" sizes=\"(max-width: 600px) 100vw, 600px\" \/><\/p>\n<p><img loading=\"lazy\" class=\"aligncenter wp-image-354 size-full\" src=\"http:\/\/www.przyladekhistorii.pl\/wp-content\/uploads\/2018\/11\/figura9-2.jpg\" alt=\"\" width=\"600\" height=\"1067\" srcset=\"http:\/\/www.przyladekhistorii.pl\/wp-content\/uploads\/2018\/11\/figura9-2.jpg 600w, http:\/\/www.przyladekhistorii.pl\/wp-content\/uploads\/2018\/11\/figura9-2-169x300.jpg 169w, http:\/\/www.przyladekhistorii.pl\/wp-content\/uploads\/2018\/11\/figura9-2-576x1024.jpg 576w\" sizes=\"(max-width: 600px) 100vw, 600px\" \/><\/p>\n","protected":false},"excerpt":{"rendered":"<p>Przy Drodze Karpowskiej prowadz\u0105cej do nieistniej\u0105cej ju\u017c wsi Karpno stoi kamienny krzy\u017c. Ufundowany zosta\u0142 przez w\u0142a\u015bciciela m\u0142yna zdrojowego Ignacego Gotschalka. Wykonawc\u0105 by\u0142 wnuk Micha\u0142a Klahra Starszego &#8211; Kazimierz. Z ty\u0142u krzy\u017ca wykuty jest napis: &#8220;Errichtet von Ignatz Gotschalk M\u00fcllermeister auf Oberthalheim den 31 July 1829. gemacht von C:Klahr aus Landeck. Bildhauer. D.K.&#8221; [Krzy\u017c ufundowa\u0142 m\u0142ynarz Ignatz Gotschalk z Ober Thalheim. 31 Lipca 1829. Wykona\u0142: C (Casimir) Klahr z L\u0105dka, rze\u017abiarz.] U podstawy krzy\u017ca umieszczono fragment ewangelii wg. \u015aw. Jana &#8220;Es&#8230;<\/p>\n<p class=\"read-more\"><a class=\"btn btn-default\" href=\"http:\/\/www.przyladekhistorii.pl\/index.php\/figury\/krzyz-mlynarza-w-ladku-zdroju\/\"> Read More<span class=\"screen-reader-text\">  Read More<\/span><\/a><\/p>\n","protected":false},"author":1,"featured_media":360,"parent":24,"menu_order":0,"comment_status":"open","ping_status":"closed","template":"","meta":[],"_links":{"self":[{"href":"http:\/\/www.przyladekhistorii.pl\/index.php\/wp-json\/wp\/v2\/pages\/361"}],"collection":[{"href":"http:\/\/www.przyladekhistorii.pl\/index.php\/wp-json\/wp\/v2\/pages"}],"about":[{"href":"http:\/\/www.przyladekhistorii.pl\/index.php\/wp-json\/wp\/v2\/types\/page"}],"author":[{"embeddable":true,"href":"http:\/\/www.przyladekhistorii.pl\/index.php\/wp-json\/wp\/v2\/users\/1"}],"replies":[{"embeddable":true,"href":"http:\/\/www.przyladekhistorii.pl\/index.php\/wp-json\/wp\/v2\/comments?post=361"}],"version-history":[{"count":3,"href":"http:\/\/www.przyladekhistorii.pl\/index.php\/wp-json\/wp\/v2\/pages\/361\/revisions"}],"predecessor-version":[{"id":3475,"href":"http:\/\/www.przyladekhistorii.pl\/index.php\/wp-json\/wp\/v2\/pages\/361\/revisions\/3475"}],"up":[{"embeddable":true,"href":"http:\/\/www.przyladekhistorii.pl\/index.php\/wp-json\/wp\/v2\/pages\/24"}],"wp:featuredmedia":[{"embeddable":true,"href":"http:\/\/www.przyladekhistorii.pl\/index.php\/wp-json\/wp\/v2\/media\/360"}],"wp:attachment":[{"href":"http:\/\/www.przyladekhistorii.pl\/index.php\/wp-json\/wp\/v2\/media?parent=361"}],"curies":[{"name":"wp","href":"https:\/\/api.w.org\/{rel}","templated":true}]}}