{"id":364,"date":"2018-11-10T11:29:10","date_gmt":"2018-11-10T10:29:10","guid":{"rendered":"http:\/\/www.podkamien.pl\/przyladek\/?page_id=364"},"modified":"2023-05-03T13:08:05","modified_gmt":"2023-05-03T11:08:05","slug":"kamienny-krzyz-w-trzebieszowicach-3","status":"publish","type":"page","link":"http:\/\/www.przyladekhistorii.pl\/index.php\/figury\/kamienny-krzyz-w-trzebieszowicach-3\/","title":{"rendered":"Kamienny krzy\u017c w Trzebieszowicach"},"content":{"rendered":"<p><img loading=\"lazy\" class=\"aligncenter wp-image-366 size-full\" src=\"http:\/\/www.przyladekhistorii.pl\/wp-content\/uploads\/2018\/11\/figura10-2.jpg\" alt=\"\" width=\"600\" height=\"800\" srcset=\"http:\/\/www.przyladekhistorii.pl\/wp-content\/uploads\/2018\/11\/figura10-2.jpg 600w, http:\/\/www.przyladekhistorii.pl\/wp-content\/uploads\/2018\/11\/figura10-2-225x300.jpg 225w\" sizes=\"(max-width: 600px) 100vw, 600px\" \/><\/p>\n<p style=\"text-align: justify;\"><span style=\"color: #000000;\">W Trzebieszowicach w pobli\u017cu bocznej bramy wjazdowej na teren dawnego parku otaczaj\u0105cego Zamek na Skale znajduje si\u0119 kamienny Krzy\u017c Pasyjny. Nie wyr\u00f3\u017cnia\u0142by si\u0119 on w zasadzie niczym od podobnych dzie\u0142 znajduj\u0105cych si\u0119 wzd\u0142u\u017c dr\u00f3g naszej gminy, gdyby nie dwa szczeg\u00f3\u0142y. Jak zajrze\u0107 na tyln\u0105 cz\u0119\u015b\u0107 krzy\u017c to okazuje si\u0119, \u017ce na g\u00f3rnej cz\u0119\u015bci znajduje si\u0119 wyrze\u017abiony w\u0105\u017c. Sk\u0105d taka symbolika? Mo\u017cna to interpretowa\u0107 w oparciu o Stary Testament. W Ksi\u0119dze Liczb mamy opis plagi jadowitych w\u0119\u017cy zes\u0142anych przez Boga na Izraelit\u00f3w. Prze\u017cy\u0107 mieli ci, kt\u00f3rzy spojrzeli na wykonanego przez Moj\u017cesza i umieszczonego na palu miedzianego w\u0119\u017ca (Lb 21,9). Tym samym w\u0105\u017c umieszczony na palu sta\u0142 si\u0119 symbolem uzdrowienia.<\/span><\/p>\n<p style=\"text-align: justify;\"><span style=\"color: #000000;\"><img loading=\"lazy\" class=\"aligncenter wp-image-368 size-full\" src=\"http:\/\/www.przyladekhistorii.pl\/wp-content\/uploads\/2018\/11\/figura10-4.jpg\" alt=\"\" width=\"600\" height=\"450\" srcset=\"http:\/\/www.przyladekhistorii.pl\/wp-content\/uploads\/2018\/11\/figura10-4.jpg 600w, http:\/\/www.przyladekhistorii.pl\/wp-content\/uploads\/2018\/11\/figura10-4-300x225.jpg 300w\" sizes=\"(max-width: 600px) 100vw, 600px\" \/><br \/>\nDrug\u0105 ciekawostk\u0105 jest postument figury. Ot\u00f3\u017c jest on identyczny jak postument figury \u015bw. Jana Nepomucena z rzekomego cmentarza cholerycznego w Trzebieszowicach. Na obu widnieje ta sama data (1803). Zapewne obie figury zosta\u0142y wykonane w tym samym warsztacie przez tego samego rze\u017abiarza. Z racji tego, \u017ce figura \u015bw. Jana jest sygnowana (Heinrich Klar, bildha. Landeck) mo\u017cna postawi\u0107 tez\u0119, \u017ce wykonawc\u0105 opisywanego krucyfiksu by\u0142 ten sam rze\u017abiarz.<\/span><\/p>\n<p><img loading=\"lazy\" class=\"aligncenter wp-image-370 size-full\" src=\"http:\/\/www.przyladekhistorii.pl\/wp-content\/uploads\/2018\/11\/figura10-6.jpg\" alt=\"\" width=\"600\" height=\"381\" srcset=\"http:\/\/www.przyladekhistorii.pl\/wp-content\/uploads\/2018\/11\/figura10-6.jpg 600w, http:\/\/www.przyladekhistorii.pl\/wp-content\/uploads\/2018\/11\/figura10-6-300x191.jpg 300w\" sizes=\"(max-width: 600px) 100vw, 600px\" \/><\/p>\n<p><span style=\"color: #000000;\"><strong>Miejscowo\u015b\u0107:<\/strong> Trzebieszowice<\/span><br \/>\n<span style=\"color: #000000;\"><strong>Fundator: <\/strong>[?]<\/span><br \/>\n<span style=\"color: #000000;\"><strong>Autor:<\/strong> [?]<\/span><br \/>\n<span style=\"color: #000000;\"><strong>Data powstania:<\/strong> 1803 r.<\/span><\/p>\n<p><img loading=\"lazy\" class=\"aligncenter wp-image-365 size-full\" src=\"http:\/\/www.przyladekhistorii.pl\/wp-content\/uploads\/2018\/11\/figura10-1.jpg\" alt=\"\" width=\"600\" height=\"800\" srcset=\"http:\/\/www.przyladekhistorii.pl\/wp-content\/uploads\/2018\/11\/figura10-1.jpg 600w, http:\/\/www.przyladekhistorii.pl\/wp-content\/uploads\/2018\/11\/figura10-1-225x300.jpg 225w\" sizes=\"(max-width: 600px) 100vw, 600px\" \/><\/p>\n","protected":false},"excerpt":{"rendered":"<p>W Trzebieszowicach w pobli\u017cu bocznej bramy wjazdowej na teren dawnego parku otaczaj\u0105cego Zamek na Skale znajduje si\u0119 kamienny Krzy\u017c Pasyjny. Nie wyr\u00f3\u017cnia\u0142by si\u0119 on w zasadzie niczym od podobnych dzie\u0142 znajduj\u0105cych si\u0119 wzd\u0142u\u017c dr\u00f3g naszej gminy, gdyby nie dwa szczeg\u00f3\u0142y. Jak zajrze\u0107 na tyln\u0105 cz\u0119\u015b\u0107 krzy\u017c to okazuje si\u0119, \u017ce na g\u00f3rnej cz\u0119\u015bci znajduje si\u0119 wyrze\u017abiony w\u0105\u017c. Sk\u0105d taka symbolika? Mo\u017cna to interpretowa\u0107 w oparciu o Stary Testament. W Ksi\u0119dze Liczb mamy opis plagi jadowitych w\u0119\u017cy zes\u0142anych przez Boga na&#8230;<\/p>\n<p class=\"read-more\"><a class=\"btn btn-default\" href=\"http:\/\/www.przyladekhistorii.pl\/index.php\/figury\/kamienny-krzyz-w-trzebieszowicach-3\/\"> Read More<span class=\"screen-reader-text\">  Read More<\/span><\/a><\/p>\n","protected":false},"author":1,"featured_media":365,"parent":24,"menu_order":0,"comment_status":"open","ping_status":"closed","template":"","meta":[],"_links":{"self":[{"href":"http:\/\/www.przyladekhistorii.pl\/index.php\/wp-json\/wp\/v2\/pages\/364"}],"collection":[{"href":"http:\/\/www.przyladekhistorii.pl\/index.php\/wp-json\/wp\/v2\/pages"}],"about":[{"href":"http:\/\/www.przyladekhistorii.pl\/index.php\/wp-json\/wp\/v2\/types\/page"}],"author":[{"embeddable":true,"href":"http:\/\/www.przyladekhistorii.pl\/index.php\/wp-json\/wp\/v2\/users\/1"}],"replies":[{"embeddable":true,"href":"http:\/\/www.przyladekhistorii.pl\/index.php\/wp-json\/wp\/v2\/comments?post=364"}],"version-history":[{"count":2,"href":"http:\/\/www.przyladekhistorii.pl\/index.php\/wp-json\/wp\/v2\/pages\/364\/revisions"}],"predecessor-version":[{"id":3429,"href":"http:\/\/www.przyladekhistorii.pl\/index.php\/wp-json\/wp\/v2\/pages\/364\/revisions\/3429"}],"up":[{"embeddable":true,"href":"http:\/\/www.przyladekhistorii.pl\/index.php\/wp-json\/wp\/v2\/pages\/24"}],"wp:featuredmedia":[{"embeddable":true,"href":"http:\/\/www.przyladekhistorii.pl\/index.php\/wp-json\/wp\/v2\/media\/365"}],"wp:attachment":[{"href":"http:\/\/www.przyladekhistorii.pl\/index.php\/wp-json\/wp\/v2\/media?parent=364"}],"curies":[{"name":"wp","href":"https:\/\/api.w.org\/{rel}","templated":true}]}}