{"id":431,"date":"2018-12-06T21:28:17","date_gmt":"2018-12-06T20:28:17","guid":{"rendered":"http:\/\/www.podkamien.pl\/przyladek\/?page_id=431"},"modified":"2020-12-20T12:09:43","modified_gmt":"2020-12-20T11:09:43","slug":"o-nas","status":"publish","type":"page","link":"http:\/\/www.przyladekhistorii.pl\/index.php\/o-nas\/","title":{"rendered":"O nas"},"content":{"rendered":"<p style=\"text-align: justify;\">L\u0105deckie Towarzystwo Historyczno-Eksploracyjne powsta\u0142o w listopadzie 2018 roku z inicjatywy grupy znajomych, pasjonat\u00f3w historii miasta i regionu l\u0105deckiego. Po\u0142\u0105czyli\u015bmy si\u0142y we wsp\u00f3lnym dzia\u0142aniu na rzecz L\u0105dka-Zdroju, okolicznych wsi oraz ich mieszka\u0144c\u00f3w.<\/p>\n<p style=\"text-align: justify;\">Naszym celem jest upowszechnianie wiedzy o historii, a tak\u017ce dbanie o zachowanie \u015blad\u00f3w przesz\u0142o\u015bci. Chcemy poszerza\u0107 wiedz\u0119 na temat tradycji naszego regionu i dzieli\u0107 si\u0119 ni\u0105 z nasz\u0105 lokaln\u0105 spo\u0142eczno\u015bci\u0105. Szczeg\u00f3ln\u0105 uwag\u0119 po\u015bwi\u0119ca\u0107 b\u0119dziemy edukacji historycznej m\u0142odzie\u017cy.<\/p>\n<p style=\"text-align: justify;\">Wspiera\u0107 b\u0119dziemy wszelkie inicjatywy na rzecz ochrony d\u00f3br kultury i przyrody, w tym szeroko rozumianego dziedzictwa kulturowego. Interesuje nas historia mieszka\u0144c\u00f3w regionu, przede wszystkim naszych matek i ojc\u00f3w, ale tak\u017ce tych, kt\u00f3rzy \u017cyli tu przed 1945 rokiem.<\/p>\n<p style=\"text-align: justify;\">Dzia\u0142alno\u015b\u0107 Towarzystwa opiera si\u0119 na zasadach non-profit, nie pobieramy wynagrodzenia za swoje dzia\u0142ania, a w wielu przypadkach nasze cele planujemy realizowa\u0107 z w\u0142asnych \u015brodk\u00f3w.<\/p>\n<p>Zapraszamy wszystkich zainteresowanych do wsp\u00f3\u0142pracy i rozwijania swoich pasji w naszych szeregach.<\/p>\n<p style=\"text-align: justify;\">L\u0105deckie Towarzystwo Historyczno-Eksploracyjne<br \/>\n57-540 L\u0105dek-Zdr\u00f3j, Plac Starom\u0142y\u0144ski 2\/1<br \/>\nREGON: 381741273<br \/>\nNIP: 8811496884<br \/>\nKRS: 0000754738<br \/>\nNr konta: 02 9588 0004 3903 2955 2000 0010<br \/>\nGospodarczy Bank Sp\u00f3\u0142dzielczy w Strzelinie Oddzia\u0142 w L\u0105dku-Zdroju.<\/p>\n","protected":false},"excerpt":{"rendered":"<p>L\u0105deckie Towarzystwo Historyczno-Eksploracyjne powsta\u0142o w listopadzie 2018 roku z inicjatywy grupy znajomych, pasjonat\u00f3w historii miasta i regionu l\u0105deckiego. Po\u0142\u0105czyli\u015bmy si\u0142y we wsp\u00f3lnym dzia\u0142aniu na rzecz L\u0105dka-Zdroju, okolicznych wsi oraz ich mieszka\u0144c\u00f3w. Naszym celem jest upowszechnianie wiedzy o historii, a tak\u017ce dbanie o zachowanie \u015blad\u00f3w przesz\u0142o\u015bci. Chcemy poszerza\u0107 wiedz\u0119 na temat tradycji naszego regionu i dzieli\u0107 si\u0119 ni\u0105 z nasz\u0105 lokaln\u0105 spo\u0142eczno\u015bci\u0105. Szczeg\u00f3ln\u0105 uwag\u0119 po\u015bwi\u0119ca\u0107 b\u0119dziemy edukacji historycznej m\u0142odzie\u017cy. Wspiera\u0107 b\u0119dziemy wszelkie inicjatywy na rzecz ochrony d\u00f3br kultury i przyrody, w&#8230;<\/p>\n<p class=\"read-more\"><a class=\"btn btn-default\" href=\"http:\/\/www.przyladekhistorii.pl\/index.php\/o-nas\/\"> Read More<span class=\"screen-reader-text\">  Read More<\/span><\/a><\/p>\n","protected":false},"author":1,"featured_media":2709,"parent":0,"menu_order":0,"comment_status":"closed","ping_status":"closed","template":"","meta":[],"_links":{"self":[{"href":"http:\/\/www.przyladekhistorii.pl\/index.php\/wp-json\/wp\/v2\/pages\/431"}],"collection":[{"href":"http:\/\/www.przyladekhistorii.pl\/index.php\/wp-json\/wp\/v2\/pages"}],"about":[{"href":"http:\/\/www.przyladekhistorii.pl\/index.php\/wp-json\/wp\/v2\/types\/page"}],"author":[{"embeddable":true,"href":"http:\/\/www.przyladekhistorii.pl\/index.php\/wp-json\/wp\/v2\/users\/1"}],"replies":[{"embeddable":true,"href":"http:\/\/www.przyladekhistorii.pl\/index.php\/wp-json\/wp\/v2\/comments?post=431"}],"version-history":[{"count":4,"href":"http:\/\/www.przyladekhistorii.pl\/index.php\/wp-json\/wp\/v2\/pages\/431\/revisions"}],"predecessor-version":[{"id":448,"href":"http:\/\/www.przyladekhistorii.pl\/index.php\/wp-json\/wp\/v2\/pages\/431\/revisions\/448"}],"wp:featuredmedia":[{"embeddable":true,"href":"http:\/\/www.przyladekhistorii.pl\/index.php\/wp-json\/wp\/v2\/media\/2709"}],"wp:attachment":[{"href":"http:\/\/www.przyladekhistorii.pl\/index.php\/wp-json\/wp\/v2\/media?parent=431"}],"curies":[{"name":"wp","href":"https:\/\/api.w.org\/{rel}","templated":true}]}}