{"id":444,"date":"2018-12-09T22:05:50","date_gmt":"2018-12-09T21:05:50","guid":{"rendered":"http:\/\/www.podkamien.pl\/przyladek\/?page_id=444"},"modified":"2019-08-18T18:08:29","modified_gmt":"2019-08-18T16:08:29","slug":"opowiedz-nam-historie-swojej-rodziny","status":"publish","type":"page","link":"http:\/\/www.przyladekhistorii.pl\/index.php\/opowiedz-nam-historie-swojej-rodziny\/","title":{"rendered":"Opowiedz nam histori\u0119 swojej rodziny"},"content":{"rendered":"<p><img loading=\"lazy\" class=\"aligncenter wp-image-1251 size-full\" src=\"http:\/\/www.przyladekhistorii.pl\/wp-content\/uploads\/2019\/08\/drzewo.jpg\" alt=\"\" width=\"830\" height=\"506\" srcset=\"http:\/\/www.przyladekhistorii.pl\/wp-content\/uploads\/2019\/08\/drzewo.jpg 830w, http:\/\/www.przyladekhistorii.pl\/wp-content\/uploads\/2019\/08\/drzewo-300x183.jpg 300w, http:\/\/www.przyladekhistorii.pl\/wp-content\/uploads\/2019\/08\/drzewo-768x468.jpg 768w, http:\/\/www.przyladekhistorii.pl\/wp-content\/uploads\/2019\/08\/drzewo-443x270.jpg 443w\" sizes=\"(max-width: 830px) 100vw, 830px\" \/><div role=\"form\" class=\"wpcf7\" id=\"wpcf7-f443-o1\" lang=\"pl-PL\" dir=\"ltr\">\n<div class=\"screen-reader-response\"><p role=\"status\" aria-live=\"polite\" aria-atomic=\"true\"><\/p> <ul><\/ul><\/div>\n<form action=\"\/index.php\/wp-json\/wp\/v2\/pages\/444#wpcf7-f443-o1\" method=\"post\" class=\"wpcf7-form init\" enctype=\"multipart\/form-data\" novalidate=\"novalidate\" data-status=\"init\">\n<div style=\"display: none;\">\n<input type=\"hidden\" name=\"_wpcf7\" value=\"443\" \/>\n<input type=\"hidden\" name=\"_wpcf7_version\" value=\"5.6.3\" \/>\n<input type=\"hidden\" name=\"_wpcf7_locale\" value=\"pl_PL\" \/>\n<input type=\"hidden\" name=\"_wpcf7_unit_tag\" value=\"wpcf7-f443-o1\" \/>\n<input type=\"hidden\" name=\"_wpcf7_container_post\" value=\"0\" \/>\n<input type=\"hidden\" name=\"_wpcf7_posted_data_hash\" value=\"\" \/>\n<input type=\"hidden\" name=\"_wpcf7_recaptcha_response\" value=\"\" \/>\n<\/div>\n<p>Pami\u0119\u0107 pokole\u0144 jest elementem procesu odtwarzania przesz\u0142o\u015bci. Buduje \u015bwiadomo\u015b\u0107 wsp\u00f3lnej historii. Jednoczy pokolenia. Pomaga poprzez pryzmat historii los\u00f3w cz\u0142onk\u00f3w swojej rodziny zrozumie\u0107 w\u0142asn\u0105 to\u017csamo\u015b\u0107. Pokolenie bez wiedzy o swojej historii jest jak cz\u0142owiek bez pami\u0119ci.<br \/>\nNa l\u0105deckich cmentarzach spoczywa w sumie par\u0119 tysi\u0119cy os\u00f3b. Wiele spo\u015br\u00f3d nich to powszechnienie znane osoby. Zas\u0142u\u017ceni spo\u0142ecznicy, dzia\u0142acze, stra\u017cacy, lekarze, nauczyciele, etc. Na tabliczkach nagrobnych podane s\u0105 jednak tylko suche dane - imi\u0119 i nazwisko, daty urodzenia oraz \u015bmierci. Czasem jakie\u015b zdanie, kr\u00f3tki tekst w formie po\u017cegnania. Chcieliby\u015bmy, aby ka\u017cda z tych os\u00f3b zosta\u0142a przypomniana, przecie\u017c \u017cy\u0142a w\u015br\u00f3d nas, cz\u0119sto dzieli\u0142a z nami rado\u015bci i troski. Naszym zamys\u0142em jest stworzy\u0107 biogramy zmar\u0142ych l\u0105dczan.<br \/>\nDlatego zwracamy si\u0119 do Was - opiszcie \u017cycie swoich bliskich - kim byli, co ich pasjonowa\u0142o, czym si\u0119 zajmowali. Ka\u017cdy biogram zostanie przez nas opublikowany na naszej stronie.<\/p>\n<p><label> Imi\u0119 i nazwisko dodaj\u0105cego (wymagane)<br \/>\n    <span class=\"wpcf7-form-control-wrap\" data-name=\"text-199\"><input type=\"text\" name=\"text-199\" value=\"\" size=\"40\" class=\"wpcf7-form-control wpcf7-text wpcf7-validates-as-required\" aria-required=\"true\" aria-invalid=\"false\" placeholder=\"np. Jan Kowalski\" \/><\/span> <\/label><\/p>\n<p><label> Numer telefonu dodaj\u0105cego<br \/>\n    <span class=\"wpcf7-form-control-wrap\" data-name=\"tel-850\"><input type=\"tel\" name=\"tel-850\" value=\"\" size=\"40\" class=\"wpcf7-form-control wpcf7-text wpcf7-tel wpcf7-validates-as-tel\" aria-invalid=\"false\" \/><\/span> <\/label><\/p>\n<p><label> Adres email dodaj\u0105cego (wymagane)<br \/>\n    <span class=\"wpcf7-form-control-wrap\" data-name=\"email-155\"><input type=\"email\" name=\"email-155\" value=\"\" size=\"40\" class=\"wpcf7-form-control wpcf7-text wpcf7-email wpcf7-validates-as-required wpcf7-validates-as-email\" aria-required=\"true\" aria-invalid=\"false\" \/><\/span> <\/label><\/p>\n<p><label> Imi\u0119 i nazwisko przodka (wymagane)<br \/>\n    <span class=\"wpcf7-form-control-wrap\" data-name=\"text-113\"><input type=\"text\" name=\"text-113\" value=\"\" size=\"40\" class=\"wpcf7-form-control wpcf7-text wpcf7-validates-as-required\" aria-required=\"true\" aria-invalid=\"false\" \/><\/span> <\/label><\/p>\n<p><label> Biogram przodka  (wymagane)<br \/>\n   <span class=\"wpcf7-form-control-wrap\" data-name=\"textarea-5000\"><textarea name=\"textarea-5000\" cols=\"40\" rows=\"10\" class=\"wpcf7-form-control wpcf7-textarea wpcf7-validates-as-required\" aria-required=\"true\" aria-invalid=\"false\"><\/textarea><\/span> <\/label><\/p>\n<p><label> Za\u0142\u0105cz zdj\u0119cie (opcjonalnie)<br \/>\n   <span class=\"wpcf7-form-control-wrap\" data-name=\"file-473\"><input type=\"file\" name=\"file-473\" size=\"40\" class=\"wpcf7-form-control wpcf7-file\" accept=\".jpg,.png,.tiff,.psd\" aria-invalid=\"false\" \/><\/span> <\/label><\/p>\n<p><span class=\"wpcf7-form-control-wrap\" data-name=\"acceptance-865\"><span class=\"wpcf7-form-control wpcf7-acceptance\"><span class=\"wpcf7-list-item\"><input type=\"checkbox\" name=\"acceptance-865\" value=\"1\" aria-invalid=\"false\" \/><\/span><\/span><\/span> Wyra\u017cam zgod\u0119 na przetwarzanie moim danych osobowych przez L\u0105deckie Towarzystwo Historyczno-Eksploracyjne w zakresie niezb\u0119dnych do realizacji zada\u0144 statutowych stowarzyszenia, zgodnie z tre\u015bci\u0105  art. 6 ust. 1 lit a rozporz\u0105dzenia Parlamentu Europejskiego i Rady (UE) 2016\/679 z dnia 27 kwietnia 2016 r. w sprawie ochrony os\u00f3b fizycznych w zwi\u0105zku z przetwarzaniem danych osobowych i w sprawie swobodnego przep\u0142ywu takich danych oraz uchylenia dyrektywy 95\/46\/WE.<\/p>\n<p><span class=\"wpcf7-form-control-wrap\" data-name=\"acceptance-995\"><span class=\"wpcf7-form-control wpcf7-acceptance\"><span class=\"wpcf7-list-item\"><input type=\"checkbox\" name=\"acceptance-995\" value=\"1\" aria-invalid=\"false\" \/><\/span><\/span><\/span> Potwierdzam, i\u017c zosta\u0142em poinformowany\/a, \u017ce strona ta stosuje us\u0142ug\u0119 reCAPTCHA v3 do zwalczania spamu i nadu\u017cy\u0107 w tej witrynie. Us\u0142uga reCAPTCHA v3 podlega <a href=\"https:\/\/www.google.com\/policies\/privacy\/\" style=\"color: red\"><u>Polityce prywatno\u015bci<\/u><\/a> i <a href=\"https:\/\/www.google.com\/policies\/terms\/\" style=\"color: red\"><u>Warunkom korzystania z us\u0142ug<\/u><\/a> Google.<\/p>\n<p><input type=\"submit\" value=\"Wy\u015blij\" class=\"wpcf7-form-control has-spinner wpcf7-submit\" \/><\/p>\n<p style=\"display: none !important;\"><label>&#916;<textarea name=\"_wpcf7_ak_hp_textarea\" cols=\"45\" rows=\"8\" maxlength=\"100\"><\/textarea><\/label><input type=\"hidden\" id=\"ak_js_1\" name=\"_wpcf7_ak_js\" value=\"8\"\/><script>document.getElementById( \"ak_js_1\" ).setAttribute( \"value\", ( new Date() ).getTime() );<\/script><\/p><div class=\"wpcf7-response-output\" aria-hidden=\"true\"><\/div><\/form><\/div><\/p>\n","protected":false},"excerpt":{"rendered":"","protected":false},"author":1,"featured_media":0,"parent":0,"menu_order":0,"comment_status":"closed","ping_status":"closed","template":"","meta":[],"_links":{"self":[{"href":"http:\/\/www.przyladekhistorii.pl\/index.php\/wp-json\/wp\/v2\/pages\/444"}],"collection":[{"href":"http:\/\/www.przyladekhistorii.pl\/index.php\/wp-json\/wp\/v2\/pages"}],"about":[{"href":"http:\/\/www.przyladekhistorii.pl\/index.php\/wp-json\/wp\/v2\/types\/page"}],"author":[{"embeddable":true,"href":"http:\/\/www.przyladekhistorii.pl\/index.php\/wp-json\/wp\/v2\/users\/1"}],"replies":[{"embeddable":true,"href":"http:\/\/www.przyladekhistorii.pl\/index.php\/wp-json\/wp\/v2\/comments?post=444"}],"version-history":[{"count":4,"href":"http:\/\/www.przyladekhistorii.pl\/index.php\/wp-json\/wp\/v2\/pages\/444\/revisions"}],"predecessor-version":[{"id":1272,"href":"http:\/\/www.przyladekhistorii.pl\/index.php\/wp-json\/wp\/v2\/pages\/444\/revisions\/1272"}],"wp:attachment":[{"href":"http:\/\/www.przyladekhistorii.pl\/index.php\/wp-json\/wp\/v2\/media?parent=444"}],"curies":[{"name":"wp","href":"https:\/\/api.w.org\/{rel}","templated":true}]}}