{"id":460,"date":"2018-12-21T20:31:04","date_gmt":"2018-12-21T19:31:04","guid":{"rendered":"http:\/\/www.przyladekhistorii.pl\/?page_id=460"},"modified":"2019-04-10T18:31:53","modified_gmt":"2019-04-10T16:31:53","slug":"jan-woroniewski","status":"publish","type":"page","link":"http:\/\/www.przyladekhistorii.pl\/index.php\/cmentarz-komunalny\/jan-woroniewski\/","title":{"rendered":"Jan Woroniewski"},"content":{"rendered":"<p><span data-offset-key=\"5ces2-0-0\">[supsystic-gallery id=32 position=center]<\/span><\/p>\n<p style=\"text-align: justify;\">Ksi\u0105dz Jan Woroniewski &#8211; urodzi\u0142 si\u0119 13 czerwca 1880 roku we wsi Zawada (przed wojn\u0105 pow. Mo\u015bciska, woj. lwowskie). Uko\u0144czy\u0142 C.K. Gimnazjum w Przemy\u015blu w 1900 roku. Nauk\u0119 kontynuowa\u0142 na Uniwersytecie Lwowskim, kt\u00f3ry uko\u0144czy\u0142 uzyskuj\u0105c tytu\u0142 Doktora Prawa Cywilnego w 1904 roku. Po uko\u0144czeniu studi\u00f3w pracowa\u0142 jako urz\u0119dnik cywilny.<br \/>\nW bli\u017cej nieznanych okoliczno\u015bciach podj\u0105\u0142 w 1913 roku decyzj\u0119 o wst\u0105pieniu do Seminarium Duchownego we Lwowie. 9 lipca 1916 roku uko\u0144czy\u0142 seminariu<span class=\"text_exposed_show\">m i zosta\u0142 wy\u015bwi\u0119cony na kap\u0142ana. Do 1945 roku pracowa\u0142 jako duchowny w r\u00f3\u017cnych parafiach w Diecezji Lwowskiej, m.in. jako wikariusz parafii Chodor\u00f3w (1916-1919), wikariusz parafii Kochawina (1919-1922), wikariusz parafii Tarnopol (1922-1924 ), kapelan w szpitalu Si\u00f3str Szarytek w Mariampolu (1924-1925), proboszcz parafii \u015awitarz\u00f3w (1925-1932). Najd\u0142u\u017cej, bo w latach 1932-1945, piastowa\u0142 stanowisko administratora parafii Brzuchowice. Przed wojn\u0105 ta podlwowska miejscowo\u015b\u0107 rekreacyjno-letniskowa znana by\u0142a w Polsce z jednej z najwi\u0119kszych w kraju skoczni narciarskich.<br \/>\nPo II wojnie zmuszony zosta\u0142, jak wi\u0119kszo\u015b\u0107 Polak\u00f3w, do opuszczenia Kres\u00f3w Wschodnich. Wyjecha\u0142 na tzw. Ziemie Odzyskane i w lipcu 1945 roku obj\u0105\u0142 stanowisko polskiego duszpasterza w Bystrzycy K\u0142odzkiej. Pracowa\u0142 tam do 12 maja 1946 roku, kiedy to decyzj\u0105 Administracji Apostolskiej mianowany zosta\u0142 proboszczem parafii w L\u0105dku-Zdroju. Parafi\u0119 obj\u0105\u0142 3 lipca 1946 r. i piastowa\u0142 stanowisko proboszcza a\u017c do \u015bmierci 7 kwietnia 1947 roku.<br \/>\nUroczysty pogrzeb pierwszego l\u0105deckiego proboszcza po 1945 r. odby\u0142 si\u0119 10 kwietnia, uczestniczy\u0142o w nim 10 ksi\u0119\u017cy w tym proboszcz z Bystrzycy K\u0142odzkiej, ks. Dziekan Antoni \u0141opaci\u0144ski. Ks. Jana Woronieckiego na tzw. stary cmentarz w L\u0105dku-Zdroju odprowadzili licznie parafianie, m\u0142odzie\u017c, cz\u0142onkowie Stra\u017cy Po\u017carnej oraz stowarzyszenia spo\u0142eczne.<\/span><\/p>\n","protected":false},"excerpt":{"rendered":"<p>[supsystic-gallery id=32 position=center] Ksi\u0105dz Jan Woroniewski &#8211; urodzi\u0142 si\u0119 13 czerwca 1880 roku we wsi Zawada (przed wojn\u0105 pow. Mo\u015bciska, woj. lwowskie). Uko\u0144czy\u0142 C.K. Gimnazjum w Przemy\u015blu w 1900 roku. Nauk\u0119 kontynuowa\u0142 na Uniwersytecie Lwowskim, kt\u00f3ry uko\u0144czy\u0142 uzyskuj\u0105c tytu\u0142 Doktora Prawa Cywilnego w 1904 roku. Po uko\u0144czeniu studi\u00f3w pracowa\u0142 jako urz\u0119dnik cywilny. W bli\u017cej nieznanych okoliczno\u015bciach podj\u0105\u0142 w 1913 roku decyzj\u0119 o wst\u0105pieniu do Seminarium Duchownego we Lwowie. 9 lipca 1916 roku uko\u0144czy\u0142 seminarium i zosta\u0142 wy\u015bwi\u0119cony na kap\u0142ana. Do&#8230;<\/p>\n<p class=\"read-more\"><a class=\"btn btn-default\" href=\"http:\/\/www.przyladekhistorii.pl\/index.php\/cmentarz-komunalny\/jan-woroniewski\/\"> Read More<span class=\"screen-reader-text\">  Read More<\/span><\/a><\/p>\n","protected":false},"author":1,"featured_media":0,"parent":161,"menu_order":0,"comment_status":"closed","ping_status":"closed","template":"","meta":[],"_links":{"self":[{"href":"http:\/\/www.przyladekhistorii.pl\/index.php\/wp-json\/wp\/v2\/pages\/460"}],"collection":[{"href":"http:\/\/www.przyladekhistorii.pl\/index.php\/wp-json\/wp\/v2\/pages"}],"about":[{"href":"http:\/\/www.przyladekhistorii.pl\/index.php\/wp-json\/wp\/v2\/types\/page"}],"author":[{"embeddable":true,"href":"http:\/\/www.przyladekhistorii.pl\/index.php\/wp-json\/wp\/v2\/users\/1"}],"replies":[{"embeddable":true,"href":"http:\/\/www.przyladekhistorii.pl\/index.php\/wp-json\/wp\/v2\/comments?post=460"}],"version-history":[{"count":4,"href":"http:\/\/www.przyladekhistorii.pl\/index.php\/wp-json\/wp\/v2\/pages\/460\/revisions"}],"predecessor-version":[{"id":989,"href":"http:\/\/www.przyladekhistorii.pl\/index.php\/wp-json\/wp\/v2\/pages\/460\/revisions\/989"}],"up":[{"embeddable":true,"href":"http:\/\/www.przyladekhistorii.pl\/index.php\/wp-json\/wp\/v2\/pages\/161"}],"wp:attachment":[{"href":"http:\/\/www.przyladekhistorii.pl\/index.php\/wp-json\/wp\/v2\/media?parent=460"}],"curies":[{"name":"wp","href":"https:\/\/api.w.org\/{rel}","templated":true}]}}