{"id":463,"date":"2018-12-21T20:49:12","date_gmt":"2018-12-21T19:49:12","guid":{"rendered":"http:\/\/www.przyladekhistorii.pl\/?page_id=463"},"modified":"2018-12-25T13:57:14","modified_gmt":"2018-12-25T12:57:14","slug":"chojnacki-zdzislaw","status":"publish","type":"page","link":"http:\/\/www.przyladekhistorii.pl\/index.php\/cmentarz-parafialny\/chojnacki-zdzislaw\/","title":{"rendered":"Zdzis\u0142aw Chojnacki"},"content":{"rendered":"<div data-offset-key=\"e58pj-0-0\" data-block=\"true\" data-editor=\"5shsd\">\n<div data-offset-key=\"e58pj-0-0\">[supsystic-gallery id=19 position=center]<\/div>\n<div class=\"_1mf _1mj\" style=\"text-align: justify;\" data-offset-key=\"e58pj-0-0\"><span data-offset-key=\"e58pj-0-0\">Podporcznik kawalerii Zdzis\u0142aw Marian Chojnacki, syn Grzegorza i Zofii z Le\u015bkiewicz\u00f3w. Urodzony 9 stycznia 1915 roku w Parszowie (pow. i\u0142\u017cecki). Wraz z rodzin\u0105 mieszka\u0142 w Skar\u017cysku-Kamiennej. Absolwent Korpusu Kadet\u00f3w w Rawiczu (1935) i SPKaw. (1936). Pierwotnie s\u0142u\u017cy\u0142 w 26 Pu\u0142ku U\u0142an\u00f3w Wielkopolskich, nast\u0119pnie w 1937 roku przeniesiony do 27 Pu\u0142ku U\u0142an\u00f3w im. Kr\u00f3la Stefana Batorego w Nie\u015bwie\u017cu (woj. nowog\u00f3r\u00f3dzkie). We wrze\u015bniu 1939 oficer informacji 27 p. u\u0142. Wraz z pu\u0142kiem toczy\u0142 walki os\u0142onowe ko\u0142o Dzia\u0142dowa, a nast\u0119pnie w okolicy P\u0142ocka. 13 wrze\u015bnia pu\u0142k szar\u017cowa\u0142 pod Maliszewem, bra\u0142 tak\u017ce udzia\u0142 w drugiej bitwie tomaszowskiej. 26 wrze\u015bnia zn\u00f3w ruszy\u0142 do szar\u017cy, tym razem pod Mora\u0144cami. 27 Pu\u0142k U\u0142an\u00f3w im. Kr\u00f3la Stefana Batorego ostatecznie zosta\u0142 rozbity przez wojska sowieckie w drodze do granicy w\u0119gierskiej. Tam te\u017c podporucznik dosta\u0142 si\u0119 do niewoli. <\/span><\/div>\n<\/div>\n<div data-offset-key=\"eod96-0-0\" data-block=\"true\" data-editor=\"5shsd\">\n<div class=\"_1mf _1mj\" data-offset-key=\"eod96-0-0\"><span data-offset-key=\"eod96-0-0\">Wedle obecnych informacji przetrzymywany by\u0142 w obozie w Starobielsku, a nast\u0119pnie zamordowany w Charkowie w 1940 r. Pochowany razem z blisko 4000 innych oficer\u00f3w Wojska Polskiego w Piatichatkach.<\/span><\/div>\n<\/div>\n<div data-offset-key=\"8dk40-0-0\" data-block=\"true\" data-editor=\"5shsd\">\n<div class=\"_1mf _1mj\" data-offset-key=\"8dk40-0-0\"><span data-offset-key=\"8dk40-0-0\">W L\u0105dku-Zdroju znajduje si\u0119 gr\u00f3b symboliczny.<\/span><\/div>\n<\/div>\n<div data-offset-key=\"2voc8-0-0\" data-block=\"true\" data-editor=\"5shsd\">\n<div data-offset-key=\"2voc8-0-0\"><\/div>\n<div class=\"_1mf _1mj\" data-offset-key=\"2voc8-0-0\"><span data-offset-key=\"2voc8-0-0\">Na podstawie:\u00a0<\/span><\/div>\n<\/div>\n<div data-offset-key=\"c96c3-0-0\" data-block=\"true\" data-editor=\"5shsd\">\n<div class=\"_1mf _1mj\" data-offset-key=\"c96c3-0-0\"><a href=\"http:\/\/www.muzeumkatynskie.pl\"><span data-offset-key=\"c96c3-0-0\">www.muzeumkatynskie.pl<\/span><\/a><\/div>\n<\/div>\n<div data-offset-key=\"enlpi-0-0\" data-block=\"true\" data-editor=\"5shsd\">\n<div class=\"_1mf _1mj\" data-offset-key=\"enlpi-0-0\"><a href=\"http:\/\/www.echodnia.eu\/swietokrzyskie\/wiadomosci\/skarzysko-kamienna\/a\/zapomniany-skarzyski-ulan-wciaz-czeka-na-upamietnienie,9879971\/\"><span data-offset-key=\"enlpi-0-0\">www.echodnia.eu\/swietokrzyskie\/wiadomosci\/skarzysko-kamienna\/a\/zapomniany-skarzyski-ulan-wciaz-czeka-na-upamietnienie,9879971\/<\/span><\/a><\/div>\n<\/div>\n","protected":false},"excerpt":{"rendered":"<p>[supsystic-gallery id=19 position=center] Podporcznik kawalerii Zdzis\u0142aw Marian Chojnacki, syn Grzegorza i Zofii z Le\u015bkiewicz\u00f3w. Urodzony 9 stycznia 1915 roku w Parszowie (pow. i\u0142\u017cecki). Wraz z rodzin\u0105 mieszka\u0142 w Skar\u017cysku-Kamiennej. Absolwent Korpusu Kadet\u00f3w w Rawiczu (1935) i SPKaw. (1936). Pierwotnie s\u0142u\u017cy\u0142 w 26 Pu\u0142ku U\u0142an\u00f3w Wielkopolskich, nast\u0119pnie w 1937 roku przeniesiony do 27 Pu\u0142ku U\u0142an\u00f3w im. Kr\u00f3la Stefana Batorego w Nie\u015bwie\u017cu (woj. nowog\u00f3r\u00f3dzkie). We wrze\u015bniu 1939 oficer informacji 27 p. u\u0142. Wraz z pu\u0142kiem toczy\u0142 walki os\u0142onowe ko\u0142o Dzia\u0142dowa, a nast\u0119pnie&#8230;<\/p>\n<p class=\"read-more\"><a class=\"btn btn-default\" href=\"http:\/\/www.przyladekhistorii.pl\/index.php\/cmentarz-parafialny\/chojnacki-zdzislaw\/\"> Read More<span class=\"screen-reader-text\">  Read More<\/span><\/a><\/p>\n","protected":false},"author":1,"featured_media":0,"parent":437,"menu_order":0,"comment_status":"closed","ping_status":"closed","template":"","meta":[],"_links":{"self":[{"href":"http:\/\/www.przyladekhistorii.pl\/index.php\/wp-json\/wp\/v2\/pages\/463"}],"collection":[{"href":"http:\/\/www.przyladekhistorii.pl\/index.php\/wp-json\/wp\/v2\/pages"}],"about":[{"href":"http:\/\/www.przyladekhistorii.pl\/index.php\/wp-json\/wp\/v2\/types\/page"}],"author":[{"embeddable":true,"href":"http:\/\/www.przyladekhistorii.pl\/index.php\/wp-json\/wp\/v2\/users\/1"}],"replies":[{"embeddable":true,"href":"http:\/\/www.przyladekhistorii.pl\/index.php\/wp-json\/wp\/v2\/comments?post=463"}],"version-history":[{"count":4,"href":"http:\/\/www.przyladekhistorii.pl\/index.php\/wp-json\/wp\/v2\/pages\/463\/revisions"}],"predecessor-version":[{"id":548,"href":"http:\/\/www.przyladekhistorii.pl\/index.php\/wp-json\/wp\/v2\/pages\/463\/revisions\/548"}],"up":[{"embeddable":true,"href":"http:\/\/www.przyladekhistorii.pl\/index.php\/wp-json\/wp\/v2\/pages\/437"}],"wp:attachment":[{"href":"http:\/\/www.przyladekhistorii.pl\/index.php\/wp-json\/wp\/v2\/media?parent=463"}],"curies":[{"name":"wp","href":"https:\/\/api.w.org\/{rel}","templated":true}]}}