{"id":492,"date":"2018-12-22T10:06:46","date_gmt":"2018-12-22T09:06:46","guid":{"rendered":"http:\/\/www.przyladekhistorii.pl\/?page_id=492"},"modified":"2023-05-03T15:35:42","modified_gmt":"2023-05-03T13:35:42","slug":"gabriel-wozniak","status":"publish","type":"page","link":"http:\/\/www.przyladekhistorii.pl\/index.php\/cmentarz-parafialny\/gabriel-wozniak\/","title":{"rendered":"Gabriel Wo\u017aniak"},"content":{"rendered":"<p><img loading=\"lazy\" class=\"aligncenter wp-image-496 size-full\" src=\"http:\/\/www.przyladekhistorii.pl\/wp-content\/uploads\/2018\/12\/Wozniak-Gabriel-02.jpg\" alt=\"\" width=\"1080\" height=\"1920\" srcset=\"http:\/\/www.przyladekhistorii.pl\/wp-content\/uploads\/2018\/12\/Wozniak-Gabriel-02.jpg 1080w, http:\/\/www.przyladekhistorii.pl\/wp-content\/uploads\/2018\/12\/Wozniak-Gabriel-02-169x300.jpg 169w, http:\/\/www.przyladekhistorii.pl\/wp-content\/uploads\/2018\/12\/Wozniak-Gabriel-02-768x1365.jpg 768w, http:\/\/www.przyladekhistorii.pl\/wp-content\/uploads\/2018\/12\/Wozniak-Gabriel-02-576x1024.jpg 576w, http:\/\/www.przyladekhistorii.pl\/wp-content\/uploads\/2018\/12\/Wozniak-Gabriel-02-152x270.jpg 152w\" sizes=\"(max-width: 1080px) 100vw, 1080px\" \/><\/p>\n<p style=\"text-align: justify;\">Histori\u0119 ka\u017cdej miejscowo\u015bci tworz\u0105 ludzie, ludzie cz\u0119sto bezimienni, jak r\u00f3wnie\u017c tacy, kt\u00f3rzy w spos\u00f3b widoczny pozostawili sw\u00f3j \u015blad rzetelnej i ofiarnej pracy. Takim cz\u0142owiekiem by\u0142 Gabriel Wo\u017aniak, postrzegany przez cz\u0119\u015b\u0107 spo\u0142ecze\u0144stwa Polanicy, jako cz\u0142owiek o trudnym i kontrowersyjnym charakterze, poniewa\u017c przez \u017cycie wymaga\u0142 od siebie i od innych niezwyk\u0142ej prac<span class=\"text_exposed_show\">owito\u015bci i absolutnej rzetelno\u015bci, troski o przedsi\u0119biorstwo i pracownik\u00f3w.<br \/>\nPrzyjecha\u0142 do Polanicy w 1951 roku, uciekaj\u0105c z Wroc\u0142awia przed mo\u017cliwymi represjami za udzia\u0142 w Ruchu Oporu Armii Krajowej w Okr\u0119gu Radom &#8211; Kielce w okresie od kwietnia 1944 r. do stycznia 1945r. Walczy\u0142 w oddzia\u0142ach &#8220;Szarego&#8221;, nosz\u0105c pseudonim Mur.<br \/>\nW sierpniu i pa\u017adzierniku 1979 r. Komisja Krzy\u017ca Armii Krajowej by\u0142ych \u017co\u0142nierzy Armii Krajowej w Londynie przyzna\u0142a mu Krzy\u017c Armii Krajowej i Medal Wojska, ustanowionego 1 sierpnia 1966 r. przez dow\u00f3dc\u0119 AK Gen. Tadeusza Bora &#8211; Komorowskiego.<br \/>\nW 1951 roku Gabriel Wo\u017aniak rozpocz\u0105\u0142 prac\u0119 w Zak\u0142adach Szklarskich w Polanicy, w charakterze kierownika Dzia\u0142u Technicznego pracuj\u0105c tam do 1961 roku. W 1962 r. przechodzi do pracy w Uzdrowisku- Polanica, gdzie 5 lat pracuje jako kierownik Huty Szk\u0142a &#8220;Barbara&#8221;. Huta w tym czasie produkowa\u0142a butelki do wody mineralnej. Wielu wspania\u0142ych fachowc\u00f3w mia\u0142o tam zatrudnienie. Zak\u0142ad modernizowano, cieszono si\u0119 wieloma sukcesami. W 1967 r. zostaje powo\u0142any na stanowisko z-cy dyrektora d\/s produkcji, zbytu w\u00f3d mineralnych w PP &#8220;Uzdrowisko &#8211; Polanica&#8221; a od 12 grudnia 1973 r. pe\u0142ni t\u0119 funkcj\u0119 w Zespole Uzdrowisk K\u0142odzkich do 1978 roku. W latach 1978-1979 jest pe\u0142nomocnikiem Zjednoczenia &#8220;Uzdrowiska Polskie&#8221; do spraw rozbudowy i kierowania produkcj\u0105 w\u00f3d mineralnych w Grodzisku Wielkopolskim.<br \/>\nW po\u0142owie lat 60-tych z inicjatywy Rady Zak\u0142adowej Zwi\u0105zku Zawodowego Pracownik\u00f3w S\u0142u\u017cby Zdrowia i dyrektora uzdrowiska Karola Grzejszczyka w ci\u0105gu 3 &#8211; 4 miesi\u0119cy jest organizatorem i budowniczym O\u015brodka Wypoczynkowo &#8211; Leczniczego PP &#8220;Uzdrowisko &#8211; Polanica&#8221; w Augustowie.<br \/>\nW O\u015brodku w miesi\u0105cach czerwiec &#8211; wrzesie\u0144 wypoczywali niemal wszyscy pracownicy ze swoimi dzie\u0107mi i cz\u0142onkami rodzin. Pracownicy udawali si\u0119 do Augustowa autobusem Rady Zak\u0142adowej za minimaln\u0105 op\u0142at\u0105.<br \/>\nPod koniec roku 1980 &#8211; go z powodu ci\u0119\u017ckiej choroby przechodzi na rent\u0119. Konsultowa\u0142em w tym okresie stan zdrowia Gabriela z prof. dr med. Janem Mollem, najwybitniejszym w\u00f3wczas kardiochirurgiem w Akademii Medycznej w \u0141odzi. Rozleg\u0142o\u015b\u0107 zmian w naczyniach wie\u0144cowych nie kwalifikowa\u0142a w\u00f3wczas do leczenia operacyjnego. W 1985 r. w wieku 58 lat umiera.<br \/>\nPrawie dwadzie\u015bcia lat pracy dla rozlewnictwa w\u00f3d mineralnych, przynios\u0142o przedsi\u0119biorstwu uzdrowiskowemu pod kierownictwem Gabriela Wo\u017cniaka wymierne korzy\u015bci materialne; przemian\u0119 skromnego &#8220;zak\u0142adu w nowoczesn\u0105 rozlewni\u0119 w\u00f3d. W ko\u0144cowym okresie jego kierownictwa, Rozlewnia W\u00f3d Mineralnych w Polanicy Zdroju rozlewa\u0142a 100 mln. butelek: mineralnych w\u00f3d polanickich i jeleniowskich. W mowie po\u017cegnalnej nad mogi\u0142\u0105 \u017cyczy\u0142em mu spokojnego snu i takiej Polski, o jakiej marzy\u0142 i wielokrotnie o niej ze mn\u0105 rozmawia\u0142.<br \/>\n<\/span><\/p>\n<p style=\"text-align: right;\"><span class=\"text_exposed_show\">Stefan Biela<br \/>\n&#8220;Nieregularnik Polanicki&#8221; Pismo Towarzystwa Mi\u0142o\u015bnik\u00f3w Polanicy, nr 1 (9) 2005<\/span><\/p>\n<p><img loading=\"lazy\" class=\"aligncenter wp-image-3290 size-full\" src=\"http:\/\/www.przyladekhistorii.pl\/wp-content\/uploads\/2022\/08\/92.jpg\" alt=\"\" width=\"900\" height=\"1204\" srcset=\"http:\/\/www.przyladekhistorii.pl\/wp-content\/uploads\/2022\/08\/92.jpg 900w, http:\/\/www.przyladekhistorii.pl\/wp-content\/uploads\/2022\/08\/92-224x300.jpg 224w, http:\/\/www.przyladekhistorii.pl\/wp-content\/uploads\/2022\/08\/92-765x1024.jpg 765w, http:\/\/www.przyladekhistorii.pl\/wp-content\/uploads\/2022\/08\/92-768x1027.jpg 768w, http:\/\/www.przyladekhistorii.pl\/wp-content\/uploads\/2022\/08\/92-202x270.jpg 202w\" sizes=\"(max-width: 900px) 100vw, 900px\" \/><\/p>\n","protected":false},"excerpt":{"rendered":"<p>Histori\u0119 ka\u017cdej miejscowo\u015bci tworz\u0105 ludzie, ludzie cz\u0119sto bezimienni, jak r\u00f3wnie\u017c tacy, kt\u00f3rzy w spos\u00f3b widoczny pozostawili sw\u00f3j \u015blad rzetelnej i ofiarnej pracy. Takim cz\u0142owiekiem by\u0142 Gabriel Wo\u017aniak, postrzegany przez cz\u0119\u015b\u0107 spo\u0142ecze\u0144stwa Polanicy, jako cz\u0142owiek o trudnym i kontrowersyjnym charakterze, poniewa\u017c przez \u017cycie wymaga\u0142 od siebie i od innych niezwyk\u0142ej pracowito\u015bci i absolutnej rzetelno\u015bci, troski o przedsi\u0119biorstwo i pracownik\u00f3w. Przyjecha\u0142 do Polanicy w 1951 roku, uciekaj\u0105c z Wroc\u0142awia przed mo\u017cliwymi represjami za udzia\u0142 w Ruchu Oporu Armii Krajowej w Okr\u0119gu Radom&#8230;<\/p>\n<p class=\"read-more\"><a class=\"btn btn-default\" href=\"http:\/\/www.przyladekhistorii.pl\/index.php\/cmentarz-parafialny\/gabriel-wozniak\/\"> Read More<span class=\"screen-reader-text\">  Read More<\/span><\/a><\/p>\n","protected":false},"author":1,"featured_media":3290,"parent":437,"menu_order":0,"comment_status":"closed","ping_status":"closed","template":"","meta":[],"_links":{"self":[{"href":"http:\/\/www.przyladekhistorii.pl\/index.php\/wp-json\/wp\/v2\/pages\/492"}],"collection":[{"href":"http:\/\/www.przyladekhistorii.pl\/index.php\/wp-json\/wp\/v2\/pages"}],"about":[{"href":"http:\/\/www.przyladekhistorii.pl\/index.php\/wp-json\/wp\/v2\/types\/page"}],"author":[{"embeddable":true,"href":"http:\/\/www.przyladekhistorii.pl\/index.php\/wp-json\/wp\/v2\/users\/1"}],"replies":[{"embeddable":true,"href":"http:\/\/www.przyladekhistorii.pl\/index.php\/wp-json\/wp\/v2\/comments?post=492"}],"version-history":[{"count":5,"href":"http:\/\/www.przyladekhistorii.pl\/index.php\/wp-json\/wp\/v2\/pages\/492\/revisions"}],"predecessor-version":[{"id":3455,"href":"http:\/\/www.przyladekhistorii.pl\/index.php\/wp-json\/wp\/v2\/pages\/492\/revisions\/3455"}],"up":[{"embeddable":true,"href":"http:\/\/www.przyladekhistorii.pl\/index.php\/wp-json\/wp\/v2\/pages\/437"}],"wp:featuredmedia":[{"embeddable":true,"href":"http:\/\/www.przyladekhistorii.pl\/index.php\/wp-json\/wp\/v2\/media\/3290"}],"wp:attachment":[{"href":"http:\/\/www.przyladekhistorii.pl\/index.php\/wp-json\/wp\/v2\/media?parent=492"}],"curies":[{"name":"wp","href":"https:\/\/api.w.org\/{rel}","templated":true}]}}