{"id":507,"date":"2018-12-22T18:48:20","date_gmt":"2018-12-22T17:48:20","guid":{"rendered":"http:\/\/www.przyladekhistorii.pl\/?page_id=507"},"modified":"2023-05-03T16:13:56","modified_gmt":"2023-05-03T14:13:56","slug":"otto-weberbauer","status":"publish","type":"page","link":"http:\/\/www.przyladekhistorii.pl\/index.php\/cmentarz-parafialny\/otto-weberbauer\/","title":{"rendered":"Otto Weberbauer"},"content":{"rendered":"<p style=\"text-align: justify;\">Przyszed\u0142 na \u015bwiat we Wroc\u0142awiu 25 kwietnia 1847 roku jako syn Johanna Augusta Weberbauera, w\u0142a\u015bciciela wroc\u0142awskiego browaru. Jako jedyny syn (dw\u00f3ch jego braci zmar\u0142o w dzieci\u0144stwie) sta\u0142 si\u0119 oczkiem w g\u0142owie rodzic\u00f3w. Otoczony szczeg\u00f3ln\u0105 opiek\u0105 wykazywa\u0142 szczeg\u00f3lne uzdolnienia plastyczne i przyrodnicze. Ucz\u0119szcza\u0142 do Realgymnasium am Zwinger (Gimnazjum Realnego am Zwinger we Wroc\u0142awiu przy obecnej ul. Teatralnej). Jednym z jego profesor\u00f3w by\u0142 prof. dr Karl Gustav Wilhelm Stenzel (1826-1905) znany z licznych publikacji przyrodniczych.<br \/>\nPo uko\u0144czeniu szko\u0142y jego ojciec, mimo pocz\u0105tkowej niech\u0119ci, zgodzi\u0142 si\u0119 to, \u017ceby Otto zaj\u0105\u0142 si\u0119 malarstwem. Otto w szczeg\u00f3lno\u015bci upodoba\u0142 sobie malarstwo pejza\u017cowe, co poniek\u0105d sta\u0142o si\u0119 zacz\u0105tkiem jego l\u0105deckich los\u00f3w. Ot\u00f3\u017c na pocz\u0105tku 1868 roku Otto zajmowa\u0142 si\u0119 szkicowaniem pejza\u017cy (starych d\u0119b\u00f3w) w miejscowo\u015bci Bierdzany, niem. Pirscham (dzi\u015b osiedle we wschodniej cz\u0119\u015bci Wroc\u0142awia). W trakcie pracy napadli go i dotkliwie pobili przebywaj\u0105cy w okolicy w\u0142\u00f3cz\u0119dzy. Po tych wydarzeniach Otto musia\u0142 d\u0142ugo dochodzi\u0107 do zdrowia, odwiedzaj\u0105c liczne uzdrowiska, mi.in. Franciszkowe \u0141a\u017anie (Franzensbad) czy L\u0105dek (Landeck).<\/p>\n<figure id=\"attachment_505\" aria-describedby=\"caption-attachment-505\" style=\"width: 640px\" class=\"wp-caption aligncenter\"><img loading=\"lazy\" class=\"wp-image-505 size-large\" src=\"http:\/\/www.przyladekhistorii.pl\/wp-content\/uploads\/2018\/12\/Otto-Weberbauer-01-682x1024.jpg\" alt=\"\" width=\"640\" height=\"961\" srcset=\"http:\/\/www.przyladekhistorii.pl\/wp-content\/uploads\/2018\/12\/Otto-Weberbauer-01-682x1024.jpg 682w, http:\/\/www.przyladekhistorii.pl\/wp-content\/uploads\/2018\/12\/Otto-Weberbauer-01-200x300.jpg 200w, http:\/\/www.przyladekhistorii.pl\/wp-content\/uploads\/2018\/12\/Otto-Weberbauer-01-768x1153.jpg 768w, http:\/\/www.przyladekhistorii.pl\/wp-content\/uploads\/2018\/12\/Otto-Weberbauer-01-180x270.jpg 180w, http:\/\/www.przyladekhistorii.pl\/wp-content\/uploads\/2018\/12\/Otto-Weberbauer-01.jpg 900w\" sizes=\"(max-width: 640px) 100vw, 640px\" \/><figcaption id=\"caption-attachment-505\" class=\"wp-caption-text\">Gr\u00f3b Otto Weberbauera<\/figcaption><\/figure>\n<p style=\"text-align: justify;\">W trakcie l\u0105deckiego etapu swojego \u017cycia, Otto zaprzyja\u017ani\u0142 si\u0119 z miejscowym radc\u0105 sanitarnym &#8211; Adolfem Adamczykiem (1815-1875). Otto musia\u0142 by\u0107 cz\u0119stym go\u015bciem w domu radcy Adamczyka, gdy\u017c wtedy zapewne pozna\u0142 jego siostr\u0119 &#8211; Anoni\u0119. Zakochany Otto o\u015bwiadczy\u0142 si\u0119 jej, a po przyj\u0119ciu o\u015bwiadczyn po\u015blubi\u0142 j\u0105 30 sierpnia 1869 roku. Ze zwi\u0105zku tego na \u015bwiat przysz\u0142o czworo dzieci. Pierwsze lata po\u017cycia ma\u0142\u017ce\u0144skiego m\u0142oda para mieszka\u0142a w L\u0105dku, ale te\u017c du\u017co podr\u00f3\u017cuj\u0105c, m.in. po Bawarii, Szwajcarii i W\u0142oszech. W roku 1873 roku Otto spieni\u0119\u017cy\u0142 odziedziczony po ojcu browar i przeni\u00f3s\u0142 si\u0119 na sta\u0142e do L\u0105dka, gdzie wybudowa\u0142 dla swojej rodziny dom (Villa Weberbauer, Schlo\u00df Biele, DW Wrzos, Rezydencja Victoria). W tym czasie realizowa\u0142 swoje pasje zawodowe podejmuj\u0105c si\u0119 studi\u00f3w nad grzybami. Efektem tej pracy by\u0142y wydawane we wsp\u00f3\u0142pracy z Wilhelmem Gottliebem Schneiderem dwie 30-stronnicowe ksi\u0105\u017ceczki \u201eDie Pilze Norddeutschlands mit besonderer Ber\u00fccksichtigung Schlesiens\u201d (1873, 1875) z rysunkami Weberbauera. Z bli\u017cej nieznanych powod\u00f3w, mimo, \u017ce gotowe by\u0142y materia\u0142y do wydania kolejnych cz\u0119\u015bci nigdy to nie nast\u0105pi\u0142o.<br \/>\nSw\u00f3j dom zmieni\u0142 Otto w osobliwe muzeum &#8211; kolekcjonowa\u0142 sk\u00f3ry zwierz\u0119ce, wypchane zwierz\u0119ta, morskie stworzenia oraz muszle. Poszukiwa\u0142 tak\u017ce surowicy na jad \u017cmij, co zaowocowa\u0142o do\u015b\u0107 du\u017c\u0105 kolekcj\u0105 \u017cyj\u0105cych okaz\u00f3w tego gatunku. Mia\u0142 te\u017c posiada\u0107 jedn\u0105 z najwi\u0119kszych kolekcji motyli. By\u0142 to efekt do\u015b\u0107 licznej wymiany z licznymi europejskimi kolekcjonerami.<\/p>\n<figure id=\"attachment_2391\" aria-describedby=\"caption-attachment-2391\" style=\"width: 750px\" class=\"wp-caption aligncenter\"><img loading=\"lazy\" class=\"wp-image-2391 size-full\" src=\"http:\/\/www.przyladekhistorii.pl\/wp-content\/uploads\/2020\/08\/H5656-L57355883.jpg\" alt=\"\" width=\"750\" height=\"675\" srcset=\"http:\/\/www.przyladekhistorii.pl\/wp-content\/uploads\/2020\/08\/H5656-L57355883.jpg 750w, http:\/\/www.przyladekhistorii.pl\/wp-content\/uploads\/2020\/08\/H5656-L57355883-300x270.jpg 300w\" sizes=\"(max-width: 750px) 100vw, 750px\" \/><figcaption id=\"caption-attachment-2391\" class=\"wp-caption-text\">Obraz autorstwa Otto Weberbauera (<a href=\"https:\/\/www.invaluable.com\/auction-lot\/weberbauer-limited-edition-giclee-zebras-589-c-8871b57059\">https:\/\/www.invaluable.com\/auction-lot\/weberbauer-limited-edition-giclee-zebras-589-c-8871b57059<\/a>)<\/figcaption><\/figure>\n<p style=\"text-align: justify;\">W 1881 roku po raz kolejny mia\u0142 wyjecha\u0107 do W\u0142och celem podreperowania w\u0105t\u0142ego zdrowia, nadszarpni\u0119tego dodatkowo napadem sprzed lat. Wieczorem 19 lutego 1881 roku poszed\u0142 po\u017cegna\u0107 si\u0119 z jednym z przyjaci\u00f3\u0142, kt\u00f3ry wyrusza\u0142 w podr\u00f3\u017c. Wyszed\u0142 od niego oko\u0142o godziny 22, dwie godziny p\u00f3\u017aniej znaleziony zosta\u0142 martwy przez swojego ogrodnika w okolicy w\u0142asnej rezydencji z okaza\u0142\u0105 ran\u0105 g\u0142owy. Najprawdopodobniej jego w\u0142asny pies poci\u0105gn\u0105\u0142 go, czego efektem by\u0142 nieszcz\u0119\u015bliwy upadek ze schod\u00f3w.<br \/>\nOtto Weberbauer spocz\u0105\u0142 na nowym cmentarzu parafialnym 23 lutego 1881 roku.<\/p>\n<p style=\"text-align: right;\">[Na podstawie informacji Zb. Walusia]<\/p>\n","protected":false},"excerpt":{"rendered":"<p>Przyszed\u0142 na \u015bwiat we Wroc\u0142awiu 25 kwietnia 1847 roku jako syn Johanna Augusta Weberbauera, w\u0142a\u015bciciela wroc\u0142awskiego browaru. Jako jedyny syn (dw\u00f3ch jego braci zmar\u0142o w dzieci\u0144stwie) sta\u0142 si\u0119 oczkiem w g\u0142owie rodzic\u00f3w. Otoczony szczeg\u00f3ln\u0105 opiek\u0105 wykazywa\u0142 szczeg\u00f3lne uzdolnienia plastyczne i przyrodnicze. Ucz\u0119szcza\u0142 do Realgymnasium am Zwinger (Gimnazjum Realnego am Zwinger we Wroc\u0142awiu przy obecnej ul. Teatralnej). Jednym z jego profesor\u00f3w by\u0142 prof. dr Karl Gustav Wilhelm Stenzel (1826-1905) znany z licznych publikacji przyrodniczych. Po uko\u0144czeniu szko\u0142y jego ojciec, mimo pocz\u0105tkowej&#8230;<\/p>\n<p class=\"read-more\"><a class=\"btn btn-default\" href=\"http:\/\/www.przyladekhistorii.pl\/index.php\/cmentarz-parafialny\/otto-weberbauer\/\"> Read More<span class=\"screen-reader-text\">  Read More<\/span><\/a><\/p>\n","protected":false},"author":1,"featured_media":505,"parent":437,"menu_order":0,"comment_status":"closed","ping_status":"closed","template":"","meta":[],"_links":{"self":[{"href":"http:\/\/www.przyladekhistorii.pl\/index.php\/wp-json\/wp\/v2\/pages\/507"}],"collection":[{"href":"http:\/\/www.przyladekhistorii.pl\/index.php\/wp-json\/wp\/v2\/pages"}],"about":[{"href":"http:\/\/www.przyladekhistorii.pl\/index.php\/wp-json\/wp\/v2\/types\/page"}],"author":[{"embeddable":true,"href":"http:\/\/www.przyladekhistorii.pl\/index.php\/wp-json\/wp\/v2\/users\/1"}],"replies":[{"embeddable":true,"href":"http:\/\/www.przyladekhistorii.pl\/index.php\/wp-json\/wp\/v2\/comments?post=507"}],"version-history":[{"count":6,"href":"http:\/\/www.przyladekhistorii.pl\/index.php\/wp-json\/wp\/v2\/pages\/507\/revisions"}],"predecessor-version":[{"id":3458,"href":"http:\/\/www.przyladekhistorii.pl\/index.php\/wp-json\/wp\/v2\/pages\/507\/revisions\/3458"}],"up":[{"embeddable":true,"href":"http:\/\/www.przyladekhistorii.pl\/index.php\/wp-json\/wp\/v2\/pages\/437"}],"wp:featuredmedia":[{"embeddable":true,"href":"http:\/\/www.przyladekhistorii.pl\/index.php\/wp-json\/wp\/v2\/media\/505"}],"wp:attachment":[{"href":"http:\/\/www.przyladekhistorii.pl\/index.php\/wp-json\/wp\/v2\/media?parent=507"}],"curies":[{"name":"wp","href":"https:\/\/api.w.org\/{rel}","templated":true}]}}