{"id":544,"date":"2018-12-25T13:42:28","date_gmt":"2018-12-25T12:42:28","guid":{"rendered":"http:\/\/www.przyladekhistorii.pl\/?page_id=544"},"modified":"2023-05-03T15:32:00","modified_gmt":"2023-05-03T13:32:00","slug":"aleksander-ostrowicz","status":"publish","type":"page","link":"http:\/\/www.przyladekhistorii.pl\/index.php\/cmentarz-parafialny\/aleksander-ostrowicz\/","title":{"rendered":"Aleksander Ostrowicz"},"content":{"rendered":"<p style=\"text-align: center;\">\n<figure id=\"attachment_3448\" aria-describedby=\"caption-attachment-3448\" style=\"width: 1000px\" class=\"wp-caption aligncenter\"><img loading=\"lazy\" class=\"wp-image-3448 size-full\" src=\"http:\/\/www.przyladekhistorii.pl\/wp-content\/uploads\/2023\/05\/71.jpg\" alt=\"\" width=\"1000\" height=\"714\" srcset=\"http:\/\/www.przyladekhistorii.pl\/wp-content\/uploads\/2023\/05\/71.jpg 1000w, http:\/\/www.przyladekhistorii.pl\/wp-content\/uploads\/2023\/05\/71-300x214.jpg 300w, http:\/\/www.przyladekhistorii.pl\/wp-content\/uploads\/2023\/05\/71-768x548.jpg 768w, http:\/\/www.przyladekhistorii.pl\/wp-content\/uploads\/2023\/05\/71-378x270.jpg 378w\" sizes=\"(max-width: 1000px) 100vw, 1000px\" \/><figcaption id=\"caption-attachment-3448\" class=\"wp-caption-text\"><strong>Nagrobki Aleksandra i Klary Ostrowicz\u00f3w po renowacji wykonanej staraniem L\u0105deckiego Towarzystwa Historyczno-Eksploracyjnego. Zdj\u0119cie: Rados\u0142aw Pietraga<\/strong><\/figcaption><\/figure>\n<p style=\"text-align: justify;\">Aleksander Ostrowicz przyszed\u0142 na \u015bwiat 11 lipca 1839 w Gostyniu jako syn Walentego i Teodory z Morali\u0144skich. Tam te\u017c uko\u0144czy\u0142 szko\u0142\u0119 podstawow\u0105. Nauk\u0119 kontynuowa\u0142 w gimnazjum w Lesznie i Gimnazjum \u015aw. Marii Magdaleny w Poznaniu. W 1860 roku rozpocz\u0105\u0142 studia na \u015al\u0105skim Uniwersytecie im. Fryderyka Wilhelma we Wroc\u0142awiu na wydziale teologii. Wkr\u00f3tce jednak porzuci\u0142 j\u0105 na rzecz medycyny. Studia medyczne uko\u0144czy\u0142 w 1867 roku uzyskuj\u0105c stopie\u0144 naukowy doktora medycyny i chirurgii na podstawie rozprawy pt.: De trichina spirali et trichinosi. Dissertatio inauguralis Vratislaviae (&#8220;O w\u0142o\u015bniu kr\u0119tym i w\u0142o\u015bnicy. Rozprawa dla otwarcia stopnia naukowego we Wroc\u0142awiu&#8221;), napisanej pod kierunkiem prof. Ottona Spielberga.<br \/>\nPocz\u0105tkowo pracowa\u0142 w Poznaniu jako lekarz w szpitalu miejskim, nast\u0119pnie w 1875 roku przeprowadzi\u0142 si\u0119 do L\u0105dka-Zdroju, po\u0142o\u017conego w hrabstwie k\u0142odzkim, znanego w\u00f3wczas w ca\u0142ych Niemczech uzdrowiska.<br \/>\nPo trzech latach pracy obj\u0105\u0142 posad\u0119 lekarza w zak\u0142adzie wodoleczniczym Thalheim, przy obecnej ul. Ignacego Jana Paderewskiego (1878 r.), by dwa lata p\u00f3\u017aniej zosta\u0107 jego dyrektorem. Aleksander Ostrowicz otrzyma\u0142 od w\u0142adz pa\u0144stwowych tytu\u0142 kr\u00f3lewskiego radcy sanitarnego.<br \/>\nAleksander Ostrowicz by\u0142 czynnym obywatelem miasta L\u0105dka-Zdroju, razem z Karlem Wehse za\u0142o\u017cy\u0142 Towarzystwo Upi\u0119kszania Miasta. Zasiada\u0142 te\u017c w miejscowej radzie miejskiej.<br \/>\nNapisa\u0142 pierwszy przewodnik po L\u0105dku-Zdroju w j\u0119zyku polskim, sk\u0142oni\u0142a go do tego zw\u0142aszcza du\u017ca ilo\u015b\u0107 Polak\u00f3w przyje\u017cd\u017caj\u0105cych na kuracj\u0119 do L\u0105dka-Zdroju z Wielkopolski i \u015al\u0105ska. Przewodnik po tytu\u0142em &#8220;Landek w Hrabstwie K\u0142odzkim w Szl\u0105sku. Podr\u0119cznik informacyjny dla go\u015bci k\u0105pielowych&#8221; ukaza\u0142 si\u0119 nak\u0142adem autora w 1881 r.<br \/>\nZmar\u0142 1 lutego 1903 roku w swojej willi przy obecnej ul. Tadeusza Ko\u015bciuszki 27 w L\u0105dku-Zdroju i zosta\u0142 pochowany na nowym cmentarzu katolickim. Autorem p\u0142askorze\u017aby na jego grobie jest l\u0105decki rze\u017abiarz Paul Thamm.<\/p>\n<p style=\"text-align: right;\">[Na podstawie Wikipedii]<\/p>\n<figure id=\"attachment_3450\" aria-describedby=\"caption-attachment-3450\" style=\"width: 1000px\" class=\"wp-caption aligncenter\"><img loading=\"lazy\" class=\"wp-image-3450 size-full\" src=\"http:\/\/www.przyladekhistorii.pl\/wp-content\/uploads\/2023\/05\/74.jpg\" alt=\"\" width=\"1000\" height=\"487\" srcset=\"http:\/\/www.przyladekhistorii.pl\/wp-content\/uploads\/2023\/05\/74.jpg 1000w, http:\/\/www.przyladekhistorii.pl\/wp-content\/uploads\/2023\/05\/74-300x146.jpg 300w, http:\/\/www.przyladekhistorii.pl\/wp-content\/uploads\/2023\/05\/74-768x374.jpg 768w, http:\/\/www.przyladekhistorii.pl\/wp-content\/uploads\/2023\/05\/74-554x270.jpg 554w\" sizes=\"(max-width: 1000px) 100vw, 1000px\" \/><figcaption id=\"caption-attachment-3450\" class=\"wp-caption-text\"><strong>Stan pierwotny. Stan przed renowacj\u0105. Stan po renowacji.<\/strong><\/figcaption><\/figure>\n","protected":false},"excerpt":{"rendered":"<p>Aleksander Ostrowicz przyszed\u0142 na \u015bwiat 11 lipca 1839 w Gostyniu jako syn Walentego i Teodory z Morali\u0144skich. Tam te\u017c uko\u0144czy\u0142 szko\u0142\u0119 podstawow\u0105. Nauk\u0119 kontynuowa\u0142 w gimnazjum w Lesznie i Gimnazjum \u015aw. Marii Magdaleny w Poznaniu. W 1860 roku rozpocz\u0105\u0142 studia na \u015al\u0105skim Uniwersytecie im. Fryderyka Wilhelma we Wroc\u0142awiu na wydziale teologii. Wkr\u00f3tce jednak porzuci\u0142 j\u0105 na rzecz medycyny. Studia medyczne uko\u0144czy\u0142 w 1867 roku uzyskuj\u0105c stopie\u0144 naukowy doktora medycyny i chirurgii na podstawie rozprawy pt.: De trichina spirali et trichinosi&#8230;.<\/p>\n<p class=\"read-more\"><a class=\"btn btn-default\" href=\"http:\/\/www.przyladekhistorii.pl\/index.php\/cmentarz-parafialny\/aleksander-ostrowicz\/\"> Read More<span class=\"screen-reader-text\">  Read More<\/span><\/a><\/p>\n","protected":false},"author":1,"featured_media":3449,"parent":437,"menu_order":0,"comment_status":"closed","ping_status":"closed","template":"","meta":[],"_links":{"self":[{"href":"http:\/\/www.przyladekhistorii.pl\/index.php\/wp-json\/wp\/v2\/pages\/544"}],"collection":[{"href":"http:\/\/www.przyladekhistorii.pl\/index.php\/wp-json\/wp\/v2\/pages"}],"about":[{"href":"http:\/\/www.przyladekhistorii.pl\/index.php\/wp-json\/wp\/v2\/types\/page"}],"author":[{"embeddable":true,"href":"http:\/\/www.przyladekhistorii.pl\/index.php\/wp-json\/wp\/v2\/users\/1"}],"replies":[{"embeddable":true,"href":"http:\/\/www.przyladekhistorii.pl\/index.php\/wp-json\/wp\/v2\/comments?post=544"}],"version-history":[{"count":4,"href":"http:\/\/www.przyladekhistorii.pl\/index.php\/wp-json\/wp\/v2\/pages\/544\/revisions"}],"predecessor-version":[{"id":3452,"href":"http:\/\/www.przyladekhistorii.pl\/index.php\/wp-json\/wp\/v2\/pages\/544\/revisions\/3452"}],"up":[{"embeddable":true,"href":"http:\/\/www.przyladekhistorii.pl\/index.php\/wp-json\/wp\/v2\/pages\/437"}],"wp:featuredmedia":[{"embeddable":true,"href":"http:\/\/www.przyladekhistorii.pl\/index.php\/wp-json\/wp\/v2\/media\/3449"}],"wp:attachment":[{"href":"http:\/\/www.przyladekhistorii.pl\/index.php\/wp-json\/wp\/v2\/media?parent=544"}],"curies":[{"name":"wp","href":"https:\/\/api.w.org\/{rel}","templated":true}]}}