{"id":567,"date":"2018-12-29T21:14:39","date_gmt":"2018-12-29T20:14:39","guid":{"rendered":"http:\/\/www.przyladekhistorii.pl\/?page_id=567"},"modified":"2020-08-23T09:26:24","modified_gmt":"2020-08-23T07:26:24","slug":"marek-polochajlo","status":"publish","type":"page","link":"http:\/\/www.przyladekhistorii.pl\/index.php\/przykoscielny\/marek-polochajlo\/","title":{"rendered":"Marek Po\u0142ochaj\u0142o"},"content":{"rendered":"<p style=\"text-align: justify;\">Przyszed\u0142 na \u015bwiat 12 wrze\u015bnia 1957 we Wroc\u0142awiu jako syn Karola i Kornelii zd. So\u0142tys. Oboje rodzice pracowali jako robotnicy, ojciec by\u0142 stolarzem w \u017barowskich Zak\u0142adach Materia\u0142\u00f3w Ogniotrwa\u0142ych, matka natomiast szwaczk\u0105. Dzieci\u0144stwo sp\u0119dzi\u0142 jednak w dolno\u015bl\u0105skim \u017barowie, gdzie uko\u0144czy\u0142 Szko\u0142\u0119 Podstawow\u0105 im. Henryka Sienkiewicza. Do matury przyst\u0119powa\u0142 w Liceum Og\u00f3lnokszta\u0142c\u0105cym im. Marii Konopnickiej w \u015awiebodzicach. Po jej zdaniu wst\u0105pi\u0142 do Metropolitalnego Wy\u017cszego Seminarium Duchownego we Wroc\u0142awiu, kt\u00f3re uko\u0144czy\u0142 w 1982 roku. \u015awi\u0119cenia kap\u0142a\u0144skie przyj\u0105\u0142 22 maja 1982 we Wroc\u0142awiu.<br \/>\nW latach 1982-85 by\u0142 wikariuszem w parafii \u015bw. Bonifacego w Zgorzelcu, nast\u0119pnie zosta\u0142 przeniesiony do parafii \u015bw. Miko\u0142aja w Brzegu, gdzie przebywa\u0142 do 1989 r. Dwa kolejne lata urz\u0119dowa\u0142 jako wikariusz w parafii \u015bw. Maksymiliana Marii Kolbego w Lubinie, a p\u00f3\u017aniej w parafii Naj\u015bwi\u0119tszej Maryi Panny Nieustaj\u0105cej Pomocy we Wroc\u0142awiu.<\/p>\n<figure id=\"attachment_2466\" aria-describedby=\"caption-attachment-2466\" style=\"width: 800px\" class=\"wp-caption aligncenter\"><img loading=\"lazy\" class=\"wp-image-2466 size-full\" src=\"http:\/\/www.przyladekhistorii.pl\/wp-content\/uploads\/2020\/08\/Marek-Po\u0142ochaj\u0142o.jpg\" alt=\"\" width=\"800\" height=\"606\" srcset=\"http:\/\/www.przyladekhistorii.pl\/wp-content\/uploads\/2020\/08\/Marek-Po\u0142ochaj\u0142o.jpg 800w, http:\/\/www.przyladekhistorii.pl\/wp-content\/uploads\/2020\/08\/Marek-Po\u0142ochaj\u0142o-300x227.jpg 300w, http:\/\/www.przyladekhistorii.pl\/wp-content\/uploads\/2020\/08\/Marek-Po\u0142ochaj\u0142o-768x582.jpg 768w, http:\/\/www.przyladekhistorii.pl\/wp-content\/uploads\/2020\/08\/Marek-Po\u0142ochaj\u0142o-356x270.jpg 356w\" sizes=\"(max-width: 800px) 100vw, 800px\" \/><figcaption id=\"caption-attachment-2466\" class=\"wp-caption-text\">fot. Rados\u0142aw Pietraga<\/figcaption><\/figure>\n<p style=\"text-align: justify;\">W 1993 roku zosta\u0142 proboszczem parafii \u015bw. Katarzyny w O\u017carach i Wicedziekanem dekanatu Kamieniec Z\u0105bkowicki. W trakcie powodzi tysi\u0105clecia odci\u0119ta zosta\u0142a od \u015bwiata wie\u015b Pilce, przynale\u017c\u0105ca do jego parafii. Ksi\u0105dz proboszcz zaanga\u017cowa\u0142 si\u0119 w organizacj\u0119 pomocy dla poszkodowanych parafian w tym dostawy \u017cywno\u015bci i innych niezb\u0119dnych produkt\u00f3w. Wystara\u0142 si\u0119 u \u00f3wczesnego biskupa polowego Wojska Polskiego S\u0142awoja Leszka G\u0142\u00f3dzia dostarczenie przez wojsko mostu pontonowego, dzi\u0119ki czemu przywr\u00f3cono komunikacj\u0119 wsi z reszt\u0105 teren\u00f3w.<br \/>\nW 2002 roku ksi\u0105dz Marek Po\u0142ochaj\u0142o zosta\u0142 proboszczem parafii Narodzenia Naj\u015bwi\u0119tszej Maryi Panny w L\u0105dku-Zdroju, a tak\u017ce Dziekanem dekanatu L\u0105dek-Zdr\u00f3j.<br \/>\nW 28 kwietnia 2007 roku otrzyma\u0142 na mocy uchwa\u0142y rady miasta i gminy L\u0105dek-Zdr\u00f3j medal \u015bw. Jerzego i tytu\u0142 zas\u0142u\u017conego dla miasta i gminy L\u0105dek-Zdr\u00f3j za ratowanie zabytk\u00f3w sakralnych. Dzi\u0119ki jego staraniom uda\u0142o si\u0119 odnowi\u0107 m.in. o\u0142tarz g\u0142\u00f3wny, 14 obraz\u00f3w drogi krzy\u017cowej, 9 grup rze\u017abiarskich, malowid\u0142a na sklepieniu nawy i na \u0142uku t\u0119czowym otwieraj\u0105cym prezbiterium i pomalowano ca\u0142y ko\u015bci\u00f3\u0142 parafialny.<br \/>\nW 1997 roku ks. Marek Po\u0142ochaj\u0142o zosta\u0142 kanonikiem Rochettum et Mantolettum (godno\u015b\u0107 honorowa przyznawana kap\u0142anom rzymskokatolickim), kolejno w 2002 roku otrzyma\u0142 godno\u015b\u0107 Kanonika Honorowego extra Numerum Kapitu\u0142y Kolegiackiej \u015awi\u0119tego Krzy\u017ca we Wroc\u0142awiu, a nast\u0119pnie w roku 2007 zosta\u0142 kapelanem honorowym (Pra\u0142atem) Jego \u015awi\u0105tobliwo\u015bci Benedykta XVI.<br \/>\nKsi\u0105dz proboszcz Marek Po\u0142ochaj\u0142o zmar\u0142 17 wrze\u015bnia 2017 w L\u0105dku-Zdroju w 60 r. \u017cycia, 35 r. kap\u0142a\u0144stwa i po 15 latach pos\u0142ugi duszpasterskiej.<br \/>\nUroczysto\u015bciom pogrzebowym odprawionym w czwartek, 21 wrze\u015bnia, o godz. 12.00 w ko\u015bciele pw. Narodzenia NMP w L\u0105dku Zdroju przewodniczy\u0142 biskup \u015bwidnicki Ignacy Dec.<\/p>\n<p style=\"text-align: right;\">[Informacje za Wikipedia.pl., Niedziela.pl]<\/p>\n","protected":false},"excerpt":{"rendered":"<p>Przyszed\u0142 na \u015bwiat 12 wrze\u015bnia 1957 we Wroc\u0142awiu jako syn Karola i Kornelii zd. So\u0142tys. Oboje rodzice pracowali jako robotnicy, ojciec by\u0142 stolarzem w \u017barowskich Zak\u0142adach Materia\u0142\u00f3w Ogniotrwa\u0142ych, matka natomiast szwaczk\u0105. Dzieci\u0144stwo sp\u0119dzi\u0142 jednak w dolno\u015bl\u0105skim \u017barowie, gdzie uko\u0144czy\u0142 Szko\u0142\u0119 Podstawow\u0105 im. Henryka Sienkiewicza. Do matury przyst\u0119powa\u0142 w Liceum Og\u00f3lnokszta\u0142c\u0105cym im. Marii Konopnickiej w \u015awiebodzicach. Po jej zdaniu wst\u0105pi\u0142 do Metropolitalnego Wy\u017cszego Seminarium Duchownego we Wroc\u0142awiu, kt\u00f3re uko\u0144czy\u0142 w 1982 roku. \u015awi\u0119cenia kap\u0142a\u0144skie przyj\u0105\u0142 22 maja 1982 we Wroc\u0142awiu. W&#8230;<\/p>\n<p class=\"read-more\"><a class=\"btn btn-default\" href=\"http:\/\/www.przyladekhistorii.pl\/index.php\/przykoscielny\/marek-polochajlo\/\"> Read More<span class=\"screen-reader-text\">  Read More<\/span><\/a><\/p>\n","protected":false},"author":1,"featured_media":2466,"parent":44,"menu_order":0,"comment_status":"closed","ping_status":"closed","template":"","meta":[],"_links":{"self":[{"href":"http:\/\/www.przyladekhistorii.pl\/index.php\/wp-json\/wp\/v2\/pages\/567"}],"collection":[{"href":"http:\/\/www.przyladekhistorii.pl\/index.php\/wp-json\/wp\/v2\/pages"}],"about":[{"href":"http:\/\/www.przyladekhistorii.pl\/index.php\/wp-json\/wp\/v2\/types\/page"}],"author":[{"embeddable":true,"href":"http:\/\/www.przyladekhistorii.pl\/index.php\/wp-json\/wp\/v2\/users\/1"}],"replies":[{"embeddable":true,"href":"http:\/\/www.przyladekhistorii.pl\/index.php\/wp-json\/wp\/v2\/comments?post=567"}],"version-history":[{"count":2,"href":"http:\/\/www.przyladekhistorii.pl\/index.php\/wp-json\/wp\/v2\/pages\/567\/revisions"}],"predecessor-version":[{"id":2468,"href":"http:\/\/www.przyladekhistorii.pl\/index.php\/wp-json\/wp\/v2\/pages\/567\/revisions\/2468"}],"up":[{"embeddable":true,"href":"http:\/\/www.przyladekhistorii.pl\/index.php\/wp-json\/wp\/v2\/pages\/44"}],"wp:featuredmedia":[{"embeddable":true,"href":"http:\/\/www.przyladekhistorii.pl\/index.php\/wp-json\/wp\/v2\/media\/2466"}],"wp:attachment":[{"href":"http:\/\/www.przyladekhistorii.pl\/index.php\/wp-json\/wp\/v2\/media?parent=567"}],"curies":[{"name":"wp","href":"https:\/\/api.w.org\/{rel}","templated":true}]}}