{"id":664,"date":"2019-01-31T12:25:01","date_gmt":"2019-01-31T11:25:01","guid":{"rendered":"http:\/\/www.przyladekhistorii.pl\/?page_id=664"},"modified":"2023-05-03T16:15:31","modified_gmt":"2023-05-03T14:15:31","slug":"zdzislaw-dumanski","status":"publish","type":"page","link":"http:\/\/www.przyladekhistorii.pl\/index.php\/cmentarz-parafialny\/zdzislaw-dumanski\/","title":{"rendered":"Zdzis\u0142aw Duma\u0144ski"},"content":{"rendered":"<p style=\"text-align: center;\"><span style=\"color: #000000;\"><strong>Wspomnienie po\u015bmiertne o Zdzis\u0142awie Duma\u0144skim<\/strong><\/span><\/p>\n<p style=\"text-align: justify;\"><span style=\"color: #000000;\">Urodzony 1.01.1946 r. w Wejherowie, zmar\u0142 29.01.2012 r. w L\u0105dku Zdroju.<\/span><br \/>\n<span style=\"color: #000000;\">Ju\u017c od dziecka by\u0142 niewygodnym obywatelem dla w\u0142adz PRL, bo ju\u017c w wieku dziesi\u0119ciu lat zosta\u0142 wyrzucony z szereg\u00f3w ZHP. Odby\u0142o si\u0119 to na specjalnie zorganizowanym apelu.<\/span><br \/>\n<span style=\"color: #000000;\">W 1970 roku zosta\u0142 zatrzymany przez S\u0142u\u017cb\u0119 Bezpiecze\u0144stwa PRL w czasie manifestacji spo\u0142ecznej, na kt\u00f3rej pot\u0119piono tzw. wypadki grudniowe w 1970 r. na wybrze\u017cu. Ju\u017c w 1976 r. nawi\u0105za\u0142 kontakty z opozycj\u0105 czechos\u0142owack\u0105, mi\u0119dzy innymi z Vladimirem Pano\u0161em. Jego liczne spotkania z czeskimi dysydentami pod pretekstem badania jaski\u0144 i ochrony przyrody w g\u00f3rach pogranicza zaowocowa\u0142y powo\u0142aniem tzw. \u201eRepubliki Kralicky \u015anie\u017cnik\u201d, by\u0142a to niejako przestrze\u0144 g\u00f3rska poza zasi\u0119giem komunistycznego re\u017cimu.<\/span><br \/>\n<span style=\"color: #000000;\">Zdzis\u0142aw Duma\u0144ski posiada\u0142 legitymacj\u0119 Stra\u017cnika Ochrony Przyrody i znakarza g\u00f3rskich szlak\u00f3w turystycznych. Po wybuchu Solidarno\u015bci w 1980 r. zintensyfikowa\u0142, swoj\u0105 dzia\u0142alno\u015b\u0107 polityczn\u0105 po drugiej stronie granicy. Od 1981 r. by\u0142 pod szczeg\u00f3ln\u0105 obserwacj\u0105 czechos\u0142owackiej s\u0142u\u017cby bezpiecze\u0144stwa STB. Pracuj\u0105c na kolei od 1983 r. przekazywa\u0142 poci\u0105giem relacji Moskwa \u2013 Praga materia\u0142y opozycyjne na teren Czechos\u0142owacji. W 1987 r. zosta\u0142 kurierem Solidarno\u015bci Polsko \u2013 Czechos\u0142owackiej, kontynuuj\u0105c dzia\u0142alno\u015b\u0107 przerzutow\u0105 przez tzw. \u201ezielon\u0105 granic\u0119\u201d oraz wsp\u00f3\u0142organizuj\u0105c spotkania polskiej i czeskiej opozycji w kilku miejscach na granicy. Jest mi\u0119dzy innymi jednym z organizator\u00f3w spotka\u0144 w takich miejscach jak \u015ani\u017cnik K\u0142odzki i Kobyla Kopa. W drugiej po\u0142owie 1989 roku ws\u0142awi\u0142 si\u0119 przeprowadzeniem przez \u201ezielon\u0105 granic\u0119\u201d do Polski ukrywaj\u0105cego si\u0119 czeskiego opozycjonisty Standy Devatego. By\u0142 aktywnym cz\u0142onkiem Solidarno\u015bci Polsko- Czesko- S\u0142owackiej. W 2010 roku wyznakowa\u0142 w G\u00f3rach Z\u0142otych historyczny Szlak Kurier\u00f3w Solidarno\u015bci Polsko-Czechos\u0142owackiej, w 2011 roku przyczyni\u0142 si\u0119 do powstania na Ziemi K\u0142odzkiej szlaku turystycznego B\u0142ogos\u0142awionego Ksi\u0119dza Gerharda Hirschfeldera.<\/span><br \/>\n<span style=\"color: #000000;\">Julian Golak<\/span><br \/>\n<span style=\"color: #000000;\">Rzecznik Generalny Solidarno\u015bci Polsko-Czesko-S\u0142owackiej<\/span><\/p>\n<p style=\"text-align: justify;\"><span style=\"color: #000000;\">Regionalny miesi\u0119cznik transgraniczny Ziemia K\u0142odzka, marzec 2012, nr 213<\/span><\/p>\n<p style=\"text-align: center;\"><img loading=\"lazy\" class=\"alignnone wp-image-663 size-full\" src=\"http:\/\/www.przyladekhistorii.pl\/wp-content\/uploads\/2019\/01\/zdumanski.jpg\" alt=\"\" width=\"450\" height=\"800\" srcset=\"http:\/\/www.przyladekhistorii.pl\/wp-content\/uploads\/2019\/01\/zdumanski.jpg 450w, http:\/\/www.przyladekhistorii.pl\/wp-content\/uploads\/2019\/01\/zdumanski-169x300.jpg 169w, http:\/\/www.przyladekhistorii.pl\/wp-content\/uploads\/2019\/01\/zdumanski-152x270.jpg 152w\" sizes=\"(max-width: 450px) 100vw, 450px\" \/><\/p>\n","protected":false},"excerpt":{"rendered":"<p>Wspomnienie po\u015bmiertne o Zdzis\u0142awie Duma\u0144skim Urodzony 1.01.1946 r. w Wejherowie, zmar\u0142 29.01.2012 r. w L\u0105dku Zdroju. Ju\u017c od dziecka by\u0142 niewygodnym obywatelem dla w\u0142adz PRL, bo ju\u017c w wieku dziesi\u0119ciu lat zosta\u0142 wyrzucony z szereg\u00f3w ZHP. Odby\u0142o si\u0119 to na specjalnie zorganizowanym apelu. W 1970 roku zosta\u0142 zatrzymany przez S\u0142u\u017cb\u0119 Bezpiecze\u0144stwa PRL w czasie manifestacji spo\u0142ecznej, na kt\u00f3rej pot\u0119piono tzw. wypadki grudniowe w 1970 r. na wybrze\u017cu. Ju\u017c w 1976 r. nawi\u0105za\u0142 kontakty z opozycj\u0105 czechos\u0142owack\u0105, mi\u0119dzy innymi z Vladimirem&#8230;<\/p>\n<p class=\"read-more\"><a class=\"btn btn-default\" href=\"http:\/\/www.przyladekhistorii.pl\/index.php\/cmentarz-parafialny\/zdzislaw-dumanski\/\"> Read More<span class=\"screen-reader-text\">  Read More<\/span><\/a><\/p>\n","protected":false},"author":1,"featured_media":662,"parent":437,"menu_order":0,"comment_status":"closed","ping_status":"closed","template":"","meta":[],"_links":{"self":[{"href":"http:\/\/www.przyladekhistorii.pl\/index.php\/wp-json\/wp\/v2\/pages\/664"}],"collection":[{"href":"http:\/\/www.przyladekhistorii.pl\/index.php\/wp-json\/wp\/v2\/pages"}],"about":[{"href":"http:\/\/www.przyladekhistorii.pl\/index.php\/wp-json\/wp\/v2\/types\/page"}],"author":[{"embeddable":true,"href":"http:\/\/www.przyladekhistorii.pl\/index.php\/wp-json\/wp\/v2\/users\/1"}],"replies":[{"embeddable":true,"href":"http:\/\/www.przyladekhistorii.pl\/index.php\/wp-json\/wp\/v2\/comments?post=664"}],"version-history":[{"count":2,"href":"http:\/\/www.przyladekhistorii.pl\/index.php\/wp-json\/wp\/v2\/pages\/664\/revisions"}],"predecessor-version":[{"id":3460,"href":"http:\/\/www.przyladekhistorii.pl\/index.php\/wp-json\/wp\/v2\/pages\/664\/revisions\/3460"}],"up":[{"embeddable":true,"href":"http:\/\/www.przyladekhistorii.pl\/index.php\/wp-json\/wp\/v2\/pages\/437"}],"wp:featuredmedia":[{"embeddable":true,"href":"http:\/\/www.przyladekhistorii.pl\/index.php\/wp-json\/wp\/v2\/media\/662"}],"wp:attachment":[{"href":"http:\/\/www.przyladekhistorii.pl\/index.php\/wp-json\/wp\/v2\/media?parent=664"}],"curies":[{"name":"wp","href":"https:\/\/api.w.org\/{rel}","templated":true}]}}