{"id":681,"date":"2019-02-01T16:58:26","date_gmt":"2019-02-01T15:58:26","guid":{"rendered":"http:\/\/www.przyladekhistorii.pl\/?page_id=681"},"modified":"2023-05-07T19:41:35","modified_gmt":"2023-05-07T17:41:35","slug":"krzyz-w-trzebieszowicach","status":"publish","type":"page","link":"http:\/\/www.przyladekhistorii.pl\/index.php\/figury\/krzyz-w-trzebieszowicach\/","title":{"rendered":"Krzy\u017c w Trzebieszowicach"},"content":{"rendered":"<p style=\"text-align: justify;\"><span style=\"color: #000000;\">W Trzebieszowicach, przy polnej drodze, zaraz za wiaduktem kolejowym, stoi kamienny krzy\u017c z ciekaw\u0105 symbolik\u0105. Powszechnie uwa\u017ca si\u0119, \u017ce zosta\u0142 postawiony ku pami\u0119ci rolnika zabitego przez piorun w czasie prac polnych, co przedstawiono na cokole figury w postaci dw\u00f3ch scen. Wyja\u015bnienie jest jednak troch\u0119 inne.<\/span><\/p>\n<p style=\"text-align: justify;\"><img loading=\"lazy\" class=\"aligncenter wp-image-674 size-full\" src=\"http:\/\/www.przyladekhistorii.pl\/wp-content\/uploads\/2019\/02\/trz01.jpg\" alt=\"\" width=\"600\" height=\"800\" srcset=\"http:\/\/www.przyladekhistorii.pl\/wp-content\/uploads\/2019\/02\/trz01.jpg 600w, http:\/\/www.przyladekhistorii.pl\/wp-content\/uploads\/2019\/02\/trz01-225x300.jpg 225w, http:\/\/www.przyladekhistorii.pl\/wp-content\/uploads\/2019\/02\/trz01-203x270.jpg 203w\" sizes=\"(max-width: 600px) 100vw, 600px\" \/><br \/>\n<span style=\"color: #000000;\">Z lewej strony coko\u0142u mamy p\u0142askorze\u017ab\u0119 przedstawiaj\u0105c\u0105 uskrzydlonego anio\u0142a pracuj\u0105cego przy orce za pomoc\u0105 p\u0142uga kole\u015bnego. Poni\u017cej niego kl\u0119czy przed ko\u015bcio\u0142em (kaplic\u0105?) m\u0119\u017cczyzna. Powy\u017cej za\u015b, zza chmur, ca\u0142\u0105 scen\u0119 obserwuje B\u00f3g symbolicznie przedstawiony jako oko opatrzno\u015bci (symbol oka otoczonego przez promienie \u015bwiat\u0142a zamkni\u0119te w tr\u00f3jk\u0105cie). Mo\u017cna domniemywa\u0107, \u017ce ca\u0142a scena to przedstawienie \u015bw. Izydora Oracza przedstawianego na obrazach w charakterystycznym uj\u0119ciu, gdy kl\u0119czy, a obok anio\u0142owie orz\u0105 jego p\u0142ugiem. Jest to nawi\u0105zanie do wizji, jakiej mia\u0142 do\u015bwiadczy\u0107 \u015bw. Izydor.<\/span><\/p>\n<p style=\"text-align: justify;\"><img loading=\"lazy\" class=\"aligncenter wp-image-680 size-full\" src=\"http:\/\/www.przyladekhistorii.pl\/wp-content\/uploads\/2019\/02\/trz07.jpg\" alt=\"\" width=\"568\" height=\"800\" srcset=\"http:\/\/www.przyladekhistorii.pl\/wp-content\/uploads\/2019\/02\/trz07.jpg 568w, http:\/\/www.przyladekhistorii.pl\/wp-content\/uploads\/2019\/02\/trz07-213x300.jpg 213w, http:\/\/www.przyladekhistorii.pl\/wp-content\/uploads\/2019\/02\/trz07-192x270.jpg 192w\" sizes=\"(max-width: 568px) 100vw, 568px\" \/><br \/>\n<span style=\"color: #000000;\">Z prawej strony coko\u0142u mamy z kolei le\u017c\u0105c\u0105 pod drzewem (palm\u0105?) posta\u0107 zakonnika (ma na sobie habit) z krucyfiksem w r\u0119ku. Obok niego le\u017cy laska i kapelusz p\u0105tnika. Prawdopodobnie jest to przedstawienie ostatnich chwil \u015bw. Franciszka Ksawerego, jezuity, jednego z pierwszych uczni\u00f3w \u015bw. Ignacego Loyoli. \u015aw. Franciszek Ksawery by\u0142 misjonarzem Towarzystwa Jezusowego w krajach Orientu; od 1541 podr\u00f3\u017cowa\u0142 i naucza\u0142 w Indiach i Japonii. Zmar\u0142 w 1552 roku na wyspie Sancian ko\u0142o Kantonu u wybrze\u017cy Chin.<\/span><\/p>\n<p style=\"text-align: justify;\"><img loading=\"lazy\" class=\"aligncenter wp-image-679 size-full\" src=\"http:\/\/www.przyladekhistorii.pl\/wp-content\/uploads\/2019\/02\/trz06.jpg\" alt=\"\" width=\"617\" height=\"800\" srcset=\"http:\/\/www.przyladekhistorii.pl\/wp-content\/uploads\/2019\/02\/trz06.jpg 617w, http:\/\/www.przyladekhistorii.pl\/wp-content\/uploads\/2019\/02\/trz06-231x300.jpg 231w, http:\/\/www.przyladekhistorii.pl\/wp-content\/uploads\/2019\/02\/trz06-208x270.jpg 208w\" sizes=\"(max-width: 617px) 100vw, 617px\" \/><br \/>\n<span style=\"color: #000000;\">Co \u0142\u0105czy obie postacie? Beatyfikacji obu dokona\u0142 w roku 1619 papie\u017c Pawe\u0142 V, a kanonizowa\u0142 ich 12 marca 1622 roku Grzegorz XV.<\/span><br \/>\n<span style=\"color: #000000;\">Na froncie coko\u0142u widoczny jest wizerunek Matki Boskiej Bolesnej ze sztyletem wymierzonym w serce uosabiaj\u0105cym rodzicielskie oddanie. Jest to nawi\u0105zanie do fragmentu Ewangelii \u015awi\u0119tego \u0141ukasza (&#8220;Oto Ten przeznaczony jest na upadek&#8230; A Twoj\u0105 dusz\u0119 miecz przeniknie, aby na jaw wysz\u0142y zamys\u0142y serc wielu&#8221; (\u0141k 2, 34a. 35)).<\/span><br \/>\n<span style=\"color: #000000;\">U st\u00f3p krzy\u017ca znajduje si\u0119 napis o tre\u015bci:<\/span><\/p>\n<blockquote>\n<p style=\"text-align: justify;\"><span style=\"color: #000000;\">&#8220;O Mensch, betrachte Christe<\/span><br \/>\n<span style=\"color: #000000;\">Tod und Pein, so last er uns<\/span><br \/>\n<span style=\"color: #000000;\">von nun an nicht verlohren sein&#8221;<\/span><br \/>\n<span style=\"color: #000000;\">T\u0142um:&#8221; Cz\u0142owiecze, rozwa\u017c \u015bmier\u0107 i b\u00f3l Chrystusa, a odt\u0105d on nie pozwoli nam zgin\u0105\u0107.<\/span><\/p>\n<\/blockquote>\n<p><img loading=\"lazy\" class=\"aligncenter wp-image-678 size-large\" src=\"http:\/\/www.przyladekhistorii.pl\/wp-content\/uploads\/2019\/02\/trz05-1024x768.jpg\" alt=\"\" width=\"640\" height=\"480\" srcset=\"http:\/\/www.przyladekhistorii.pl\/wp-content\/uploads\/2019\/02\/trz05-1024x768.jpg 1024w, http:\/\/www.przyladekhistorii.pl\/wp-content\/uploads\/2019\/02\/trz05-300x225.jpg 300w, http:\/\/www.przyladekhistorii.pl\/wp-content\/uploads\/2019\/02\/trz05-768x576.jpg 768w, http:\/\/www.przyladekhistorii.pl\/wp-content\/uploads\/2019\/02\/trz05-360x270.jpg 360w, http:\/\/www.przyladekhistorii.pl\/wp-content\/uploads\/2019\/02\/trz05.jpg 1067w\" sizes=\"(max-width: 640px) 100vw, 640px\" \/><\/p>\n<p style=\"text-align: justify;\"><span style=\"color: #000000;\">\u0179r\u00f3d\u0142o odczytania\u00a0 napisu i t\u0142umaczenia [<a href=\"https:\/\/polska-org.pl\/5108713,foto.html?idEntity=5108692\">https:\/\/polska-org.pl\/5108713,foto.html?idEntity=5108692<\/a>]<\/span><br \/>\n<span style=\"color: #000000;\">Z ty\u0142u coko\u0142u informacja dot. renowacji obiektu:<\/span><\/p>\n<blockquote>\n<p style=\"text-align: justify;\"><span style=\"color: #000000;\">1814 F.H.<\/span><br \/>\n<span style=\"color: #000000;\">Renov: C.I.H<\/span><br \/>\n<span style=\"color: #000000;\">1864.<\/span><\/p>\n<\/blockquote>\n<p><span style=\"color: #000000;\"><strong>Miejscowo\u015b\u0107:<\/strong> Trzebieszowice<\/span><br \/>\n<span style=\"color: #000000;\"><strong>Fundator: <\/strong>[?]<\/span><br \/>\n<span style=\"color: #000000;\"><strong>Autor:<\/strong> [?]<\/span><br \/>\n<span style=\"color: #000000;\"><strong>Data powstania:<\/strong> [?]<\/span><\/p>\n<p><img loading=\"lazy\" class=\"aligncenter wp-image-675 size-large\" src=\"http:\/\/www.przyladekhistorii.pl\/wp-content\/uploads\/2019\/02\/trz02-1024x768.jpg\" alt=\"\" width=\"640\" height=\"480\" srcset=\"http:\/\/www.przyladekhistorii.pl\/wp-content\/uploads\/2019\/02\/trz02-1024x768.jpg 1024w, http:\/\/www.przyladekhistorii.pl\/wp-content\/uploads\/2019\/02\/trz02-300x225.jpg 300w, http:\/\/www.przyladekhistorii.pl\/wp-content\/uploads\/2019\/02\/trz02-768x576.jpg 768w, http:\/\/www.przyladekhistorii.pl\/wp-content\/uploads\/2019\/02\/trz02-360x270.jpg 360w, http:\/\/www.przyladekhistorii.pl\/wp-content\/uploads\/2019\/02\/trz02.jpg 1067w\" sizes=\"(max-width: 640px) 100vw, 640px\" \/><\/p>\n<p><img loading=\"lazy\" class=\"aligncenter wp-image-676 size-large\" src=\"http:\/\/www.przyladekhistorii.pl\/wp-content\/uploads\/2019\/02\/trz03-1024x768.jpg\" alt=\"\" width=\"640\" height=\"480\" srcset=\"http:\/\/www.przyladekhistorii.pl\/wp-content\/uploads\/2019\/02\/trz03-1024x768.jpg 1024w, http:\/\/www.przyladekhistorii.pl\/wp-content\/uploads\/2019\/02\/trz03-300x225.jpg 300w, http:\/\/www.przyladekhistorii.pl\/wp-content\/uploads\/2019\/02\/trz03-768x576.jpg 768w, http:\/\/www.przyladekhistorii.pl\/wp-content\/uploads\/2019\/02\/trz03-360x270.jpg 360w, http:\/\/www.przyladekhistorii.pl\/wp-content\/uploads\/2019\/02\/trz03.jpg 1067w\" sizes=\"(max-width: 640px) 100vw, 640px\" \/><\/p>\n<p><img loading=\"lazy\" class=\"aligncenter wp-image-677 size-large\" src=\"http:\/\/www.przyladekhistorii.pl\/wp-content\/uploads\/2019\/02\/trz04-1024x768.jpg\" alt=\"\" width=\"640\" height=\"480\" srcset=\"http:\/\/www.przyladekhistorii.pl\/wp-content\/uploads\/2019\/02\/trz04-1024x768.jpg 1024w, http:\/\/www.przyladekhistorii.pl\/wp-content\/uploads\/2019\/02\/trz04-300x225.jpg 300w, http:\/\/www.przyladekhistorii.pl\/wp-content\/uploads\/2019\/02\/trz04-768x576.jpg 768w, http:\/\/www.przyladekhistorii.pl\/wp-content\/uploads\/2019\/02\/trz04-360x270.jpg 360w, http:\/\/www.przyladekhistorii.pl\/wp-content\/uploads\/2019\/02\/trz04.jpg 1067w\" sizes=\"(max-width: 640px) 100vw, 640px\" \/><\/p>\n","protected":false},"excerpt":{"rendered":"<p>W Trzebieszowicach, przy polnej drodze, zaraz za wiaduktem kolejowym, stoi kamienny krzy\u017c z ciekaw\u0105 symbolik\u0105. Powszechnie uwa\u017ca si\u0119, \u017ce zosta\u0142 postawiony ku pami\u0119ci rolnika zabitego przez piorun w czasie prac polnych, co przedstawiono na cokole figury w postaci dw\u00f3ch scen. Wyja\u015bnienie jest jednak troch\u0119 inne. Z lewej strony coko\u0142u mamy p\u0142askorze\u017ab\u0119 przedstawiaj\u0105c\u0105 uskrzydlonego anio\u0142a pracuj\u0105cego przy orce za pomoc\u0105 p\u0142uga kole\u015bnego. Poni\u017cej niego kl\u0119czy przed ko\u015bcio\u0142em (kaplic\u0105?) m\u0119\u017cczyzna. Powy\u017cej za\u015b, zza chmur, ca\u0142\u0105 scen\u0119 obserwuje B\u00f3g symbolicznie przedstawiony jako oko&#8230;<\/p>\n<p class=\"read-more\"><a class=\"btn btn-default\" href=\"http:\/\/www.przyladekhistorii.pl\/index.php\/figury\/krzyz-w-trzebieszowicach\/\"> Read More<span class=\"screen-reader-text\">  Read More<\/span><\/a><\/p>\n","protected":false},"author":1,"featured_media":674,"parent":24,"menu_order":0,"comment_status":"closed","ping_status":"closed","template":"","meta":[],"_links":{"self":[{"href":"http:\/\/www.przyladekhistorii.pl\/index.php\/wp-json\/wp\/v2\/pages\/681"}],"collection":[{"href":"http:\/\/www.przyladekhistorii.pl\/index.php\/wp-json\/wp\/v2\/pages"}],"about":[{"href":"http:\/\/www.przyladekhistorii.pl\/index.php\/wp-json\/wp\/v2\/types\/page"}],"author":[{"embeddable":true,"href":"http:\/\/www.przyladekhistorii.pl\/index.php\/wp-json\/wp\/v2\/users\/1"}],"replies":[{"embeddable":true,"href":"http:\/\/www.przyladekhistorii.pl\/index.php\/wp-json\/wp\/v2\/comments?post=681"}],"version-history":[{"count":3,"href":"http:\/\/www.przyladekhistorii.pl\/index.php\/wp-json\/wp\/v2\/pages\/681\/revisions"}],"predecessor-version":[{"id":3491,"href":"http:\/\/www.przyladekhistorii.pl\/index.php\/wp-json\/wp\/v2\/pages\/681\/revisions\/3491"}],"up":[{"embeddable":true,"href":"http:\/\/www.przyladekhistorii.pl\/index.php\/wp-json\/wp\/v2\/pages\/24"}],"wp:featuredmedia":[{"embeddable":true,"href":"http:\/\/www.przyladekhistorii.pl\/index.php\/wp-json\/wp\/v2\/media\/674"}],"wp:attachment":[{"href":"http:\/\/www.przyladekhistorii.pl\/index.php\/wp-json\/wp\/v2\/media?parent=681"}],"curies":[{"name":"wp","href":"https:\/\/api.w.org\/{rel}","templated":true}]}}