{"id":83,"date":"2018-11-01T10:54:36","date_gmt":"2018-11-01T09:54:36","guid":{"rendered":"http:\/\/www.podkamien.pl\/przyladek\/?page_id=83"},"modified":"2018-12-21T21:36:44","modified_gmt":"2018-12-21T20:36:44","slug":"elisabeth-freuin-von-chlum","status":"publish","type":"page","link":"http:\/\/www.przyladekhistorii.pl\/index.php\/przykoscielny\/elisabeth-freuin-von-chlum\/","title":{"rendered":"Elisabeth Freuin von Chlum"},"content":{"rendered":"<p><img loading=\"lazy\" class=\"wp-image-88 size-full aligncenter\" src=\"http:\/\/www.podkamien.pl\/przyladek\/wp-content\/uploads\/2018\/11\/DSCN4830.jpg\" alt=\"\" width=\"600\" height=\"800\" srcset=\"http:\/\/www.przyladekhistorii.pl\/wp-content\/uploads\/2018\/11\/DSCN4830.jpg 600w, http:\/\/www.przyladekhistorii.pl\/wp-content\/uploads\/2018\/11\/DSCN4830-225x300.jpg 225w\" sizes=\"(max-width: 600px) 100vw, 600px\" \/><\/p>\n<p style=\"text-align: center;\"><span style=\"font-size: 18pt;\"><strong>Elisabeth Freuin von Chlum Grawert<\/strong><\/span><\/p>\n<p style=\"text-align: center;\"><span style=\"color: #000000;\"><strong>Data narodzin:<\/strong> [?] sierpie\u0144 1745<\/span><br \/>\n<span style=\"color: #000000;\"><strong>Data \u015bmierci:<\/strong> [?].[?].1825<\/span><\/p>\n<p style=\"text-align: center;\"><span style=\"color: #000000;\"><strong>Napis na nagrobku:<\/strong><\/span><br \/>\n<span style=\"color: #000000;\">Elisabeth Freuin von Chlum<\/span><br \/>\n<span style=\"color: #000000;\">geboren den [&#8230;] August 1745,<\/span><br \/>\n<span style=\"color: #000000;\">verm\u00e4hlt<\/span><br \/>\n<span style=\"color: #000000;\">mit dem General von der Infanterie<\/span><br \/>\n<span style=\"color: #000000;\">Grawert Excellenz,<\/span><br \/>\n<span style=\"color: #000000;\">den 2[&#8230;] 1776<\/span><br \/>\n<span style=\"color: #000000;\">[&#8230;]<\/span><br \/>\n<span style=\"color: #000000;\">[&#8230;] 1825.<\/span><br \/>\n<span style=\"color: #000000;\">&#8212;<\/span><br \/>\n<span style=\"color: #000000;\">[&#8230;] denken Lebe[&#8230;]<\/span><br \/>\n<span style=\"color: #000000;\">in [&#8230;]n.<\/span><br \/>\n<span style=\"color: #000000;\">[&#8230;]den Fried[&#8230;]<\/span><br \/>\n<span style=\"color: #000000;\">[&#8230;]<\/span><br \/>\n<span style=\"color: #000000;\">[&#8230;]<\/span><br \/>\n<span style=\"color: #000000;\">[&#8230;]<\/span><br \/>\n<span style=\"color: #000000;\">Der fro[\u2026]<\/span><\/p>\n<p><span style=\"color: #000000;\"><strong>Biogram:<\/strong><\/span><\/p>\n<p style=\"text-align: right;\"><a href=\"http:\/\/www.podkamien.pl\/przyladek\/\"><span style=\"color: #000000;\">Powr\u00f3t do listy<\/span><\/a><\/p>\n","protected":false},"excerpt":{"rendered":"<p>Elisabeth Freuin von Chlum Grawert Data narodzin: [?] sierpie\u0144 1745 Data \u015bmierci: [?].[?].1825 Napis na nagrobku: Elisabeth Freuin von Chlum geboren den [&#8230;] August 1745, verm\u00e4hlt mit dem General von der Infanterie Grawert Excellenz, den 2[&#8230;] 1776 [&#8230;] [&#8230;] 1825. &#8212; [&#8230;] denken Lebe[&#8230;] in [&#8230;]n. [&#8230;]den Fried[&#8230;] [&#8230;] [&#8230;] [&#8230;] Der fro[\u2026] Biogram: Powr\u00f3t do listy<\/p>\n","protected":false},"author":1,"featured_media":0,"parent":44,"menu_order":0,"comment_status":"open","ping_status":"closed","template":"","meta":[],"_links":{"self":[{"href":"http:\/\/www.przyladekhistorii.pl\/index.php\/wp-json\/wp\/v2\/pages\/83"}],"collection":[{"href":"http:\/\/www.przyladekhistorii.pl\/index.php\/wp-json\/wp\/v2\/pages"}],"about":[{"href":"http:\/\/www.przyladekhistorii.pl\/index.php\/wp-json\/wp\/v2\/types\/page"}],"author":[{"embeddable":true,"href":"http:\/\/www.przyladekhistorii.pl\/index.php\/wp-json\/wp\/v2\/users\/1"}],"replies":[{"embeddable":true,"href":"http:\/\/www.przyladekhistorii.pl\/index.php\/wp-json\/wp\/v2\/comments?post=83"}],"version-history":[{"count":3,"href":"http:\/\/www.przyladekhistorii.pl\/index.php\/wp-json\/wp\/v2\/pages\/83\/revisions"}],"predecessor-version":[{"id":90,"href":"http:\/\/www.przyladekhistorii.pl\/index.php\/wp-json\/wp\/v2\/pages\/83\/revisions\/90"}],"up":[{"embeddable":true,"href":"http:\/\/www.przyladekhistorii.pl\/index.php\/wp-json\/wp\/v2\/pages\/44"}],"wp:attachment":[{"href":"http:\/\/www.przyladekhistorii.pl\/index.php\/wp-json\/wp\/v2\/media?parent=83"}],"curies":[{"name":"wp","href":"https:\/\/api.w.org\/{rel}","templated":true}]}}