{"id":1007,"date":"2019-04-28T18:19:07","date_gmt":"2019-04-28T16:19:07","guid":{"rendered":"http:\/\/www.przyladekhistorii.pl\/?page_id=1007"},"modified":"2019-04-28T18:20:04","modified_gmt":"2019-04-28T16:20:04","slug":"fontanna-przed-willa-elysium","status":"publish","type":"page","link":"https:\/\/www.przyladekhistorii.pl\/index.php\/fontanna-przed-willa-elysium\/","title":{"rendered":"Fontanna przed Will\u0105 Elysium"},"content":{"rendered":"<p>&nbsp;<\/p>\n<p><img loading=\"lazy\" class=\"wp-image-1006 size-full aligncenter\" src=\"http:\/\/www.przyladekhistorii.pl\/wp-content\/uploads\/2019\/04\/Fontanna.jpg\" alt=\"\" width=\"568\" height=\"923\" srcset=\"https:\/\/www.przyladekhistorii.pl\/wp-content\/uploads\/2019\/04\/Fontanna.jpg 568w, https:\/\/www.przyladekhistorii.pl\/wp-content\/uploads\/2019\/04\/Fontanna-185x300.jpg 185w, https:\/\/www.przyladekhistorii.pl\/wp-content\/uploads\/2019\/04\/Fontanna-166x270.jpg 166w\" sizes=\"(max-width: 568px) 100vw, 568px\" \/><\/p>\n<p style=\"text-align: justify;\">W 2004 lub 2005 roku zdemontowano i skradziono jedn\u0105 z l\u0105deckich fontann. Poszukiwana przez nas fontanna pochodzi\u0142a z pierwszej lub drugiej dekady XX wieku i blisko sto lat sta\u0142a przed budynkiem Willa Elysium przy ulicy T.Ko\u015bciuszki 23 w L\u0105dku-Zdroju.<br \/>\nGdyby\u015bcie Pa\u0144stwo natrafili gdziekolwiek na ten obiekt, to bardzo prosimy o kontakt na adres przyladekhistorii@gmail.com<br \/>\nGwarantujemy anonimowo\u015b\u0107. Prosimy o masowe udost\u0119pnianie tego wpisu.<\/p>\n","protected":false},"excerpt":{"rendered":"<p>&nbsp; W 2004 lub 2005 roku zdemontowano i skradziono jedn\u0105 z l\u0105deckich fontann. Poszukiwana przez nas fontanna pochodzi\u0142a z pierwszej lub drugiej dekady XX wieku i blisko sto lat sta\u0142a przed budynkiem Willa Elysium przy ulicy T.Ko\u015bciuszki 23 w L\u0105dku-Zdroju. Gdyby\u015bcie Pa\u0144stwo natrafili gdziekolwiek na ten obiekt, to bardzo prosimy o kontakt na adres przyladekhistorii@gmail.com Gwarantujemy anonimowo\u015b\u0107. Prosimy o masowe udost\u0119pnianie tego wpisu.<\/p>\n","protected":false},"author":1,"featured_media":0,"parent":0,"menu_order":0,"comment_status":"closed","ping_status":"closed","template":"","meta":[],"_links":{"self":[{"href":"https:\/\/www.przyladekhistorii.pl\/index.php\/wp-json\/wp\/v2\/pages\/1007"}],"collection":[{"href":"https:\/\/www.przyladekhistorii.pl\/index.php\/wp-json\/wp\/v2\/pages"}],"about":[{"href":"https:\/\/www.przyladekhistorii.pl\/index.php\/wp-json\/wp\/v2\/types\/page"}],"author":[{"embeddable":true,"href":"https:\/\/www.przyladekhistorii.pl\/index.php\/wp-json\/wp\/v2\/users\/1"}],"replies":[{"embeddable":true,"href":"https:\/\/www.przyladekhistorii.pl\/index.php\/wp-json\/wp\/v2\/comments?post=1007"}],"version-history":[{"count":2,"href":"https:\/\/www.przyladekhistorii.pl\/index.php\/wp-json\/wp\/v2\/pages\/1007\/revisions"}],"predecessor-version":[{"id":1010,"href":"https:\/\/www.przyladekhistorii.pl\/index.php\/wp-json\/wp\/v2\/pages\/1007\/revisions\/1010"}],"wp:attachment":[{"href":"https:\/\/www.przyladekhistorii.pl\/index.php\/wp-json\/wp\/v2\/media?parent=1007"}],"curies":[{"name":"wp","href":"https:\/\/api.w.org\/{rel}","templated":true}]}}