{"id":1011,"date":"2019-04-28T18:28:14","date_gmt":"2019-04-28T16:28:14","guid":{"rendered":"http:\/\/www.przyladekhistorii.pl\/?page_id=1011"},"modified":"2019-04-28T18:31:01","modified_gmt":"2019-04-28T16:31:01","slug":"indeksacja-cmentarza-komunalnego","status":"publish","type":"page","link":"https:\/\/www.przyladekhistorii.pl\/index.php\/indeksacja-cmentarza-komunalnego\/","title":{"rendered":"Indeksacja cmentarza komunalnego"},"content":{"rendered":"<figure id=\"attachment_1012\" aria-describedby=\"caption-attachment-1012\" style=\"width: 1066px\" class=\"wp-caption aligncenter\"><img loading=\"lazy\" class=\"wp-image-1012 size-full\" src=\"http:\/\/www.przyladekhistorii.pl\/wp-content\/uploads\/2019\/04\/Cmentarz_komunalny_ul_Sniezna_Ladek_Zdroj_324977.jpg\" alt=\"\" width=\"1066\" height=\"675\" srcset=\"https:\/\/www.przyladekhistorii.pl\/wp-content\/uploads\/2019\/04\/Cmentarz_komunalny_ul_Sniezna_Ladek_Zdroj_324977.jpg 1066w, https:\/\/www.przyladekhistorii.pl\/wp-content\/uploads\/2019\/04\/Cmentarz_komunalny_ul_Sniezna_Ladek_Zdroj_324977-300x190.jpg 300w, https:\/\/www.przyladekhistorii.pl\/wp-content\/uploads\/2019\/04\/Cmentarz_komunalny_ul_Sniezna_Ladek_Zdroj_324977-768x486.jpg 768w, https:\/\/www.przyladekhistorii.pl\/wp-content\/uploads\/2019\/04\/Cmentarz_komunalny_ul_Sniezna_Ladek_Zdroj_324977-1024x648.jpg 1024w, https:\/\/www.przyladekhistorii.pl\/wp-content\/uploads\/2019\/04\/Cmentarz_komunalny_ul_Sniezna_Ladek_Zdroj_324977-426x270.jpg 426w\" sizes=\"(max-width: 1066px) 100vw, 1066px\" \/><figcaption id=\"caption-attachment-1012\" class=\"wp-caption-text\">Autor zdj\u0119cia: Zbigniew Walu\u015b, \u017ar\u00f3d\u0142o: https:\/\/polska-org.pl\/813999,foto.html?idEntity=547492<\/figcaption><\/figure>\n<p style=\"text-align: justify;\">Stowarzyszenie wykona\u0142o mr\u00f3wcz\u0105 i mozoln\u0105 prac\u0119. Zindeksowali\u015bmy pierwszy z l\u0105deckich cmentarzy, czyli cmentarz komunalny tworz\u0105c wykaz pochowanych tam os\u00f3b. Wykaz zawiera nazwisko oraz imi\u0119 osoby zmar\u0142ej, daty (o ile by\u0142y zamieszczone na nagrobku) i, co najistotniejsze, sektor w kt\u00f3rym znajduje si\u0119 gr\u00f3b.<br \/>\nDo listy do\u0142\u0105czona zosta\u0142a prosta wyszukiwarka.<br \/>\nWykaz i wyszukiwarka, z powod\u00f3w od nas niezale\u017cnych, najlepiej dzia\u0142a na laptopach czy komputerach stacjonarnych, s\u0105 natomiast problemy z jej wy\u015bwietlaniem na urz\u0105dzeniach mobilnych. Pracujemy nad tym, \u017ceby mo\u017cna by\u0142o j\u0105 te\u017c bez problemu wy\u015bwietla\u0107 na telefonach kom\u00f3rkowych.<br \/>\nIndeksacja cmentarza komunalnego jest cz\u0119\u015bci\u0105 wi\u0119kszego projektu, kt\u00f3rego szczeg\u00f3\u0142y za jaki\u015b czas opublikujemy. Ewentualne uwagi prosimy zamieszcza\u0107 w komentarzu lub podsy\u0142a\u0107 mailowo na adres Stowarzyszenia.<\/p>\n<p>Adres wyszukiwarki:\u00a0<a href=\"http:\/\/www.przyladekhistorii.pl\/index.php\/cmentarz-komunalny\/\">http:\/\/www.przyladekhistorii.pl\/index.php\/cmentarz-komunalny\/<\/a><\/p>\n","protected":false},"excerpt":{"rendered":"<p>Stowarzyszenie wykona\u0142o mr\u00f3wcz\u0105 i mozoln\u0105 prac\u0119. Zindeksowali\u015bmy pierwszy z l\u0105deckich cmentarzy, czyli cmentarz komunalny tworz\u0105c wykaz pochowanych tam os\u00f3b. Wykaz zawiera nazwisko oraz imi\u0119 osoby zmar\u0142ej, daty (o ile by\u0142y zamieszczone na nagrobku) i, co najistotniejsze, sektor w kt\u00f3rym znajduje si\u0119 gr\u00f3b. Do listy do\u0142\u0105czona zosta\u0142a prosta wyszukiwarka. Wykaz i wyszukiwarka, z powod\u00f3w od nas niezale\u017cnych, najlepiej dzia\u0142a na laptopach czy komputerach stacjonarnych, s\u0105 natomiast problemy z jej wy\u015bwietlaniem na urz\u0105dzeniach mobilnych. Pracujemy nad tym, \u017ceby mo\u017cna by\u0142o j\u0105 te\u017c&#8230;<\/p>\n<p class=\"read-more\"><a class=\"btn btn-default\" href=\"https:\/\/www.przyladekhistorii.pl\/index.php\/indeksacja-cmentarza-komunalnego\/\"> Read More<span class=\"screen-reader-text\">  Read More<\/span><\/a><\/p>\n","protected":false},"author":1,"featured_media":0,"parent":0,"menu_order":0,"comment_status":"closed","ping_status":"closed","template":"","meta":[],"_links":{"self":[{"href":"https:\/\/www.przyladekhistorii.pl\/index.php\/wp-json\/wp\/v2\/pages\/1011"}],"collection":[{"href":"https:\/\/www.przyladekhistorii.pl\/index.php\/wp-json\/wp\/v2\/pages"}],"about":[{"href":"https:\/\/www.przyladekhistorii.pl\/index.php\/wp-json\/wp\/v2\/types\/page"}],"author":[{"embeddable":true,"href":"https:\/\/www.przyladekhistorii.pl\/index.php\/wp-json\/wp\/v2\/users\/1"}],"replies":[{"embeddable":true,"href":"https:\/\/www.przyladekhistorii.pl\/index.php\/wp-json\/wp\/v2\/comments?post=1011"}],"version-history":[{"count":3,"href":"https:\/\/www.przyladekhistorii.pl\/index.php\/wp-json\/wp\/v2\/pages\/1011\/revisions"}],"predecessor-version":[{"id":1016,"href":"https:\/\/www.przyladekhistorii.pl\/index.php\/wp-json\/wp\/v2\/pages\/1011\/revisions\/1016"}],"wp:attachment":[{"href":"https:\/\/www.przyladekhistorii.pl\/index.php\/wp-json\/wp\/v2\/media?parent=1011"}],"curies":[{"name":"wp","href":"https:\/\/api.w.org\/{rel}","templated":true}]}}