{"id":130,"date":"2018-11-03T20:55:03","date_gmt":"2018-11-03T19:55:03","guid":{"rendered":"http:\/\/www.podkamien.pl\/przyladek\/?page_id=130"},"modified":"2018-11-27T20:42:21","modified_gmt":"2018-11-27T19:42:21","slug":"wladyslaw-litonski","status":"publish","type":"page","link":"https:\/\/www.przyladekhistorii.pl\/index.php\/wladyslaw-litonski\/","title":{"rendered":"W\u0142adys\u0142aw Lito\u0144ski"},"content":{"rendered":"<p style=\"text-align: justify;\">Pro\u015bba. Na cmentarzu parafialnym znajduje si\u0119 zaniedbany gr\u00f3b. Spoczywa w nim kapral W\u0142adys\u0142aw Lito\u0144ski, kt\u00f3ry zmar\u0142 25 stycznia 1947 roku (prawdopodobnie w wieku 21 lat) w L\u0105dku-Zdroju. Dos\u0142u\u017cy\u0142 si\u0119 on stopnia kaprala w okresie II wojny \u015bwiatowej i by\u0142 podobno odznaczony orderem Virtuti Militari. To ostatnie staramy si\u0119 w\u0142a\u015bnie potwierdzi\u0107. Potrzebne nam s\u0105 szczeg\u00f3\u0142y dot. W\u0142adys\u0142awa Lito\u0144skiego, wiemy jeszcze tylko tyle, \u017ce przyby\u0142 do L\u0105dka ze Stanis\u0142awowa, a pracowa\u0142 tutaj jako czeladnik piekarza.<br \/>\nJe\u015bli rzeczywi\u015bcie kwestia odznaczenia si\u0119 potwierdzi, chcieliby\u015bmy podj\u0105\u0107 starania o zachowanie grobu i jego odnowienie.<br \/>\nB\u0119dziemy wdzi\u0119czni za wszelk\u0105 pomoc dot. W\u0142adys\u0142awa.<br \/>\nZdj\u0119cie i informacje zdoby\u0142a dla nas za po\u015brednictwem naszej parafii p. Ewa Zadora.<\/p>\n<p>[supsystic-gallery id=3 position=center]<\/p>\n","protected":false},"excerpt":{"rendered":"<p>Pro\u015bba. Na cmentarzu parafialnym znajduje si\u0119 zaniedbany gr\u00f3b. Spoczywa w nim kapral W\u0142adys\u0142aw Lito\u0144ski, kt\u00f3ry zmar\u0142 25 stycznia 1947 roku (prawdopodobnie w wieku 21 lat) w L\u0105dku-Zdroju. Dos\u0142u\u017cy\u0142 si\u0119 on stopnia kaprala w okresie II wojny \u015bwiatowej i by\u0142 podobno odznaczony orderem Virtuti Militari. To ostatnie staramy si\u0119 w\u0142a\u015bnie potwierdzi\u0107. Potrzebne nam s\u0105 szczeg\u00f3\u0142y dot. W\u0142adys\u0142awa Lito\u0144skiego, wiemy jeszcze tylko tyle, \u017ce przyby\u0142 do L\u0105dka ze Stanis\u0142awowa, a pracowa\u0142 tutaj jako czeladnik piekarza. Je\u015bli rzeczywi\u015bcie kwestia odznaczenia si\u0119 potwierdzi, chcieliby\u015bmy&#8230;<\/p>\n<p class=\"read-more\"><a class=\"btn btn-default\" href=\"https:\/\/www.przyladekhistorii.pl\/index.php\/wladyslaw-litonski\/\"> Read More<span class=\"screen-reader-text\">  Read More<\/span><\/a><\/p>\n","protected":false},"author":1,"featured_media":0,"parent":0,"menu_order":0,"comment_status":"open","ping_status":"closed","template":"","meta":[],"_links":{"self":[{"href":"https:\/\/www.przyladekhistorii.pl\/index.php\/wp-json\/wp\/v2\/pages\/130"}],"collection":[{"href":"https:\/\/www.przyladekhistorii.pl\/index.php\/wp-json\/wp\/v2\/pages"}],"about":[{"href":"https:\/\/www.przyladekhistorii.pl\/index.php\/wp-json\/wp\/v2\/types\/page"}],"author":[{"embeddable":true,"href":"https:\/\/www.przyladekhistorii.pl\/index.php\/wp-json\/wp\/v2\/users\/1"}],"replies":[{"embeddable":true,"href":"https:\/\/www.przyladekhistorii.pl\/index.php\/wp-json\/wp\/v2\/comments?post=130"}],"version-history":[{"count":7,"href":"https:\/\/www.przyladekhistorii.pl\/index.php\/wp-json\/wp\/v2\/pages\/130\/revisions"}],"predecessor-version":[{"id":143,"href":"https:\/\/www.przyladekhistorii.pl\/index.php\/wp-json\/wp\/v2\/pages\/130\/revisions\/143"}],"wp:attachment":[{"href":"https:\/\/www.przyladekhistorii.pl\/index.php\/wp-json\/wp\/v2\/media?parent=130"}],"curies":[{"name":"wp","href":"https:\/\/api.w.org\/{rel}","templated":true}]}}