{"id":1404,"date":"2019-11-10T08:44:22","date_gmt":"2019-11-10T07:44:22","guid":{"rendered":"http:\/\/www.przyladekhistorii.pl\/?page_id=1404"},"modified":"2021-02-19T15:59:58","modified_gmt":"2021-02-19T14:59:58","slug":"ladczanie","status":"publish","type":"page","link":"https:\/\/www.przyladekhistorii.pl\/index.php\/ladczanie\/","title":{"rendered":"L\u0105dczanie"},"content":{"rendered":"<p><img loading=\"lazy\" class=\"aligncenter wp-image-1251 size-full\" src=\"http:\/\/www.przyladekhistorii.pl\/wp-content\/uploads\/2019\/08\/drzewo.jpg\" alt=\"\" width=\"830\" height=\"506\" srcset=\"https:\/\/www.przyladekhistorii.pl\/wp-content\/uploads\/2019\/08\/drzewo.jpg 830w, https:\/\/www.przyladekhistorii.pl\/wp-content\/uploads\/2019\/08\/drzewo-300x183.jpg 300w, https:\/\/www.przyladekhistorii.pl\/wp-content\/uploads\/2019\/08\/drzewo-768x468.jpg 768w, https:\/\/www.przyladekhistorii.pl\/wp-content\/uploads\/2019\/08\/drzewo-443x270.jpg 443w\" sizes=\"(max-width: 830px) 100vw, 830px\" \/><\/p>\n<p style=\"text-align: center;\"><span style=\"font-size: 36pt;\">-A-<\/span><\/p>\n<p style=\"text-align: center;\"><span style=\"font-size: 36pt;\">-B-<\/span><\/p>\n<p><a href=\"http:\/\/www.przyladekhistorii.pl\/index.php\/2020\/08\/18\/plk-lek-med-leszek-bartosinski\/\">BARTOSI\u0143SKI LESZEK<\/a><\/p>\n<p style=\"text-align: center;\"><span style=\"font-size: 36pt;\">-C-<\/span><\/p>\n<p><a href=\"http:\/\/www.przyladekhistorii.pl\/index.php\/cmentarz-parafialny\/chojnacki-zdzislaw\/\">CHOJNACKI ZDZIS\u0141AW<\/a><\/p>\n<p><a href=\"http:\/\/www.przyladekhistorii.pl\/index.php\/cmentarz-parafialny\/roman-cybulski\/\">CYBULSKI ROMAN<\/a><\/p>\n<p style=\"text-align: center;\"><span style=\"font-size: 36pt;\">-D-<\/span><\/p>\n<p><a href=\"http:\/\/www.przyladekhistorii.pl\/index.php\/cmentarz-parafialny\/zdzislaw-dumanski\/\">DUMA\u0143SKI ZDZIS\u0141AW<\/a><\/p>\n<p style=\"text-align: center;\"><span style=\"font-size: 36pt;\">-E-<\/span><\/p>\n<p style=\"text-align: center;\"><span style=\"font-size: 36pt;\">-F-<\/span><\/p>\n<p style=\"text-align: center;\"><span style=\"font-size: 36pt;\">-G-<\/span><\/p>\n<p style=\"text-align: center;\"><span style=\"font-size: 36pt;\">-H-<\/span><\/p>\n<p style=\"text-align: center;\"><span style=\"font-size: 36pt;\">-I-<\/span><\/p>\n<p style=\"text-align: center;\"><span style=\"font-size: 36pt;\">-J-<\/span><\/p>\n<p><a href=\"http:\/\/www.przyladekhistorii.pl\/index.php\/2020\/08\/17\/zbigniew-jankowski\/\">JANKOWSKI ZBIGNIEW<\/a><\/p>\n<p style=\"text-align: center;\"><span style=\"font-size: 36pt;\">-K-<\/span><\/p>\n<p><a href=\"http:\/\/www.przyladekhistorii.pl\/index.php\/2020\/02\/17\/adolf-kessel\/\">KESSEL ADOLF<\/a><\/p>\n<p style=\"text-align: center;\"><span style=\"font-size: 36pt;\">-L-<\/span><\/p>\n<p><a href=\"http:\/\/www.przyladekhistorii.pl\/index.php\/2020\/01\/04\/jan-lekwar\/\">LEKWAR JAN<\/a><\/p>\n<p><a href=\"http:\/\/www.przyladekhistorii.pl\/index.php\/2020\/07\/07\/ksiadz-maximilian-lipka\/\">LIPKA MAXIMILIAN<\/a><\/p>\n<p style=\"text-align: center;\"><span style=\"font-size: 36pt;\">-\u0141-<\/span><\/p>\n<p style=\"text-align: center;\"><span style=\"font-size: 36pt;\">-M-<\/span><\/p>\n<p><a href=\"http:\/\/www.przyladekhistorii.pl\/index.php\/2019\/06\/07\/zbygniew-martynowski\/\">MARTYNOWSKI ZBYGNIEW<\/a><\/p>\n<p><a href=\"http:\/\/www.przyladekhistorii.pl\/index.php\/2020\/08\/20\/maria-matla\/\">MAT\u0141A MARIA<\/a><\/p>\n<p><a href=\"http:\/\/www.przyladekhistorii.pl\/index.php\/2020\/08\/16\/wiktor-michalkiewicz\/\">MICHALKIEWICZ WIKTOR<\/a><\/p>\n<p style=\"text-align: center;\"><span style=\"font-size: 36pt;\">-N-<\/span><\/p>\n<p style=\"text-align: center;\"><span style=\"font-size: 36pt;\">-O-<\/span><\/p>\n<p><a href=\"http:\/\/www.przyladekhistorii.pl\/index.php\/cmentarz-parafialny\/aleksander-ostrowicz\/\">OSTROWICZ ALEKSANDER<\/a><\/p>\n<p style=\"text-align: center;\"><span style=\"font-size: 36pt;\">-P-<\/span><\/p>\n<p><a href=\"http:\/\/www.przyladekhistorii.pl\/index.php\/przykoscielny\/marek-polochajlo\/\">PO\u0141OCHAJ\u0141O MAREK<\/a><\/p>\n<p><a href=\"http:\/\/www.przyladekhistorii.pl\/index.php\/cmentarz-komunalny\/ferdinand-von-prondzynski\/\">PRONDZYNSKI FERDINAND VON<\/a><\/p>\n<p style=\"text-align: center;\"><span style=\"font-size: 36pt;\">-R-<\/span><\/p>\n<p><a href=\"http:\/\/www.przyladekhistorii.pl\/index.php\/cmentarz-parafialny\/leo-richter\/\">RICHTER LEO<\/a><\/p>\n<p><a href=\"http:\/\/www.przyladekhistorii.pl\/index.php\/2020\/08\/19\/janina-rudziak\/\">RUDZIAK JANINA<\/a><\/p>\n<p><a href=\"http:\/\/www.przyladekhistorii.pl\/index.php\/2020\/08\/22\/joanna-rygielska\/\">RYGIERSKA JOANNA<\/a><\/p>\n<p style=\"text-align: center;\"><span style=\"font-size: 36pt;\">-S-<\/span><\/p>\n<p><a href=\"http:\/\/www.przyladekhistorii.pl\/index.php\/2021\/02\/19\/adam-szmidt\/\">SCHMIDT ADAM<\/a><\/p>\n<p><a href=\"http:\/\/www.przyladekhistorii.pl\/index.php\/cmentarz-komunalny\/johanne-sophie-von-schutter-2\/\">SCHUTTER JOHANNE SOPHIE VON<\/a><\/p>\n<p><a href=\"http:\/\/www.przyladekhistorii.pl\/index.php\/2019\/03\/28\/rocznica-smierci-marii-sierpinskiej\/\">SIERPI\u0143SKA MARIA<\/a><\/p>\n<p><a href=\"http:\/\/www.przyladekhistorii.pl\/index.php\/2020\/08\/23\/janusz-sosna\/\">SOSNA JANUSZ<\/a><\/p>\n<p><a href=\"http:\/\/www.przyladekhistorii.pl\/index.php\/2019\/08\/26\/boleslaw-suslo\/\">SUS\u0141O BOLES\u0141AW<\/a><\/p>\n<p><a href=\"http:\/\/www.przyladekhistorii.pl\/index.php\/2021\/01\/05\/henryk-szydlak\/\">SZYDLAK HENRYK<\/a><\/p>\n<p style=\"text-align: center;\"><span style=\"font-size: 36pt;\">-T-<\/span><\/p>\n<p><a href=\"http:\/\/www.przyladekhistorii.pl\/index.php\/2019\/08\/18\/mieczyslaw-tomaszkiewicz\/\">TOMASZKIEWICZ MIECZYS\u0141AW<\/a><\/p>\n<p style=\"text-align: center;\"><span style=\"font-size: 36pt;\">-U-<\/span><\/p>\n<p style=\"text-align: center;\"><span style=\"font-size: 36pt;\">-W-<\/span><\/p>\n<p><a href=\"http:\/\/www.przyladekhistorii.pl\/index.php\/cmentarz-parafialny\/otto-weberbauer\/\">WEBERBAUER OTTO<\/a><\/p>\n<p><a href=\"http:\/\/www.przyladekhistorii.pl\/index.php\/cmentarz-komunalny\/jan-woroniewski\/\">WORONIEWSKI JAN<\/a><\/p>\n<p><a href=\"http:\/\/www.przyladekhistorii.pl\/index.php\/cmentarz-parafialny\/gabriel-wozniak\/\">WO\u0179NIAK GABRIEL<\/a><\/p>\n<p><a href=\"http:\/\/www.przyladekhistorii.pl\/index.php\/2020\/08\/21\/ryszard-wrona\/\">WRONA RYSZARD<\/a><\/p>\n<p style=\"text-align: center;\"><span style=\"font-size: 36pt;\">-Z-<\/span><\/p>\n<p style=\"text-align: center;\"><span style=\"font-size: 36pt;\">-\u017b-<\/span><\/p>\n","protected":false},"excerpt":{"rendered":"<p>-A- -B- BARTOSI\u0143SKI LESZEK -C- CHOJNACKI ZDZIS\u0141AW CYBULSKI ROMAN -D- DUMA\u0143SKI ZDZIS\u0141AW -E- -F- -G- -H- -I- -J- JANKOWSKI ZBIGNIEW -K- KESSEL ADOLF -L- LEKWAR JAN LIPKA MAXIMILIAN -\u0141- -M- MARTYNOWSKI ZBYGNIEW MAT\u0141A MARIA MICHALKIEWICZ WIKTOR -N- -O- OSTROWICZ ALEKSANDER -P- PO\u0141OCHAJ\u0141O MAREK PRONDZYNSKI FERDINAND VON -R- RICHTER LEO RUDZIAK JANINA RYGIERSKA JOANNA -S- SCHMIDT ADAM SCHUTTER JOHANNE SOPHIE VON SIERPI\u0143SKA MARIA SOSNA JANUSZ SUS\u0141O BOLES\u0141AW SZYDLAK HENRYK -T- TOMASZKIEWICZ MIECZYS\u0141AW -U- -W- WEBERBAUER OTTO WORONIEWSKI JAN WO\u0179NIAK GABRIEL WRONA&#8230;<\/p>\n<p class=\"read-more\"><a class=\"btn btn-default\" href=\"https:\/\/www.przyladekhistorii.pl\/index.php\/ladczanie\/\"> Read More<span class=\"screen-reader-text\">  Read More<\/span><\/a><\/p>\n","protected":false},"author":1,"featured_media":0,"parent":0,"menu_order":0,"comment_status":"closed","ping_status":"closed","template":"","meta":[],"_links":{"self":[{"href":"https:\/\/www.przyladekhistorii.pl\/index.php\/wp-json\/wp\/v2\/pages\/1404"}],"collection":[{"href":"https:\/\/www.przyladekhistorii.pl\/index.php\/wp-json\/wp\/v2\/pages"}],"about":[{"href":"https:\/\/www.przyladekhistorii.pl\/index.php\/wp-json\/wp\/v2\/types\/page"}],"author":[{"embeddable":true,"href":"https:\/\/www.przyladekhistorii.pl\/index.php\/wp-json\/wp\/v2\/users\/1"}],"replies":[{"embeddable":true,"href":"https:\/\/www.przyladekhistorii.pl\/index.php\/wp-json\/wp\/v2\/comments?post=1404"}],"version-history":[{"count":15,"href":"https:\/\/www.przyladekhistorii.pl\/index.php\/wp-json\/wp\/v2\/pages\/1404\/revisions"}],"predecessor-version":[{"id":2745,"href":"https:\/\/www.przyladekhistorii.pl\/index.php\/wp-json\/wp\/v2\/pages\/1404\/revisions\/2745"}],"wp:attachment":[{"href":"https:\/\/www.przyladekhistorii.pl\/index.php\/wp-json\/wp\/v2\/media?parent=1404"}],"curies":[{"name":"wp","href":"https:\/\/api.w.org\/{rel}","templated":true}]}}