{"id":1461,"date":"2019-11-17T12:39:43","date_gmt":"2019-11-17T11:39:43","guid":{"rendered":"http:\/\/www.przyladekhistorii.pl\/?page_id=1461"},"modified":"2019-11-17T12:39:43","modified_gmt":"2019-11-17T11:39:43","slug":"kwesta","status":"publish","type":"page","link":"https:\/\/www.przyladekhistorii.pl\/index.php\/kwesta\/","title":{"rendered":"Kwesta"},"content":{"rendered":"<p style=\"text-align: justify;\">1 listopada na l\u0105deckich cmentarzach po raz pierwszy odby\u0142a si\u0119 kwesta na ratowanie zabytkowych nagrobk\u00f3w. Organizatorem by\u0142o L\u0105deckie Towarzystwo Historyczno-Eksploracyjne, kt\u00f3re wsparte zosta\u0142o przez 8 Dru\u017cyn\u0119 Harcersk\u0105 \u201eCud \u015awiata\u201d oraz Towarzystwo Mi\u0142o\u015bnik\u00f3w Ziemi L\u0105deckiej. W tym roku zbierali\u015bmy fundusze na opracowanie dokumentacji koniecznej do uzyskania zgody konserwatorskiej potrzebnej do rozpocz\u0119cia renowacji nagrobka dr Aleksandra Ostrowicza.<\/p>\n<p style=\"text-align: justify;\">Aleksander Ostrowicz urodzi\u0142 si\u0119 11 lipca 1839 w Gostyniu w Wielkopolsce. W 1867 roku uko\u0144czy\u0142 studia medyczne uzyskuj\u0105c stopie\u0144 naukowy doktora medycyny i chirurgii. W 1875 roku przeprowadzi\u0142 si\u0119 do L\u0105dka-Zdroju, by obj\u0105\u0107 tu posad\u0119 lekarza. Tym samym by\u0142 pierwszym polskim lekarzem w L\u0105dku-Zdroju. By\u0142 te\u017c autorem pierwszego w j\u0119zyku polskim przewodnika po L\u0105dku-Zdroju pod tytu\u0142em \u201cLandek w Hrabstwie K\u0142odzkim w Szl\u0105sku. Podr\u0119cznik informacyjny dla go\u015bci k\u0105pielowych\u201d, kt\u00f3ry ukaza\u0142 si\u0119 w 1881 r. Aleksander Ostrowicz zmar\u0142 1 lutego 1903 roku w L\u0105dku-Zdroju i zosta\u0142 pochowany na obecnym cmentarzu parafialnym.<\/p>\n<p style=\"text-align: justify;\">Dzi\u0119ki ofiarno\u015bci os\u00f3b licznie odwiedzaj\u0105cych tego dnia groby swoich bliskich uda\u0142o si\u0119 zebra\u0107 <span style=\"text-decoration: underline;\"><strong>4606,80 z\u0142<\/strong><\/span> (oraz 10 koron czeskich i 1 eurocent). W imieniu uczestnik\u00f3w zbi\u00f3rki serdecznie dzi\u0119kuj\u0119 za hojne wsparcie naszej akcji.<\/p>\n<p><img loading=\"lazy\" class=\"aligncenter wp-image-1401 size-full\" src=\"http:\/\/www.przyladekhistorii.pl\/wp-content\/uploads\/2019\/11\/harcerki.jpg\" alt=\"\" width=\"960\" height=\"540\" srcset=\"https:\/\/www.przyladekhistorii.pl\/wp-content\/uploads\/2019\/11\/harcerki.jpg 960w, https:\/\/www.przyladekhistorii.pl\/wp-content\/uploads\/2019\/11\/harcerki-300x169.jpg 300w, https:\/\/www.przyladekhistorii.pl\/wp-content\/uploads\/2019\/11\/harcerki-768x432.jpg 768w, https:\/\/www.przyladekhistorii.pl\/wp-content\/uploads\/2019\/11\/harcerki-480x270.jpg 480w\" sizes=\"(max-width: 960px) 100vw, 960px\" \/><\/p>\n<p><img loading=\"lazy\" class=\"aligncenter wp-image-1402 size-full\" src=\"http:\/\/www.przyladekhistorii.pl\/wp-content\/uploads\/2019\/11\/lthe.jpg\" alt=\"\" width=\"960\" height=\"540\" srcset=\"https:\/\/www.przyladekhistorii.pl\/wp-content\/uploads\/2019\/11\/lthe.jpg 960w, https:\/\/www.przyladekhistorii.pl\/wp-content\/uploads\/2019\/11\/lthe-300x169.jpg 300w, https:\/\/www.przyladekhistorii.pl\/wp-content\/uploads\/2019\/11\/lthe-768x432.jpg 768w, https:\/\/www.przyladekhistorii.pl\/wp-content\/uploads\/2019\/11\/lthe-480x270.jpg 480w\" sizes=\"(max-width: 960px) 100vw, 960px\" \/><\/p>\n","protected":false},"excerpt":{"rendered":"<p>1 listopada na l\u0105deckich cmentarzach po raz pierwszy odby\u0142a si\u0119 kwesta na ratowanie zabytkowych nagrobk\u00f3w. Organizatorem by\u0142o L\u0105deckie Towarzystwo Historyczno-Eksploracyjne, kt\u00f3re wsparte zosta\u0142o przez 8 Dru\u017cyn\u0119 Harcersk\u0105 \u201eCud \u015awiata\u201d oraz Towarzystwo Mi\u0142o\u015bnik\u00f3w Ziemi L\u0105deckiej. W tym roku zbierali\u015bmy fundusze na opracowanie dokumentacji koniecznej do uzyskania zgody konserwatorskiej potrzebnej do rozpocz\u0119cia renowacji nagrobka dr Aleksandra Ostrowicza. Aleksander Ostrowicz urodzi\u0142 si\u0119 11 lipca 1839 w Gostyniu w Wielkopolsce. W 1867 roku uko\u0144czy\u0142 studia medyczne uzyskuj\u0105c stopie\u0144 naukowy doktora medycyny i chirurgii. W&#8230;<\/p>\n<p class=\"read-more\"><a class=\"btn btn-default\" href=\"https:\/\/www.przyladekhistorii.pl\/index.php\/kwesta\/\"> Read More<span class=\"screen-reader-text\">  Read More<\/span><\/a><\/p>\n","protected":false},"author":1,"featured_media":0,"parent":0,"menu_order":0,"comment_status":"closed","ping_status":"closed","template":"","meta":[],"_links":{"self":[{"href":"https:\/\/www.przyladekhistorii.pl\/index.php\/wp-json\/wp\/v2\/pages\/1461"}],"collection":[{"href":"https:\/\/www.przyladekhistorii.pl\/index.php\/wp-json\/wp\/v2\/pages"}],"about":[{"href":"https:\/\/www.przyladekhistorii.pl\/index.php\/wp-json\/wp\/v2\/types\/page"}],"author":[{"embeddable":true,"href":"https:\/\/www.przyladekhistorii.pl\/index.php\/wp-json\/wp\/v2\/users\/1"}],"replies":[{"embeddable":true,"href":"https:\/\/www.przyladekhistorii.pl\/index.php\/wp-json\/wp\/v2\/comments?post=1461"}],"version-history":[{"count":1,"href":"https:\/\/www.przyladekhistorii.pl\/index.php\/wp-json\/wp\/v2\/pages\/1461\/revisions"}],"predecessor-version":[{"id":1462,"href":"https:\/\/www.przyladekhistorii.pl\/index.php\/wp-json\/wp\/v2\/pages\/1461\/revisions\/1462"}],"wp:attachment":[{"href":"https:\/\/www.przyladekhistorii.pl\/index.php\/wp-json\/wp\/v2\/media?parent=1461"}],"curies":[{"name":"wp","href":"https:\/\/api.w.org\/{rel}","templated":true}]}}