{"id":1463,"date":"2019-11-17T12:40:55","date_gmt":"2019-11-17T11:40:55","guid":{"rendered":"http:\/\/www.przyladekhistorii.pl\/?page_id=1463"},"modified":"2019-11-17T12:40:55","modified_gmt":"2019-11-17T11:40:55","slug":"swiatelka-pamieci-2019","status":"publish","type":"page","link":"https:\/\/www.przyladekhistorii.pl\/index.php\/swiatelka-pamieci-2019\/","title":{"rendered":"\u015awiate\u0142ka pami\u0119ci 2019"},"content":{"rendered":"<div class=\"_2cuy _3dgx _2vxa\" style=\"text-align: justify;\">Dzisiaj, w 101 rocznic\u0119 odzyskania Niepodleg\u0142o\u015bci, cz\u0142onkowie L\u0105deckiego Towarzystwa Historyczno-Eksploracyjnego zapalili symboliczne znicze pami\u0119ci na grobach tych, kt\u00f3rzy ponad wiek temu swym czynem wywalczyli nam Wolno\u015b\u0107 i Niepodleg\u0142o\u015b\u0107.<\/div>\n<div style=\"text-align: justify;\">\n<div class=\"_2cuy _3dgx _2vxa\">Cze\u015b\u0107 Ich Pami\u0119ci! Niech \u017cyje Wolna i Suwerenna Rzeczpospolita!<\/div>\n<div><\/div>\n<div class=\"_2cuy _3dgx _2vxa\">W imieniu Stowarzyszenia dzi\u0119kuj\u0119 Weronice Urz\u0119dowskiej za wykonane dla nas kotyliony.<\/div>\n<\/div>\n<div style=\"text-align: justify;\"><\/div>\n<div class=\"_2cuy _3dgx _2vxa\" style=\"text-align: justify;\">Bohaterzy z okresu walk o woln\u0105 Rzeczpospolit\u0105 i jej granice spoczywaj\u0105cy na cmentarzu parafialnym to:<\/div>\n<div>\n<figure id=\"attachment_1446\" aria-describedby=\"caption-attachment-1446\" style=\"width: 640px\" class=\"wp-caption aligncenter\"><img loading=\"lazy\" class=\"wp-image-1446 size-large\" src=\"http:\/\/www.przyladekhistorii.pl\/wp-content\/uploads\/2019\/11\/20191111_121322-1024x576.jpg\" alt=\"\" width=\"640\" height=\"360\" srcset=\"https:\/\/www.przyladekhistorii.pl\/wp-content\/uploads\/2019\/11\/20191111_121322-1024x576.jpg 1024w, https:\/\/www.przyladekhistorii.pl\/wp-content\/uploads\/2019\/11\/20191111_121322-300x169.jpg 300w, https:\/\/www.przyladekhistorii.pl\/wp-content\/uploads\/2019\/11\/20191111_121322-768x432.jpg 768w, https:\/\/www.przyladekhistorii.pl\/wp-content\/uploads\/2019\/11\/20191111_121322-480x270.jpg 480w\" sizes=\"(max-width: 640px) 100vw, 640px\" \/><figcaption id=\"caption-attachment-1446\" class=\"wp-caption-text\">Cybulski Roman (1892-1980) \u2013 wachmistrz I Pu\u0142ku U\u0142an\u00f3w Krechowieckich<\/figcaption><\/figure>\n<figure id=\"attachment_1444\" aria-describedby=\"caption-attachment-1444\" style=\"width: 640px\" class=\"wp-caption aligncenter\"><img loading=\"lazy\" class=\"wp-image-1444 size-large\" src=\"http:\/\/www.przyladekhistorii.pl\/wp-content\/uploads\/2019\/11\/20191111_120939-1024x576.jpg\" alt=\"\" width=\"640\" height=\"360\" srcset=\"https:\/\/www.przyladekhistorii.pl\/wp-content\/uploads\/2019\/11\/20191111_120939-1024x576.jpg 1024w, https:\/\/www.przyladekhistorii.pl\/wp-content\/uploads\/2019\/11\/20191111_120939-300x169.jpg 300w, https:\/\/www.przyladekhistorii.pl\/wp-content\/uploads\/2019\/11\/20191111_120939-768x432.jpg 768w, https:\/\/www.przyladekhistorii.pl\/wp-content\/uploads\/2019\/11\/20191111_120939-480x270.jpg 480w\" sizes=\"(max-width: 640px) 100vw, 640px\" \/><figcaption id=\"caption-attachment-1444\" class=\"wp-caption-text\">Jemio\u0142a Edward (1889-1966) \u2013 \u017co\u0142nierz 1 pu\u0142ku Strzelc\u00f3w Polskich w okresie I wojny \u015bwiatowej. Uczestnik wojny polsko-bolszewickiej;<\/figcaption><\/figure>\n<figure id=\"attachment_1443\" aria-describedby=\"caption-attachment-1443\" style=\"width: 640px\" class=\"wp-caption aligncenter\"><img loading=\"lazy\" class=\"wp-image-1443 size-large\" src=\"http:\/\/www.przyladekhistorii.pl\/wp-content\/uploads\/2019\/11\/20191111_120542-1024x576.jpg\" alt=\"\" width=\"640\" height=\"360\" srcset=\"https:\/\/www.przyladekhistorii.pl\/wp-content\/uploads\/2019\/11\/20191111_120542-1024x576.jpg 1024w, https:\/\/www.przyladekhistorii.pl\/wp-content\/uploads\/2019\/11\/20191111_120542-300x169.jpg 300w, https:\/\/www.przyladekhistorii.pl\/wp-content\/uploads\/2019\/11\/20191111_120542-768x432.jpg 768w, https:\/\/www.przyladekhistorii.pl\/wp-content\/uploads\/2019\/11\/20191111_120542-480x270.jpg 480w\" sizes=\"(max-width: 640px) 100vw, 640px\" \/><figcaption id=\"caption-attachment-1443\" class=\"wp-caption-text\">Laskowski Franciszek (1898-1956) \u2013 za walk\u0119 o woln\u0105 Polsk\u0119 odznaczony Medalem Pami\u0105tkowym za Wojn\u0119 1918\u20131921 oraz Medalem Dziesi\u0119ciolecia Odzyskanej Niepodleg\u0142o\u015bci;<\/figcaption><\/figure>\n<figure id=\"attachment_1439\" aria-describedby=\"caption-attachment-1439\" style=\"width: 640px\" class=\"wp-caption aligncenter\"><img loading=\"lazy\" class=\"wp-image-1439 size-large\" src=\"http:\/\/www.przyladekhistorii.pl\/wp-content\/uploads\/2019\/11\/20191111_115841-1024x576.jpg\" alt=\"\" width=\"640\" height=\"360\" srcset=\"https:\/\/www.przyladekhistorii.pl\/wp-content\/uploads\/2019\/11\/20191111_115841-1024x576.jpg 1024w, https:\/\/www.przyladekhistorii.pl\/wp-content\/uploads\/2019\/11\/20191111_115841-300x169.jpg 300w, https:\/\/www.przyladekhistorii.pl\/wp-content\/uploads\/2019\/11\/20191111_115841-768x432.jpg 768w, https:\/\/www.przyladekhistorii.pl\/wp-content\/uploads\/2019\/11\/20191111_115841-480x270.jpg 480w\" sizes=\"(max-width: 640px) 100vw, 640px\" \/><figcaption id=\"caption-attachment-1439\" class=\"wp-caption-text\">Lekwar Jan (1896-1979) \u2013 \u017co\u0142nierz Legion\u00f3w Polskich, odznaczony Krzy\u017cem Niepodleg\u0142o\u015bci;<\/figcaption><\/figure>\n<figure id=\"attachment_1441\" aria-describedby=\"caption-attachment-1441\" style=\"width: 640px\" class=\"wp-caption aligncenter\"><img loading=\"lazy\" class=\"wp-image-1441 size-large\" src=\"http:\/\/www.przyladekhistorii.pl\/wp-content\/uploads\/2019\/11\/20191111_120328-1024x576.jpg\" alt=\"\" width=\"640\" height=\"360\" srcset=\"https:\/\/www.przyladekhistorii.pl\/wp-content\/uploads\/2019\/11\/20191111_120328-1024x576.jpg 1024w, https:\/\/www.przyladekhistorii.pl\/wp-content\/uploads\/2019\/11\/20191111_120328-300x169.jpg 300w, https:\/\/www.przyladekhistorii.pl\/wp-content\/uploads\/2019\/11\/20191111_120328-768x432.jpg 768w, https:\/\/www.przyladekhistorii.pl\/wp-content\/uploads\/2019\/11\/20191111_120328-480x270.jpg 480w\" sizes=\"(max-width: 640px) 100vw, 640px\" \/><figcaption id=\"caption-attachment-1441\" class=\"wp-caption-text\">Nogas Tadeusz (1904-1970) \u2013 \u017co\u0142nierz III Powstania \u015al\u0105skiego w 1921 roku;<\/figcaption><\/figure>\n<p><figure id=\"attachment_1445\" aria-describedby=\"caption-attachment-1445\" style=\"width: 640px\" class=\"wp-caption aligncenter\"><img loading=\"lazy\" class=\"wp-image-1445 size-large\" src=\"http:\/\/www.przyladekhistorii.pl\/wp-content\/uploads\/2019\/11\/20191111_121114-1024x576.jpg\" alt=\"\" width=\"640\" height=\"360\" srcset=\"https:\/\/www.przyladekhistorii.pl\/wp-content\/uploads\/2019\/11\/20191111_121114-1024x576.jpg 1024w, https:\/\/www.przyladekhistorii.pl\/wp-content\/uploads\/2019\/11\/20191111_121114-300x169.jpg 300w, https:\/\/www.przyladekhistorii.pl\/wp-content\/uploads\/2019\/11\/20191111_121114-768x432.jpg 768w, https:\/\/www.przyladekhistorii.pl\/wp-content\/uploads\/2019\/11\/20191111_121114-480x270.jpg 480w\" sizes=\"(max-width: 640px) 100vw, 640px\" \/><figcaption id=\"caption-attachment-1445\" class=\"wp-caption-text\">Ostaszewski Mieczys\u0142aw (ok. 1901-1941) \u2013 uczestnik walk o niepodleg\u0142o\u015b\u0107 Polski oraz wojny 1920 roku. [Gr\u00f3b symboliczny];<\/figcaption><\/figure><\/div>\n","protected":false},"excerpt":{"rendered":"<p>Dzisiaj, w 101 rocznic\u0119 odzyskania Niepodleg\u0142o\u015bci, cz\u0142onkowie L\u0105deckiego Towarzystwa Historyczno-Eksploracyjnego zapalili symboliczne znicze pami\u0119ci na grobach tych, kt\u00f3rzy ponad wiek temu swym czynem wywalczyli nam Wolno\u015b\u0107 i Niepodleg\u0142o\u015b\u0107. Cze\u015b\u0107 Ich Pami\u0119ci! Niech \u017cyje Wolna i Suwerenna Rzeczpospolita! W imieniu Stowarzyszenia dzi\u0119kuj\u0119 Weronice Urz\u0119dowskiej za wykonane dla nas kotyliony. Bohaterzy z okresu walk o woln\u0105 Rzeczpospolit\u0105 i jej granice spoczywaj\u0105cy na cmentarzu parafialnym to:<\/p>\n","protected":false},"author":1,"featured_media":0,"parent":0,"menu_order":0,"comment_status":"closed","ping_status":"closed","template":"","meta":[],"_links":{"self":[{"href":"https:\/\/www.przyladekhistorii.pl\/index.php\/wp-json\/wp\/v2\/pages\/1463"}],"collection":[{"href":"https:\/\/www.przyladekhistorii.pl\/index.php\/wp-json\/wp\/v2\/pages"}],"about":[{"href":"https:\/\/www.przyladekhistorii.pl\/index.php\/wp-json\/wp\/v2\/types\/page"}],"author":[{"embeddable":true,"href":"https:\/\/www.przyladekhistorii.pl\/index.php\/wp-json\/wp\/v2\/users\/1"}],"replies":[{"embeddable":true,"href":"https:\/\/www.przyladekhistorii.pl\/index.php\/wp-json\/wp\/v2\/comments?post=1463"}],"version-history":[{"count":1,"href":"https:\/\/www.przyladekhistorii.pl\/index.php\/wp-json\/wp\/v2\/pages\/1463\/revisions"}],"predecessor-version":[{"id":1464,"href":"https:\/\/www.przyladekhistorii.pl\/index.php\/wp-json\/wp\/v2\/pages\/1463\/revisions\/1464"}],"wp:attachment":[{"href":"https:\/\/www.przyladekhistorii.pl\/index.php\/wp-json\/wp\/v2\/media?parent=1463"}],"curies":[{"name":"wp","href":"https:\/\/api.w.org\/{rel}","templated":true}]}}