{"id":1467,"date":"2019-11-17T12:45:11","date_gmt":"2019-11-17T11:45:11","guid":{"rendered":"http:\/\/www.przyladekhistorii.pl\/?page_id=1467"},"modified":"2023-05-07T20:27:53","modified_gmt":"2023-05-07T18:27:53","slug":"przeniesienie-plyt-nagrobnych","status":"publish","type":"page","link":"https:\/\/www.przyladekhistorii.pl\/index.php\/przeniesienie-plyt-nagrobnych\/","title":{"rendered":"Przeniesienie p\u0142yt nagrobnych"},"content":{"rendered":"<p><img loading=\"lazy\" class=\"wp-image-1065 size-large aligncenter\" src=\"http:\/\/www.przyladekhistorii.pl\/wp-content\/uploads\/2019\/05\/01-1-1024x768.jpg\" alt=\"\" width=\"640\" height=\"480\" srcset=\"https:\/\/www.przyladekhistorii.pl\/wp-content\/uploads\/2019\/05\/01-1-1024x768.jpg 1024w, https:\/\/www.przyladekhistorii.pl\/wp-content\/uploads\/2019\/05\/01-1-300x225.jpg 300w, https:\/\/www.przyladekhistorii.pl\/wp-content\/uploads\/2019\/05\/01-1-768x576.jpg 768w, https:\/\/www.przyladekhistorii.pl\/wp-content\/uploads\/2019\/05\/01-1-360x270.jpg 360w, https:\/\/www.przyladekhistorii.pl\/wp-content\/uploads\/2019\/05\/01-1.jpg 1200w\" sizes=\"(max-width: 640px) 100vw, 640px\" \/><\/p>\n<p style=\"text-align: justify;\">Dzisiaj cz\u0142onkowie L\u0105deckiego Towarzystwa Historyczno-Eksploracyjnego w uszczuplonym sk\u0142adzie wraz z osobami niezrzeszonymi w naszym stowarzyszeniu podj\u0119li si\u0119 trudu wydobycia i przeniesienia do lapidarium w Trzebieszowicach niemieckich nagrobk\u00f3w wyrzuconych w jednym z okolicznych jar\u00f3w. Uda\u0142o nam si\u0119 wydoby\u0107 dwa nagrobki i przewie\u017a\u0107 je na teren parafii.<br \/>\nW trakcie prac okaza\u0142o si\u0119, \u017ce w owym jarze spoczywa jeszcze kilka b\u0105d\u017a kilkana\u015bcie nagrobk\u00f3w. Cz\u0119\u015b\u0107 z nich jest trwale uszkodzona i trudno dzi\u015b stwierdzi\u0107 kogo upami\u0119tnia\u0142y. S\u0105 jednak takie, kt\u00f3re zachowa\u0142y si\u0119 w bardzo dobrym stanie. W przysz\u0142o\u015bci, przy u\u017cyciu specjalistycznego sprz\u0119tu, postaramy si\u0119 je tak\u017ce wydoby\u0107. Niestety ich rozmiary, a zw\u0142aszcza waga uniemo\u017cliwiaj\u0105 wyci\u0105gni\u0119cie ich tylko i wy\u0142\u0105cznie przy u\u017cyciu ludzkiej si\u0142y.<br \/>\nDzi\u0119kuj\u0119 za pomoc i wsparcie przy dzisiejszej akcji: Paw\u0142owi Latosowi, Ewie Zadorze, Romanowi Magier\u0142o, Paw\u0142owi Fuss, Adrianowi Gorajewskiemu, Markowi Pijanowskiemu, a tak\u017ce Nadle\u015bnictwu L\u0105dek-Zdr\u00f3j za wyra\u017cenie zgody na prac\u0119 na ich terenie oraz ks. proboszczowi Ryszardowi Pasiece za zgod\u0119 na umieszczenie odnalezionych nagrobk\u00f3w w lapidarium.<br \/>\nAkcja b\u0119dzie kontynuowana.<\/p>\n<p style=\"text-align: justify;\"><img loading=\"lazy\" class=\"aligncenter wp-image-1073 size-large\" src=\"http:\/\/www.przyladekhistorii.pl\/wp-content\/uploads\/2019\/05\/09-1024x768.jpg\" alt=\"\" width=\"640\" height=\"480\" srcset=\"https:\/\/www.przyladekhistorii.pl\/wp-content\/uploads\/2019\/05\/09-1024x768.jpg 1024w, https:\/\/www.przyladekhistorii.pl\/wp-content\/uploads\/2019\/05\/09-300x225.jpg 300w, https:\/\/www.przyladekhistorii.pl\/wp-content\/uploads\/2019\/05\/09-768x576.jpg 768w, https:\/\/www.przyladekhistorii.pl\/wp-content\/uploads\/2019\/05\/09-360x270.jpg 360w, https:\/\/www.przyladekhistorii.pl\/wp-content\/uploads\/2019\/05\/09.jpg 1200w\" sizes=\"(max-width: 640px) 100vw, 640px\" \/><\/p>\n<p style=\"text-align: justify;\"><img loading=\"lazy\" class=\"aligncenter wp-image-1072 size-large\" src=\"http:\/\/www.przyladekhistorii.pl\/wp-content\/uploads\/2019\/05\/08-1024x768.jpg\" alt=\"\" width=\"640\" height=\"480\" srcset=\"https:\/\/www.przyladekhistorii.pl\/wp-content\/uploads\/2019\/05\/08-1024x768.jpg 1024w, https:\/\/www.przyladekhistorii.pl\/wp-content\/uploads\/2019\/05\/08-300x225.jpg 300w, https:\/\/www.przyladekhistorii.pl\/wp-content\/uploads\/2019\/05\/08-768x576.jpg 768w, https:\/\/www.przyladekhistorii.pl\/wp-content\/uploads\/2019\/05\/08-360x270.jpg 360w, https:\/\/www.przyladekhistorii.pl\/wp-content\/uploads\/2019\/05\/08.jpg 1200w\" sizes=\"(max-width: 640px) 100vw, 640px\" \/><\/p>\n<p style=\"text-align: justify;\"><img loading=\"lazy\" class=\"aligncenter wp-image-1071 size-large\" src=\"http:\/\/www.przyladekhistorii.pl\/wp-content\/uploads\/2019\/05\/07-1-1024x768.jpg\" alt=\"\" width=\"640\" height=\"480\" srcset=\"https:\/\/www.przyladekhistorii.pl\/wp-content\/uploads\/2019\/05\/07-1-1024x768.jpg 1024w, https:\/\/www.przyladekhistorii.pl\/wp-content\/uploads\/2019\/05\/07-1-300x225.jpg 300w, https:\/\/www.przyladekhistorii.pl\/wp-content\/uploads\/2019\/05\/07-1-768x576.jpg 768w, https:\/\/www.przyladekhistorii.pl\/wp-content\/uploads\/2019\/05\/07-1-360x270.jpg 360w, https:\/\/www.przyladekhistorii.pl\/wp-content\/uploads\/2019\/05\/07-1.jpg 1200w\" sizes=\"(max-width: 640px) 100vw, 640px\" \/><\/p>\n<p style=\"text-align: justify;\"><img loading=\"lazy\" class=\"aligncenter wp-image-1070 size-large\" src=\"http:\/\/www.przyladekhistorii.pl\/wp-content\/uploads\/2019\/05\/06-1-1024x768.jpg\" alt=\"\" width=\"640\" height=\"480\" srcset=\"https:\/\/www.przyladekhistorii.pl\/wp-content\/uploads\/2019\/05\/06-1-1024x768.jpg 1024w, https:\/\/www.przyladekhistorii.pl\/wp-content\/uploads\/2019\/05\/06-1-300x225.jpg 300w, https:\/\/www.przyladekhistorii.pl\/wp-content\/uploads\/2019\/05\/06-1-768x576.jpg 768w, https:\/\/www.przyladekhistorii.pl\/wp-content\/uploads\/2019\/05\/06-1-360x270.jpg 360w, https:\/\/www.przyladekhistorii.pl\/wp-content\/uploads\/2019\/05\/06-1.jpg 1200w\" sizes=\"(max-width: 640px) 100vw, 640px\" \/><\/p>\n<p style=\"text-align: justify;\"><img loading=\"lazy\" class=\"aligncenter wp-image-1069 size-large\" src=\"http:\/\/www.przyladekhistorii.pl\/wp-content\/uploads\/2019\/05\/05-1-1024x768.jpg\" alt=\"\" width=\"640\" height=\"480\" srcset=\"https:\/\/www.przyladekhistorii.pl\/wp-content\/uploads\/2019\/05\/05-1-1024x768.jpg 1024w, https:\/\/www.przyladekhistorii.pl\/wp-content\/uploads\/2019\/05\/05-1-300x225.jpg 300w, https:\/\/www.przyladekhistorii.pl\/wp-content\/uploads\/2019\/05\/05-1-768x576.jpg 768w, https:\/\/www.przyladekhistorii.pl\/wp-content\/uploads\/2019\/05\/05-1-360x270.jpg 360w, https:\/\/www.przyladekhistorii.pl\/wp-content\/uploads\/2019\/05\/05-1.jpg 1200w\" sizes=\"(max-width: 640px) 100vw, 640px\" \/><\/p>\n<p style=\"text-align: justify;\"><img loading=\"lazy\" class=\"aligncenter wp-image-1068 size-large\" src=\"http:\/\/www.przyladekhistorii.pl\/wp-content\/uploads\/2019\/05\/04-1-1024x768.jpg\" alt=\"\" width=\"640\" height=\"480\" srcset=\"https:\/\/www.przyladekhistorii.pl\/wp-content\/uploads\/2019\/05\/04-1-1024x768.jpg 1024w, https:\/\/www.przyladekhistorii.pl\/wp-content\/uploads\/2019\/05\/04-1-300x225.jpg 300w, https:\/\/www.przyladekhistorii.pl\/wp-content\/uploads\/2019\/05\/04-1-768x576.jpg 768w, https:\/\/www.przyladekhistorii.pl\/wp-content\/uploads\/2019\/05\/04-1-360x270.jpg 360w, https:\/\/www.przyladekhistorii.pl\/wp-content\/uploads\/2019\/05\/04-1.jpg 1200w\" sizes=\"(max-width: 640px) 100vw, 640px\" \/><\/p>\n<p style=\"text-align: justify;\"><img loading=\"lazy\" class=\"aligncenter wp-image-1067 size-large\" src=\"http:\/\/www.przyladekhistorii.pl\/wp-content\/uploads\/2019\/05\/03-1-1024x768.jpg\" alt=\"\" width=\"640\" height=\"480\" srcset=\"https:\/\/www.przyladekhistorii.pl\/wp-content\/uploads\/2019\/05\/03-1-1024x768.jpg 1024w, https:\/\/www.przyladekhistorii.pl\/wp-content\/uploads\/2019\/05\/03-1-300x225.jpg 300w, https:\/\/www.przyladekhistorii.pl\/wp-content\/uploads\/2019\/05\/03-1-768x576.jpg 768w, https:\/\/www.przyladekhistorii.pl\/wp-content\/uploads\/2019\/05\/03-1-360x270.jpg 360w, https:\/\/www.przyladekhistorii.pl\/wp-content\/uploads\/2019\/05\/03-1.jpg 1200w\" sizes=\"(max-width: 640px) 100vw, 640px\" \/><\/p>\n<p style=\"text-align: justify;\"><img loading=\"lazy\" class=\"aligncenter wp-image-1066 size-large\" src=\"http:\/\/www.przyladekhistorii.pl\/wp-content\/uploads\/2019\/05\/02-1-1024x768.jpg\" alt=\"\" width=\"640\" height=\"480\" srcset=\"https:\/\/www.przyladekhistorii.pl\/wp-content\/uploads\/2019\/05\/02-1-1024x768.jpg 1024w, https:\/\/www.przyladekhistorii.pl\/wp-content\/uploads\/2019\/05\/02-1-300x225.jpg 300w, https:\/\/www.przyladekhistorii.pl\/wp-content\/uploads\/2019\/05\/02-1-768x576.jpg 768w, https:\/\/www.przyladekhistorii.pl\/wp-content\/uploads\/2019\/05\/02-1-360x270.jpg 360w, https:\/\/www.przyladekhistorii.pl\/wp-content\/uploads\/2019\/05\/02-1.jpg 1200w\" sizes=\"(max-width: 640px) 100vw, 640px\" \/><\/p>\n<p style=\"text-align: justify;\"><img loading=\"lazy\" class=\"aligncenter wp-image-1065 size-large\" src=\"http:\/\/www.przyladekhistorii.pl\/wp-content\/uploads\/2019\/05\/01-1-1024x768.jpg\" alt=\"\" width=\"640\" height=\"480\" srcset=\"https:\/\/www.przyladekhistorii.pl\/wp-content\/uploads\/2019\/05\/01-1-1024x768.jpg 1024w, https:\/\/www.przyladekhistorii.pl\/wp-content\/uploads\/2019\/05\/01-1-300x225.jpg 300w, https:\/\/www.przyladekhistorii.pl\/wp-content\/uploads\/2019\/05\/01-1-768x576.jpg 768w, https:\/\/www.przyladekhistorii.pl\/wp-content\/uploads\/2019\/05\/01-1-360x270.jpg 360w, https:\/\/www.przyladekhistorii.pl\/wp-content\/uploads\/2019\/05\/01-1.jpg 1200w\" sizes=\"(max-width: 640px) 100vw, 640px\" \/><\/p>\n","protected":false},"excerpt":{"rendered":"<p>Dzisiaj cz\u0142onkowie L\u0105deckiego Towarzystwa Historyczno-Eksploracyjnego w uszczuplonym sk\u0142adzie wraz z osobami niezrzeszonymi w naszym stowarzyszeniu podj\u0119li si\u0119 trudu wydobycia i przeniesienia do lapidarium w Trzebieszowicach niemieckich nagrobk\u00f3w wyrzuconych w jednym z okolicznych jar\u00f3w. Uda\u0142o nam si\u0119 wydoby\u0107 dwa nagrobki i przewie\u017a\u0107 je na teren parafii. W trakcie prac okaza\u0142o si\u0119, \u017ce w owym jarze spoczywa jeszcze kilka b\u0105d\u017a kilkana\u015bcie nagrobk\u00f3w. Cz\u0119\u015b\u0107 z nich jest trwale uszkodzona i trudno dzi\u015b stwierdzi\u0107 kogo upami\u0119tnia\u0142y. S\u0105 jednak takie, kt\u00f3re zachowa\u0142y si\u0119 w bardzo&#8230;<\/p>\n<p class=\"read-more\"><a class=\"btn btn-default\" href=\"https:\/\/www.przyladekhistorii.pl\/index.php\/przeniesienie-plyt-nagrobnych\/\"> Read More<span class=\"screen-reader-text\">  Read More<\/span><\/a><\/p>\n","protected":false},"author":1,"featured_media":1073,"parent":0,"menu_order":0,"comment_status":"closed","ping_status":"closed","template":"","meta":[],"_links":{"self":[{"href":"https:\/\/www.przyladekhistorii.pl\/index.php\/wp-json\/wp\/v2\/pages\/1467"}],"collection":[{"href":"https:\/\/www.przyladekhistorii.pl\/index.php\/wp-json\/wp\/v2\/pages"}],"about":[{"href":"https:\/\/www.przyladekhistorii.pl\/index.php\/wp-json\/wp\/v2\/types\/page"}],"author":[{"embeddable":true,"href":"https:\/\/www.przyladekhistorii.pl\/index.php\/wp-json\/wp\/v2\/users\/1"}],"replies":[{"embeddable":true,"href":"https:\/\/www.przyladekhistorii.pl\/index.php\/wp-json\/wp\/v2\/comments?post=1467"}],"version-history":[{"count":4,"href":"https:\/\/www.przyladekhistorii.pl\/index.php\/wp-json\/wp\/v2\/pages\/1467\/revisions"}],"predecessor-version":[{"id":3512,"href":"https:\/\/www.przyladekhistorii.pl\/index.php\/wp-json\/wp\/v2\/pages\/1467\/revisions\/3512"}],"wp:featuredmedia":[{"embeddable":true,"href":"https:\/\/www.przyladekhistorii.pl\/index.php\/wp-json\/wp\/v2\/media\/1073"}],"wp:attachment":[{"href":"https:\/\/www.przyladekhistorii.pl\/index.php\/wp-json\/wp\/v2\/media?parent=1467"}],"curies":[{"name":"wp","href":"https:\/\/api.w.org\/{rel}","templated":true}]}}