{"id":1924,"date":"2020-04-18T16:42:22","date_gmt":"2020-04-18T14:42:22","guid":{"rendered":"http:\/\/www.przyladekhistorii.pl\/?page_id=1924"},"modified":"2020-06-07T10:59:09","modified_gmt":"2020-06-07T08:59:09","slug":"zabytki-sakralne","status":"publish","type":"page","link":"https:\/\/www.przyladekhistorii.pl\/index.php\/zabytki-sakralne\/","title":{"rendered":"Ma\u0142a architektura sakralna"},"content":{"rendered":"<p style=\"text-align: justify;\">Figury sakralne i krzy\u017ce budowano najcz\u0119\u015bciej z pobudek religijnych, cho\u0107 towarzyszy\u0142y im cz\u0119sto kwestie zwi\u0105zane z \u017cyciem codziennym \u2013 kl\u0119ski \u017cywio\u0142owe, epidemie, wojny czy te\u017c nawet najzwyklejsza ch\u0119\u0107 upami\u0119tnienia w\u0142asnej osoby i pozostawienia po sobie \u015bladu przysz\u0142ym pokoleniom. Dzi\u015b, w wielu przypadkach, powody ustawienia kamiennych rze\u017ab gin\u0105 w mrokach przesz\u0142o\u015bci, o ile ich fundator nie zadba\u0142 o uwiecznienie owych przyczyn na kamieniu.<\/p>\n<p style=\"text-align: justify;\">Krzy\u017ce, figury sakralne czy kapliczki stanowi\u0105 nieod\u0142\u0105czny element naszego krajobrazu b\u0119d\u0105c jego ozdob\u0105. Stoj\u0105 cz\u0119sto przy rozwidleniu dr\u00f3g, w pobli\u017cu starych wiejskich zabudowa\u0144 czy w szczerych polach, mo\u017cna si\u0119 na nie natkn\u0105\u0107 nawet w lasach. Kiedy\u015b owe elementy ma\u0142ej architektury dawa\u0142y mieszka\u0144com poczucie bezpiecze\u0144stwa, modlono si\u0119 przed nimi, sk\u0142adano kwiaty czy zapalano znicze.<\/p>\n<p style=\"text-align: justify;\">W wyniku historycznych zawirowa\u0144, zwi\u0105zanych z ostatni\u0105 wojn\u0105, dosz\u0142o do wymiany ludno\u015bci. Wraz z mieszka\u0144cami, kt\u00f3rych przesiedlono z Ziemi L\u0105deckiej odesz\u0142a pami\u0119\u0107 o niekt\u00f3rych obiektach. Cz\u0119\u015b\u0107 z nich, niekonserwowana i zaniedbana, uleg\u0142a w wyniku dzia\u0142a\u0144 czasu i pogody zniszczeniu. Cz\u0119\u015b\u0107 skradziono czy zniszczono celowo. Postaramy si\u0119 opisa\u0107 te, kt\u00f3re przetrwa\u0142y wszelkie zawirowania. Z czasem b\u0119dziemy dodawa\u0107 do tej listy nowe obiekty. Jednocze\u015bnie prosimy o pomoc i wskazywanie obiekt\u00f3w do opisania czy podpowiadanie zas\u0142yszanych od przodk\u00f3w historii.<\/p>\n<table align=\"center\">\n<tbody>\n<tr>\n<td style=\"width: 300px;\"><a href=\"http:\/\/www.przyladekhistorii.pl\/index.php\/zabytki-sakralne\/karpno\/\"><img loading=\"lazy\" class=\"aligncenter wp-image-1921 size-medium\" src=\"http:\/\/www.przyladekhistorii.pl\/wp-content\/uploads\/2020\/04\/Znak_10-300x154.png\" alt=\"\" width=\"300\" height=\"154\" srcset=\"https:\/\/www.przyladekhistorii.pl\/wp-content\/uploads\/2020\/04\/Znak_10-300x154.png 300w, https:\/\/www.przyladekhistorii.pl\/wp-content\/uploads\/2020\/04\/Znak_10-768x395.png 768w, https:\/\/www.przyladekhistorii.pl\/wp-content\/uploads\/2020\/04\/Znak_10-526x270.png 526w, https:\/\/www.przyladekhistorii.pl\/wp-content\/uploads\/2020\/04\/Znak_10.png 800w\" sizes=\"(max-width: 300px) 100vw, 300px\" \/><\/a><\/td>\n<td style=\"width: 300px;\"><a href=\"http:\/\/www.przyladekhistorii.pl\/index.php\/zabytki-sakralne\/katy-bystrzyckie\/\"><img loading=\"lazy\" class=\"aligncenter wp-image-1920 size-medium\" src=\"http:\/\/www.przyladekhistorii.pl\/wp-content\/uploads\/2020\/04\/Znak_09-300x154.png\" alt=\"\" width=\"300\" height=\"154\" srcset=\"https:\/\/www.przyladekhistorii.pl\/wp-content\/uploads\/2020\/04\/Znak_09-300x154.png 300w, https:\/\/www.przyladekhistorii.pl\/wp-content\/uploads\/2020\/04\/Znak_09-768x395.png 768w, https:\/\/www.przyladekhistorii.pl\/wp-content\/uploads\/2020\/04\/Znak_09-526x270.png 526w, https:\/\/www.przyladekhistorii.pl\/wp-content\/uploads\/2020\/04\/Znak_09.png 800w\" sizes=\"(max-width: 300px) 100vw, 300px\" \/><\/a><\/td>\n<\/tr>\n<tr>\n<td style=\"width: 300px;\"><a href=\"http:\/\/www.przyladekhistorii.pl\/index.php\/zabytki-sakralne\/konradow\/\"><img loading=\"lazy\" class=\"aligncenter wp-image-1916 size-medium\" src=\"http:\/\/www.przyladekhistorii.pl\/wp-content\/uploads\/2020\/04\/Znak_05-300x154.png\" alt=\"\" width=\"300\" height=\"154\" srcset=\"https:\/\/www.przyladekhistorii.pl\/wp-content\/uploads\/2020\/04\/Znak_05-300x154.png 300w, https:\/\/www.przyladekhistorii.pl\/wp-content\/uploads\/2020\/04\/Znak_05-768x395.png 768w, https:\/\/www.przyladekhistorii.pl\/wp-content\/uploads\/2020\/04\/Znak_05-526x270.png 526w, https:\/\/www.przyladekhistorii.pl\/wp-content\/uploads\/2020\/04\/Znak_05.png 800w\" sizes=\"(max-width: 300px) 100vw, 300px\" \/><\/a><\/td>\n<td style=\"width: 300px;\"><a href=\"http:\/\/www.przyladekhistorii.pl\/index.php\/zabytki-sakralne\/ladek-zdroj\/\"><img loading=\"lazy\" class=\"aligncenter wp-image-1912 size-medium\" src=\"http:\/\/www.przyladekhistorii.pl\/wp-content\/uploads\/2020\/04\/Znak_01-300x154.png\" alt=\"\" width=\"300\" height=\"154\" srcset=\"https:\/\/www.przyladekhistorii.pl\/wp-content\/uploads\/2020\/04\/Znak_01-300x154.png 300w, https:\/\/www.przyladekhistorii.pl\/wp-content\/uploads\/2020\/04\/Znak_01-768x395.png 768w, https:\/\/www.przyladekhistorii.pl\/wp-content\/uploads\/2020\/04\/Znak_01-526x270.png 526w, https:\/\/www.przyladekhistorii.pl\/wp-content\/uploads\/2020\/04\/Znak_01.png 800w\" sizes=\"(max-width: 300px) 100vw, 300px\" \/><\/a><\/td>\n<\/tr>\n<tr>\n<td style=\"width: 300px;\"><a href=\"http:\/\/www.przyladekhistorii.pl\/index.php\/zabytki-sakralne\/lutynia\/\"><img loading=\"lazy\" class=\"aligncenter wp-image-1917 size-medium\" src=\"http:\/\/www.przyladekhistorii.pl\/wp-content\/uploads\/2020\/04\/Znak_06-300x154.png\" alt=\"\" width=\"300\" height=\"154\" srcset=\"https:\/\/www.przyladekhistorii.pl\/wp-content\/uploads\/2020\/04\/Znak_06-300x154.png 300w, https:\/\/www.przyladekhistorii.pl\/wp-content\/uploads\/2020\/04\/Znak_06-768x395.png 768w, https:\/\/www.przyladekhistorii.pl\/wp-content\/uploads\/2020\/04\/Znak_06-526x270.png 526w, https:\/\/www.przyladekhistorii.pl\/wp-content\/uploads\/2020\/04\/Znak_06.png 800w\" sizes=\"(max-width: 300px) 100vw, 300px\" \/><\/a><\/td>\n<td style=\"width: 300px;\"><a href=\"http:\/\/www.przyladekhistorii.pl\/index.php\/zabytki-sakralne\/orlowiec\/\"><img loading=\"lazy\" class=\"aligncenter wp-image-1923 size-medium\" src=\"http:\/\/www.przyladekhistorii.pl\/wp-content\/uploads\/2020\/04\/Znak_12-300x154.png\" alt=\"\" width=\"300\" height=\"154\" srcset=\"https:\/\/www.przyladekhistorii.pl\/wp-content\/uploads\/2020\/04\/Znak_12-300x154.png 300w, https:\/\/www.przyladekhistorii.pl\/wp-content\/uploads\/2020\/04\/Znak_12-768x395.png 768w, https:\/\/www.przyladekhistorii.pl\/wp-content\/uploads\/2020\/04\/Znak_12-526x270.png 526w, https:\/\/www.przyladekhistorii.pl\/wp-content\/uploads\/2020\/04\/Znak_12.png 800w\" sizes=\"(max-width: 300px) 100vw, 300px\" \/><\/a><\/td>\n<\/tr>\n<tr>\n<td style=\"width: 300px;\"><a href=\"http:\/\/www.przyladekhistorii.pl\/index.php\/zabytki-sakralne\/radochow\/\"><img loading=\"lazy\" class=\"aligncenter wp-image-1913 size-medium\" src=\"http:\/\/www.przyladekhistorii.pl\/wp-content\/uploads\/2020\/04\/Znak_02-300x154.png\" alt=\"\" width=\"300\" height=\"154\" srcset=\"https:\/\/www.przyladekhistorii.pl\/wp-content\/uploads\/2020\/04\/Znak_02-300x154.png 300w, https:\/\/www.przyladekhistorii.pl\/wp-content\/uploads\/2020\/04\/Znak_02-768x395.png 768w, https:\/\/www.przyladekhistorii.pl\/wp-content\/uploads\/2020\/04\/Znak_02-526x270.png 526w, https:\/\/www.przyladekhistorii.pl\/wp-content\/uploads\/2020\/04\/Znak_02.png 800w\" sizes=\"(max-width: 300px) 100vw, 300px\" \/><\/a><\/td>\n<td style=\"width: 300px;\"><a href=\"http:\/\/www.przyladekhistorii.pl\/index.php\/zabytki-sakralne\/skrzynka\/\"><img loading=\"lazy\" class=\"aligncenter wp-image-1922 size-medium\" src=\"http:\/\/www.przyladekhistorii.pl\/wp-content\/uploads\/2020\/04\/Znak_11-300x154.png\" alt=\"\" width=\"300\" height=\"154\" srcset=\"https:\/\/www.przyladekhistorii.pl\/wp-content\/uploads\/2020\/04\/Znak_11-300x154.png 300w, https:\/\/www.przyladekhistorii.pl\/wp-content\/uploads\/2020\/04\/Znak_11-768x395.png 768w, https:\/\/www.przyladekhistorii.pl\/wp-content\/uploads\/2020\/04\/Znak_11-526x270.png 526w, https:\/\/www.przyladekhistorii.pl\/wp-content\/uploads\/2020\/04\/Znak_11.png 800w\" sizes=\"(max-width: 300px) 100vw, 300px\" \/><\/a><\/td>\n<\/tr>\n<tr>\n<td style=\"width: 300px;\"><a href=\"http:\/\/www.przyladekhistorii.pl\/index.php\/zabytki-sakralne\/stojkow\/\"><img loading=\"lazy\" class=\"aligncenter wp-image-1918 size-medium\" src=\"http:\/\/www.przyladekhistorii.pl\/wp-content\/uploads\/2020\/04\/Znak_07-300x154.png\" alt=\"\" width=\"300\" height=\"154\" srcset=\"https:\/\/www.przyladekhistorii.pl\/wp-content\/uploads\/2020\/04\/Znak_07-300x154.png 300w, https:\/\/www.przyladekhistorii.pl\/wp-content\/uploads\/2020\/04\/Znak_07-768x395.png 768w, https:\/\/www.przyladekhistorii.pl\/wp-content\/uploads\/2020\/04\/Znak_07-526x270.png 526w, https:\/\/www.przyladekhistorii.pl\/wp-content\/uploads\/2020\/04\/Znak_07.png 800w\" sizes=\"(max-width: 300px) 100vw, 300px\" \/><\/a><\/td>\n<td style=\"width: 300px;\"><a href=\"http:\/\/www.przyladekhistorii.pl\/index.php\/zabytki-sakralne\/trzebieszowice\/\"><img loading=\"lazy\" class=\"aligncenter wp-image-1914 size-medium\" src=\"http:\/\/www.przyladekhistorii.pl\/wp-content\/uploads\/2020\/04\/Znak_03-300x154.png\" alt=\"\" width=\"300\" height=\"154\" srcset=\"https:\/\/www.przyladekhistorii.pl\/wp-content\/uploads\/2020\/04\/Znak_03-300x154.png 300w, https:\/\/www.przyladekhistorii.pl\/wp-content\/uploads\/2020\/04\/Znak_03-768x395.png 768w, https:\/\/www.przyladekhistorii.pl\/wp-content\/uploads\/2020\/04\/Znak_03-526x270.png 526w, https:\/\/www.przyladekhistorii.pl\/wp-content\/uploads\/2020\/04\/Znak_03.png 800w\" sizes=\"(max-width: 300px) 100vw, 300px\" \/><\/a><\/td>\n<\/tr>\n<tr>\n<td style=\"width: 300px;\"><a href=\"http:\/\/www.przyladekhistorii.pl\/index.php\/zabytki-sakralne\/wojtowka\/\"><img loading=\"lazy\" class=\"aligncenter wp-image-1915 size-medium\" src=\"http:\/\/www.przyladekhistorii.pl\/wp-content\/uploads\/2020\/04\/Znak_04-300x154.png\" alt=\"\" width=\"300\" height=\"154\" srcset=\"https:\/\/www.przyladekhistorii.pl\/wp-content\/uploads\/2020\/04\/Znak_04-300x154.png 300w, https:\/\/www.przyladekhistorii.pl\/wp-content\/uploads\/2020\/04\/Znak_04-768x395.png 768w, https:\/\/www.przyladekhistorii.pl\/wp-content\/uploads\/2020\/04\/Znak_04-526x270.png 526w, https:\/\/www.przyladekhistorii.pl\/wp-content\/uploads\/2020\/04\/Znak_04.png 800w\" sizes=\"(max-width: 300px) 100vw, 300px\" \/><\/a><\/td>\n<td style=\"width: 300px;\"><a href=\"http:\/\/www.przyladekhistorii.pl\/index.php\/zabytki-sakralne\/wrzosowka\/\"><img loading=\"lazy\" class=\"aligncenter wp-image-1919 size-medium\" src=\"http:\/\/www.przyladekhistorii.pl\/wp-content\/uploads\/2020\/04\/Znak_08-300x154.png\" alt=\"\" width=\"300\" height=\"154\" srcset=\"https:\/\/www.przyladekhistorii.pl\/wp-content\/uploads\/2020\/04\/Znak_08-300x154.png 300w, https:\/\/www.przyladekhistorii.pl\/wp-content\/uploads\/2020\/04\/Znak_08-768x395.png 768w, https:\/\/www.przyladekhistorii.pl\/wp-content\/uploads\/2020\/04\/Znak_08-526x270.png 526w, https:\/\/www.przyladekhistorii.pl\/wp-content\/uploads\/2020\/04\/Znak_08.png 800w\" sizes=\"(max-width: 300px) 100vw, 300px\" \/><\/a><\/td>\n<\/tr>\n<\/tbody>\n<\/table>\n<p style=\"text-align: justify;\">Powy\u017cszy spis oraz mapa umieszczona poni\u017cej prezentuj\u0105 obiekty ma\u0142ej architektury sakralnej w gminie L\u0105dek-Zdr\u00f3j (kapliczki, krzy\u017ce drewniane, krzy\u017ce \u017celiwne, krzy\u017ce kamienne, figury, itp.) Opracowanie powsta\u0142o w oparciu o niemieckie mapy topograficzne (Messtischblatt) w skali 1:25000 z lat 1884, 1912, 1936 oraz stan wsp\u00f3\u0142czesny.<br \/>\nW przypadku obiektu oznaczonego jako &#8220;<strong>obiekt nieznany<\/strong>&#8221; jest prawdopodobne, \u017ce istnieje on w terenie, ale na chwil\u0119 obecn\u0105 nie uda\u0142o nam si\u0119 do niego dotrze\u0107, zlokalizowa\u0107 oraz sfotografowa\u0107. W szczeg\u00f3lno\u015bci dotyczy to obiekt\u00f3w, kt\u00f3re znajdowa\u0142y si\u0119 na terenie nieistniej\u0105cych obecnie wsi i przysi\u00f3\u0142k\u00f3w.<br \/>\n&#8220;<strong>Obiekt zniszczony<\/strong>&#8221; to taki, co do kt\u00f3rego mamy pewno\u015b\u0107, \u017ce w miejscu, kt\u00f3re wskazuj\u0105 niemieckie mapy ju\u017c go nie ma.<\/p>\n<p style=\"text-align: justify;\">Z czasem ka\u017cdy zlokalizowany obiekt b\u0119dzie posiada\u0142 swoje zdj\u0119cie i w miar\u0119 mo\u017cliwo\u015bci kr\u00f3tki opis. Map\u0119 najlepiej ogl\u0105da\u0107 na ekranie monitora po jej powi\u0119kszeniu (s\u0142u\u017cy temu przycisk w g\u00f3rnym rogu &#8220;W\u0142\u0105cz widok pe\u0142noekranowy&#8221;).<\/p>\n<p style=\"text-align: justify;\">B\u0119dziemy wdzi\u0119czni za wszelkie sprostowania i uzupe\u0142nienia, zdajemy sobie bowiem spraw\u0119, \u017ce nie uda\u0142o nam si\u0119 uj\u0105\u0107 na mapie wszystkich obiekt\u00f3w.<\/p>\n<style type=\"text\/css\" id=\"gmpMapStyles_3_73015\">\r\n\t#google_map_easy_3_73015 {\r\n        width: 700px;\r\n        height: 600px;\r\n\t\t\t\t\t\t    }\r\n\t#gmapControlsNum_3_73015 {\r\n\t\twidth:700px\t}\r\n\t.gmpMapDetailsContainer#gmpMapDetailsContainer_3_73015 {\r\n\t\theight:600px;\r\n\t}\r\n\t.gmp_MapPreview#google_map_easy_3_73015 {\r\n\t\t\/*position:absolute;*\/\r\n\t\twidth: 100%;\r\n\t}\r\n\t#mapConElem_3_73015{\r\n\t\twidth: 700px\t}\r\n    .gm-style .gm-style-iw-c{\r\n        padding: 12px!important;\r\n    }\r\n\t    <\/style>\r\n <div class=\"gmp_map_opts\" id=\"mapConElem_3_73015\" data-id=\"3\" data-view-id=\"3_73015\" > <div class=\"gmpMapDetailsContainer\" id=\"gmpMapDetailsContainer_3_73015\"> <i class=\"gmpKMLLayersPreloader fa fa-spinner fa-spin\" aria-hidden=\"true\" style=\"display: none;\"><\/i> <div class=\"gmp_MapPreview \" id=\"google_map_easy_3_73015\"><\/div> <\/div> <div class=\"gmpMapMarkerFilters\" id=\"gmpMapMarkerFilters_3_73015\"> <\/div> <div class=\"gmpMapProControlsCon\" id=\"gmpMapProControlsCon_3_73015\"> <\/div> <div class=\"gmpMapProDirectionsCon\" id=\"gmpMapProDirectionsCon_3_73015\" > <\/div> <div class=\"gmpMapProKmlFilterCon\" id=\"gmpMapProKmlFilterCon_3_73015\" > <\/div> <div class=\"gmpSocialSharingShell gmpSocialSharingShell_3_73015\"> <\/div> <div style=\"clear: both;\"><\/div> <\/div> \n<p style=\"text-align: center;\">Legenda<\/p>\n<table align=\"center\">\n<tbody>\n<tr>\n<td style=\"width: 60px; text-align: center;\"><strong>Symbol<\/strong><\/td>\n<td style=\"width: 240px; text-align: center;\"><strong>Znaczenie<\/strong><\/td>\n<\/tr>\n<tr>\n<td style=\"width: 60px; text-align: center;\"><img loading=\"lazy\" class=\"alignnone size-full wp-image-611\" src=\"http:\/\/www.przyladekhistorii.pl\/wp-content\/uploads\/2020\/04\/menu1.png\" alt=\"\" width=\"32\" height=\"37\" \/><\/td>\n<td style=\"width: 240px; text-align: left;\">Krzy\u017c kamienny<br \/>\nKrzy\u017c \u017celiwny<\/td>\n<\/tr>\n<tr>\n<td style=\"width: 60px; text-align: center;\"><img loading=\"lazy\" class=\"alignnone size-full wp-image-608\" src=\"http:\/\/www.przyladekhistorii.pl\/wp-content\/uploads\/2020\/04\/menu7.png\" alt=\"\" width=\"32\" height=\"37\" \/><\/td>\n<td style=\"width: 240px; text-align: left;\">Krzy\u017c drewniany<\/td>\n<\/tr>\n<tr>\n<td style=\"width: 60px; text-align: center;\"><img loading=\"lazy\" class=\"alignnone size-full wp-image-625\" src=\"http:\/\/www.przyladekhistorii.pl\/wp-content\/uploads\/2020\/04\/menu3.png\" alt=\"\" width=\"32\" height=\"37\" \/><\/td>\n<td style=\"width: 240px; text-align: left;\">Kapliczka domkowa<\/td>\n<\/tr>\n<tr>\n<td style=\"width: 60px; text-align: center;\"><img loading=\"lazy\" class=\"alignnone size-full wp-image-627\" src=\"http:\/\/www.przyladekhistorii.pl\/wp-content\/uploads\/2020\/04\/menu8.png\" alt=\"\" width=\"32\" height=\"37\" \/><\/td>\n<td style=\"width: 240px; text-align: left;\">Kapliczka s\u0142upkowa<\/td>\n<\/tr>\n<tr>\n<td style=\"width: 60px; text-align: center;\"><img loading=\"lazy\" class=\"alignnone size-full wp-image-610\" src=\"http:\/\/www.przyladekhistorii.pl\/wp-content\/uploads\/2020\/04\/menu2.png\" alt=\"\" width=\"32\" height=\"37\" \/><\/td>\n<td style=\"width: 240px; text-align: left;\">Figura<\/td>\n<\/tr>\n<tr>\n<td style=\"width: 60px; text-align: center;\"><img loading=\"lazy\" class=\"alignnone size-full wp-image-609\" src=\"http:\/\/www.przyladekhistorii.pl\/wp-content\/uploads\/2020\/04\/menu4.png\" alt=\"\" width=\"32\" height=\"37\" \/><\/td>\n<td style=\"width: 240px; text-align: left;\">Krzy\u017c pokutny<\/td>\n<\/tr>\n<tr>\n<td style=\"width: 60px; text-align: center;\"><img loading=\"lazy\" class=\"alignnone size-full wp-image-626\" src=\"http:\/\/www.przyladekhistorii.pl\/wp-content\/uploads\/2020\/04\/menu6.png\" alt=\"\" width=\"32\" height=\"37\" \/><\/td>\n<td style=\"width: 240px; text-align: left;\">Kapliczka pokutna<\/td>\n<\/tr>\n<tr>\n<td style=\"width: 60px; text-align: center;\"><img loading=\"lazy\" class=\"alignnone size-full wp-image-612\" src=\"http:\/\/www.przyladekhistorii.pl\/wp-content\/uploads\/2020\/04\/menu5.png\" alt=\"\" width=\"32\" height=\"37\" \/><\/td>\n<td style=\"width: 240px; text-align: left;\">Kolumna Maryjna<br \/>\nKolumna morowa<\/td>\n<\/tr>\n<tr>\n<td style=\"width: 60px; text-align: center;\"><img loading=\"lazy\" class=\"alignnone size-full wp-image-612\" src=\"http:\/\/www.przyladekhistorii.pl\/wp-content\/uploads\/2020\/04\/menu9.png\" alt=\"\" width=\"32\" height=\"37\" \/><\/td>\n<td style=\"width: 240px; text-align: left;\">Obiekt nieznany<\/td>\n<\/tr>\n<tr>\n<td style=\"width: 60px; text-align: center;\"><img loading=\"lazy\" class=\"alignnone size-full wp-image-612\" src=\"http:\/\/www.przyladekhistorii.pl\/wp-content\/uploads\/2020\/04\/menu0.png\" alt=\"\" width=\"32\" height=\"37\" \/><\/td>\n<td style=\"width: 240px; text-align: left;\">Obiekt zniszczony<\/td>\n<\/tr>\n<tr>\n<td style=\"width: 60px; text-align: center;\"><img loading=\"lazy\" class=\"alignnone size-full wp-image-612\" src=\"http:\/\/www.przyladekhistorii.pl\/wp-content\/uploads\/2020\/06\/menu00.png\" alt=\"\" width=\"32\" height=\"37\" \/><\/td>\n<td style=\"width: 240px; text-align: left;\">Kalwaria<\/td>\n<\/tr>\n<\/tbody>\n<\/table>\n<p>&nbsp;<\/p>\n<p style=\"text-align: center;\">Kolory dla poszczeg\u00f3lnych miejscowo\u015bci:<\/p>\n<table align=\"center\">\n<tbody>\n<tr>\n<td style=\"width: 75px;\">Karpno<\/td>\n<td style=\"width: 75px; background-color: #fa05f2;\"><\/td>\n<\/tr>\n<tr>\n<td style=\"width: 75px;\">K\u0105ty Bystrzyckie<\/td>\n<td style=\"width: 75px; background-color: #65128c;\"><\/td>\n<\/tr>\n<tr>\n<td style=\"width: 75px;\">Konrad\u00f3w<\/td>\n<td style=\"width: 75px; background-color: #05fa21;\"><\/td>\n<\/tr>\n<tr>\n<td style=\"width: 75px;\">L\u0105dek-Zdr\u00f3j<\/td>\n<td style=\"width: 75px; background-color: #002bff;\"><\/td>\n<\/tr>\n<tr>\n<td style=\"width: 75px;\">Lutynia<\/td>\n<td style=\"width: 75px; background-color: #fa052e;\"><\/td>\n<\/tr>\n<tr>\n<td style=\"width: 75px;\">Or\u0142owiec<\/td>\n<td style=\"width: 75px; background-color: #f96c5c;\"><\/td>\n<\/tr>\n<tr>\n<td style=\"width: 75px;\">Radoch\u00f3w<\/td>\n<td style=\"width: 75px; background-color: #fa9805;\"><\/td>\n<\/tr>\n<tr>\n<td style=\"width: 75px;\">Skrzynka<\/td>\n<td style=\"width: 75px; background-color: #05faf2;\"><\/td>\n<\/tr>\n<tr>\n<td style=\"width: 75px;\">St\u00f3jk\u00f3w<\/td>\n<td style=\"width: 75px; background-color: #d6babf;\"><\/td>\n<\/tr>\n<tr>\n<td style=\"width: 75px;\">Trzebieszowice<\/td>\n<td style=\"width: 75px; background-color: #c9fa05;\"><\/td>\n<\/tr>\n<tr>\n<td style=\"width: 75px;\">W\u00f3jt\u00f3wka<\/td>\n<td style=\"width: 75px; background-color: #faf205;\"><\/td>\n<\/tr>\n<tr>\n<td style=\"width: 75px;\">Wrzos\u00f3wka<\/td>\n<td style=\"width: 75px; background-color: #000000;\"><\/td>\n<\/tr>\n<\/tbody>\n<\/table>\n","protected":false},"excerpt":{"rendered":"<p>Figury sakralne i krzy\u017ce budowano najcz\u0119\u015bciej z pobudek religijnych, cho\u0107 towarzyszy\u0142y im cz\u0119sto kwestie zwi\u0105zane z \u017cyciem codziennym \u2013 kl\u0119ski \u017cywio\u0142owe, epidemie, wojny czy te\u017c nawet najzwyklejsza ch\u0119\u0107 upami\u0119tnienia w\u0142asnej osoby i pozostawienia po sobie \u015bladu przysz\u0142ym pokoleniom. Dzi\u015b, w wielu przypadkach, powody ustawienia kamiennych rze\u017ab gin\u0105 w mrokach przesz\u0142o\u015bci, o ile ich fundator nie zadba\u0142 o uwiecznienie owych przyczyn na kamieniu. Krzy\u017ce, figury sakralne czy kapliczki stanowi\u0105 nieod\u0142\u0105czny element naszego krajobrazu b\u0119d\u0105c jego ozdob\u0105. Stoj\u0105 cz\u0119sto przy rozwidleniu dr\u00f3g,&#8230;<\/p>\n<p class=\"read-more\"><a class=\"btn btn-default\" href=\"https:\/\/www.przyladekhistorii.pl\/index.php\/zabytki-sakralne\/\"> Read More<span class=\"screen-reader-text\">  Read More<\/span><\/a><\/p>\n","protected":false},"author":1,"featured_media":630,"parent":0,"menu_order":0,"comment_status":"closed","ping_status":"closed","template":"","meta":[],"_links":{"self":[{"href":"https:\/\/www.przyladekhistorii.pl\/index.php\/wp-json\/wp\/v2\/pages\/1924"}],"collection":[{"href":"https:\/\/www.przyladekhistorii.pl\/index.php\/wp-json\/wp\/v2\/pages"}],"about":[{"href":"https:\/\/www.przyladekhistorii.pl\/index.php\/wp-json\/wp\/v2\/types\/page"}],"author":[{"embeddable":true,"href":"https:\/\/www.przyladekhistorii.pl\/index.php\/wp-json\/wp\/v2\/users\/1"}],"replies":[{"embeddable":true,"href":"https:\/\/www.przyladekhistorii.pl\/index.php\/wp-json\/wp\/v2\/comments?post=1924"}],"version-history":[{"count":38,"href":"https:\/\/www.przyladekhistorii.pl\/index.php\/wp-json\/wp\/v2\/pages\/1924\/revisions"}],"predecessor-version":[{"id":2237,"href":"https:\/\/www.przyladekhistorii.pl\/index.php\/wp-json\/wp\/v2\/pages\/1924\/revisions\/2237"}],"wp:featuredmedia":[{"embeddable":true,"href":"https:\/\/www.przyladekhistorii.pl\/index.php\/wp-json\/wp\/v2\/media\/630"}],"wp:attachment":[{"href":"https:\/\/www.przyladekhistorii.pl\/index.php\/wp-json\/wp\/v2\/media?parent=1924"}],"curies":[{"name":"wp","href":"https:\/\/api.w.org\/{rel}","templated":true}]}}