{"id":44,"date":"2018-10-28T14:07:33","date_gmt":"2018-10-28T13:07:33","guid":{"rendered":"http:\/\/www.podkamien.pl\/przyladek\/?page_id=44"},"modified":"2018-12-22T09:48:08","modified_gmt":"2018-12-22T08:48:08","slug":"przykoscielny","status":"publish","type":"page","link":"https:\/\/www.przyladekhistorii.pl\/index.php\/przykoscielny\/","title":{"rendered":"Cmentarz przyko\u015bcielny"},"content":{"rendered":"<p style=\"text-align: justify;\">Najstarszy z l\u0105deckich cmentarzy (wzmiankowanym ju\u017c w 1336 r.) funkcjonuje przy ko\u015bciele parafialnym. Za\u0142o\u017cony zosta\u0142, ze wzgl\u0119du na uk\u0142ad dzia\u0142ek w mie\u015bcie, na planie prostok\u0105ta. W 1693 r. na skutek przeci\u0105\u017cenia zbyt du\u017c\u0105 liczb\u0105 wiernych zawali\u0142 si\u0119 ch\u00f3r, zgin\u0119\u0142o w\u00f3wczas 51 os\u00f3b, pochowano je w zbiorowej mogile obok ko\u015bcio\u0142a. U\u017cytkowany by\u0142 jako g\u0142\u00f3wny cmentarz zapewne do czas\u00f3w reformacji, poniewa\u017c na rycinie wykonanej wed\u0142ug rysunku z 1739 r. nie zosta\u0142 ju\u017c zaznaczony.<\/p>\n<p style=\"text-align: right;\">[Na podstawie informacji L.Siarkiewicza]<\/p>\n<p style=\"text-align: justify;\">\n<table id=\"tablepress-3\" class=\"tablepress tablepress-id-3\">\n<thead>\n<tr class=\"row-1 odd\">\n\t<th class=\"column-1\">Nazwisko<\/th><th class=\"column-2\">Imi\u0119<\/th><th class=\"column-3\">Data urodzenia<\/th><th class=\"column-4\">Data \u015bmierci<\/th><th class=\"column-5\">Biogram<\/th>\n<\/tr>\n<\/thead>\n<tbody class=\"row-hover\">\n<tr class=\"row-2 even\">\n\t<td class=\"column-1\">Grawert<\/td><td class=\"column-2\">Elisabeth<\/td><td class=\"column-3\">??.08.1745<\/td><td class=\"column-4\">??.??.1825<\/td><td class=\"column-5\"><a href=\"http:\/\/www.przyladekhistorii.pl\/index.php\/elisabeth-freuin-von-chlum\/\">Wi\u0119cej<\/a><\/td>\n<\/tr>\n<tr class=\"row-3 odd\">\n\t<td class=\"column-1\">H\u00e4nsch<\/td><td class=\"column-2\">Anna<\/td><td class=\"column-3\">1877<\/td><td class=\"column-4\">1944<\/td><td class=\"column-5\"><\/td>\n<\/tr>\n<tr class=\"row-4 even\">\n\t<td class=\"column-1\">Hauck<\/td><td class=\"column-2\">Bruno<\/td><td class=\"column-3\">28.10.1865<\/td><td class=\"column-4\">04.02.1924<\/td><td class=\"column-5\"><\/td>\n<\/tr>\n<tr class=\"row-5 odd\">\n\t<td class=\"column-1\">Himml<\/td><td class=\"column-2\">Agnes<\/td><td class=\"column-3\">07.12.1879<\/td><td class=\"column-4\">02.03.1922<\/td><td class=\"column-5\"><\/td>\n<\/tr>\n<tr class=\"row-6 even\">\n\t<td class=\"column-1\">Marx<\/td><td class=\"column-2\">Karl<\/td><td class=\"column-3\">??.??.????<\/td><td class=\"column-4\">??.??.????<\/td><td class=\"column-5\"><\/td>\n<\/tr>\n<tr class=\"row-7 odd\">\n\t<td class=\"column-1\">Po\u0142ochaj\u0142o<\/td><td class=\"column-2\">Marek<\/td><td class=\"column-3\">12.09.1957<\/td><td class=\"column-4\">17.09.2017<\/td><td class=\"column-5\"><a href=\"http:\/\/www.przyladekhistorii.pl\/index.php\/przykoscielny\/marek-polochajlo\/\">Wi\u0119cej<\/a><\/td>\n<\/tr>\n<tr class=\"row-8 even\">\n\t<td class=\"column-1\">Rother<\/td><td class=\"column-2\">Franziska<\/td><td class=\"column-3\">16.10.1757<\/td><td class=\"column-4\">06.03.1830<\/td><td class=\"column-5\"><\/td>\n<\/tr>\n<tr class=\"row-9 odd\">\n\t<td class=\"column-1\">Schroller<\/td><td class=\"column-2\">Hedwig<\/td><td class=\"column-3\">15.11.1860<\/td><td class=\"column-4\">22.06.1919<\/td><td class=\"column-5\"><\/td>\n<\/tr>\n<tr class=\"row-10 even\">\n\t<td class=\"column-1\">Simon<\/td><td class=\"column-2\">Theresia<\/td><td class=\"column-3\">07.06.1764<\/td><td class=\"column-4\">01.06.1832<\/td><td class=\"column-5\"><\/td>\n<\/tr>\n<tr class=\"row-11 odd\">\n\t<td class=\"column-1\">Strauch<\/td><td class=\"column-2\">Robert<\/td><td class=\"column-3\">14.11.1875<\/td><td class=\"column-4\">03.11.1942<\/td><td class=\"column-5\"><\/td>\n<\/tr>\n<tr class=\"row-12 even\">\n\t<td class=\"column-1\">Wagner<\/td><td class=\"column-2\">Joseph<\/td><td class=\"column-3\">21.01.1741<\/td><td class=\"column-4\">12.04.1821<\/td><td class=\"column-5\"><\/td>\n<\/tr>\n<tr class=\"row-13 odd\">\n\t<td class=\"column-1\">Warachim<\/td><td class=\"column-2\">Romuald<\/td><td class=\"column-3\">1946<\/td><td class=\"column-4\">01.12.1997<\/td><td class=\"column-5\"><\/td>\n<\/tr>\n<tr class=\"row-14 even\">\n\t<td class=\"column-1\">Wehse<\/td><td class=\"column-2\">Franz<\/td><td class=\"column-3\">10.08.1748<\/td><td class=\"column-4\">28.09.???0<\/td><td class=\"column-5\"><\/td>\n<\/tr>\n<tr class=\"row-15 odd\">\n\t<td class=\"column-1\">Wehse<\/td><td class=\"column-2\">Rosalia<\/td><td class=\"column-3\">22.01.??59<\/td><td class=\"column-4\">16.05.???7<\/td><td class=\"column-5\"><\/td>\n<\/tr>\n<\/tbody>\n<\/table>\n<!-- #tablepress-3 from cache --><\/p>\n","protected":false},"excerpt":{"rendered":"<p>Najstarszy z l\u0105deckich cmentarzy (wzmiankowanym ju\u017c w 1336 r.) funkcjonuje przy ko\u015bciele parafialnym. Za\u0142o\u017cony zosta\u0142, ze wzgl\u0119du na uk\u0142ad dzia\u0142ek w mie\u015bcie, na planie prostok\u0105ta. W 1693 r. na skutek przeci\u0105\u017cenia zbyt du\u017c\u0105 liczb\u0105 wiernych zawali\u0142 si\u0119 ch\u00f3r, zgin\u0119\u0142o w\u00f3wczas 51 os\u00f3b, pochowano je w zbiorowej mogile obok ko\u015bcio\u0142a. U\u017cytkowany by\u0142 jako g\u0142\u00f3wny cmentarz zapewne do czas\u00f3w reformacji, poniewa\u017c na rycinie wykonanej wed\u0142ug rysunku z 1739 r. nie zosta\u0142 ju\u017c zaznaczony. [Na podstawie informacji L.Siarkiewicza]<\/p>\n","protected":false},"author":1,"featured_media":0,"parent":0,"menu_order":0,"comment_status":"open","ping_status":"closed","template":"","meta":[],"_links":{"self":[{"href":"https:\/\/www.przyladekhistorii.pl\/index.php\/wp-json\/wp\/v2\/pages\/44"}],"collection":[{"href":"https:\/\/www.przyladekhistorii.pl\/index.php\/wp-json\/wp\/v2\/pages"}],"about":[{"href":"https:\/\/www.przyladekhistorii.pl\/index.php\/wp-json\/wp\/v2\/types\/page"}],"author":[{"embeddable":true,"href":"https:\/\/www.przyladekhistorii.pl\/index.php\/wp-json\/wp\/v2\/users\/1"}],"replies":[{"embeddable":true,"href":"https:\/\/www.przyladekhistorii.pl\/index.php\/wp-json\/wp\/v2\/comments?post=44"}],"version-history":[{"count":5,"href":"https:\/\/www.przyladekhistorii.pl\/index.php\/wp-json\/wp\/v2\/pages\/44\/revisions"}],"predecessor-version":[{"id":479,"href":"https:\/\/www.przyladekhistorii.pl\/index.php\/wp-json\/wp\/v2\/pages\/44\/revisions\/479"}],"wp:attachment":[{"href":"https:\/\/www.przyladekhistorii.pl\/index.php\/wp-json\/wp\/v2\/media?parent=44"}],"curies":[{"name":"wp","href":"https:\/\/api.w.org\/{rel}","templated":true}]}}