{"id":483,"date":"2018-12-22T09:52:02","date_gmt":"2018-12-22T08:52:02","guid":{"rendered":"http:\/\/www.przyladekhistorii.pl\/?page_id=483"},"modified":"2023-05-07T20:10:36","modified_gmt":"2023-05-07T18:10:36","slug":"kaplica-sophie-von-schutter","status":"publish","type":"page","link":"https:\/\/www.przyladekhistorii.pl\/index.php\/kaplica-sophie-von-schutter\/","title":{"rendered":"Kaplica Sophie von Schutter"},"content":{"rendered":"<p><img class=\"aligncenter\" src=\"http:\/\/www.przyladekhistorii.pl\/wp-content\/uploads\/2018\/11\/schutter01.jpg\" alt=\"\" \/><\/p>\n<p style=\"text-align: justify;\">Poszukujemy wszelkich archiwalnych zdj\u0119\u0107 kaplicy Sophie von Schutter. Mo\u017ce kto\u015b pami\u0119ta co wie\u0144czy\u0142o szczyt &#8211; kwiaton czy krzy\u017c? Ile by\u0142o tablic epitafijnych zawieszonych w kaplicy? Jak wygl\u0105da\u0142a p\u0142yta zakrywaj\u0105ca zej\u015bcie do krypy?<\/p>\n","protected":false},"excerpt":{"rendered":"<p>Poszukujemy wszelkich archiwalnych zdj\u0119\u0107 kaplicy Sophie von Schutter. Mo\u017ce kto\u015b pami\u0119ta co wie\u0144czy\u0142o szczyt &#8211; kwiaton czy krzy\u017c? Ile by\u0142o tablic epitafijnych zawieszonych w kaplicy? Jak wygl\u0105da\u0142a p\u0142yta zakrywaj\u0105ca zej\u015bcie do krypy?<\/p>\n","protected":false},"author":1,"featured_media":0,"parent":0,"menu_order":0,"comment_status":"closed","ping_status":"closed","template":"","meta":[],"_links":{"self":[{"href":"https:\/\/www.przyladekhistorii.pl\/index.php\/wp-json\/wp\/v2\/pages\/483"}],"collection":[{"href":"https:\/\/www.przyladekhistorii.pl\/index.php\/wp-json\/wp\/v2\/pages"}],"about":[{"href":"https:\/\/www.przyladekhistorii.pl\/index.php\/wp-json\/wp\/v2\/types\/page"}],"author":[{"embeddable":true,"href":"https:\/\/www.przyladekhistorii.pl\/index.php\/wp-json\/wp\/v2\/users\/1"}],"replies":[{"embeddable":true,"href":"https:\/\/www.przyladekhistorii.pl\/index.php\/wp-json\/wp\/v2\/comments?post=483"}],"version-history":[{"count":2,"href":"https:\/\/www.przyladekhistorii.pl\/index.php\/wp-json\/wp\/v2\/pages\/483\/revisions"}],"predecessor-version":[{"id":3505,"href":"https:\/\/www.przyladekhistorii.pl\/index.php\/wp-json\/wp\/v2\/pages\/483\/revisions\/3505"}],"wp:attachment":[{"href":"https:\/\/www.przyladekhistorii.pl\/index.php\/wp-json\/wp\/v2\/media?parent=483"}],"curies":[{"name":"wp","href":"https:\/\/api.w.org\/{rel}","templated":true}]}}