{"id":520,"date":"2018-12-25T11:12:59","date_gmt":"2018-12-25T10:12:59","guid":{"rendered":"http:\/\/www.przyladekhistorii.pl\/?page_id=520"},"modified":"2023-05-03T13:16:10","modified_gmt":"2023-05-03T11:16:10","slug":"witraze-z-kosciola-ewangelickiego","status":"publish","type":"page","link":"https:\/\/www.przyladekhistorii.pl\/index.php\/witraze-z-kosciola-ewangelickiego\/","title":{"rendered":"Witra\u017ce z ko\u015bcio\u0142a ewangelickiego"},"content":{"rendered":"<p style=\"text-align: justify;\">Obecna forma \u015bwi\u0105tyni powsta\u0142a w latach\u00a0 1924\u201329 \u015bwi\u0105tyni\u0119 po przebudowie wg projektu architekta Richarda Iwana z Zabrza. Po II wojnie \u015bwiatowej, z wyniku przesiedle\u0144 ludno\u015bci niemieckiej w L\u0105dku-Zdroju pozosta\u0142a grupa oko\u0142o 15 protestant\u00f3w. Nie by\u0142o ich sta\u0107 utrzyma\u0107 \u015bwi\u0105tyni\u0119, dlatego zapad\u0142a decyzja o jej zamkni\u0119ciu.<br \/>\nWyposa\u017cenie ko\u015bcio\u0142a uleg\u0142o rozproszeniu, wedle ksi\u0105\u017cki prof. W.Ci\u0119\u017ckowskiego:<br \/>\n&#8211; \u0142awki trafi\u0142y do ko\u015bcio\u0142a parafialnego w L\u0105dku-Zdroju;<br \/>\n&#8211; obraz \u015aw. Salwatora\u00a0trafi\u0142 do ko\u015bcio\u0142a parafialnego w L\u0105dku-Zdroju;<br \/>\n&#8211; organy sprzedano do ko\u015bcio\u0142a w \u015arodzie \u015al\u0105skiej (wiele wskazuje na to, \u017ce ta informacja jest b\u0142\u0119dna);<br \/>\n&#8211; mechanizm zegara z wie\u017cy ko\u015bcielnej zosta\u0142 zamontowany w parku, gdzie s\u0142u\u017cy\u0142 do nap\u0119dzania zegara kwiatowego;<br \/>\n&#8211; kogut z wie\u017cy ko\u015bcielnej, po po\u017carze w 1999 roku zabezpieczony zosta\u0142 w magazynach ZBK (dzisiejszy LUK);<br \/>\n&#8211; witra\u017ce podobno zabezpieczono na strychu w szpitalu w Stroniu \u015al\u0105skim;<\/p>\n<p>Nieznany pozostaje los reszty wyposa\u017cenia, w tym chrzcielnicy i figurki zdobi\u0105cej ram\u0119 witra\u017cow\u0105.<\/p>\n<p style=\"text-align: justify;\">Poszukujemy informacji dot. witra\u017cy z l\u0105deckiego ko\u015bcio\u0142a ewangelickiego &#8211; w szczeg\u00f3lno\u015bci zdj\u0119\u0107. Te, kt\u00f3re posiadamy, okre\u015blane s\u0105 jako zdj\u0119cia l\u0105deckich witra\u017cy, niestety nie posiadamy na chwil\u0119 obecn\u0105 materia\u0142u por\u00f3wnawczego w postaci zdj\u0119\u0107 archiwalnych.<\/p>\n<p><img loading=\"lazy\" class=\"aligncenter wp-image-524 size-full\" src=\"http:\/\/www.przyladekhistorii.pl\/wp-content\/uploads\/2018\/12\/witraz02.jpg\" alt=\"\" width=\"269\" height=\"562\" srcset=\"https:\/\/www.przyladekhistorii.pl\/wp-content\/uploads\/2018\/12\/witraz02.jpg 269w, https:\/\/www.przyladekhistorii.pl\/wp-content\/uploads\/2018\/12\/witraz02-144x300.jpg 144w, https:\/\/www.przyladekhistorii.pl\/wp-content\/uploads\/2018\/12\/witraz02-129x270.jpg 129w\" sizes=\"(max-width: 269px) 100vw, 269px\" \/><\/p>\n<p><img loading=\"lazy\" class=\"aligncenter wp-image-523 size-full\" src=\"http:\/\/www.przyladekhistorii.pl\/wp-content\/uploads\/2018\/12\/witraz01.jpg\" alt=\"\" width=\"269\" height=\"488\" srcset=\"https:\/\/www.przyladekhistorii.pl\/wp-content\/uploads\/2018\/12\/witraz01.jpg 269w, https:\/\/www.przyladekhistorii.pl\/wp-content\/uploads\/2018\/12\/witraz01-165x300.jpg 165w, https:\/\/www.przyladekhistorii.pl\/wp-content\/uploads\/2018\/12\/witraz01-149x270.jpg 149w\" sizes=\"(max-width: 269px) 100vw, 269px\" \/><\/p>\n","protected":false},"excerpt":{"rendered":"<p>Obecna forma \u015bwi\u0105tyni powsta\u0142a w latach\u00a0 1924\u201329 \u015bwi\u0105tyni\u0119 po przebudowie wg projektu architekta Richarda Iwana z Zabrza. Po II wojnie \u015bwiatowej, z wyniku przesiedle\u0144 ludno\u015bci niemieckiej w L\u0105dku-Zdroju pozosta\u0142a grupa oko\u0142o 15 protestant\u00f3w. Nie by\u0142o ich sta\u0107 utrzyma\u0107 \u015bwi\u0105tyni\u0119, dlatego zapad\u0142a decyzja o jej zamkni\u0119ciu. Wyposa\u017cenie ko\u015bcio\u0142a uleg\u0142o rozproszeniu, wedle ksi\u0105\u017cki prof. W.Ci\u0119\u017ckowskiego: &#8211; \u0142awki trafi\u0142y do ko\u015bcio\u0142a parafialnego w L\u0105dku-Zdroju; &#8211; obraz \u015aw. Salwatora\u00a0trafi\u0142 do ko\u015bcio\u0142a parafialnego w L\u0105dku-Zdroju; &#8211; organy sprzedano do ko\u015bcio\u0142a w \u015arodzie \u015al\u0105skiej (wiele wskazuje&#8230;<\/p>\n<p class=\"read-more\"><a class=\"btn btn-default\" href=\"https:\/\/www.przyladekhistorii.pl\/index.php\/witraze-z-kosciola-ewangelickiego\/\"> Read More<span class=\"screen-reader-text\">  Read More<\/span><\/a><\/p>\n","protected":false},"author":1,"featured_media":1077,"parent":0,"menu_order":0,"comment_status":"closed","ping_status":"closed","template":"","meta":[],"_links":{"self":[{"href":"https:\/\/www.przyladekhistorii.pl\/index.php\/wp-json\/wp\/v2\/pages\/520"}],"collection":[{"href":"https:\/\/www.przyladekhistorii.pl\/index.php\/wp-json\/wp\/v2\/pages"}],"about":[{"href":"https:\/\/www.przyladekhistorii.pl\/index.php\/wp-json\/wp\/v2\/types\/page"}],"author":[{"embeddable":true,"href":"https:\/\/www.przyladekhistorii.pl\/index.php\/wp-json\/wp\/v2\/users\/1"}],"replies":[{"embeddable":true,"href":"https:\/\/www.przyladekhistorii.pl\/index.php\/wp-json\/wp\/v2\/comments?post=520"}],"version-history":[{"count":4,"href":"https:\/\/www.przyladekhistorii.pl\/index.php\/wp-json\/wp\/v2\/pages\/520\/revisions"}],"predecessor-version":[{"id":3435,"href":"https:\/\/www.przyladekhistorii.pl\/index.php\/wp-json\/wp\/v2\/pages\/520\/revisions\/3435"}],"wp:featuredmedia":[{"embeddable":true,"href":"https:\/\/www.przyladekhistorii.pl\/index.php\/wp-json\/wp\/v2\/media\/1077"}],"wp:attachment":[{"href":"https:\/\/www.przyladekhistorii.pl\/index.php\/wp-json\/wp\/v2\/media?parent=520"}],"curies":[{"name":"wp","href":"https:\/\/api.w.org\/{rel}","templated":true}]}}